
{"id":56999,"date":"2023-10-29T14:08:48","date_gmt":"2023-10-29T14:08:48","guid":{"rendered":"https:\/\/azurefilm.com\/product\/pla-atlatszo-szal-kek\/"},"modified":"2025-08-22T11:17:15","modified_gmt":"2025-08-22T11:17:15","slug":"pla-atlatszo-szal-kek","status":"publish","type":"product","link":"https:\/\/azurefilm.com\/hu\/termek\/pla-atlatszo-szal-kek\/","title":{"rendered":"PLA \u00e1tl\u00e1tsz\u00f3 sz\u00e1l k\u00e9k"},"content":{"rendered":"<h2><b>PLA \u00e1tl\u00e1tsz\u00f3<\/b><\/h2>\n<p><span style=\"font-weight: 400;\">PLA \u00e1tl\u00e1tsz\u00f3 sz\u00e1lak ismertek a <\/span><b>tisztas\u00e1gukr\u00f3l <\/b><span style=\"font-weight: 400;\">\u00e9s <\/span><b>\u00e1tl\u00e1that\u00f3s\u00e1gukr\u00f3l<\/b><span style=\"font-weight: 400;\">. They will give your prints a cool-looking <\/span><b>\u00e1tl\u00e1tsz\u00f3 hat\u00e1s<\/b><span style=\"font-weight: 400;\">. These filaments are made from PLA Original, are <\/span><b>biol\u00f3giailag leboml\u00f3 <\/b><span style=\"font-weight: 400;\">\u00e9s nagyon k\u00f6nny\u0171 vel\u00fck dolgozni, ami egy olyan <\/span><b>t\u00f6k\u00e9letes v\u00e1laszt\u00e1s kezd\u0151knek<\/b><span style=\"font-weight: 400;\">. PLA Transparent filaments are great for applications that require optical clarity or light diffusion. You can use it for lights, artistic creations, decorative elements and more. <\/span><\/p>\n<h2><strong>PLA \u00e1tl\u00e1tsz\u00f3 sz\u00e1l k\u00e9k<\/strong><\/h2>\n<p>Inspir\u00e1l\u00f3djon a gy\u00f6ny\u00f6r\u0171 \u00e1ttetsz\u0151 \u00e1rnyalat\u00fa PLA \u00e1tl\u00e1tsz\u00f3 sz\u00e1l k\u00e9k sz\u00edn\u00e9vel.<\/p>\n<p><span style=\"font-weight: 400;\">Ha t\u00f6bbet szeretne megtudni a PLA sz\u00e1lakr\u00f3l, olvassa el <a href=\"https:\/\/azurefilm.com\/hu\/2023\/07\/04\/pla-szalak-minden-amit-tudnia-kell\/\" target=\"_blank\" rel=\"noopener\">blogunkat<\/a>. <\/span><\/p>\n<p><span style=\"font-weight: 400;\">Hozz\u00e1f\u00e9rhet a <\/span><b>M\u0171szaki adatlap<\/b><span style=\"font-weight: 400;\"><a href=\"https:\/\/azurefilm.com\/hu\/technical-data-sheets\/\" target=\"_blank\" rel=\"noopener\"> itt<\/a>.<\/span><\/p>\n<p><span style=\"font-weight: 400;\">Nyomtat\u00e1si aj\u00e1nl\u00e1sok:<\/span><\/p>\n<ul>\n<li style=\"font-weight: 400;\" aria-level=\"1\"><span style=\"font-weight: 400;\">A legjobb eredm\u00e9ny \u00e9rdek\u00e9ben 200-230\u00b0C-on nyomtasson. <\/span><\/li>\n<li style=\"font-weight: 400;\" aria-level=\"1\"><span style=\"font-weight: 400;\">A nyomtat\u00f3asztal aj\u00e1nlott h\u0151m\u00e9rs\u00e9klete 60\u00b0C.<\/span><\/li>\n<li style=\"font-weight: 400;\" aria-level=\"1\"><span style=\"font-weight: 400;\">Haszn\u00e1ljon \u00fcveg\u00e1gyat, PEI lapot, Kapton vagy k\u00e9k szalagot a 3Dlac spray-vel ell\u00e1tott \u00e9p\u00edt\u00e9si platformhoz.<\/span><\/li>\n<\/ul>\n<p><i><span style=\"font-weight: 400;\">*A k\u00fcl\u00f6nb\u00f6z\u0151 nyomtat\u00f3k haszn\u00e1lata eset\u00e9n az ide\u00e1lis h\u0151m\u00e9rs\u00e9klet elt\u00e9r\u0151 lehet.<\/span><\/i><\/p>\n","protected":false},"excerpt":{"rendered":"<p>Inspir\u00e1l\u00f3djon a gy\u00f6ny\u00f6r\u0171 \u00e1ttetsz\u0151 \u00e1rnyalat\u00fa PLA \u00e1tl\u00e1tsz\u00f3 sz\u00e1l k\u00e9k sz\u00edn\u00e9vel.<\/p>\n","protected":false},"featured_media":113736,"comment_status":"closed","ping_status":"closed","template":"","meta":{"_acf_changed":false},"product_brand":[],"product_cat":[2380,1686,1688,1687],"product_tag":[],"brand":[],"class_list":{"0":"post-56999","1":"product","2":"type-product","3":"status-publish","4":"has-post-thumbnail","6":"product_cat-pla-atlatszo","7":"product_cat-3d-filmek","8":"product_cat-minden-film","9":"product_cat-pla-szalak","10":"pa_colour-blue","11":"pa_colour-transparent","12":"pa_filament-diameter-1-75mm","13":"pa_filament-weight-1000g","15":"first","16":"instock","17":"taxable","18":"shipping-taxable","19":"purchasable","20":"product-type-variable","21":"has-default-attributes"},"acf":[],"_links":{"self":[{"href":"https:\/\/azurefilm.com\/hu\/wp-json\/wp\/v2\/product\/56999","targetHints":{"allow":["GET"]}}],"collection":[{"href":"https:\/\/azurefilm.com\/hu\/wp-json\/wp\/v2\/product"}],"about":[{"href":"https:\/\/azurefilm.com\/hu\/wp-json\/wp\/v2\/types\/product"}],"replies":[{"embeddable":true,"href":"https:\/\/azurefilm.com\/hu\/wp-json\/wp\/v2\/comments?post=56999"}],"wp:featuredmedia":[{"embeddable":true,"href":"https:\/\/azurefilm.com\/hu\/wp-json\/wp\/v2\/media\/113736"}],"wp:attachment":[{"href":"https:\/\/azurefilm.com\/hu\/wp-json\/wp\/v2\/media?parent=56999"}],"wp:term":[{"taxonomy":"product_brand","embeddable":true,"href":"https:\/\/azurefilm.com\/hu\/wp-json\/wp\/v2\/product_brand?post=56999"},{"taxonomy":"product_cat","embeddable":true,"href":"https:\/\/azurefilm.com\/hu\/wp-json\/wp\/v2\/product_cat?post=56999"},{"taxonomy":"product_tag","embeddable":true,"href":"https:\/\/azurefilm.com\/hu\/wp-json\/wp\/v2\/product_tag?post=56999"},{"taxonomy":"brand","embeddable":true,"href":"https:\/\/azurefilm.com\/hu\/wp-json\/wp\/v2\/brand?post=56999"}],"curies":[{"name":"wp","href":"https:\/\/api.w.org\/{rel}","templated":true}]}}