
{"id":57012,"date":"2023-10-29T14:09:17","date_gmt":"2023-10-29T14:09:17","guid":{"rendered":"https:\/\/azurefilm.com\/product\/pla-glitter-filament-nature\/"},"modified":"2025-08-22T11:17:24","modified_gmt":"2025-08-22T11:17:24","slug":"pla-glitter-filament-nature","status":"publish","type":"product","link":"https:\/\/azurefilm.com\/hu\/termek\/pla-glitter-filament-nature\/","title":{"rendered":"PLA Glitter filament Nature"},"content":{"rendered":"<h2><b>PLA csillog\u00e1s<\/b><\/h2>\n<p><span style=\"font-weight: 400;\">Bemutatjuk PLA Glitter sz\u00e1lainkat. Ez az anyag a mi PLA Original anyagunkb\u00f3l k\u00e9sz\u00fcl, \u00e9s a k\u00f6vetkez\u0151ket tartalmazza <\/span><b>csill\u00e1mpor r\u00e9szecsk\u00e9k<\/b><span style=\"font-weight: 400;\"> a lenyomatok k\u00e1pr\u00e1zatosabb hat\u00e1s\u00e1\u00e9rt. Mivel a PLA Glitter ugyanolyan, mint a norm\u00e1l PLA, ez\u00e9rt a PLA Glitter <\/span><b>biol\u00f3giailag leboml\u00f3<\/b><span style=\"font-weight: 400;\">, nagyon <\/span><b>k\u00f6nnyen feldolgozhat\u00f3<\/b><span style=\"font-weight: 400;\"> \u00e9s ad <\/span><b>konzisztens eredm\u00e9nyt<\/b><span style=\"font-weight: 400;\">. However, there is one thing to be careful about when printing with PLA Glitter filaments. The glitter particles are slightly abrasive so <\/span><b>0,6 mm-es kop\u00e1s\u00e1ll\u00f3 f\u00fav\u00f3ka haszn\u00e1lat\u00e1t javasoljuk<\/b><span style=\"font-weight: 400;\">. <\/span><\/p>\n<h2><strong>PLA Glitter filament Nature <\/strong><\/h2>\n<p>Hagyja, hogy tervei jobban ragyogjanak, mint valaha a PLA Glitter filament Nature seg\u00edts\u00e9g\u00e9vel, amelyet \u00fagy terveztek, hogy a term\u00e9szetes sz\u00e9ps\u00e9get csillog\u00e1ssal friss\u00edtse.<\/p>\n<p><span style=\"font-weight: 400;\">Ha t\u00f6bbet szeretne megtudni a PLA sz\u00e1lakr\u00f3l, olvassa el <a href=\"https:\/\/azurefilm.com\/hu\/2023\/07\/04\/pla-szalak-minden-amit-tudnia-kell\/\" target=\"_blank\" rel=\"noopener\">blogunkat<\/a>. <\/span><\/p>\n<p><span style=\"font-weight: 400;\">Hozz\u00e1f\u00e9rhet a <\/span><b>M\u0171szaki adatlap<\/b><span style=\"font-weight: 400;\"><a href=\"https:\/\/azurefilm.com\/hu\/technical-data-sheets\/\" target=\"_blank\" rel=\"noopener\"> itt<\/a>.<\/span><\/p>\n<p><span style=\"font-weight: 400;\">Nyomtat\u00e1si aj\u00e1nl\u00e1sok:<\/span><\/p>\n<ul>\n<li style=\"font-weight: 400;\" aria-level=\"1\"><span style=\"font-weight: 400;\">P<\/span><span style=\"font-weight: 400;\">a legjobb eredm\u00e9ny \u00e9rdek\u00e9ben 200-230\u00b0C h\u0151m\u00e9rs\u00e9kleten kell s\u00fctni. <\/span><\/li>\n<li style=\"font-weight: 400;\" aria-level=\"1\"><span style=\"font-weight: 400;\">Nincs sz\u00fcks\u00e9g f\u0171t\u00f6tt \u00e1gyra, azonban javasoljuk, hogy a nyomtat\u00f3asztalt 50-60\u00b0C-ra meleg\u00edtse el\u0151. <\/span><\/li>\n<li style=\"font-weight: 400;\" aria-level=\"1\"><span style=\"font-weight: 400;\">Haszn\u00e1ljon \u00fcveg\u00e1gyat, PEI lapot, Kapton vagy k\u00e9k szalagot az \u00e9p\u00edt\u00e9si platformhoz 3Dlac spray-vel.<\/span><\/li>\n<li style=\"font-weight: 400;\" aria-level=\"1\"><span style=\"font-weight: 400;\">Az elt\u00f6m\u0151d\u00e9s elker\u00fcl\u00e9se \u00e9rdek\u00e9ben legal\u00e1bb 0,6 mm-es f\u00fav\u00f3k\u00e1t javasolunk haszn\u00e1lni.<\/span><i><span style=\"font-weight: 400;\">.<\/span><\/i><\/li>\n<\/ul>\n<p><i><span style=\"font-weight: 400;\">*A k\u00fcl\u00f6nb\u00f6z\u0151 nyomtat\u00f3k haszn\u00e1lata eset\u00e9n az ide\u00e1lis h\u0151m\u00e9rs\u00e9klet elt\u00e9r\u0151 lehet.<\/span><\/i><\/p>\n","protected":false},"excerpt":{"rendered":"<p>Hagyja, hogy tervei jobban ragyogjanak, mint valaha a PLA Glitter filament Nature seg\u00edts\u00e9g\u00e9vel, amelyet \u00fagy terveztek, hogy a term\u00e9szetes sz\u00e9ps\u00e9get csillog\u00e1ssal friss\u00edtse.<\/p>\n","protected":false},"featured_media":113700,"comment_status":"closed","ping_status":"closed","template":"","meta":{"_acf_changed":false},"product_brand":[],"product_cat":[2260,1686,1688,1687],"product_tag":[],"brand":[],"class_list":{"0":"post-57012","1":"product","2":"type-product","3":"status-publish","4":"has-post-thumbnail","6":"product_cat-pla-csillogas","7":"product_cat-3d-filmek","8":"product_cat-minden-film","9":"product_cat-pla-szalak","10":"pa_colour-white","11":"pa_filament-diameter-1-75mm","12":"pa_filament-weight-1000g","14":"first","15":"instock","16":"taxable","17":"shipping-taxable","18":"purchasable","19":"product-type-variable","20":"has-default-attributes"},"acf":[],"_links":{"self":[{"href":"https:\/\/azurefilm.com\/hu\/wp-json\/wp\/v2\/product\/57012","targetHints":{"allow":["GET"]}}],"collection":[{"href":"https:\/\/azurefilm.com\/hu\/wp-json\/wp\/v2\/product"}],"about":[{"href":"https:\/\/azurefilm.com\/hu\/wp-json\/wp\/v2\/types\/product"}],"replies":[{"embeddable":true,"href":"https:\/\/azurefilm.com\/hu\/wp-json\/wp\/v2\/comments?post=57012"}],"wp:featuredmedia":[{"embeddable":true,"href":"https:\/\/azurefilm.com\/hu\/wp-json\/wp\/v2\/media\/113700"}],"wp:attachment":[{"href":"https:\/\/azurefilm.com\/hu\/wp-json\/wp\/v2\/media?parent=57012"}],"wp:term":[{"taxonomy":"product_brand","embeddable":true,"href":"https:\/\/azurefilm.com\/hu\/wp-json\/wp\/v2\/product_brand?post=57012"},{"taxonomy":"product_cat","embeddable":true,"href":"https:\/\/azurefilm.com\/hu\/wp-json\/wp\/v2\/product_cat?post=57012"},{"taxonomy":"product_tag","embeddable":true,"href":"https:\/\/azurefilm.com\/hu\/wp-json\/wp\/v2\/product_tag?post=57012"},{"taxonomy":"brand","embeddable":true,"href":"https:\/\/azurefilm.com\/hu\/wp-json\/wp\/v2\/brand?post=57012"}],"curies":[{"name":"wp","href":"https:\/\/api.w.org\/{rel}","templated":true}]}}