
{"id":57048,"date":"2023-10-29T14:18:08","date_gmt":"2023-10-29T14:18:08","guid":{"rendered":"https:\/\/azurefilm.com\/product\/phrozen-sonic-mini-8k\/"},"modified":"2023-10-29T14:18:08","modified_gmt":"2023-10-29T14:18:08","slug":"phrozen-sonic-mini-8k","status":"publish","type":"product","link":"https:\/\/azurefilm.com\/hu\/termek\/phrozen-sonic-mini-8k\/","title":{"rendered":"Phrozen Sonic Mini 8K"},"content":{"rendered":"<p><span style=\"font-weight: 400;\">Phrozen Sonic Mini 8K: 22 \u00b5m felbont\u00e1s, p\u00e1ratlan pontoss\u00e1g \u00e9s t\u00e1gas fel\u00e9p\u00edt\u00e9s.<\/span><\/p>\n<h2><strong>P\u00e9ld\u00e1tlan nyomtat\u00e1si pontoss\u00e1g<\/strong><\/h2>\n<p><span style=\"font-weight: 400;\">A Phrozen Sonic Mini 8K a legnagyobb, 22 \u00b5m-es felbont\u00e1ssal \u00e9s figyelemre m\u00e9lt\u00f3 1152 k\u00e9ppont per h\u00fcvelyk (PPI) felbont\u00e1ssal b\u00fcszk\u00e9lkedhet, amely minden m\u00e1s el\u00e9rhet\u0151 fogyaszt\u00f3i elektronik\u00e1t fel\u00fclm\u00fal. Ez a rendk\u00edv\u00fcli pontoss\u00e1gi szint azt jelenti, hogy olyan 3D nyomatokat k\u00e9sz\u00edthet, amelyek t\u00falmutatnak a puszta k\u00e9zm\u0171vess\u00e9gen. <\/span><\/p>\n<h2><strong>T\u00e1gas nyomtat\u00e1s p\u00e1ratlan stabilit\u00e1ssal<\/strong><\/h2>\n<p><span style=\"font-weight: 400;\">A 7,1 h\u00fcvelykes mono LCD-k\u00e9perny\u0151vel \u00e9s 18 cm-es Z-tengellyel rendelkez\u0151 nyomtat\u00f3 b\u0151s\u00e9ges helyet k\u00edn\u00e1l bonyolult miniat\u0171r\u00f6k, szobrok \u00e9s egy\u00e9b alkot\u00e1sok k\u00e9sz\u00edt\u00e9s\u00e9hez. A rendk\u00edv\u00fcl stabil kett\u0151s line\u00e1ris s\u00ednek biztos\u00edtj\u00e1k, hogy modelljei kompromisszumok n\u00e9lk\u00fcl, a legmagasabb min\u0151s\u00e9gben k\u00e9sz\u00fcljenek. <\/span><\/p>\n<h2><strong>Legfontosabb el\u0151ny\u00f6k:<\/strong><\/h2>\n<ul>\n<li style=\"font-weight: 400;\" aria-level=\"1\"><span style=\"font-weight: 400;\">Ultra-nagy felbont\u00e1s: A k\u00e9zzel k\u00e9sz\u00edtett modelleket meghalad\u00f3 r\u00e9szletess\u00e9g el\u00e9r\u00e9se.<\/span><\/li>\n<li style=\"font-weight: 400;\" aria-level=\"1\"><span style=\"font-weight: 400;\">Nagyobb nyomtat\u00e1si ter\u00fclet: \u00c9lvezze a 7,1 h\u00fcvelykes mono LCD-k\u00e9perny\u0151t 18 cm-es Z-tengellyel.<\/span><\/li>\n<li style=\"font-weight: 400;\" aria-level=\"1\"><span style=\"font-weight: 400;\">V\u00e9gs\u0151 stabilit\u00e1s: Haszn\u00e1lja ki a rendk\u00edv\u00fcl stabil kett\u0151s line\u00e1ris s\u00edneket a kiv\u00e1l\u00f3 min\u0151s\u00e9g\u0171 nyomatok \u00e9rdek\u00e9ben.<\/span><\/li>\n<li style=\"font-weight: 400;\" aria-level=\"1\"><span style=\"font-weight: 400;\">Fagyasztott l\u00e9zerv\u00e1gott \u00e9p\u00edt\u00e9si lemez: Biztos\u00edtja, hogy modelljei szil\u00e1rdan r\u00f6gz\u00fcljenek az \u00e9p\u00edt\u0151lemezhez.<\/span><\/li>\n<li style=\"font-weight: 400;\" aria-level=\"1\"><span style=\"font-weight: 400;\">Fokozott vil\u00e1g\u00edt\u00e1s: A line\u00e1ris vet\u00edt\u00e9s\u0171 LED-modul jav\u00edtja a f\u00e9ny egyenletess\u00e9g\u00e9t a kiv\u00e1l\u00f3 \u00e9s \u00e9les eredm\u00e9nyek \u00e9rdek\u00e9ben.<\/span><\/li>\n<\/ul>\n","protected":false},"excerpt":{"rendered":"<p><span style=\"font-weight: 400;\">A legnagyobb, 22 \u00b5m-es felbont\u00e1ssal \u00e9s 1152 ppi-vel, <\/span><b>a Phrozen Sonic Mini 8K <\/b><span style=\"font-weight: 400;\">fel\u00fclm\u00falja a piacon kaphat\u00f3 \u00f6sszes fogyaszt\u00f3i elektronik\u00e1t.<\/span><\/p>\n","protected":false},"featured_media":57049,"comment_status":"closed","ping_status":"closed","template":"","meta":{"_acf_changed":false},"product_brand":[],"product_cat":[1677,2355,1680,2354],"product_tag":[],"brand":[],"class_list":{"0":"post-57048","1":"product","2":"type-product","3":"status-publish","4":"has-post-thumbnail","6":"product_cat-3d-nyomtato","7":"product_cat-fagyasztott-gyanta-nyomtatok","8":"product_cat-minden-3d-nyomtato","9":"product_cat-resin-nyomtato","11":"first","12":"outofstock","13":"taxable","14":"shipping-taxable","15":"purchasable","16":"product-type-simple"},"acf":[],"_links":{"self":[{"href":"https:\/\/azurefilm.com\/hu\/wp-json\/wp\/v2\/product\/57048","targetHints":{"allow":["GET"]}}],"collection":[{"href":"https:\/\/azurefilm.com\/hu\/wp-json\/wp\/v2\/product"}],"about":[{"href":"https:\/\/azurefilm.com\/hu\/wp-json\/wp\/v2\/types\/product"}],"replies":[{"embeddable":true,"href":"https:\/\/azurefilm.com\/hu\/wp-json\/wp\/v2\/comments?post=57048"}],"wp:featuredmedia":[{"embeddable":true,"href":"https:\/\/azurefilm.com\/hu\/wp-json\/wp\/v2\/media\/57049"}],"wp:attachment":[{"href":"https:\/\/azurefilm.com\/hu\/wp-json\/wp\/v2\/media?parent=57048"}],"wp:term":[{"taxonomy":"product_brand","embeddable":true,"href":"https:\/\/azurefilm.com\/hu\/wp-json\/wp\/v2\/product_brand?post=57048"},{"taxonomy":"product_cat","embeddable":true,"href":"https:\/\/azurefilm.com\/hu\/wp-json\/wp\/v2\/product_cat?post=57048"},{"taxonomy":"product_tag","embeddable":true,"href":"https:\/\/azurefilm.com\/hu\/wp-json\/wp\/v2\/product_tag?post=57048"},{"taxonomy":"brand","embeddable":true,"href":"https:\/\/azurefilm.com\/hu\/wp-json\/wp\/v2\/brand?post=57048"}],"curies":[{"name":"wp","href":"https:\/\/api.w.org\/{rel}","templated":true}]}}