
{"id":57068,"date":"2023-10-29T14:18:08","date_gmt":"2023-10-29T14:18:08","guid":{"rendered":"https:\/\/azurefilm.com\/product\/ankermake-m5\/"},"modified":"2023-10-29T14:18:08","modified_gmt":"2023-10-29T14:18:08","slug":"ankermake-m5","status":"publish","type":"product","link":"https:\/\/azurefilm.com\/hu\/termek\/ankermake-m5\/","title":{"rendered":"AnkerMake M5"},"content":{"rendered":"<p><span style=\"font-weight: 400;\">Ez a rendk\u00edv\u00fcl intelligens nyomtat\u00f3 fokozott sebess\u00e9ggel, pontoss\u00e1ggal \u00e9s min\u0151s\u00e9ggel, valamint integr\u00e1lt mesters\u00e9ges intelligencia-felismer\u0151 rendszerrel b\u00fcszk\u00e9lkedhet, ami kiemeli a versenyt\u00e1rsak k\u00f6z\u00fcl.<\/span><\/p>\n<p><span style=\"font-weight: 400;\">Az AnkerMake M5 robusztus \u00e9s modern kialak\u00edt\u00e1s\u00fa, integr\u00e1lt szerkezet\u0171, eleg\u00e1ns \u00f6nt\u00f6tt alum\u00ednium\u00f6tv\u00f6zetb\u0151l k\u00e9sz\u00fclt, integr\u00e1lt szerkezetet mutat be. A strat\u00e9giailag megtervezett, nagyobb keresztmetszet\u0171 Z-tengely nemcsak a stabilit\u00e1st biztos\u00edtja nagy sebess\u00e9gn\u00e9l, hanem a nyomtat\u00f3 s\u00falypontj\u00e1nak cs\u00f6kkent\u00e9s\u00e9vel minimaliz\u00e1lja a telep\u00edt\u00e9si hib\u00e1kat \u00e9s n\u00f6veli a nyomtat\u00e1si pontoss\u00e1got. <\/span><\/p>\n<p><span style=\"font-weight: 400;\">Mondjon b\u00facs\u00fat a k\u00e1belek \u00f6sszegabalyod\u00e1s\u00e1nak az M5 karcs\u00fa Z-tengelyes kialak\u00edt\u00e1s\u00e1nak k\u00f6sz\u00f6nhet\u0151en.<\/span><\/p>\n<h2><b>Nagy \u00e9p\u00edt\u00e9si t\u00e9rfogat<\/b><\/h2>\n<p><span style=\"font-weight: 400;\">A 235x235x250 mm-es \u00e9p\u00edt\u00e9si t\u00e9rfogat\u00e1val az AnkerMake M5 lehet\u0151v\u00e9 teszi a felhaszn\u00e1l\u00f3k sz\u00e1m\u00e1ra, hogy nagym\u00e9ret\u0171 modelleket k\u00e9sz\u00edtsenek k\u00f6nnyed\u00e9n.<\/span><\/p>\n<h2><b>Nyomtat\u00e1si sebess\u00e9g<\/b><\/h2>\n<p><span style=\"font-weight: 400;\">Az AnkerMake M5 250 mm\/s szabv\u00e1nyos nyomtat\u00e1si sebess\u00e9ggel m\u0171k\u00f6dik, ami m\u00e1s nyomtat\u00f3khoz k\u00e9pest figyelemre m\u00e9lt\u00f3, 69%-os nyomtat\u00e1si id\u0151cs\u00f6kken\u00e9st eredm\u00e9nyez. A nyomtat\u00f3 kiv\u00e1l\u00f3 gyorsul\u00e1st tesz lehet\u0151v\u00e9 ak\u00e1r 2500 mm\/s-ig. <\/span><\/p>\n<p><span style=\"font-weight: 400;\">A PowerBoost\u2122\ufe0f \u00e9s annak tov\u00e1bbfejlesztett PowerBoost\u2122 2.0 verzi\u00f3j\u00e1val az M5 elk\u00e9peszt\u0151, 500 mm\/s nyomtat\u00e1si sebess\u00e9get \u00e9s 5000 mm\/s gyorsul\u00e1st \u00e9r el, ami a nyomtat\u00e1si id\u0151 80%-os cs\u00f6kken\u00e9s\u00e9t eredm\u00e9nyezi.<\/span><\/p>\n<h2><b>Nyomtat\u00e1si pontoss\u00e1g<\/b><\/h2>\n<p><span style=\"font-weight: 400;\">Az AnkerMake M5 m\u00e9g 5x sebess\u00e9gn\u00e9l is fenntartja a kiv\u00e9teles min\u0151s\u00e9g ir\u00e1nti elk\u00f6telezetts\u00e9g\u00e9t, hib\u00e1tlanul sima fel\u00fcleteket biztos\u00edtva a nyomtatott modelleken.<\/span><\/p>\n<h2><b>Innovat\u00edv ultra direkt extruder<\/b><\/h2>\n<p><span style=\"font-weight: 400;\">Az M5 extruder t\u00f6bbfokozat\u00fa hajt\u00f3m\u0171rendszerrel b\u00fcszk\u00e9lkedhet, amelynek \u00e1tt\u00e9telsz\u00e1ma 9,37, nyomat\u00e9ka pedig 0,8 Nm, ami gyors\u00edtott extrud\u00e1l\u00e1st tesz lehet\u0151v\u00e9. A megn\u00f6velt 60 wattos f\u0171t\u0151blokk 200 \u00b0C-ra meleg\u00edti a f\u00fav\u00f3k\u00e1t, ami 1,5-szer gyorsabb, mint a hagyom\u00e1nyos 3D nyomtat\u00f3kn\u00e1l, \u00edgy biztos\u00edtva a 250 mm\/s sebess\u00e9g\u0171, z\u00f6kken\u0151mentes sz\u00e1lkibocs\u00e1t\u00e1st. Az extruder kett\u0151s h\u0171t\u0151rendszere 1,3-szor t\u00f6bb leveg\u0151t bocs\u00e1t ki, mint a hagyom\u00e1nyos nyomtat\u00f3k, hat\u00e9konyan megel\u0151zve a sz\u00e1lk\u00e9pz\u0151d\u00e9st \u00e9s biztos\u00edtva a modell gyors h\u0171t\u00e9s\u00e9t.  <\/span><\/p>\n<h2><b>Er\u0151teljes feldolgoz\u00e1si k\u00e9pess\u00e9g<\/b><\/h2>\n<p><span style=\"font-weight: 400;\">Az M5 k\u00e9t heterog\u00e9n, h\u00e1rommagos processzorral (1,2 GHz x2 + 240 MHz) &#8211; egy XBurst CPU az intelligens nyomtat\u00e1shoz \u00e9s egy Marlin CPU a rutinfeldolgoz\u00e1shoz &#8211; hihetetlen teljes\u00edtm\u00e9nyt biztos\u00edt. Emellett a nyomtat\u00f3 k\u00e9pfelismer\u00e9sre specializ\u00e1l\u00f3dott (VPU, ISPx2, CIM), \u00edgy ide\u00e1lis a dolgok mesters\u00e9ges intelligenci\u00e1ja (AloT) alkalmaz\u00e1sokhoz. <\/span><\/p>\n<h2><b>K\u00f6nnyed kiegyenl\u00edt\u00e9s<\/b><\/h2>\n<p><span style=\"font-weight: 400;\">Az M5 automatikus 7&#215;7-es szintez\u00e9st k\u00edn\u00e1l intelligens algoritmusok seg\u00edts\u00e9g\u00e9vel, virtu\u00e1lis magass\u00e1gi t\u00e9rk\u00e9pet sz\u00e1m\u00edtva a pontos nyomtat\u00e1shoz.<\/span><\/p>\n<h2><b>Tart\u00f3s PEI m\u00e1gneses \u00e9p\u00edt\u0151lemez<\/b><\/h2>\n<p><span style=\"font-weight: 400;\">A karc\u00e1ll\u00f3 PEI bevonat\u00fa \u00e9p\u00edt\u0151lemez m\u00e1gneses alappal kombin\u00e1lva megk\u00f6nny\u00edti a modell elt\u00e1vol\u00edt\u00e1s\u00e1t a h\u0171t\u00e9s ut\u00e1n. A rugalmas \u00e9p\u00edt\u0151lemez k\u00f6nny\u0171 hajl\u00edt\u00e1st tesz lehet\u0151v\u00e9, megk\u00f6nny\u00edtve a modell z\u00f6kken\u0151mentes kiemel\u00e9s\u00e9t. <\/span><\/p>\n<h2><b>Felhaszn\u00e1l\u00f3bar\u00e1t \u00e9rint\u0151k\u00e9perny\u0151<\/b><\/h2>\n<p><span style=\"font-weight: 400;\">A 4,3 h\u00fcvelykes sz\u00ednes \u00e9rint\u0151k\u00e9perny\u0151 felhaszn\u00e1l\u00f3bar\u00e1t kezel\u0151fel\u00fclettel \u00e9s \u00e9jszakai \u00fczemm\u00f3ddal rendelkezik.<\/span><\/p>\n<h2><b>Sz\u00e1mos hasznos funkci\u00f3<\/b><\/h2>\n<p><span style=\"font-weight: 400;\">Az M5 sz\u00e1mos eszk\u00f6zzel van felszerelve a gondtalan nyomtat\u00e1shoz, k\u00f6zt\u00fck egy AI kamerarendszerrel, amely a nyomtat\u00e1s el\u0151tt elemzi a 3D modell adatait, \u00e9s a folyamat sor\u00e1n folyamatos fel\u00fcgyeletet biztos\u00edt. A hiba\u00e9rz\u00e9kel\u00e9s \u00e9s az \u00e1ramkimarad\u00e1s helyre\u00e1ll\u00edt\u00e1sa biztos\u00edtja a folyamatos nyomtat\u00e1st, m\u00edg az AnkerMake alkalmaz\u00e1son kereszt\u00fcl t\u00f6rt\u00e9n\u0151 \u00e9l\u0151 megfigyel\u00e9s val\u00f3s id\u0151ben t\u00e1j\u00e9koztatja a felhaszn\u00e1l\u00f3kat, m\u00e9g gyenge f\u00e9nyviszonyok k\u00f6z\u00f6tt is. A felhaszn\u00e1l\u00f3k time-lapse vide\u00f3kat is k\u00e9sz\u00edthetnek \u00e9s megoszthatnak a k\u00f6z\u00f6ss\u00e9gi m\u00e9di\u00e1ban.  <\/span><\/p>\n<h2><b>Egyszer\u0171 \u00f6sszeszerel\u00e9s<\/b><\/h2>\n<p><span style=\"font-weight: 400;\">Az M5 \u00f6sszeszerel\u00e9se egyszer\u0171 folyamat, mind\u00f6ssze 15 percet vesz ig\u00e9nybe a tartoz\u00e9kok be\u00e1ll\u00edt\u00e1sa, a csavarok megh\u00faz\u00e1sa \u00e9s a nyomtat\u00e1s megkezd\u00e9se &#8211; nincs sz\u00fcks\u00e9g m\u00e9rn\u00f6ki szak\u00e9rtelemre!<\/span><\/p>\n","protected":false},"excerpt":{"rendered":"<p><span style=\"font-weight: 400;\">Bemutatjuk az AnkerMake M5-\u00f6t &#8211; egy 3D nyomtat\u00f3t, amely innovat\u00edv funkci\u00f3ival \u00e9s el\u0151remutat\u00f3 technol\u00f3gi\u00e1j\u00e1val leny\u0171g\u00f6zi a 3D nyomtat\u00e1s vil\u00e1g\u00e1t!  <\/span><\/p>\n","protected":false},"featured_media":57069,"comment_status":"closed","ping_status":"closed","template":"","meta":{"_acf_changed":false},"product_brand":[],"product_cat":[1677,2382,1678,1680],"product_tag":[],"brand":[],"class_list":{"0":"post-57068","1":"product","2":"type-product","3":"status-publish","4":"has-post-thumbnail","6":"product_cat-3d-nyomtato","7":"product_cat-ankermake-fdm-nyomtatok","8":"product_cat-fdm-nyomtato","9":"product_cat-minden-3d-nyomtato","11":"first","12":"instock","13":"taxable","14":"shipping-taxable","15":"purchasable","16":"product-type-simple"},"acf":[],"_links":{"self":[{"href":"https:\/\/azurefilm.com\/hu\/wp-json\/wp\/v2\/product\/57068","targetHints":{"allow":["GET"]}}],"collection":[{"href":"https:\/\/azurefilm.com\/hu\/wp-json\/wp\/v2\/product"}],"about":[{"href":"https:\/\/azurefilm.com\/hu\/wp-json\/wp\/v2\/types\/product"}],"replies":[{"embeddable":true,"href":"https:\/\/azurefilm.com\/hu\/wp-json\/wp\/v2\/comments?post=57068"}],"wp:featuredmedia":[{"embeddable":true,"href":"https:\/\/azurefilm.com\/hu\/wp-json\/wp\/v2\/media\/57069"}],"wp:attachment":[{"href":"https:\/\/azurefilm.com\/hu\/wp-json\/wp\/v2\/media?parent=57068"}],"wp:term":[{"taxonomy":"product_brand","embeddable":true,"href":"https:\/\/azurefilm.com\/hu\/wp-json\/wp\/v2\/product_brand?post=57068"},{"taxonomy":"product_cat","embeddable":true,"href":"https:\/\/azurefilm.com\/hu\/wp-json\/wp\/v2\/product_cat?post=57068"},{"taxonomy":"product_tag","embeddable":true,"href":"https:\/\/azurefilm.com\/hu\/wp-json\/wp\/v2\/product_tag?post=57068"},{"taxonomy":"brand","embeddable":true,"href":"https:\/\/azurefilm.com\/hu\/wp-json\/wp\/v2\/brand?post=57068"}],"curies":[{"name":"wp","href":"https:\/\/api.w.org\/{rel}","templated":true}]}}