
{"id":57074,"date":"2023-10-29T14:09:17","date_gmt":"2023-10-29T14:09:17","guid":{"rendered":"https:\/\/azurefilm.com\/product\/lumberlay-filament-parafa\/"},"modified":"2025-08-22T11:17:48","modified_gmt":"2025-08-22T11:17:48","slug":"lumberlay-filament-parafa","status":"publish","type":"product","link":"https:\/\/azurefilm.com\/hu\/termek\/lumberlay-filament-parafa\/","title":{"rendered":"LumberLay filament parafa"},"content":{"rendered":"<h2><b>LumberLay<\/b><\/h2>\n<p><span style=\"font-weight: 400;\">Ismerje meg a LumberLay sz\u00e1lakat &#8211; egy egyed\u00fcl\u00e1ll\u00f3 anyagot, amely rendelkezik a <\/span><b>val\u00f3di fa kin\u00e9zete \u00e9s tapint\u00e1sa<\/b><span style=\"font-weight: 400;\">. LumberLay combines <\/span><b>40% \u00fajrahasznos\u00edtott fa<\/b><span style=\"font-weight: 400;\"> \u00e9s 60% PLA sz\u00e1l. Ennek a kever\u00e9knek k\u00f6sz\u00f6nhet\u0151en a nyomatok a k\u00f6vetkez\u0151 tulajdons\u00e1gokkal rendelkeznek majd <\/span><b>a term\u00e9szetes fa megjelen\u00e9se<\/b><span style=\"font-weight: 400;\">, \u00e9s a term\u00e9k fizikai tulajdons\u00e1gai rendk\u00edv\u00fcl hasonl\u00f3ak lesznek a term\u00e9szetes f\u00e1hoz. Ennek a sz\u00e1lnak egyetlen h\u00e1tr\u00e1nya, hogy szerkezet\u00e9b\u0151l ad\u00f3d\u00f3an hajlamos a f\u00fav\u00f3ka kop\u00e1s\u00e1ra. Ez\u00e9rt van az, hogy <\/span><b>legal\u00e1bb 0,6 mm-es kop\u00e1s\u00e1ll\u00f3 f\u00fav\u00f3k\u00e1t aj\u00e1nlunk haszn\u00e1lni.<\/b><span style=\"font-weight: 400;\">.<\/span><\/p>\n<h2><strong>LumberLay filament parafa<\/strong><\/h2>\n<p>Legyen kreat\u00edv a barna s\u00f6t\u00e9tebb fa \u00e1rnyalat\u00e1val, \u00e9s pr\u00f3b\u00e1lja ki a 40%-ban \u00fajrahasznos\u00edtott f\u00e1b\u00f3l \u00e9s 60%-ban polimerekb\u0151l k\u00e9sz\u00fclt LumberLay filament Corkot.<\/p>\n<p><span style=\"font-weight: 400;\">Ha t\u00f6bbet szeretne megtudni a LumberLay sz\u00e1lakr\u00f3l, olvassa el a <a href=\"https:\/\/azurefilm.com\/hu\/2024\/10\/24\/ismerje-meg-a-lumberlay-kollekciot\/\" target=\"_blank\" rel=\"noopener\"><strong>blogot.<\/strong><\/a>. <\/span><\/p>\n<p><span style=\"font-weight: 400;\">Hozz\u00e1f\u00e9rhet a <\/span><b>M\u0171szaki adatlap<\/b><span style=\"font-weight: 400;\"><a href=\"https:\/\/azurefilm.com\/hu\/technical-data-sheets\/\" target=\"_blank\" rel=\"noopener\"> itt<\/a>.<\/span><\/p>\n<h3><strong>Nyomtat\u00e1si aj\u00e1nl\u00e1sok:<\/strong><\/h3>\n<ul>\n<li aria-level=\"1\"><b>Az elt\u00f6m\u0151d\u00e9s elker\u00fcl\u00e9se \u00e9rdek\u00e9ben legal\u00e1bb 0,6 mm-es f\u00fav\u00f3k\u00e1t javasolunk haszn\u00e1lni.<\/b><b><i>.<\/i><\/b><\/li>\n<li style=\"font-weight: 400;\" aria-level=\"1\"><span style=\"font-weight: 400;\">A legjobb eredm\u00e9ny \u00e9rdek\u00e9ben 200-230\u00b0C-on nyomtasson. <\/span><\/li>\n<li style=\"font-weight: 400;\" aria-level=\"1\"><span style=\"font-weight: 400;\">A nyomtat\u00f3asztal aj\u00e1nlott h\u0151m\u00e9rs\u00e9klete 60\u00b0C.<\/span><\/li>\n<li style=\"font-weight: 400;\" aria-level=\"1\"><span style=\"font-weight: 400;\">Haszn\u00e1ljon \u00fcveg\u00e1gyat, PEI lapot, Kapton vagy k\u00e9k szalagot az \u00e9p\u00edt\u00e9si platformhoz 3Dlac spray-vel.<\/span><\/li>\n<\/ul>\n<p><i><span style=\"font-weight: 400;\">*A k\u00fcl\u00f6nb\u00f6z\u0151 nyomtat\u00f3k haszn\u00e1lata eset\u00e9n az ide\u00e1lis h\u0151m\u00e9rs\u00e9klet elt\u00e9r\u0151 lehet.<\/span><\/i><\/p>\n","protected":false},"excerpt":{"rendered":"<p>Legyen kreat\u00edv a barna s\u00f6t\u00e9tebb fa \u00e1rnyalat\u00e1val, \u00e9s pr\u00f3b\u00e1lja ki a 40%-ban \u00fajrahasznos\u00edtott f\u00e1b\u00f3l \u00e9s 60%-ban polimerekb\u0151l k\u00e9sz\u00fclt LumberLay filament Corkot.<\/p>\n","protected":false},"featured_media":48649,"comment_status":"closed","ping_status":"closed","template":"","meta":{"_acf_changed":false},"product_brand":[],"product_cat":[2299,1686,1688],"product_tag":[],"brand":[267],"class_list":{"0":"post-57074","1":"product","2":"type-product","3":"status-publish","4":"has-post-thumbnail","6":"product_cat-lumberlay-szalak","7":"product_cat-3d-filmek","8":"product_cat-minden-film","9":"pa_colour-brown","10":"pa_filament-diameter-1-75mm","11":"pa_filament-weight-750g","12":"brand-azurefilm","14":"first","15":"outofstock","16":"taxable","17":"shipping-taxable","18":"purchasable","19":"product-type-variable","20":"has-default-attributes"},"acf":[],"_links":{"self":[{"href":"https:\/\/azurefilm.com\/hu\/wp-json\/wp\/v2\/product\/57074","targetHints":{"allow":["GET"]}}],"collection":[{"href":"https:\/\/azurefilm.com\/hu\/wp-json\/wp\/v2\/product"}],"about":[{"href":"https:\/\/azurefilm.com\/hu\/wp-json\/wp\/v2\/types\/product"}],"replies":[{"embeddable":true,"href":"https:\/\/azurefilm.com\/hu\/wp-json\/wp\/v2\/comments?post=57074"}],"wp:featuredmedia":[{"embeddable":true,"href":"https:\/\/azurefilm.com\/hu\/wp-json\/wp\/v2\/media\/48649"}],"wp:attachment":[{"href":"https:\/\/azurefilm.com\/hu\/wp-json\/wp\/v2\/media?parent=57074"}],"wp:term":[{"taxonomy":"product_brand","embeddable":true,"href":"https:\/\/azurefilm.com\/hu\/wp-json\/wp\/v2\/product_brand?post=57074"},{"taxonomy":"product_cat","embeddable":true,"href":"https:\/\/azurefilm.com\/hu\/wp-json\/wp\/v2\/product_cat?post=57074"},{"taxonomy":"product_tag","embeddable":true,"href":"https:\/\/azurefilm.com\/hu\/wp-json\/wp\/v2\/product_tag?post=57074"},{"taxonomy":"brand","embeddable":true,"href":"https:\/\/azurefilm.com\/hu\/wp-json\/wp\/v2\/brand?post=57074"}],"curies":[{"name":"wp","href":"https:\/\/api.w.org\/{rel}","templated":true}]}}