
{"id":57085,"date":"2023-10-29T14:18:08","date_gmt":"2023-10-29T14:18:08","guid":{"rendered":"https:\/\/azurefilm.com\/product\/modix-big-60-v3\/"},"modified":"2023-10-29T14:18:08","modified_gmt":"2023-10-29T14:18:08","slug":"modix-big-60-v3","status":"publish","type":"product","link":"https:\/\/azurefilm.com\/hu\/termek\/modix-big-60-v3\/","title":{"rendered":"Modix BIG-60 V3"},"content":{"rendered":"<h2><strong>Modix BIG-60 V3: Megfizethet\u0151 \u00e9s tov\u00e1bbfejlesztett<\/strong><\/h2>\n<p><span style=\"font-weight: 400;\">A 2017-ben bemutatott \u00e9s imm\u00e1r harmadik verzi\u00f3j\u00e1ban (V3) l\u00e9v\u0151 Modix BIG-60 a t\u00e1gas \u00e9p\u00edt\u00e9si t\u00e9rfogat, a cs\u00facsmin\u0151s\u00e9g\u0171 alkatr\u00e9szek \u00e9s a vonz\u00f3 \u00e1r kombin\u00e1ci\u00f3j\u00e1t k\u00edn\u00e1lja. A V3-ban bevezetett fejleszt\u00e9seket a term\u00e9kcsal\u00e1d t\u00f6bbi modellj\u00e9re is \u00e1tvitt\u00fck. <\/span><\/p>\n<h2><strong>Legfontosabb el\u0151ny\u00f6k:<\/strong><\/h2>\n<ul>\n<li style=\"font-weight: 400;\" aria-level=\"1\"><span style=\"font-weight: 400;\">Griffin nyomtat\u00f3fej: Prec\u00edzi\u00f3s nyomtat\u00e1s a Griffin nyomtat\u00f3fejjel.<\/span><\/li>\n<li style=\"font-weight: 400;\" aria-level=\"1\"><span style=\"font-weight: 400;\">PT-1000 friss\u00edt\u00e9s: Tov\u00e1bbfejlesztett PT-1000 (a PT-100 helyett).<\/span><\/li>\n<li style=\"font-weight: 400;\" aria-level=\"1\"><span style=\"font-weight: 400;\">Dugul\u00e1s\u00e9rz\u00e9kel\u0151: Elt\u00f6m\u0151d\u00e9s\u00e9rz\u00e9kel\u0151vel felszerelve a nyomtat\u00e1si probl\u00e9m\u00e1k megel\u0151z\u00e9se \u00e9rdek\u00e9ben.<\/span><\/li>\n<li style=\"font-weight: 400;\" aria-level=\"1\"><span style=\"font-weight: 400;\">\u00dctk\u00f6z\u00e9s\u00e9rz\u00e9kel\u0151: \u00dctk\u00f6z\u00e9s\u00e9rz\u00e9kel\u0151vel rendelkezik a nagyobb biztons\u00e1g \u00e9s megb\u00edzhat\u00f3s\u00e1g \u00e9rdek\u00e9ben.<\/span><\/li>\n<\/ul>\n","protected":false},"excerpt":{"rendered":"<p>A <strong>Modix BIG-60 V3<\/strong> a nagy \u00e9p\u00edt\u00e9si t\u00e9rfogat, a pr\u00e9mium alkatr\u00e9szek \u00e9s a megfizethet\u0151 \u00e1r versenyk\u00e9pes kever\u00e9ke.<\/p>\n","protected":false},"featured_media":57087,"comment_status":"closed","ping_status":"closed","template":"","meta":{"_acf_changed":false},"product_brand":[],"product_cat":[1677,1678,1680,2384,2245],"product_tag":[],"brand":[],"class_list":{"0":"post-57085","1":"product","2":"type-product","3":"status-publish","4":"has-post-thumbnail","6":"product_cat-3d-nyomtato","7":"product_cat-fdm-nyomtato","8":"product_cat-minden-3d-nyomtato","9":"product_cat-modix-fdm-nyomtatok","10":"product_cat-professzionalis-3d-nyomtatok","12":"first","13":"instock","14":"taxable","15":"shipping-taxable","16":"purchasable","17":"product-type-simple"},"acf":[],"_links":{"self":[{"href":"https:\/\/azurefilm.com\/hu\/wp-json\/wp\/v2\/product\/57085","targetHints":{"allow":["GET"]}}],"collection":[{"href":"https:\/\/azurefilm.com\/hu\/wp-json\/wp\/v2\/product"}],"about":[{"href":"https:\/\/azurefilm.com\/hu\/wp-json\/wp\/v2\/types\/product"}],"replies":[{"embeddable":true,"href":"https:\/\/azurefilm.com\/hu\/wp-json\/wp\/v2\/comments?post=57085"}],"wp:featuredmedia":[{"embeddable":true,"href":"https:\/\/azurefilm.com\/hu\/wp-json\/wp\/v2\/media\/57087"}],"wp:attachment":[{"href":"https:\/\/azurefilm.com\/hu\/wp-json\/wp\/v2\/media?parent=57085"}],"wp:term":[{"taxonomy":"product_brand","embeddable":true,"href":"https:\/\/azurefilm.com\/hu\/wp-json\/wp\/v2\/product_brand?post=57085"},{"taxonomy":"product_cat","embeddable":true,"href":"https:\/\/azurefilm.com\/hu\/wp-json\/wp\/v2\/product_cat?post=57085"},{"taxonomy":"product_tag","embeddable":true,"href":"https:\/\/azurefilm.com\/hu\/wp-json\/wp\/v2\/product_tag?post=57085"},{"taxonomy":"brand","embeddable":true,"href":"https:\/\/azurefilm.com\/hu\/wp-json\/wp\/v2\/brand?post=57085"}],"curies":[{"name":"wp","href":"https:\/\/api.w.org\/{rel}","templated":true}]}}