
{"id":57095,"date":"2023-10-29T14:18:08","date_gmt":"2023-10-29T14:18:08","guid":{"rendered":"https:\/\/azurefilm.com\/product\/flashforge-guider-3\/"},"modified":"2023-10-29T14:18:08","modified_gmt":"2023-10-29T14:18:08","slug":"flashforge-guider-3","status":"publish","type":"product","link":"https:\/\/azurefilm.com\/hu\/termek\/flashforge-guider-3\/","title":{"rendered":"FlashForge Guider 3"},"content":{"rendered":"<p><span style=\"font-weight: 400;\">A FlashForge Guider 3 \u00fajradefini\u00e1lja a 3D nyomtat\u00e1st a <\/span><b>jelent\u0151s, 450x450x470mm-es \u00e9p\u00edt\u00e9si t\u00e9rfogat\u00e1val<\/b><span style=\"font-weight: 400;\"> mik\u00f6zben fenntartja a <\/span><b>k\u00f6nny\u0171 szerkezet<\/b><span style=\"font-weight: 400;\">. Crafted with an aluminium frame and durable ABS and acrylic sheets for the enclosure, this printer   <\/span><b>optimaliz\u00e1lja a stabilit\u00e1st \u00e9s a s\u00falyt<\/b><span style=\"font-weight: 400;\">, maximaliz\u00e1lva a bels\u0151 teret \u00e9s n\u00f6velve az \u00e9p\u00edt\u00e9si t\u00e9rfogatot. Nagyobb \u00e9s k\u00f6nnyebb kialak\u00edt\u00e1s\u00e1val a Guider 3 alkalmazkodik a k\u00fcl\u00f6nf\u00e9le nyomtat\u00e1si ig\u00e9nyekhez \u00e9s a mindennapi haszn\u00e1lathoz. <\/span><\/p>\n<h2><strong>Hat\u00e9kony kis t\u00e9teles gy\u00e1rt\u00e1s<\/strong><\/h2>\n<p><span style=\"font-weight: 400;\">A FlashPrint 5 integr\u00e1lt eszk\u00f6zkezel\u0151 rendszere lehet\u0151v\u00e9 teszi a t\u00f6bb g\u00e9p k\u00f6z\u00f6s vez\u00e9rl\u00e9s\u00e9t \u00e9s a z\u00f6kken\u0151mentes eszk\u00f6zkezel\u00e9st. A nyomtat\u00e1si folyamat val\u00f3s idej\u0171 nyomon k\u00f6vet\u00e9se egyszer\u0171v\u00e9 v\u00e1lik a be\u00e9p\u00edtett kamer\u00e1val, amely a FlashPrint 5 \u00e9s a felhaszn\u00e1l\u00f3i fel\u00fcleteken kereszt\u00fcl egyszer\u0171 fel\u00fcgyeletet biztos\u00edt. Az \u00e1ramkimarad\u00e1s ut\u00e1ni helyre\u00e1ll\u00edt\u00e1si rendszer biztos\u00edtja, hogy v\u00e1ratlan \u00e1ramkimarad\u00e1s eset\u00e9n a nyomtat\u00e1s pontosan onnan folytat\u00f3djon, ahol abbamaradt. Emellett a Guider 3 nyitott anyagrendszere kompatibilis k\u00fcl\u00f6nb\u00f6z\u0151 anyagokkal, p\u00e9ld\u00e1ul ABS, PLA, PC, PA, HIPS, ASA, PETG \u00e9s PA-CF, \u00e9s t\u00e1mogatja a harmadik f\u00e9lt\u0151l sz\u00e1rmaz\u00f3 anyagokat a sokoldal\u00fa alkalmaz\u00e1sok \u00e9rdek\u00e9ben.   <\/span><\/p>\n<h2><strong>CoreXY strukt\u00fara a sebess\u00e9g \u00e9s hat\u00e9konys\u00e1g \u00e9rdek\u00e9ben<\/strong><\/h2>\n<p><span style=\"font-weight: 400;\">A Guider 3 CoreXY szerkezetet alkalmaz, amely ak\u00e1r 250 mm\/s sebess\u00e9g\u0171 nagysebess\u00e9g\u0171 nyomtat\u00e1st tesz lehet\u0151v\u00e9, jelent\u0151sen n\u00f6velve a termel\u00e9s hat\u00e9konys\u00e1g\u00e1t. Hasonl\u00f3 k\u00f6r\u00fclm\u00e9nyek k\u00f6z\u00f6tt a Guider 3 30%-50% nyomtat\u00e1si id\u0151t takar\u00edt meg a nem CoreXY nyomtat\u00f3khoz k\u00e9pest. Ez a funkci\u00f3 k\u00fcl\u00f6n\u00f6sen \u00e9rt\u00e9kes a kis t\u00e9teles gy\u00e1rt\u00e1s sor\u00e1n, lehet\u0151v\u00e9 t\u00e9ve a gyors sz\u00e1ll\u00edt\u00e1st \u00e9s az \u00e1ltal\u00e1nos hat\u00e9konys\u00e1g javul\u00e1s\u00e1t.  <\/span><\/p>\n<h2><strong>Egyszer\u0171s\u00edtett szintez\u00e9si rendszer<\/strong><\/h2>\n<p><span style=\"font-weight: 400;\">A prec\u00edz szintez\u00e9s kulcsfontoss\u00e1g\u00fa a sikeres 3D nyomtat\u00e1shoz, \u00e9s a Guider 3 automatikus szintez\u0151rendszer\u00e9vel \u00e9s seg\u00e9dnivell\u00e1l\u00e1s\u00e1val gondtalan \u00e9lm\u00e9nyt biztos\u00edt. A nagy \u00e9rz\u00e9kenys\u00e9g\u0171 indukt\u00edv k\u00f6zels\u00e9g\u00e9rz\u00e9kel\u0151 \u00e9rz\u00e9keli \u00e9s t\u00e1rolja az \u00e9p\u00edt\u00e9si platform kezdeti s\u00edkoss\u00e1gi adatait, \u00e9s a nyomtat\u00e1s sor\u00e1n intelligensen be\u00e1ll\u00edtja a platform magass\u00e1g\u00e1t az automatikus szintez\u00e9s \u00e9rdek\u00e9ben minden ir\u00e1nyban. <\/span><\/p>\n<h2><strong>K\u00e9t platform opci\u00f3 a sokoldal\u00fas\u00e1g\u00e9rt<\/strong><\/h2>\n<p><span style=\"font-weight: 400;\">A Guider 3 k\u00e9tf\u00e9le platformot k\u00edn\u00e1l: egy \u00fcvegplatformot \u00e9s egy rugalmas ac\u00e9llemezplatformot. Ez a sokoldal\u00fas\u00e1g lehet\u0151v\u00e9 teszi a felhaszn\u00e1l\u00f3k sz\u00e1m\u00e1ra, hogy a sz\u00e1lakkal kapcsolatos ig\u00e9nyeiknek megfelel\u0151 platformot v\u00e1lasszanak. Az optimaliz\u00e1lt platformkialak\u00edt\u00e1s lehet\u0151v\u00e9 teszi a mind\u00f6ssze 30 m\u00e1sodperces gyors platformv\u00e1lt\u00e1st, a teljes \u00e9p\u00edt\u00e9si fel\u00fcleten egyenletes 110\u00b0C-os f\u0171t\u00e9ssel, ami kiv\u00e1l\u00f3 nyomtat\u00e1si eredm\u00e9nyeket biztos\u00edt.  <\/span><\/p>\n<h2><strong>Gyorsan sz\u00e9tszerelhet\u0151 f\u00fav\u00f3ka a k\u00e9nyelem \u00e9rdek\u00e9ben<\/strong><\/h2>\n<p><span style=\"font-weight: 400;\">A k\u00fcl\u00f6nb\u00f6z\u0151 sz\u00e1lak befogad\u00e1s\u00e1ra a Guider 3 kett\u0151s fogasker\u00e9k extrud\u00e1l\u00f3 szerkezettel rendelkezik, amely 150%-kal n\u00f6veli a sz\u00e1lak adagol\u00e1si erej\u00e9t, cs\u00f6kkentve az elt\u00f6m\u0151d\u00e9sek val\u00f3sz\u00edn\u0171s\u00e9g\u00e9t. A t\u00f6bbf\u00e9le \u00e1tm\u00e9r\u0151ben kaphat\u00f3, gyorsan sz\u00e9tszerelhet\u0151 f\u00fav\u00f3ka leegyszer\u0171s\u00edti a cser\u00e9t \u00e9s a karbantart\u00e1st, \u00edgy a nyomtat\u00e1si ig\u00e9nyek sz\u00e9les sk\u00e1l\u00e1j\u00e1t kiszolg\u00e1lja. <\/span><\/p>\n<h2><strong>M\u0171szaki r\u00e9szletek:<\/strong><\/h2>\n<ul>\n<li style=\"font-weight: 400;\" aria-level=\"1\"><span style=\"font-weight: 400;\">Extruder mennyis\u00e9g: 1<\/span><\/li>\n<li style=\"font-weight: 400;\" aria-level=\"1\"><span style=\"font-weight: 400;\">Nyomtat\u00e1si pontoss\u00e1g: \u00b10,15mm vagy 0,002mm\/mm<\/span><\/li>\n<li style=\"font-weight: 400;\" aria-level=\"1\"><span style=\"font-weight: 400;\">Helymeghat\u00e1roz\u00e1si pontoss\u00e1g: X\/Y-tengely: 0,011 mm; Z-tengely: 0,0025 mm<\/span><\/li>\n<li style=\"font-weight: 400;\" aria-level=\"1\"><span style=\"font-weight: 400;\">R\u00e9tegvastags\u00e1g: 0,05 ~ 0,4 mm<\/span><\/li>\n<li style=\"font-weight: 400;\" aria-level=\"1\"><span style=\"font-weight: 400;\">\u00c9p\u00edt\u00e9si t\u00e9rfogat: 300x250x340mm<\/span><\/li>\n<li style=\"font-weight: 400;\" aria-level=\"1\"><span style=\"font-weight: 400;\">F\u00fav\u00f3ka \u00e1tm\u00e9r\u0151: 0,4 (0,4\/0,6\/0,8)mm<\/span><\/li>\n<li style=\"font-weight: 400;\" aria-level=\"1\"><span style=\"font-weight: 400;\">F\u00fav\u00f3ka t\u00edpusa: Rozsdamentes ac\u00e9l f\u00fav\u00f3ka: Rozsdamentes ac\u00e9l f\u00fav\u00f3ka<\/span><\/li>\n<li style=\"font-weight: 400;\" aria-level=\"1\"><span style=\"font-weight: 400;\">Nyomtat\u00e1si sebess\u00e9g: 10 ~ 250mm\/s<\/span><\/li>\n<li style=\"font-weight: 400;\" aria-level=\"1\"><span style=\"font-weight: 400;\">Maxim\u00e1lis extruder h\u0151m\u00e9rs\u00e9klet: 320\u00b0C<\/span><\/li>\n<li style=\"font-weight: 400;\" aria-level=\"1\"><span style=\"font-weight: 400;\">Maxim\u00e1lis platformh\u0151m\u00e9rs\u00e9klet: 110\u00b0C<\/span><\/li>\n<li style=\"font-weight: 400;\" aria-level=\"1\"><span style=\"font-weight: 400;\">T\u00e1mogatott sz\u00e1l: PETG \/ PA-CF \/ PLA-CF \/ PLA-CF \/ PETG-CF \/ PETG-GF \/ PETG-GF<\/span><\/li>\n<li style=\"font-weight: 400;\" aria-level=\"1\"><span style=\"font-weight: 400;\">T\u00e1pegys\u00e9g: 20,8A, 650W<\/span><\/li>\n<li style=\"font-weight: 400;\" aria-level=\"1\"><span style=\"font-weight: 400;\">K\u00e9sz\u00fcl\u00e9k m\u00e9rete: 496x436x696mm<\/span><\/li>\n<li style=\"font-weight: 400;\" aria-level=\"1\"><span style=\"font-weight: 400;\">Csomagol\u00e1si m\u00e9ret: 585x530x760mm<\/span><\/li>\n<li style=\"font-weight: 400;\" aria-level=\"1\"><span style=\"font-weight: 400;\">Szeletel\u0151 szoftver: Flashprint<\/span><\/li>\n<li style=\"font-weight: 400;\" aria-level=\"1\"><span style=\"font-weight: 400;\">Bemeneti f\u00e1jlform\u00e1tum: Input: F\u00e1jl: 3MF \/ STL \/ OBJ \/ FPP \/ BMP \/PNG \/ JPG \/ JPEG<\/span><\/li>\n<li style=\"font-weight: 400;\" aria-level=\"1\"><span style=\"font-weight: 400;\">Kimeneti f\u00e1jlform\u00e1tum: GX \/ G f\u00e1jl \/ G-k\u00f3d<\/span><\/li>\n<li style=\"font-weight: 400;\" aria-level=\"1\"><span style=\"font-weight: 400;\">Nyomtat\u00e1si kapcsolat: Wi-Fi: USB lemez \/ Ethernet \/ Wi-Fi<\/span><\/li>\n<li style=\"font-weight: 400;\" aria-level=\"1\"><span style=\"font-weight: 400;\">Tan\u00fas\u00edt\u00e1s: RoHS: CE \/ FCC \/ RoHS<\/span><\/li>\n<li style=\"font-weight: 400;\" aria-level=\"1\"><span style=\"font-weight: 400;\">Munkah\u0151m\u00e9rs\u00e9klet: 15-30\u00b0C<\/span><\/li>\n<li style=\"font-weight: 400;\" aria-level=\"1\"><span style=\"font-weight: 400;\">Kompatibilis oper\u00e1ci\u00f3s rendszer: 8 \/ 10, Mac OS<\/span><\/li>\n<li style=\"font-weight: 400;\" aria-level=\"1\"><span style=\"font-weight: 400;\">Kompatibilis szeletel\u0151 szoftver: Cura (be kell \u00e1ll\u00edtani)<\/span><\/li>\n<li style=\"font-weight: 400;\" aria-level=\"1\"><span style=\"font-weight: 400;\">LCD \u00e9rint\u0151k\u00e9perny\u0151: LCD kijelz\u0151: 4,3 h\u00fcvelykes<\/span><\/li>\n<li style=\"font-weight: 400;\" aria-level=\"1\"><span style=\"font-weight: 400;\">Nyomtat\u00f3\u00e1gy: ac\u00e9llemezb\u0151l k\u00e9sz\u00fclt rugalmas platform + \u00fcvegplatform<\/span><\/li>\n<li style=\"font-weight: 400;\" aria-level=\"1\"><span style=\"font-weight: 400;\">Z\u00e1rt kivitel<\/span><\/li>\n<li style=\"font-weight: 400;\" aria-level=\"1\"><span style=\"font-weight: 400;\">Kieg\u00e9sz\u00edt\u0151 szintez\u00e9s<\/span><\/li>\n<li style=\"font-weight: 400;\" aria-level=\"1\"><span style=\"font-weight: 400;\">Sz\u00e1l kifut\u00f3 eml\u00e9keztet\u0151<\/span><\/li>\n<li style=\"font-weight: 400;\" aria-level=\"1\"><span style=\"font-weight: 400;\">Cser\u00e9lhet\u0151 nyomtat\u00f3\u00e1gy<\/span><\/li>\n<li style=\"font-weight: 400;\" aria-level=\"1\"><span style=\"font-weight: 400;\">Ultra csendes kialak\u00edt\u00e1s<\/span><\/li>\n<li style=\"font-weight: 400;\" aria-level=\"1\"><span style=\"font-weight: 400;\">Utols\u00f3 nyomtat\u00e1s folytat\u00e1sa kikapcsol\u00e1skor<\/span><\/li>\n<li style=\"font-weight: 400;\" aria-level=\"1\"><span style=\"font-weight: 400;\">T\u00e1voli kamer\u00e1s megfigyel\u00e9s<\/span><\/li>\n<li style=\"font-weight: 400;\" aria-level=\"1\"><span style=\"font-weight: 400;\">Vezet\u00e9k n\u00e9lk\u00fcli Wi-Fi<\/span><\/li>\n<li style=\"font-weight: 400;\" aria-level=\"1\"><span style=\"font-weight: 400;\">Ethernet<\/span><\/li>\n<li style=\"font-weight: 400;\" aria-level=\"1\"><span style=\"font-weight: 400;\">USB stick interf\u00e9sz<\/span><\/li>\n<li style=\"font-weight: 400;\" aria-level=\"1\"><span style=\"font-weight: 400;\">L\u00e9gsz\u0171r\u0151 h\u00e1l\u00f3<\/span><\/li>\n<li style=\"font-weight: 400;\" aria-level=\"1\"><span style=\"font-weight: 400;\">Felh\u0151<\/span><\/li>\n<\/ul>\n","protected":false},"excerpt":{"rendered":"<p>FlashForge Guider 3 kett\u0151s \u00e9p\u00edt\u0151lemez opci\u00f3val, gyors sz\u00e9tszerel\u00e9si f\u00fav\u00f3k\u00e1val, HEPA 13 l\u00e9gsz\u0171r\u0151vel, t\u00e1vfel\u00fcgyelettel \u00e9s egy\u00e9b funkci\u00f3kkal.<\/p>\n","protected":false},"featured_media":57096,"comment_status":"closed","ping_status":"closed","template":"","meta":{"_acf_changed":false},"product_brand":[],"product_cat":[1677,1678,2244,1680,2245],"product_tag":[],"brand":[],"class_list":{"0":"post-57095","1":"product","2":"type-product","3":"status-publish","4":"has-post-thumbnail","6":"product_cat-3d-nyomtato","7":"product_cat-fdm-nyomtato","8":"product_cat-flashforge-fdm-nyomtatok","9":"product_cat-minden-3d-nyomtato","10":"product_cat-professzionalis-3d-nyomtatok","12":"first","13":"instock","14":"taxable","15":"shipping-taxable","16":"purchasable","17":"product-type-simple"},"acf":[],"_links":{"self":[{"href":"https:\/\/azurefilm.com\/hu\/wp-json\/wp\/v2\/product\/57095","targetHints":{"allow":["GET"]}}],"collection":[{"href":"https:\/\/azurefilm.com\/hu\/wp-json\/wp\/v2\/product"}],"about":[{"href":"https:\/\/azurefilm.com\/hu\/wp-json\/wp\/v2\/types\/product"}],"replies":[{"embeddable":true,"href":"https:\/\/azurefilm.com\/hu\/wp-json\/wp\/v2\/comments?post=57095"}],"wp:featuredmedia":[{"embeddable":true,"href":"https:\/\/azurefilm.com\/hu\/wp-json\/wp\/v2\/media\/57096"}],"wp:attachment":[{"href":"https:\/\/azurefilm.com\/hu\/wp-json\/wp\/v2\/media?parent=57095"}],"wp:term":[{"taxonomy":"product_brand","embeddable":true,"href":"https:\/\/azurefilm.com\/hu\/wp-json\/wp\/v2\/product_brand?post=57095"},{"taxonomy":"product_cat","embeddable":true,"href":"https:\/\/azurefilm.com\/hu\/wp-json\/wp\/v2\/product_cat?post=57095"},{"taxonomy":"product_tag","embeddable":true,"href":"https:\/\/azurefilm.com\/hu\/wp-json\/wp\/v2\/product_tag?post=57095"},{"taxonomy":"brand","embeddable":true,"href":"https:\/\/azurefilm.com\/hu\/wp-json\/wp\/v2\/brand?post=57095"}],"curies":[{"name":"wp","href":"https:\/\/api.w.org\/{rel}","templated":true}]}}