
{"id":57105,"date":"2023-10-29T14:20:10","date_gmt":"2023-10-29T14:20:10","guid":{"rendered":"https:\/\/azurefilm.com\/product\/unset-pla-strongman\/"},"modified":"2025-08-22T11:18:11","modified_gmt":"2025-08-22T11:18:11","slug":"unset-pla-strongman","status":"publish","type":"product","link":"https:\/\/azurefilm.com\/hu\/termek\/unset-pla-strongman\/","title":{"rendered":"Unset PLA Strongman"},"content":{"rendered":"<h2><b>PLA Strongman<\/b><\/h2>\n<p><span style=\"font-weight: 400;\">PLA Strongman sz\u00e1l <\/span><b>egyed\u00fcl\u00e1ll\u00f3 anyag<\/b><span style=\"font-weight: 400;\"> amely<\/span><b> kem\u00e9ny, \u00fct\u00e9s\u00e1ll\u00f3<\/b><span style=\"font-weight: 400;\"> \u00e9s m\u00e9gis <\/span><b>nagyon k\u00f6nnyen nyomtathat\u00f3. <\/b> <span style=\"font-weight: 400;\">A PLA Strongman bevezet\u00e9se el\u0151tt egyetlen m\u00e1s sz\u00e1l sem k\u00edn\u00e1lta a k\u00f6nny\u0171 nyomtat\u00e1s \u00e9s a nagyszer\u0171 mechanikai tulajdons\u00e1gok kombin\u00e1ci\u00f3j\u00e1t. Egy vezet\u0151, polimerek jellemz\u00e9s\u00e9re szakosodott egyetemmel egy\u00fcttm\u0171k\u00f6dve fejlesztett\u00fck ki ezt a figyelemre m\u00e9lt\u00f3 filamentumot, amely ma m\u00e1r <\/span><b>az egyik<\/b> <b>legkelend\u0151bb anyagok<\/b><span style=\"font-weight: 400;\">.<\/span><\/p>\n<h2><b>Unset PLA Strongman<\/b><\/h2>\n<p><span style=\"font-weight: 400;\">Az AzureFilm Unset sz\u00e1lak lehet\u0151v\u00e9 teszik, hogy \u00e1t\u00f6lelje a <\/span><b>k\u00f6rnyezetbar\u00e1t<\/b><span style=\"font-weight: 400;\"> lehet\u0151s\u00e9gek a k\u00f6zelg\u0151 projektekhez. Ezek a <\/span><b>k\u00f6rnyezettudatos<\/b><span style=\"font-weight: 400;\"> sz\u00e1lak a gy\u00e1rt\u00e1si folyamatok sor\u00e1n felesleges anyagokb\u00f3l keletkeznek, \u00edgy fenntarthat\u00f3 v\u00e1laszt\u00e1st jelentenek. Az\u00e1ltal, hogy felhaszn\u00e1ljuk <\/span><b>100%-ban \u00fajrahasznos\u00edtott anyagok<\/b><span style=\"font-weight: 400;\">, Az unset sz\u00e1lak hozz\u00e1j\u00e1rulnak a hullad\u00e9k cs\u00f6kkent\u00e9s\u00e9hez. Minden rendel\u00e9s egyedi sz\u00ednt hoz. <\/span><\/p>\n<p><span style=\"font-weight: 400;\">Hozz\u00e1f\u00e9rhet a <\/span><b>M\u0171szaki adatlap<\/b><span style=\"font-weight: 400;\"><a href=\"https:\/\/azurefilm.com\/hu\/technical-data-sheets\/\"> itt<\/a>.<\/span><\/p>\n<h3><strong>Nyomtat\u00e1si aj\u00e1nl\u00e1sok:<\/strong><\/h3>\n<ul>\n<li style=\"font-weight: 400;\" aria-level=\"1\"><span style=\"font-weight: 400;\">A legjobb eredm\u00e9ny \u00e9rdek\u00e9ben 200-230\u00b0C-os h\u0151m\u00e9rs\u00e9kleten nyomtasson. <\/span><\/li>\n<li style=\"font-weight: 400;\" aria-level=\"1\"><span style=\"font-weight: 400;\">A nyomtat\u00e1si t\u00e1bl\u00e1zat aj\u00e1nlott h\u0151m\u00e9rs\u00e9klete 50-60 \u00b0C.<\/span><\/li>\n<li style=\"font-weight: 400;\" aria-level=\"1\"><span style=\"font-weight: 400;\">Haszn\u00e1ljon \u00fcveg\u00e1gyat, PEI lapot, Kapton vagy k\u00e9k szalagot az \u00e9p\u00edt\u00e9si platformhoz 3Dlac spray-vel.<\/span><\/li>\n<\/ul>\n<p><i><span style=\"font-weight: 400;\">*A k\u00fcl\u00f6nb\u00f6z\u0151 nyomtat\u00f3k haszn\u00e1lata eset\u00e9n az ide\u00e1lis h\u0151m\u00e9rs\u00e9klet elt\u00e9r\u0151 lehet.<\/span><\/i><\/p>\n","protected":false},"excerpt":{"rendered":"<p>Hozz\u00e1j\u00e1ruljon a fenntarthat\u00f3 \u00e9letm\u00f3dhoz, \u00e9s szerezze be \u00fajrahasznos\u00edtott Unset PLA Strongman k\u00e9sz\u00fcl\u00e9k\u00fcnket.<\/p>\n","protected":false},"featured_media":114549,"comment_status":"closed","ping_status":"closed","template":"","meta":{"_acf_changed":false},"product_brand":[],"product_cat":[2379,1686,2285,1679,1688,1687,2388,2259],"product_tag":[1691,2212,2286],"brand":[],"class_list":{"0":"post-57105","1":"product","2":"type-product","3":"status-publish","4":"has-post-thumbnail","6":"product_cat-pla-strongman-hu","7":"product_cat-3d-filmek","8":"product_cat-eco-filamentek","9":"product_cat-elado","10":"product_cat-minden-film","11":"product_cat-pla-szalak","12":"product_cat-unset-pla-strongman-hu","13":"product_cat-unset-szalak","14":"product_tag-high-speed","15":"product_tag-oko-hu","16":"product_tag-veletlenszeru","17":"pa_colour-random","18":"pa_filament-diameter-1-75mm","19":"pa_filament-weight-1000g","21":"first","22":"instock","23":"sale","24":"taxable","25":"shipping-taxable","26":"purchasable","27":"product-type-variable","28":"has-default-attributes"},"acf":[],"_links":{"self":[{"href":"https:\/\/azurefilm.com\/hu\/wp-json\/wp\/v2\/product\/57105","targetHints":{"allow":["GET"]}}],"collection":[{"href":"https:\/\/azurefilm.com\/hu\/wp-json\/wp\/v2\/product"}],"about":[{"href":"https:\/\/azurefilm.com\/hu\/wp-json\/wp\/v2\/types\/product"}],"replies":[{"embeddable":true,"href":"https:\/\/azurefilm.com\/hu\/wp-json\/wp\/v2\/comments?post=57105"}],"wp:featuredmedia":[{"embeddable":true,"href":"https:\/\/azurefilm.com\/hu\/wp-json\/wp\/v2\/media\/114549"}],"wp:attachment":[{"href":"https:\/\/azurefilm.com\/hu\/wp-json\/wp\/v2\/media?parent=57105"}],"wp:term":[{"taxonomy":"product_brand","embeddable":true,"href":"https:\/\/azurefilm.com\/hu\/wp-json\/wp\/v2\/product_brand?post=57105"},{"taxonomy":"product_cat","embeddable":true,"href":"https:\/\/azurefilm.com\/hu\/wp-json\/wp\/v2\/product_cat?post=57105"},{"taxonomy":"product_tag","embeddable":true,"href":"https:\/\/azurefilm.com\/hu\/wp-json\/wp\/v2\/product_tag?post=57105"},{"taxonomy":"brand","embeddable":true,"href":"https:\/\/azurefilm.com\/hu\/wp-json\/wp\/v2\/brand?post=57105"}],"curies":[{"name":"wp","href":"https:\/\/api.w.org\/{rel}","templated":true}]}}