
{"id":57124,"date":"2023-10-29T14:20:10","date_gmt":"2023-10-29T14:20:10","guid":{"rendered":"https:\/\/azurefilm.com\/product\/nem-beallitott-pla-eredeti\/"},"modified":"2025-08-22T11:18:11","modified_gmt":"2025-08-22T11:18:11","slug":"nem-beallitott-pla-eredeti","status":"publish","type":"product","link":"https:\/\/azurefilm.com\/hu\/termek\/nem-beallitott-pla-eredeti\/","title":{"rendered":"Nem be\u00e1ll\u00edtott PLA Eredeti"},"content":{"rendered":"<h2><b>PLA Eredeti<\/b><\/h2>\n<p><span style=\"font-weight: 400;\">Bemutatjuk a PLA Original, a mi<\/span> <span style=\"font-weight: 400;\">filament term\u00e9kcsal\u00e1dunk, amely <\/span><b>megb\u00edzhat\u00f3 teljes\u00edtm\u00e9nyt<\/b><span style=\"font-weight: 400;\"> \u00e9s <\/span><b>sz\u00e9les sz\u00ednv\u00e1laszt\u00e9kot<\/b><span style=\"font-weight: 400;\"> lehet\u0151s\u00e9gek. Ez a kiad\u00e1s minden hagyom\u00e1nyos PLA tulajdons\u00e1ggal rendelkezik, \u00edgy a k\u00f6vetkez\u0151kkel rendelkezik <\/span><b>k\u00f6vetkezetes \u00e9s megb\u00edzhat\u00f3 eredm\u00e9nyek<\/b><span style=\"font-weight: 400;\">. PLA Original is <\/span><b>k\u00f6nnyen nyomtathat\u00f3<\/b><span style=\"font-weight: 400;\"> \u00e9s nagyszer\u0171 kezd\u0151knek. Ak\u00e1r dekor\u00e1ci\u00f3kon, protot\u00edpusokon vagy m\u00e1s modelleken dolgozik, a PLA Original a legjobb v\u00e1laszt\u00e1s a sikeres \u00e9s kiel\u00e9g\u00edt\u0151 nyomtat\u00e1si \u00e9lm\u00e9nyhez. <\/span><\/p>\n<h2><b>Nem be\u00e1ll\u00edtott PLA Eredeti<\/b><\/h2>\n<p><span style=\"font-weight: 400;\">Az Unset sz\u00e1lak az \u00d6n <\/span><b>\u00f6ko-v\u00e1laszt\u00e1s<\/b><span style=\"font-weight: 400;\"> a k\u00f6vetkez\u0151 projektekhez. Ezek a sz\u00e1lak a gy\u00e1rt\u00e1si folyamataink sor\u00e1n keletkez\u0151 felesleges anyagokb\u00f3l k\u00e9sz\u00fclnek. Ez azt jelenti, hogy az Unset sz\u00e1lak a k\u00f6vetkez\u0151kb\u0151l k\u00e9sz\u00fclnek <\/span> <b> 100%-ban \u00fajrahasznos\u00edtott anyagok<\/b><span style=\"font-weight: 400;\"> \u00e9s <\/span><b>seg\u00edt cs\u00f6kkenteni a hullad\u00e9k mennyis\u00e9g\u00e9t<\/b><span style=\"font-weight: 400;\">. The colour of these filaments changes with every order because of the different combinations of recycled material colours. <\/span><\/p>\n<p><span style=\"font-weight: 400;\">Hozz\u00e1f\u00e9rhet a <\/span><b>M\u0171szaki adatlap<\/b><span style=\"font-weight: 400;\"><a href=\"https:\/\/azurefilm.com\/hu\/technical-data-sheets\/\"> itt<\/a>.<\/span><\/p>\n<h3><strong>Nyomtat\u00e1si aj\u00e1nl\u00e1sok:<\/strong><\/h3>\n<ul>\n<li style=\"font-weight: 400;\" aria-level=\"1\"><span style=\"font-weight: 400;\">A legjobb eredm\u00e9ny \u00e9rdek\u00e9ben 200-230\u00b0C h\u0151m\u00e9rs\u00e9kleten nyomtasson.* <\/span><\/li>\n<li style=\"font-weight: 400;\" aria-level=\"1\"><span style=\"font-weight: 400;\">Nincs sz\u00fcks\u00e9g f\u0171t\u00f6tt \u00e1gyra, azonban javasoljuk, hogy a nyomtat\u00f3asztalt 50-60\u00b0C-ra meleg\u00edtse el\u0151.<\/span><\/li>\n<li style=\"font-weight: 400;\" aria-level=\"1\"><span style=\"font-weight: 400;\">Haszn\u00e1ljon \u00fcveg\u00e1gyat, PEI lapot, Kapton vagy k\u00e9k szalagot az \u00e9p\u00edt\u00e9si platformhoz 3Dlac spray-vel.<\/span><\/li>\n<\/ul>\n<p><i><span style=\"font-weight: 400;\">*A k\u00fcl\u00f6nb\u00f6z\u0151 nyomtat\u00f3k haszn\u00e1lata eset\u00e9n az ide\u00e1lis h\u0151m\u00e9rs\u00e9klet elt\u00e9r\u0151 lehet.<\/span><\/i><\/p>\n","protected":false},"excerpt":{"rendered":"<p>Hozzon l\u00e9tre k\u00f6rnyezetbar\u00e1t formaterveket az \u00fajrahasznos\u00edtott <span style=\"font-weight: 400;\">Unset PLA Original<\/span> term\u00e9k\u00fcnkkel.<\/p>\n","protected":false},"featured_media":114465,"comment_status":"closed","ping_status":"closed","template":"","meta":{"_acf_changed":false},"product_brand":[],"product_cat":[2210,1686,2285,1679,1688,2316,1687,2259],"product_tag":[2212,2286],"brand":[],"class_list":{"0":"post-57124","1":"product","2":"type-product","3":"status-publish","4":"has-post-thumbnail","6":"product_cat-pla-eredeti","7":"product_cat-3d-filmek","8":"product_cat-eco-filamentek","9":"product_cat-elado","10":"product_cat-minden-film","11":"product_cat-nem-beallitott-pla-eredeti","12":"product_cat-pla-szalak","13":"product_cat-unset-szalak","14":"product_tag-oko-hu","15":"product_tag-veletlenszeru","16":"pa_colour-random","17":"pa_filament-diameter-1-75mm","18":"pa_filament-weight-1000g","19":"pa_filament-weight-2100g","21":"first","22":"outofstock","23":"sale","24":"taxable","25":"shipping-taxable","26":"purchasable","27":"product-type-variable","28":"has-default-attributes"},"acf":[],"_links":{"self":[{"href":"https:\/\/azurefilm.com\/hu\/wp-json\/wp\/v2\/product\/57124","targetHints":{"allow":["GET"]}}],"collection":[{"href":"https:\/\/azurefilm.com\/hu\/wp-json\/wp\/v2\/product"}],"about":[{"href":"https:\/\/azurefilm.com\/hu\/wp-json\/wp\/v2\/types\/product"}],"replies":[{"embeddable":true,"href":"https:\/\/azurefilm.com\/hu\/wp-json\/wp\/v2\/comments?post=57124"}],"wp:featuredmedia":[{"embeddable":true,"href":"https:\/\/azurefilm.com\/hu\/wp-json\/wp\/v2\/media\/114465"}],"wp:attachment":[{"href":"https:\/\/azurefilm.com\/hu\/wp-json\/wp\/v2\/media?parent=57124"}],"wp:term":[{"taxonomy":"product_brand","embeddable":true,"href":"https:\/\/azurefilm.com\/hu\/wp-json\/wp\/v2\/product_brand?post=57124"},{"taxonomy":"product_cat","embeddable":true,"href":"https:\/\/azurefilm.com\/hu\/wp-json\/wp\/v2\/product_cat?post=57124"},{"taxonomy":"product_tag","embeddable":true,"href":"https:\/\/azurefilm.com\/hu\/wp-json\/wp\/v2\/product_tag?post=57124"},{"taxonomy":"brand","embeddable":true,"href":"https:\/\/azurefilm.com\/hu\/wp-json\/wp\/v2\/brand?post=57124"}],"curies":[{"name":"wp","href":"https:\/\/api.w.org\/{rel}","templated":true}]}}