
{"id":57211,"date":"2024-04-17T10:05:38","date_gmt":"2024-04-17T10:05:38","guid":{"rendered":"https:\/\/azurefilm.com\/product\/pla-prime-szal-sotetszurke\/"},"modified":"2025-08-22T11:18:50","modified_gmt":"2025-08-22T11:18:50","slug":"pla-prime-szal-sotetszurke","status":"publish","type":"product","link":"https:\/\/azurefilm.com\/hu\/termek\/pla-prime-szal-sotetszurke\/","title":{"rendered":"PLA Prime sz\u00e1l S\u00f6t\u00e9tsz\u00fcrke"},"content":{"rendered":"<h2><strong>PLA Prime<\/strong><\/h2>\n<p><img loading=\"lazy\" decoding=\"async\" class=\"alignright wp-image-31840 \" src=\"https:\/\/azurefilm.com\/wp-content\/uploads\/2024\/04\/PLA-Prime-spider-chart_EN-1024x597.png\" alt=\"\" width=\"700\" height=\"408\" title=\"\" srcset=\"https:\/\/azurefilm.com\/wp-content\/uploads\/2024\/04\/PLA-Prime-spider-chart_EN-1024x597.png 1024w, https:\/\/azurefilm.com\/wp-content\/uploads\/2024\/04\/PLA-Prime-spider-chart_EN-510x297.png 510w, https:\/\/azurefilm.com\/wp-content\/uploads\/2024\/04\/PLA-Prime-spider-chart_EN-300x175.png 300w, https:\/\/azurefilm.com\/wp-content\/uploads\/2024\/04\/PLA-Prime-spider-chart_EN-768x448.png 768w, https:\/\/azurefilm.com\/wp-content\/uploads\/2024\/04\/PLA-Prime-spider-chart_EN-1536x896.png 1536w, https:\/\/azurefilm.com\/wp-content\/uploads\/2024\/04\/PLA-Prime-spider-chart_EN.png 1674w\" sizes=\"auto, (max-width: 700px) 100vw, 700px\" \/><\/p>\n<p><span style=\"font-weight: 400;\">A PLA Prime a kiv\u00e1l\u00f3 min\u0151s\u00e9g\u0171, m\u00e9rn\u00f6ki min\u0151s\u00e9g\u0171 PLA (poli-tejsav).<br \/>\nTov\u00e1bbfejlesztett \u00f6sszet\u00e9tel\u00fcnknek k\u00f6sz\u00f6nhet\u0151en a PLA Prime nagy h\u0151\u00e1ll\u00f3s\u00e1ggal, nagy \u00fct\u00e9s\u00e1ll\u00f3s\u00e1ggal \u00e9s elhanyagolhat\u00f3 zsugorod\u00e1ssal rendelkezik a h\u0151kezel\u00e9s ut\u00e1n.<br \/>\nAz egyszer\u0171 haszn\u00e1lat, a nagy sebess\u00e9g\u0171 nyomtat\u00e1s k\u00e9pess\u00e9g\u00e9vel \u00e9s a nagyszer\u0171 r\u00e9tegk\u00f6zi tapad\u00e1ssal kombin\u00e1lva a PLA Prime megb\u00edzhat\u00f3 anyagg\u00e1 teszi, amely a legbonyolultabb nyomtat\u00e1sokat is k\u00e9pes kezelni. <\/span><\/p>\n<p><span style=\"font-weight: 400;\">Ha t\u00f6bbet szeretne megtudni a PLA Prime sz\u00e1lakr\u00f3l, olvassa el a k\u00f6vetkez\u0151 cikk\u00fcnket <\/span><a href=\"https:\/\/azurefilm.com\/hu\/2024\/04\/23\/bemutatjuk-a-prime-szalakat-a-valodi-ero-felszabaditasa\/\" target=\"_blank\" rel=\"noopener\"><b>blogot.<\/b><\/a><span style=\"font-weight: 400;\">.<\/span><\/p>\n<h3><strong>Nyomtat\u00e1si aj\u00e1nl\u00e1sok:<\/strong><\/h3>\n<ul>\n<li style=\"font-weight: 400;\" aria-level=\"1\"><span style=\"font-weight: 400;\">A legjobb eredm\u00e9ny \u00e9rdek\u00e9ben 230-265\u00b0C* h\u0151m\u00e9rs\u00e9kleten nyomtasson. <\/span><\/li>\n<li style=\"font-weight: 400;\" aria-level=\"1\"><span style=\"font-weight: 400;\">A nyomtat\u00f3\u00e1gy aj\u00e1nlott h\u0151m\u00e9rs\u00e9klete 0-60\u00b0C.<br \/>\nEz az anyag burkolat n\u00e9lk\u00fcl is nyomtathat\u00f3. <\/span><\/li>\n<li style=\"font-weight: 400;\" aria-level=\"1\"><span style=\"font-weight: 400;\">Nagyon aj\u00e1nljuk a vastag \u00e9s textur\u00e1lt PEI lapok\/\u00fcveg haszn\u00e1lat\u00e1t, mivel a PLA Prime merevs\u00e9ge \u00e9s szil\u00e1rds\u00e1ga megk\u00f6veteli egy kiv\u00e1l\u00f3 min\u0151s\u00e9g\u0171 nyomtat\u00f3\u00e1gy s\u00faly\u00e1t \u00e9s\/vagy m\u00e1gneses vonz\u00e1s\u00e1t.<\/span><\/li>\n<\/ul>\n<p><i><span style=\"font-weight: 400;\">*A k\u00fcl\u00f6nb\u00f6z\u0151 nyomtat\u00f3k haszn\u00e1lata eset\u00e9n az ide\u00e1lis h\u0151m\u00e9rs\u00e9klet elt\u00e9r\u0151 lehet.<\/span><\/i><\/p>\n<div class=\"is-divider divider clearfix\" style=\"max-width:100%;height:1px;background-color:rgb(17, 107, 168);\"><\/div>\n<h2><strong>Alkalmaz\u00e1sok<\/strong><\/h2>\n<p><span style=\"font-weight: 400;\">A PLA Prime kiv\u00e1l\u00f3 anyag a bonyolult mint\u00e1k bemutat\u00e1s\u00e1ra, mik\u00f6zben tart\u00f3ss\u00e1got \u00e9s szil\u00e1rds\u00e1got is mutat.<\/span><\/p>\n<h3><strong>K\u00f6nnyen nyomtat, mint a PLA, \u00fagy teljes\u00edt, mint az ABS<\/strong><\/h3>\n<p><span style=\"font-weight: 400;\">A PLA Prime anyaggal ugyanolyan egyszer\u0171 nyomtatni, mint a hagyom\u00e1nyos PLA-val, \u00e9s kiv\u00e1l\u00f3 mechanikai tulajdons\u00e1gai az ABS-hez hasonl\u00f3ak.<br \/>\nEz teszi a PLA Prime-ot nagyszer\u0171 anyagg\u00e1 olyan funkcion\u00e1lis t\u00e1rgyak\/protot\u00edpusok k\u00e9sz\u00edt\u00e9s\u00e9hez, amelyeknek val\u00f3s k\u00f6r\u00fclm\u00e9nyek k\u00f6z\u00f6tt kell ellen\u00e1llniuk, a hagyom\u00e1nyos ABS anyagokkal val\u00f3 nyomtat\u00e1ssal j\u00e1r\u00f3 gondok n\u00e9lk\u00fcl. <\/span><\/p>\n<div style=\"padding: 56.6% 0 0 0; position: relative;\"><iframe style=\"position: absolute; top: 0; left: 0; width: 100%; height: 100%;\" title=\"K\u00f6nnyen nyomtat, mint a PLA, \u00fagy teljes\u00edt, mint az ABS\" src=\"https:\/\/player.vimeo.com\/video\/931049970?badge=0&amp;autopause=0&amp;player_id=0&amp;app_id=58479\" frameborder=\"0\"><span data-mce-type=\"bookmark\" style=\"display: inline-block; width: 0px; overflow: hidden; line-height: 0;\" class=\"mce_SELRES_start\"><\/span><span data-mce-type=\"bookmark\" style=\"display: inline-block; width: 0px; overflow: hidden; line-height: 0;\" class=\"mce_SELRES_start\"><\/span><span data-mce-type=\"bookmark\" style=\"display: inline-block; width: 0px; overflow: hidden; line-height: 0;\" class=\"mce_SELRES_start\"><\/span><span data-mce-type=\"bookmark\" style=\"display: inline-block; width: 0px; overflow: hidden; line-height: 0;\" class=\"mce_SELRES_start\"><\/span><\/iframe><\/div>\n<p><script src=\"https:\/\/player.vimeo.com\/api\/player.js\"><\/script><\/p>\n<h3><strong>Magas h\u0151\u00e1ll\u00f3s\u00e1g<\/strong><\/h3>\n<p><span style=\"font-weight: 400;\">A PLA Prime rendk\u00edv\u00fcli h\u0151\u00e1ll\u00f3s\u00e1ga miatt,<\/span><span style=\"font-weight: 400;\"> sokkal sz\u00e9lesebb k\u00f6r\u0171 felhaszn\u00e1l\u00e1st tesz lehet\u0151v\u00e9, mint a hagyom\u00e1nyos PLA.<br \/>\nAhol a hagyom\u00e1nyos PLA nem j\u00f6het sz\u00f3ba, ott a PLA Prime t\u00f6k\u00e9letesen alkalmas p\u00e9ld\u00e1ul elektronikai burkolatokhoz, amelyekn\u00e9l mind a nagy h\u0151-, mind a nagy \u00fct\u00e9s\u00e1ll\u00f3s\u00e1gra sz\u00fcks\u00e9g van a benne l\u00e9v\u0151 elektronika v\u00e9delme \u00e9rdek\u00e9ben. <\/span><\/p>\n<p><img loading=\"lazy\" decoding=\"async\" class=\"aligncenter wp-image-31952 size-full\" src=\"https:\/\/azurefilm.com\/wp-content\/uploads\/2024\/04\/PLA-PRIME-Heat-Resistance-scaled.jpg\" alt=\"\" width=\"2560\" height=\"961\" title=\"\" srcset=\"https:\/\/azurefilm.com\/wp-content\/uploads\/2024\/04\/PLA-PRIME-Heat-Resistance-scaled.jpg 2560w, https:\/\/azurefilm.com\/wp-content\/uploads\/2024\/04\/PLA-PRIME-Heat-Resistance-scaled-510x191.jpg 510w, https:\/\/azurefilm.com\/wp-content\/uploads\/2024\/04\/PLA-PRIME-Heat-Resistance-300x113.jpg 300w, https:\/\/azurefilm.com\/wp-content\/uploads\/2024\/04\/PLA-PRIME-Heat-Resistance-1024x384.jpg 1024w, https:\/\/azurefilm.com\/wp-content\/uploads\/2024\/04\/PLA-PRIME-Heat-Resistance-768x288.jpg 768w, https:\/\/azurefilm.com\/wp-content\/uploads\/2024\/04\/PLA-PRIME-Heat-Resistance-1536x576.jpg 1536w, https:\/\/azurefilm.com\/wp-content\/uploads\/2024\/04\/PLA-PRIME-Heat-Resistance-2048x768.jpg 2048w\" sizes=\"auto, (max-width: 2560px) 100vw, 2560px\" \/><\/p>\n<h3><strong>Nagy \u00fct\u00e9s\u00e1ll\u00f3s\u00e1g<\/strong><\/h3>\n<p><span style=\"font-weight: 400;\">Az &#8220;\u00fct\u00e9s\u00e1ll\u00f3s\u00e1g&#8221; kifejez\u00e9s az anyag azon k\u00e9pess\u00e9g\u00e9re utal, hogy ellen\u00e1lljon a hirtelen \u00e9s intenz\u00edv \u00fct\u00e9s hat\u00e1s\u00e1ra bek\u00f6vetkez\u0151 deform\u00e1ci\u00f3nak, reped\u00e9snek \u00e9s t\u00f6r\u00e9snek.<br \/>\nA PLA Prime nagy \u00fct\u00e9s\u00e1ll\u00f3s\u00e1ggal rendelkezik <\/span><span style=\"font-weight: 400;\">,<\/span><span style=\"font-weight: 400;\"> ami azt jelenti, hogy nagy mennyis\u00e9g\u0171 \u00fct\u00e9snek is ellen\u00e1ll an\u00e9lk\u00fcl, hogy befoly\u00e1soln\u00e1 a nyomtat\u00e1s integrit\u00e1s\u00e1t.<\/span><\/p>\n<div style=\"padding: 56.25% 0 0 0; position: relative;\"><iframe style=\"position: absolute; top: 0; left: 0; width: 100%; height: 100%;\" title=\"Nagy \u00fct\u00e9s\u00e1ll\u00f3s\u00e1g\" src=\"https:\/\/player.vimeo.com\/video\/931048288?badge=0&amp;autopause=0&amp;player_id=0&amp;app_id=58479\" frameborder=\"0\"><\/iframe><\/div>\n<p><script src=\"https:\/\/player.vimeo.com\/api\/player.js\"><\/script><\/p>\n<h3><strong>Rendk\u00edv\u00fcl alacsony zsugorod\u00e1s (l\u00e1gy\u00edt\u00e1s ut\u00e1n)<\/strong><\/h3>\n<p><span style=\"font-weight: 400;\">A nyomtatott t\u00e1rgyak szil\u00e1rds\u00e1g\u00e1nak \u00e9s h\u0151\u00e1ll\u00f3s\u00e1g\u00e1nak fokoz\u00e1s\u00e1ra szolg\u00e1l\u00f3 gyakori technika az \u00fan. <\/span><a href=\"https:\/\/azurefilm.com\/hu\/2024\/03\/28\/mi-az-izzitas-javitsa-a-3d-nyomatokat\/\" target=\"_blank\" rel=\"noopener\"><strong>l\u00e1gy\u00edt\u00e1s<\/strong><\/a><span style=\"font-weight: 400;\">.<br \/>\nTo anneal a 3D printed object is to heat the object to just above its crystallization level and allow it to cool down after, causing the print to become significantly stronger on a molecular level. <\/span><\/p>\n<p><span style=\"font-weight: 400;\"> A szab\u00e1lyos PLA izz\u00edt\u00e1sa gyakran a t\u00e1rgy deform\u00e1ci\u00f3j\u00e1hoz vagy ak\u00e1r megolvad\u00e1s\u00e1hoz vezet.<br \/>\nTov\u00e1bbfejlesztett formul\u00e1nknak k\u00f6sz\u00f6nhet\u0151en a PLA Prime minim\u00e1lis zsugorod\u00e1ssal \u00e9s deform\u00e1ci\u00f3val j\u00e1r a l\u00e1gy\u00edt\u00e1s ut\u00e1n, \u00edgy a lehet\u0151 legpontosabb, m\u00e9gis er\u0151s nyomatokat k\u00e9sz\u00edtheted. <\/span><\/p>\n<p><span style=\"font-weight: 400;\">Ha t\u00f6bbet szeretne megtudni a h\u0151kezel\u00e9sr\u0151l, olvassa el a <\/span><a href=\"https:\/\/azurefilm.com\/hu\/2024\/03\/28\/mi-az-izzitas-javitsa-a-3d-nyomatokat\/\" target=\"_blank\" rel=\"noopener\"><b>blogot.<\/b><\/a><span style=\"font-weight: 400;\">. <\/span><\/p>\n<div style=\"padding: 56.25% 0 0 0; position: relative;\"><iframe style=\"position: absolute; top: 0; left: 0; width: 100%; height: 100%;\" title=\"Rendk\u00edv\u00fcl alacsony zsugorod\u00e1s l\u00e1gy\u00edt\u00e1s ut\u00e1n\" src=\"https:\/\/player.vimeo.com\/video\/931044997?badge=0&amp;autopause=0&amp;player_id=0&amp;app_id=58479\" frameborder=\"0\"><\/iframe><\/div>\n<p><script src=\"https:\/\/player.vimeo.com\/api\/player.js\"><\/script><\/p>\n<h3><strong>Nagy pontoss\u00e1g\u00fa nyomtat\u00e1s finom r\u00e9szletess\u00e9ggel<\/strong><\/h3>\n<p><span style=\"font-weight: 400;\">A PLA Prime k\u00edn\u00e1lja a legeszt\u00e9tikusabb nyomatokat, mik\u00f6zben a legapr\u00f3bb r\u00e9szleteket is kiemeli a tervedb\u0151l.<br \/>\nA nagy pontoss\u00e1g\u00fa nyomtat\u00e1s \u00e9s a f\u00e9lig matt megjelen\u00e9s kombin\u00e1ci\u00f3ja, amely seg\u00edt elfedni a r\u00e9tegvonalakat, a PLA Prime-ot \u00e9p\u00edt\u00e9szeti vagy m\u0171v\u00e9szi nyomatokhoz is t\u00f6k\u00e9letes anyagg\u00e1 teszi. <\/span><\/p>\n<p><img loading=\"lazy\" decoding=\"async\" class=\"wp-image-31875 size-full aligncenter\" src=\"https:\/\/azurefilm.com\/wp-content\/uploads\/2024\/04\/PLA-PRIME-High-Precision-1-scaled.jpg\" alt=\"\" width=\"2560\" height=\"960\" title=\"\" srcset=\"https:\/\/azurefilm.com\/wp-content\/uploads\/2024\/04\/PLA-PRIME-High-Precision-1-scaled.jpg 2560w, https:\/\/azurefilm.com\/wp-content\/uploads\/2024\/04\/PLA-PRIME-High-Precision-1-scaled-510x191.jpg 510w, https:\/\/azurefilm.com\/wp-content\/uploads\/2024\/04\/PLA-PRIME-High-Precision-1-300x112.jpg 300w, https:\/\/azurefilm.com\/wp-content\/uploads\/2024\/04\/PLA-PRIME-High-Precision-1-1024x384.jpg 1024w, https:\/\/azurefilm.com\/wp-content\/uploads\/2024\/04\/PLA-PRIME-High-Precision-1-768x288.jpg 768w, https:\/\/azurefilm.com\/wp-content\/uploads\/2024\/04\/PLA-PRIME-High-Precision-1-1536x576.jpg 1536w, https:\/\/azurefilm.com\/wp-content\/uploads\/2024\/04\/PLA-PRIME-High-Precision-1-2048x768.jpg 2048w\" sizes=\"auto, (max-width: 2560px) 100vw, 2560px\" \/><\/p>\n<h3><strong>T\u00f6k\u00e9letes nagy sebess\u00e9g\u0171 nyomtat\u00e1shoz<\/strong><\/h3>\n<p><span style=\"font-weight: 400;\">A PLA Prime t\u00f6k\u00e9letes a nagy sebess\u00e9g\u0171 nyomtat\u00e1shoz (\u2264300 mm\/s), mik\u00f6zben mechanikai tulajdons\u00e1gai kompromisszumok n\u00e9lk\u00fcl maradnak.<br \/>\nEz lehet\u0151v\u00e9 teszi a nagy sebess\u00e9g\u0171 nyomtat\u00e1st an\u00e9lk\u00fcl, hogy agg\u00f3dnia kellene annak a v\u00e9geredm\u00e9nyre gyakorolt esetleges hat\u00e1sai miatt. <\/span><\/p>\n<p><img loading=\"lazy\" decoding=\"async\" class=\"aligncenter wp-image-31871 size-full\" src=\"https:\/\/azurefilm.com\/wp-content\/uploads\/2024\/04\/PLA-High-Speed-scaled.jpg\" alt=\"\" width=\"2560\" height=\"961\" title=\"\" srcset=\"https:\/\/azurefilm.com\/wp-content\/uploads\/2024\/04\/PLA-High-Speed-scaled.jpg 2560w, https:\/\/azurefilm.com\/wp-content\/uploads\/2024\/04\/PLA-High-Speed-scaled-510x191.jpg 510w, https:\/\/azurefilm.com\/wp-content\/uploads\/2024\/04\/PLA-High-Speed-300x113.jpg 300w, https:\/\/azurefilm.com\/wp-content\/uploads\/2024\/04\/PLA-High-Speed-1024x384.jpg 1024w, https:\/\/azurefilm.com\/wp-content\/uploads\/2024\/04\/PLA-High-Speed-768x288.jpg 768w, https:\/\/azurefilm.com\/wp-content\/uploads\/2024\/04\/PLA-High-Speed-1536x576.jpg 1536w, https:\/\/azurefilm.com\/wp-content\/uploads\/2024\/04\/PLA-High-Speed-2048x768.jpg 2048w\" sizes=\"auto, (max-width: 2560px) 100vw, 2560px\" \/><\/p>\n<h3><strong>Kiv\u00e1l\u00f3 r\u00e9tegk\u00f6zi tapad\u00e1s<\/strong><\/h3>\n<p><span style=\"font-weight: 400;\">A PLA Prime kiv\u00e1l\u00f3 r\u00e9tegk\u00f6zi tapad\u00e1ssal rendelkezik, ami kulcsfontoss\u00e1g\u00fa a nyomtatott alkatr\u00e9szek szerkezeti integrit\u00e1s\u00e1nak \u00e9s szil\u00e1rds\u00e1g\u00e1nak biztos\u00edt\u00e1s\u00e1hoz.<br \/>\nA j\u00f3 r\u00e9tegk\u00f6zi tapad\u00e1s minimaliz\u00e1lja a nyom\u00e1s alatti reped\u00e9s kock\u00e1zat\u00e1t, \u00e9s sim\u00e1bb nyomtat\u00e1si folyamatot eredm\u00e9nyez. <\/span><\/p>\n<p><img loading=\"lazy\" decoding=\"async\" class=\"aligncenter wp-image-31879 size-full\" src=\"https:\/\/azurefilm.com\/wp-content\/uploads\/2024\/04\/PLA-PRIME-interlayer-Adhesion-1-scaled.jpg\" alt=\"\" width=\"2560\" height=\"961\" title=\"\" srcset=\"https:\/\/azurefilm.com\/wp-content\/uploads\/2024\/04\/PLA-PRIME-interlayer-Adhesion-1-scaled.jpg 2560w, https:\/\/azurefilm.com\/wp-content\/uploads\/2024\/04\/PLA-PRIME-interlayer-Adhesion-1-scaled-510x191.jpg 510w, https:\/\/azurefilm.com\/wp-content\/uploads\/2024\/04\/PLA-PRIME-interlayer-Adhesion-1-300x113.jpg 300w, https:\/\/azurefilm.com\/wp-content\/uploads\/2024\/04\/PLA-PRIME-interlayer-Adhesion-1-1024x384.jpg 1024w, https:\/\/azurefilm.com\/wp-content\/uploads\/2024\/04\/PLA-PRIME-interlayer-Adhesion-1-768x288.jpg 768w, https:\/\/azurefilm.com\/wp-content\/uploads\/2024\/04\/PLA-PRIME-interlayer-Adhesion-1-1536x576.jpg 1536w, https:\/\/azurefilm.com\/wp-content\/uploads\/2024\/04\/PLA-PRIME-interlayer-Adhesion-1-2048x768.jpg 2048w\" sizes=\"auto, (max-width: 2560px) 100vw, 2560px\" \/><\/p>\n<h4><strong>Term\u00e9k t\u00e1rol\u00e1sa<\/strong><\/h4>\n<p><span style=\"font-weight: 400;\">Javasoljuk, hogy az izz\u00f3sz\u00e1lat h\u0171v\u00f6s, sz\u00e1raz, z\u00e1rt t\u00e9rben, szilika nedvsz\u00edv\u00f3 csomaggal, UV-f\u00e9nyt\u0151l v\u00e9dve t\u00e1rolja.<\/span><\/p>\n<div class=\"is-divider divider clearfix\" style=\"max-width:100%;height:1px;background-color:rgb(17, 107, 168);\"><\/div>\n<h2><strong>Jellemz\u0151k \u00e9s tulajdons\u00e1gok<\/strong><\/h2>\n<table>\n<tbody>\n<tr>\n<th><\/th>\n<th><span style=\"font-weight: 400;\">Standard<\/span><\/th>\n<th><span style=\"font-weight: 400;\">XY \u00e9rt\u00e9k<\/span><\/th>\n<th><span style=\"font-weight: 400;\">XZ \u00e9rt\u00e9k<\/span><\/th>\n<th><span style=\"font-weight: 400;\">ZX \u00e9rt\u00e9k<\/span><\/th>\n<th><span style=\"font-weight: 400;\">Egys\u00e9g<\/span><\/th>\n<\/tr>\n<tr>\n<td><span style=\"font-weight: 400;\"> Szak\u00edt\u00f3szil\u00e1rds\u00e1g<\/span><\/td>\n<td><span style=\"font-weight: 400;\">ISO 527-2<\/span><\/td>\n<td><span style=\"font-weight: 400;\">27.8<\/span><\/td>\n<td><span style=\"font-weight: 400;\">31.4<\/span><\/td>\n<td><span style=\"font-weight: 400;\">14.2<\/span><\/td>\n<td><span style=\"font-weight: 400;\">MPa<\/span><\/td>\n<\/tr>\n<tr>\n<td><span style=\"font-weight: 400;\"> Termel\u00e9si szil\u00e1rds\u00e1g<\/span><\/td>\n<td><span style=\"font-weight: 400;\">ISO 527-2<\/span><\/td>\n<td><span style=\"font-weight: 400;\">26.1<\/span><\/td>\n<td><span style=\"font-weight: 400;\">29.7<\/span><\/td>\n<td><span style=\"font-weight: 400;\">14.5<\/span><\/td>\n<td><span style=\"font-weight: 400;\">MPa<\/span><\/td>\n<\/tr>\n<tr>\n<td><span style=\"font-weight: 400;\"> Szak\u00edt\u00f3 modulus<\/span><\/td>\n<td><span style=\"font-weight: 400;\">ISO 527-2<\/span><\/td>\n<td><span style=\"font-weight: 400;\">2400<\/span><\/td>\n<td><span style=\"font-weight: 400;\">2600<\/span><\/td>\n<td><span style=\"font-weight: 400;\">1900<\/span><\/td>\n<td><span style=\"font-weight: 400;\">MPa<\/span><\/td>\n<\/tr>\n<tr>\n<td><span style=\"font-weight: 400;\"> Ny\u00fal\u00e1s a foly\u00e1sponton<\/span><\/td>\n<td><span style=\"font-weight: 400;\">ISO 527-2<\/span><\/td>\n<td><span style=\"font-weight: 400;\">4.3<\/span><\/td>\n<td><span style=\"font-weight: 400;\">6.5<\/span><\/td>\n<td><span style=\"font-weight: 400;\">0.9<\/span><\/td>\n<td><span style=\"font-weight: 400;\">%<\/span><\/td>\n<\/tr>\n<tr>\n<td><span style=\"font-weight: 400;\"> Hajl\u00edt\u00f3szil\u00e1rds\u00e1g<\/span><\/td>\n<td><span style=\"font-weight: 400;\">ISO 178<\/span><\/td>\n<td><span style=\"font-weight: 400;\">52.3<\/span><\/td>\n<td><span style=\"font-weight: 400;\">56.4<\/span><\/td>\n<td><span style=\"font-weight: 400;\">3.0<\/span><\/td>\n<td><span style=\"font-weight: 400;\">MPa<\/span><\/td>\n<\/tr>\n<tr>\n<td><span style=\"font-weight: 400;\"> Hajl\u00edt\u00e1si m\u00f3d<\/span><\/td>\n<td><span style=\"font-weight: 400;\">ISO 178 <\/span><\/td>\n<td><span style=\"font-weight: 400;\">2600<\/span><\/td>\n<td><span style=\"font-weight: 400;\">3000<\/span><\/td>\n<td><span style=\"font-weight: 400;\">1800<\/span><\/td>\n<td><span style=\"font-weight: 400;\">MPa<\/span><\/td>\n<\/tr>\n<tr>\n<td><span style=\"font-weight: 400;\"> \u00dct\u00e9s\u00e1ll\u00f3s\u00e1g<\/span><\/td>\n<td><span style=\"font-weight: 400;\">ISO 179<\/span><\/td>\n<td><span style=\"font-weight: 400;\">21.5<\/span><\/td>\n<td><span style=\"font-weight: 400;\">\/<\/span><\/td>\n<td><span style=\"font-weight: 400;\">\/<\/span><\/td>\n<td><span style=\"font-weight: 400;\">kJ\/m\u00b2<\/span><\/td>\n<\/tr>\n<\/tbody>\n<\/table>\n<p><span style=\"font-weight: 400;\">Hozz\u00e1f\u00e9rhet a <\/span><b>M\u0171szaki adatlap<\/b><span style=\"font-weight: 400;\"> \u00e9s a <\/span><b>Biztons\u00e1gi adatlap<\/b><span style=\"font-weight: 400;\"><a href=\"https:\/\/azurefilm.com\/hu\/technical-data-sheets\/\" target=\"_blank\" rel=\"noopener\"><strong> itt<\/strong><\/a>.<\/span><\/p>\n","protected":false},"excerpt":{"rendered":"<p><span style=\"font-weight: 400;\">Pr\u00f3b\u00e1lja ki a PLA Prime filament Dark Grey-t, \u00e9s tapasztalja meg a magas h\u0151\u00e1ll\u00f3s\u00e1got, a nagy \u00fct\u00e9s\u00e1ll\u00f3s\u00e1got, valamint a minim\u00e1lis zsugorod\u00e1st az izz\u00edt\u00e1s ut\u00e1n. T\u00f6k\u00e9letes bonyolult nyomatokhoz. <\/span><\/p>\n","protected":false},"featured_media":57212,"comment_status":"closed","ping_status":"closed","template":"","meta":{"_acf_changed":false},"product_brand":[],"product_cat":[1690,1686,1688,1687,1689],"product_tag":[1691],"brand":[267],"class_list":{"0":"post-57211","1":"product","2":"type-product","3":"status-publish","4":"has-post-thumbnail","6":"product_cat-pla-prime-hu","7":"product_cat-3d-filmek","8":"product_cat-minden-film","9":"product_cat-pla-szalak","10":"product_cat-prima-gyujtemeny","11":"product_tag-high-speed","12":"pa_colour-gray","13":"pa_filament-diameter-1-75mm","14":"pa_filament-weight-1000g","15":"brand-azurefilm","17":"first","18":"outofstock","19":"taxable","20":"shipping-taxable","21":"purchasable","22":"product-type-variable"},"acf":[],"_links":{"self":[{"href":"https:\/\/azurefilm.com\/hu\/wp-json\/wp\/v2\/product\/57211","targetHints":{"allow":["GET"]}}],"collection":[{"href":"https:\/\/azurefilm.com\/hu\/wp-json\/wp\/v2\/product"}],"about":[{"href":"https:\/\/azurefilm.com\/hu\/wp-json\/wp\/v2\/types\/product"}],"replies":[{"embeddable":true,"href":"https:\/\/azurefilm.com\/hu\/wp-json\/wp\/v2\/comments?post=57211"}],"wp:featuredmedia":[{"embeddable":true,"href":"https:\/\/azurefilm.com\/hu\/wp-json\/wp\/v2\/media\/57212"}],"wp:attachment":[{"href":"https:\/\/azurefilm.com\/hu\/wp-json\/wp\/v2\/media?parent=57211"}],"wp:term":[{"taxonomy":"product_brand","embeddable":true,"href":"https:\/\/azurefilm.com\/hu\/wp-json\/wp\/v2\/product_brand?post=57211"},{"taxonomy":"product_cat","embeddable":true,"href":"https:\/\/azurefilm.com\/hu\/wp-json\/wp\/v2\/product_cat?post=57211"},{"taxonomy":"product_tag","embeddable":true,"href":"https:\/\/azurefilm.com\/hu\/wp-json\/wp\/v2\/product_tag?post=57211"},{"taxonomy":"brand","embeddable":true,"href":"https:\/\/azurefilm.com\/hu\/wp-json\/wp\/v2\/brand?post=57211"}],"curies":[{"name":"wp","href":"https:\/\/api.w.org\/{rel}","templated":true}]}}