
{"id":57240,"date":"2023-10-29T14:33:26","date_gmt":"2023-10-29T14:33:26","guid":{"rendered":"https:\/\/azurefilm.com\/product\/csiszolofajl\/"},"modified":"2023-10-29T14:33:26","modified_gmt":"2023-10-29T14:33:26","slug":"csiszolofajl","status":"publish","type":"product","link":"https:\/\/azurefilm.com\/hu\/termek\/csiszolofajl\/","title":{"rendered":"Csiszol\u00f3f\u00e1jl"},"content":{"rendered":"<h2><strong>F\u0151bb jellemz\u0151k:<\/strong><\/h2>\n<ul>\n<li>K\u00e9toldalas<\/li>\n<li>Egy alapvet\u0151 eszk\u00f6z a 3D nyomtat\u00e1s minden szerelmese sz\u00e1m\u00e1ra<\/li>\n<li>A k\u00e9toldalas csiszol\u00f3f\u00e1jl a 3D nyomtat\u00e1s csiszol\u00e1s\u00e1ra szolg\u00e1l a szebb, szab\u00e1lytalanabb k\u00e9szterm\u00e9k \u00e9rdek\u00e9ben.<\/li>\n<li>A 3D nyomtat\u00e1s feldolgoz\u00e1s\u00e1hoz sz\u00fcks\u00e9ges feladatok sz\u00e9les sk\u00e1l\u00e1j\u00e1hoz, a hordoz\u00f3anyag elt\u00e1vol\u00edt\u00e1s\u00e1t\u00f3l a nyomtat\u00e1si szab\u00e1lytalans\u00e1gok kijav\u00edt\u00e1s\u00e1ig.<\/li>\n<\/ul>\n","protected":false},"excerpt":{"rendered":"<p><strong>Csiszol\u00f3f\u00e1jl<\/strong> a 3D nyomtat\u00e1s feldolgoz\u00e1s\u00e1nak sokf\u00e9le feladat\u00e1hoz, a hordoz\u00f3anyag elt\u00e1vol\u00edt\u00e1s\u00e1t\u00f3l a nyomtat\u00e1si szab\u00e1lytalans\u00e1gok kijav\u00edt\u00e1s\u00e1ig.<\/p>\n","protected":false},"featured_media":57242,"comment_status":"closed","ping_status":"closed","template":"","meta":{"_acf_changed":false},"product_brand":[],"product_cat":[1679,2224,2221,2237,2395],"product_tag":[],"brand":[],"class_list":{"0":"post-57240","1":"product","2":"type-product","3":"status-publish","4":"has-post-thumbnail","6":"product_cat-elado","7":"product_cat-minden-potalkatresz","8":"product_cat-potalkatreszek","9":"product_cat-szerszerek","10":"product_cat-utofeldolgozas","12":"first","13":"instock","14":"sale","15":"taxable","16":"shipping-taxable","17":"purchasable","18":"product-type-simple"},"acf":[],"_links":{"self":[{"href":"https:\/\/azurefilm.com\/hu\/wp-json\/wp\/v2\/product\/57240","targetHints":{"allow":["GET"]}}],"collection":[{"href":"https:\/\/azurefilm.com\/hu\/wp-json\/wp\/v2\/product"}],"about":[{"href":"https:\/\/azurefilm.com\/hu\/wp-json\/wp\/v2\/types\/product"}],"replies":[{"embeddable":true,"href":"https:\/\/azurefilm.com\/hu\/wp-json\/wp\/v2\/comments?post=57240"}],"wp:featuredmedia":[{"embeddable":true,"href":"https:\/\/azurefilm.com\/hu\/wp-json\/wp\/v2\/media\/57242"}],"wp:attachment":[{"href":"https:\/\/azurefilm.com\/hu\/wp-json\/wp\/v2\/media?parent=57240"}],"wp:term":[{"taxonomy":"product_brand","embeddable":true,"href":"https:\/\/azurefilm.com\/hu\/wp-json\/wp\/v2\/product_brand?post=57240"},{"taxonomy":"product_cat","embeddable":true,"href":"https:\/\/azurefilm.com\/hu\/wp-json\/wp\/v2\/product_cat?post=57240"},{"taxonomy":"product_tag","embeddable":true,"href":"https:\/\/azurefilm.com\/hu\/wp-json\/wp\/v2\/product_tag?post=57240"},{"taxonomy":"brand","embeddable":true,"href":"https:\/\/azurefilm.com\/hu\/wp-json\/wp\/v2\/brand?post=57240"}],"curies":[{"name":"wp","href":"https:\/\/api.w.org\/{rel}","templated":true}]}}