
{"id":57285,"date":"2023-10-29T14:35:02","date_gmt":"2023-10-29T14:35:02","guid":{"rendered":"https:\/\/azurefilm.com\/product\/keverje-ossze-az-abs-plus-szalakat\/"},"modified":"2025-08-22T11:18:50","modified_gmt":"2025-08-22T11:18:50","slug":"keverje-ossze-az-abs-plus-szalakat","status":"publish","type":"product","link":"https:\/\/azurefilm.com\/hu\/termek\/keverje-ossze-az-abs-plus-szalakat\/","title":{"rendered":"Keverje \u00f6ssze az ABS PLUS sz\u00e1lakat"},"content":{"rendered":"<h2><b>ABS PLUS sz\u00e1lak<\/b><\/h2>\n<p><span style=\"font-weight: 400;\">Az ABS PLUS sz\u00e1lak olyan technikai sz\u00e1lak, amelyek t\u00f6k\u00e9letesek olyan alkalmaz\u00e1sokhoz, amelyek megk\u00f6vetelik <\/span><b>ultra-nagy \u00fct\u00e9s\u00e1ll\u00f3s\u00e1g<\/b><span style=\"font-weight: 400;\"> \u00e9s <\/span><b>j\u00f3 h\u0151\u00e1ll\u00f3s\u00e1got<\/b><span style=\"font-weight: 400;\">. One of its benefits also includes <\/span><b>j\u00f3 rugalmass\u00e1g. <\/b><\/p>\n<p><span style=\"font-weight: 400;\">A PLUS a titkos \u00f6sszetev\u0151inket jel\u00f6li, amelyek ezt az anyagot<\/span><b> m\u00e9g er\u0151sebb, mint a hagyom\u00e1nyos ABS<\/b><span style=\"font-weight: 400;\">. The material withstands temperatures up to 85\u00b0C which makes it great for outdoor and technical applications. <\/span><\/p>\n<p><span style=\"font-weight: 400;\">Ez az anyag nyomtathat\u00f3 mell\u00e9kelt nyomtat\u00f3 n\u00e9lk\u00fcl is, de mi <\/span><b>er\u0151sen javasoljuk, hogy haszn\u00e1ljunk burkolatot vagy z\u00e1rt 3D nyomtat\u00f3t.<\/b><span style=\"font-weight: 400;\">.<\/span><\/p>\n<h2><b>Keverje \u00f6ssze az ABS PLUS-t<\/b><\/h2>\n<p><b>Hogyan k\u00e9sz\u00fclnek a Mix sz\u00e1lak?<\/b><span style=\"font-weight: 400;\"> A gy\u00e1rt\u00e1s sor\u00e1n a gy\u00e1rt\u00e1si folyamat le\u00e1ll\u00edt\u00e1sa n\u00e9lk\u00fcl v\u00e1ltunk \u00e1t a sz\u00ednek k\u00f6z\u00f6tt, hogy <\/span><b>id\u0151t, er\u0151forr\u00e1sokat \u00e9s energi\u00e1t takar\u00edtunk meg<\/b><span style=\"font-weight: 400;\">. Consequently, when we change the colour, there is a gradual transition in the filament string from one colour to another. Instead of throwing away the filament where transition happen, we decided to create the Mix filaments. <\/span><b>Elk\u00f6telezettek vagyunk a k\u00f6rnyezettudatoss\u00e1g \u00e9s a hullad\u00e9k minimaliz\u00e1l\u00e1sa mellett.<\/b><span style=\"font-weight: 400;\">.<\/span> <span style=\"font-weight: 400;\">A Mix ABS PLUS filament egy <\/span><b>k\u00fcl\u00f6nb\u00f6z\u0151 ABS PLUS sz\u00ednek kever\u00e9ke<\/b><span style=\"font-weight: 400;\"> k\u00edn\u00e1latunkb\u00f3l. <\/span><b>A Mix ABS PLUS sz\u00e1lainkban tal\u00e1lhat\u00f3 sz\u00ednek \u00e9s a sz\u00ednek sz\u00e1ma teljesen v\u00e9letlenszer\u0171, \u00e9s minden megrendel\u00e9ssel v\u00e1ltozik. <\/b><span style=\"font-weight: 400;\">AzureFilm<\/span> <span style=\"font-weight: 400;\">A Mix ABS PLUS t\u00f6k\u00e9letes mindenkinek, akinek nincs sz\u00fcks\u00e9ge egy adott sz\u00edn\u0171 filamentre, vagy aki a v\u00e9gterm\u00e9ket festeni fogja. <\/span><b>A term\u00e9k megv\u00e1s\u00e1rl\u00e1s\u00e1val \u00d6n beleegyezik, hogy egy \u00e1ltalunk kiv\u00e1lasztott v\u00e9letlenszer\u0171 ors\u00f3t kap.<\/b><\/p>\n<p><span style=\"font-weight: 400;\">Ha t\u00f6bbet szeretne megtudni az ABS-sz\u00e1lakr\u00f3l, olvassa el a k\u00f6vetkez\u0151 cikk\u00fcnket <a href=\"https:\/\/azurefilm.com\/hu\/2023\/07\/11\/abs-szalak-minden-amit-tudnia-kell\/\" target=\"_blank\" rel=\"noopener\"><strong>blogot.<\/strong><\/a>. <\/span><span style=\"font-weight: 400;\"><br \/>\n<\/span><\/p>\n<p><span style=\"font-weight: 400;\">Hozz\u00e1f\u00e9rhet a <\/span><b>M\u0171szaki adatlap<\/b><span style=\"font-weight: 400;\"><a href=\"https:\/\/azurefilm.com\/hu\/technical-data-sheets\/\" target=\"_blank\" rel=\"noopener\"><strong> itt<\/strong><\/a>.<\/span><\/p>\n<h3><strong>Nyomtat\u00e1si aj\u00e1nl\u00e1sok:<\/strong><\/h3>\n<ul>\n<li style=\"font-weight: 400;\" aria-level=\"1\"><span style=\"font-weight: 400;\">A legjobb eredm\u00e9nyt 240-260\u00b0C-on nyomtatva \u00e9rheti el. <\/span><\/li>\n<li style=\"font-weight: 400;\" aria-level=\"1\"><span style=\"font-weight: 400;\">A nyomtat\u00f3asztal aj\u00e1nlott h\u0151m\u00e9rs\u00e9klete 90-120\u00b0C. Javasoljuk, hogy haszn\u00e1ljon z\u00e1rt vagy z\u00e1rt 3D nyomtat\u00f3t. <\/span><\/li>\n<li style=\"font-weight: 400;\" aria-level=\"1\"><span style=\"font-weight: 400;\">Haszn\u00e1ljon \u00fcveg\u00e1gyat, PEI lapot, Kapton vagy k\u00e9k szalagot az \u00e9p\u00edt\u00e9si platformhoz 3Dlac spray-vel.<\/span><\/li>\n<\/ul>\n<p><i><span style=\"font-weight: 400;\">*A k\u00fcl\u00f6nb\u00f6z\u0151 nyomtat\u00f3k haszn\u00e1lata eset\u00e9n az ide\u00e1lis h\u0151m\u00e9rs\u00e9klet elt\u00e9r\u0151 lehet.<\/span><\/i><\/p>\n","protected":false},"excerpt":{"rendered":"<p>Haszn\u00e1lja ki ezt a sz\u00e9lesk\u00f6r\u0171 felhaszn\u00e1l\u00e1si lehet\u0151s\u00e9geir\u0151l ismert, k\u00e9nyelmes sz\u00e1lv\u00e1laszt\u00e9kot, \u00e9s pr\u00f3b\u00e1lja ki a Mix ABS PLUS sz\u00e1lunkat.<\/p>\n","protected":false},"featured_media":57287,"comment_status":"closed","ping_status":"closed","template":"","meta":{"_acf_changed":false},"product_brand":[],"product_cat":[2386,1686,2307,2285,2399,2398,1688],"product_tag":[1691,2212,2286],"brand":[1682],"class_list":{"0":"post-57285","1":"product","2":"type-product","3":"status-publish","4":"has-post-thumbnail","6":"product_cat-abs-plus-szalak","7":"product_cat-3d-filmek","8":"product_cat-abs-filaments-hu","9":"product_cat-eco-filamentek","10":"product_cat-keverje-ossze-az-abs-plus-t","11":"product_cat-keverjuk-ossze-a-szalakat","12":"product_cat-minden-film","13":"product_tag-high-speed","14":"product_tag-oko-hu","15":"product_tag-veletlenszeru","16":"pa_colour-veletlenszeru","17":"pa_filament-diameter-1-75mm-hu","18":"pa_filament-diameter-2-85mm-hu","19":"pa_filament-weight-1000g-hu","20":"brand-azurefilm-hu","22":"first","23":"outofstock","24":"taxable","25":"shipping-taxable","26":"purchasable","27":"product-type-variable","28":"has-default-attributes"},"acf":[],"_links":{"self":[{"href":"https:\/\/azurefilm.com\/hu\/wp-json\/wp\/v2\/product\/57285","targetHints":{"allow":["GET"]}}],"collection":[{"href":"https:\/\/azurefilm.com\/hu\/wp-json\/wp\/v2\/product"}],"about":[{"href":"https:\/\/azurefilm.com\/hu\/wp-json\/wp\/v2\/types\/product"}],"replies":[{"embeddable":true,"href":"https:\/\/azurefilm.com\/hu\/wp-json\/wp\/v2\/comments?post=57285"}],"wp:featuredmedia":[{"embeddable":true,"href":"https:\/\/azurefilm.com\/hu\/wp-json\/wp\/v2\/media\/57287"}],"wp:attachment":[{"href":"https:\/\/azurefilm.com\/hu\/wp-json\/wp\/v2\/media?parent=57285"}],"wp:term":[{"taxonomy":"product_brand","embeddable":true,"href":"https:\/\/azurefilm.com\/hu\/wp-json\/wp\/v2\/product_brand?post=57285"},{"taxonomy":"product_cat","embeddable":true,"href":"https:\/\/azurefilm.com\/hu\/wp-json\/wp\/v2\/product_cat?post=57285"},{"taxonomy":"product_tag","embeddable":true,"href":"https:\/\/azurefilm.com\/hu\/wp-json\/wp\/v2\/product_tag?post=57285"},{"taxonomy":"brand","embeddable":true,"href":"https:\/\/azurefilm.com\/hu\/wp-json\/wp\/v2\/brand?post=57285"}],"curies":[{"name":"wp","href":"https:\/\/api.w.org\/{rel}","templated":true}]}}