
{"id":57296,"date":"2023-10-29T14:35:02","date_gmt":"2023-10-29T14:35:02","guid":{"rendered":"https:\/\/azurefilm.com\/product\/mix-pla-selyem\/"},"modified":"2025-08-22T11:18:57","modified_gmt":"2025-08-22T11:18:57","slug":"mix-pla-selyem","status":"publish","type":"product","link":"https:\/\/azurefilm.com\/hu\/termek\/mix-pla-selyem\/","title":{"rendered":"Mix PLA selyem"},"content":{"rendered":"<h2><b>PLA selyem<\/b><\/h2>\n<p><span style=\"font-weight: 400;\">Ismerje meg a PLA Silk sz\u00e1lakat, a PLA Original term\u00e9kcsal\u00e1d k\u00fcl\u00f6nleges kiad\u00e1s\u00e1t. A PLA Silk sz\u00e1lak a klasszikus PLA sz\u00e1lakhoz k\u00e9pest k\u00fcl\u00f6nleges kieg\u00e9sz\u00edt\u00e9seket tartalmaznak, amelyek a megjelen\u00e9s\u00fcket <\/span><b>f\u00e9nyes, enyh\u00e9n \u00e1ttetsz\u0151 \u00e9s selymes fel\u00fclet\u0171<\/b><span style=\"font-weight: 400;\">. Moreover, this material <\/span><b>seg\u00edt elrejteni a r\u00e9tegek k\u00f6z\u00f6tti \u00e1tmeneteket<\/b><span style=\"font-weight: 400;\"> nyomtat\u00e1skor. A PLA Silk sz\u00e1lak minden hagyom\u00e1nyos PLA tulajdons\u00e1ggal rendelkeznek, \u00e9s a k\u00f6vetkez\u0151kkel rendelkeznek <\/span><b>k\u00f6vetkezetes eredm\u00e9nyek<\/b><span style=\"font-weight: 400;\">. They are the best choice for 3D printing of decorative elements like vases, figurines, accessories, home gadgets and much more. <\/span><\/p>\n<h2><b>Mix PLA selyem<\/b><\/h2>\n<p><b>Hogyan k\u00e9sz\u00fclnek a Mix sz\u00e1lak?<\/b><span style=\"font-weight: 400;\"> A gy\u00e1rt\u00e1s sor\u00e1n a gy\u00e1rt\u00e1si folyamat le\u00e1ll\u00edt\u00e1sa n\u00e9lk\u00fcl v\u00e1ltunk \u00e1t a sz\u00ednek k\u00f6z\u00f6tt, hogy <\/span><b>id\u0151t, er\u0151forr\u00e1sokat \u00e9s energi\u00e1t takar\u00edtunk meg<\/b><span style=\"font-weight: 400;\">. Consequently, when we change the colour, there is a gradual transition in the filament string from one colour to another. Instead of throwing away the filament where transition happen, we decided to create the Mix filaments. <\/span><b>Elk\u00f6telezettek vagyunk a k\u00f6rnyezettudatoss\u00e1g \u00e9s a hullad\u00e9k minimaliz\u00e1l\u00e1sa mellett.<\/b><span style=\"font-weight: 400;\">.<\/span> <span style=\"font-weight: 400;\">A Mix PLA Silk filament egy <\/span><b>k\u00fcl\u00f6nb\u00f6z\u0151 PLA Silk sz\u00ednek kever\u00e9ke<\/b><span style=\"font-weight: 400;\"> k\u00edn\u00e1latunkb\u00f3l. <\/span><b>A Mix PLA Silk sz\u00e1lainkban tal\u00e1lhat\u00f3 sz\u00ednek \u00e9s a sz\u00ednek sz\u00e1ma teljesen v\u00e9letlenszer\u0171 \u00e9s minden megrendel\u00e9ssel v\u00e1ltozik. <\/b><span style=\"font-weight: 400;\">AzureFilm<\/span> <span style=\"font-weight: 400;\">A Mix PLA Silk t\u00f6k\u00e9letes mindenkinek, akinek nincs sz\u00fcks\u00e9ge egy adott sz\u00edn\u0171 filamentre, vagy aki a v\u00e9gterm\u00e9ket festeni fogja. <\/span><b>Ennek a term\u00e9knek a megv\u00e1s\u00e1rl\u00e1s\u00e1val \u00d6n beleegyezik, hogy egy \u00e1ltalunk kiv\u00e1lasztott v\u00e9letlenszer\u0171 ors\u00f3t kap.<\/b><\/p>\n<p><span style=\"font-weight: 400;\">Ha t\u00f6bbet szeretne megtudni a PLA sz\u00e1lakr\u00f3l, olvassa el a <strong><a href=\"https:\/\/azurefilm.com\/hu\/2023\/07\/04\/pla-szalak-minden-amit-tudnia-kell\/\" target=\"_blank\" rel=\"noopener\">blogot.<\/a><\/strong>. <\/span><\/p>\n<p><span style=\"font-weight: 400;\">Hozz\u00e1f\u00e9rhet a <\/span><b>M\u0171szaki adatlap<\/b><span style=\"font-weight: 400;\"><strong><a href=\"https:\/\/azurefilm.com\/hu\/technical-data-sheets\/\" target=\"_blank\" rel=\"noopener\"> itt<\/a><\/strong>.<\/span><\/p>\n<h3><strong>Nyomtat\u00e1si aj\u00e1nl\u00e1sok:<\/strong><\/h3>\n<ul>\n<li style=\"font-weight: 400;\" aria-level=\"1\"><span style=\"font-weight: 400;\">A legjobb eredm\u00e9ny \u00e9rdek\u00e9ben 220-240\u00b0C-on nyomtasson. <\/span><\/li>\n<li style=\"font-weight: 400;\" aria-level=\"1\"><span style=\"font-weight: 400;\">A nyomtat\u00f3asztal aj\u00e1nlott h\u0151m\u00e9rs\u00e9klete 80\u00b0C.<\/span><\/li>\n<li style=\"font-weight: 400;\" aria-level=\"1\"><span style=\"font-weight: 400;\">Haszn\u00e1ljon \u00fcveg\u00e1gyat, PEI lapot, Kapton vagy k\u00e9k szalagot az \u00e9p\u00edt\u00e9si platformhoz 3Dlac spray-vel.<\/span><\/li>\n<\/ul>\n<p><i><span style=\"font-weight: 400;\">*A k\u00fcl\u00f6nb\u00f6z\u0151 nyomtat\u00f3k haszn\u00e1lata eset\u00e9n az ide\u00e1lis h\u0151m\u00e9rs\u00e9klet elt\u00e9r\u0151 lehet.<\/span><\/i><\/p>\n","protected":false},"excerpt":{"rendered":"<p>Engedje szabadj\u00e1ra a fant\u00e1zi\u00e1j\u00e1t, \u00e9s kezdjen el nyomtatni a Mix PLA Silkkel, amelyet \u00fagy terveztek, hogy minden alkot\u00e1sa egyedi legyen.<\/p>\n","protected":false},"featured_media":57298,"comment_status":"closed","ping_status":"closed","template":"","meta":{"_acf_changed":false},"product_brand":[],"product_cat":[2196,1686,2285,1679,2398,1688,2402,1687],"product_tag":[2212,2286],"brand":[1682],"class_list":{"0":"post-57296","1":"product","2":"type-product","3":"status-publish","4":"has-post-thumbnail","6":"product_cat-pla-selyem","7":"product_cat-3d-filmek","8":"product_cat-eco-filamentek","9":"product_cat-elado","10":"product_cat-keverjuk-ossze-a-szalakat","11":"product_cat-minden-film","12":"product_cat-mix-pla-selyem","13":"product_cat-pla-szalak","14":"product_tag-oko-hu","15":"product_tag-veletlenszeru","16":"pa_colour-veletlenszeru","17":"pa_filament-diameter-1-75mm-hu","18":"pa_filament-weight-1000g-hu","19":"brand-azurefilm-hu","21":"first","22":"outofstock","23":"sale","24":"taxable","25":"shipping-taxable","26":"purchasable","27":"product-type-variable","28":"has-default-attributes"},"acf":[],"_links":{"self":[{"href":"https:\/\/azurefilm.com\/hu\/wp-json\/wp\/v2\/product\/57296","targetHints":{"allow":["GET"]}}],"collection":[{"href":"https:\/\/azurefilm.com\/hu\/wp-json\/wp\/v2\/product"}],"about":[{"href":"https:\/\/azurefilm.com\/hu\/wp-json\/wp\/v2\/types\/product"}],"replies":[{"embeddable":true,"href":"https:\/\/azurefilm.com\/hu\/wp-json\/wp\/v2\/comments?post=57296"}],"wp:featuredmedia":[{"embeddable":true,"href":"https:\/\/azurefilm.com\/hu\/wp-json\/wp\/v2\/media\/57298"}],"wp:attachment":[{"href":"https:\/\/azurefilm.com\/hu\/wp-json\/wp\/v2\/media?parent=57296"}],"wp:term":[{"taxonomy":"product_brand","embeddable":true,"href":"https:\/\/azurefilm.com\/hu\/wp-json\/wp\/v2\/product_brand?post=57296"},{"taxonomy":"product_cat","embeddable":true,"href":"https:\/\/azurefilm.com\/hu\/wp-json\/wp\/v2\/product_cat?post=57296"},{"taxonomy":"product_tag","embeddable":true,"href":"https:\/\/azurefilm.com\/hu\/wp-json\/wp\/v2\/product_tag?post=57296"},{"taxonomy":"brand","embeddable":true,"href":"https:\/\/azurefilm.com\/hu\/wp-json\/wp\/v2\/brand?post=57296"}],"curies":[{"name":"wp","href":"https:\/\/api.w.org\/{rel}","templated":true}]}}