
{"id":57381,"date":"2023-10-29T14:38:51","date_gmt":"2023-10-29T14:38:51","guid":{"rendered":"https:\/\/azurefilm.com\/product\/pla-selyemszal-rainbow-amber\/"},"modified":"2025-08-22T11:19:59","modified_gmt":"2025-08-22T11:19:59","slug":"pla-selyemszal-rainbow-amber","status":"publish","type":"product","link":"https:\/\/azurefilm.com\/hu\/termek\/pla-selyemszal-rainbow-amber\/","title":{"rendered":"PLA selyemsz\u00e1l Rainbow Amber"},"content":{"rendered":"<h2><b>PLA selyem<\/b><\/h2>\n<p><span style=\"font-weight: 400;\">Ismerje meg a PLA Silk sz\u00e1lakat, a PLA Original term\u00e9kcsal\u00e1d k\u00fcl\u00f6nleges kiad\u00e1s\u00e1t. A PLA Silk sz\u00e1lak a klasszikus PLA sz\u00e1lakhoz k\u00e9pest k\u00fcl\u00f6nleges kieg\u00e9sz\u00edt\u00e9seket tartalmaznak, amelyek a megjelen\u00e9s\u00fcket <\/span><b>f\u00e9nyes, enyh\u00e9n \u00e1ttetsz\u0151 \u00e9s selymes fel\u00fclet\u0171<\/b><span style=\"font-weight: 400;\">. Moreover, this material <\/span><b>seg\u00edt elrejteni a r\u00e9tegek k\u00f6z\u00f6tti \u00e1tmeneteket<\/b><span style=\"font-weight: 400;\"> nyomtat\u00e1skor. A PLA Silk sz\u00e1lak minden hagyom\u00e1nyos PLA tulajdons\u00e1ggal rendelkeznek, \u00e9s a k\u00f6vetkez\u0151kkel rendelkeznek <\/span><b>k\u00f6vetkezetes eredm\u00e9nyek<\/b><span style=\"font-weight: 400;\">. They are the best choice for 3D printing of decorative elements like vases, figurines, accessories, home gadgets and much more. <\/span><\/p>\n<h2><b>PLA selyem sziv\u00e1rv\u00e1ny<\/b><\/h2>\n<p><span style=\"font-weight: 400;\">Ismerje meg a PLA Silk Rainbow kollekci\u00f3nkat, amely a Silk sz\u00e1lak v\u00e1laszt\u00e9k\u00e1nak b\u0151v\u00edt\u00e9se. A f\u00e9nyes, \u00e1ttetsz\u0151 \u00e9s selymes fel\u00fclet\u00e9r\u0151l ismert Silk sz\u00e1lak alapjaira \u00e9p\u00edtve ez a kollekci\u00f3 <\/span><b>gy\u00f6ny\u00f6r\u0171 \u00e1tmenetet biztos\u00edt a k\u00fcl\u00f6nb\u00f6z\u0151 sz\u00ednek k\u00f6z\u00f6tt<\/b><span style=\"font-weight: 400;\">. Silk Rainbow filaments deliver natural colour transitions every few meters on the spool. Dive into the world of rainbows! <\/span><\/p>\n<h2><strong>PLA selyemsz\u00e1l Rainbow Amber <\/strong><\/h2>\n<p>Fedezze fel a PLA selyemsz\u00e1l Rainbow Amber gazdags\u00e1g\u00e1t. A sziv\u00e1rv\u00e1ny aranyb\u00f3l, ol\u00edvaaranyb\u00f3l \u00e9s s\u00f6t\u00e9t r\u00e9zb\u0151l \u00e1ll. <b>A sz\u00ednek 10 m\u00e9terenk\u00e9nt v\u00e1ltoznak a filamentumon<\/b><span style=\"font-weight: 400;\">, \u00edgy dinamikus \u00e9s folyamatosan v\u00e1ltoz\u00f3 sz\u00ednkombin\u00e1ci\u00f3kat hozhat l\u00e9tre 3D projektjeiben.<\/span><\/p>\n<p><span style=\"font-weight: 400;\">Ha t\u00f6bbet szeretne megtudni a PLA sz\u00e1lakr\u00f3l, olvassa el <a href=\"https:\/\/azurefilm.com\/hu\/2023\/07\/04\/pla-szalak-minden-amit-tudnia-kell\/\" target=\"_blank\" rel=\"noopener\">blogunkat<\/a>. <\/span><\/p>\n<p><span style=\"font-weight: 400;\">Hozz\u00e1f\u00e9rhet a <\/span><b>M\u0171szaki adatlap<\/b><span style=\"font-weight: 400;\"><a href=\"https:\/\/azurefilm.com\/hu\/technical-data-sheets\/\" target=\"_blank\" rel=\"noopener\"> itt<\/a>.<\/span><\/p>\n<h3><strong>Nyomtat\u00e1si aj\u00e1nl\u00e1sok:<\/strong><\/h3>\n<ul>\n<li style=\"font-weight: 400;\" aria-level=\"1\"><span style=\"font-weight: 400;\">A legjobb eredm\u00e9ny \u00e9rdek\u00e9ben 220-240\u00b0C-on nyomtasson. <\/span><\/li>\n<li style=\"font-weight: 400;\" aria-level=\"1\"><span style=\"font-weight: 400;\">A nyomtat\u00f3asztal aj\u00e1nlott h\u0151m\u00e9rs\u00e9klete 80\u00b0C.<\/span><\/li>\n<li style=\"font-weight: 400;\" aria-level=\"1\"><span style=\"font-weight: 400;\">Haszn\u00e1ljon \u00fcveg\u00e1gyat, PEI lapot, Kapton vagy k\u00e9k szalagot az \u00e9p\u00edt\u00e9si platformhoz 3Dlac spray-vel.<\/span><\/li>\n<\/ul>\n<p><i><span style=\"font-weight: 400;\">*A k\u00fcl\u00f6nb\u00f6z\u0151 nyomtat\u00f3k haszn\u00e1lata eset\u00e9n az ide\u00e1lis h\u0151m\u00e9rs\u00e9klet elt\u00e9r\u0151 lehet.<\/span><\/i><\/p>\n","protected":false},"excerpt":{"rendered":"<p>Fedezze fel a PLA selyemsz\u00e1l Rainbow Amber gazdags\u00e1g\u00e1t. A sziv\u00e1rv\u00e1ny aranyb\u00f3l, ol\u00edvaaranyb\u00f3l \u00e9s s\u00f6t\u00e9t r\u00e9zb\u0151l \u00e1ll.<\/p>\n","protected":false},"featured_media":57382,"comment_status":"closed","ping_status":"closed","template":"","meta":{"_acf_changed":false},"product_brand":[],"product_cat":[2289,1686,1688,2196,1687],"product_tag":[],"brand":[267],"class_list":{"0":"post-57381","1":"product","2":"type-product","3":"status-publish","4":"has-post-thumbnail","6":"product_cat-pla-selyem-szivarvany","7":"product_cat-3d-filmek","8":"product_cat-minden-film","9":"product_cat-pla-selyem","10":"product_cat-pla-szalak","11":"pa_colour-gold","12":"pa_colour-multicolour","13":"pa_filament-diameter-1-75mm","14":"pa_filament-weight-1000g","15":"brand-azurefilm","17":"first","18":"instock","19":"taxable","20":"shipping-taxable","21":"purchasable","22":"product-type-variable","23":"has-default-attributes"},"acf":[],"_links":{"self":[{"href":"https:\/\/azurefilm.com\/hu\/wp-json\/wp\/v2\/product\/57381","targetHints":{"allow":["GET"]}}],"collection":[{"href":"https:\/\/azurefilm.com\/hu\/wp-json\/wp\/v2\/product"}],"about":[{"href":"https:\/\/azurefilm.com\/hu\/wp-json\/wp\/v2\/types\/product"}],"replies":[{"embeddable":true,"href":"https:\/\/azurefilm.com\/hu\/wp-json\/wp\/v2\/comments?post=57381"}],"wp:featuredmedia":[{"embeddable":true,"href":"https:\/\/azurefilm.com\/hu\/wp-json\/wp\/v2\/media\/57382"}],"wp:attachment":[{"href":"https:\/\/azurefilm.com\/hu\/wp-json\/wp\/v2\/media?parent=57381"}],"wp:term":[{"taxonomy":"product_brand","embeddable":true,"href":"https:\/\/azurefilm.com\/hu\/wp-json\/wp\/v2\/product_brand?post=57381"},{"taxonomy":"product_cat","embeddable":true,"href":"https:\/\/azurefilm.com\/hu\/wp-json\/wp\/v2\/product_cat?post=57381"},{"taxonomy":"product_tag","embeddable":true,"href":"https:\/\/azurefilm.com\/hu\/wp-json\/wp\/v2\/product_tag?post=57381"},{"taxonomy":"brand","embeddable":true,"href":"https:\/\/azurefilm.com\/hu\/wp-json\/wp\/v2\/brand?post=57381"}],"curies":[{"name":"wp","href":"https:\/\/api.w.org\/{rel}","templated":true}]}}