
{"id":57401,"date":"2023-10-29T14:42:40","date_gmt":"2023-10-29T14:42:40","guid":{"rendered":"https:\/\/azurefilm.com\/product\/pla-dual-neon-szal-sarga-rozsaszin\/"},"modified":"2025-08-22T11:19:59","modified_gmt":"2025-08-22T11:19:59","slug":"pla-dual-neon-szal-sarga-rozsaszin","status":"publish","type":"product","link":"https:\/\/azurefilm.com\/hu\/termek\/pla-dual-neon-szal-sarga-rozsaszin\/","title":{"rendered":"PLA Dual Neon sz\u00e1l S\u00e1rga &#8211; R\u00f3zsasz\u00edn"},"content":{"rendered":"<h2><b>PLA Neon<\/b><\/h2>\n<p><span style=\"font-weight: 400;\">Bemutatjuk a PLA Neon filament kollekci\u00f3t, amely a k\u00f6vetkez\u0151ket tartalmazza <\/span><b>vibr\u00e1l\u00f3 <\/b><span style=\"font-weight: 400;\">\u00e9s <\/span><b>szemet gy\u00f6ny\u00f6rk\u00f6dtet\u0151 neon sz\u00edneket<\/b><span style=\"font-weight: 400;\">. With PLA Neon filaments, your prints will stand out. This material prints exactly like PLA Original and is <\/span><b>nagyszer\u0171 kezd\u0151knek<\/b><span style=\"font-weight: 400;\">. Moreover, PLA Neon is <\/span><b>biol\u00f3giailag leboml\u00f3 <\/b><span style=\"font-weight: 400;\">\u00edgy k\u00f6rnyezetbar\u00e1t anyag. Pr\u00f3b\u00e1lja ki ezt az anyagot a f\u00e9nyes \u00e9s mer\u00e9sz eredm\u00e9nyek\u00e9rt. <\/span><\/p>\n<h2><b>PLA Dual filament<\/b><\/h2>\n<p><span style=\"font-weight: 400;\">Ellent\u00e9tben a <a href=\"https:\/\/azurefilm.com\/hu\/3d-filmek\/pla-szalak\/pla-selyem-szivarvany\/\" target=\"_blank\" rel=\"noopener\"><strong>Sziv\u00e1rv\u00e1ny fonalak<\/strong><\/a> amelyek n\u00e9h\u00e1ny m\u00e9terenk\u00e9nt v\u00e1ltj\u00e1k a sz\u00edneket, a mi PLA Dual filament\u00fcnk a k\u00f6vetkez\u0151 sz\u00edneket mutatja <\/span><b>autentikus k\u00e9tsz\u00edn\u0171 var\u00e1zslat<\/b><span style=\"font-weight: 400;\">. The co-extrusion technology seamlessly merges <\/span><b>k\u00e9t k\u00fcl\u00f6n sz\u00edn minden egyes sz\u00e1lon bel\u00fcl, \u00edgy biztos\u00edtva, hogy k\u00fcl\u00f6n\u00e1ll\u00f3ak maradjanak.<\/b><span style=\"font-weight: 400;\">. The result? Striking and dynamic prints that will captivate your imagination. Explore our <a target=\"\" rel=\"noopener\"><strong>dual-colour filaments<\/strong><\/a> and enjoy the magic! <\/span><\/p>\n<h2><strong>PLA Dual Neon sz\u00e1l S\u00e1rga &#8211; R\u00f3zsasz\u00edn<\/strong><\/h2>\n<p><span style=\"font-weight: 400;\">A PLA Dual Neon filament s\u00e1rga &#8211; r\u00f3zsasz\u00ednnel 3D-s alkot\u00e1saidat feldobhatod.<\/span><\/p>\n<p><span style=\"font-weight: 400;\">Ha t\u00f6bbet szeretne megtudni a PLA sz\u00e1lakr\u00f3l, olvassa el a <a href=\"https:\/\/azurefilm.com\/hu\/2023\/07\/04\/pla-szalak-minden-amit-tudnia-kell\/\" target=\"_blank\" rel=\"noopener\"><strong>blogot.<\/strong><\/a>. <\/span><\/p>\n<p><span style=\"font-weight: 400;\">Hozz\u00e1f\u00e9rhet a <\/span><b>M\u0171szaki adatlap<\/b><span style=\"font-weight: 400;\"><a href=\"https:\/\/azurefilm.com\/hu\/technical-data-sheets\/\" target=\"_blank\" rel=\"noopener\"><strong> itt<\/strong><\/a>.<\/span><\/p>\n<h3><strong>Nyomtat\u00e1si aj\u00e1nl\u00e1sok:<\/strong><\/h3>\n<ul>\n<li style=\"font-weight: 400;\" aria-level=\"1\"><span style=\"font-weight: 400;\">A legjobb eredm\u00e9ny \u00e9rdek\u00e9ben 200-230\u00b0C-on nyomtasson. <\/span><\/li>\n<li style=\"font-weight: 400;\" aria-level=\"1\"><span style=\"font-weight: 400;\">A nyomtat\u00f3asztal aj\u00e1nlott h\u0151m\u00e9rs\u00e9klete 60\u00b0C.<\/span><\/li>\n<li style=\"font-weight: 400;\" aria-level=\"1\"><span style=\"font-weight: 400;\">Haszn\u00e1ljon \u00fcveg\u00e1gyat, PEI lapot, Kapton vagy k\u00e9k szalagot az \u00e9p\u00edt\u00e9si platformhoz 3Dlac spray-vel.<\/span><\/li>\n<\/ul>\n<p><i><span style=\"font-weight: 400;\">*A k\u00fcl\u00f6nb\u00f6z\u0151 nyomtat\u00f3k haszn\u00e1lata eset\u00e9n az ide\u00e1lis h\u0151m\u00e9rs\u00e9klet elt\u00e9r\u0151 lehet.<\/span><\/i><\/p>\n","protected":false},"excerpt":{"rendered":"<p><span style=\"font-weight: 400;\">A PLA Dual Neon filament s\u00e1rga &#8211; r\u00f3zsasz\u00ednnel 3D-s alkot\u00e1saidat feldobhatod.<\/span><\/p>\n","protected":false},"featured_media":57403,"comment_status":"closed","ping_status":"closed","template":"","meta":{"_acf_changed":false},"product_brand":[],"product_cat":[2421,1686,1688,2315,1687],"product_tag":[],"brand":[1682],"class_list":{"0":"post-57401","1":"product","2":"type-product","3":"status-publish","4":"has-post-thumbnail","6":"product_cat-pla-dual-hu","7":"product_cat-3d-filmek","8":"product_cat-minden-film","9":"product_cat-pla-neon-hu","10":"product_cat-pla-szalak","11":"pa_colour-rozsaszin","12":"pa_colour-sarga","13":"pa_filament-diameter-1-75mm-hu","14":"pa_filament-weight-1000g-hu","15":"brand-azurefilm-hu","17":"first","18":"outofstock","19":"taxable","20":"shipping-taxable","21":"purchasable","22":"product-type-variable","23":"has-default-attributes"},"acf":[],"_links":{"self":[{"href":"https:\/\/azurefilm.com\/hu\/wp-json\/wp\/v2\/product\/57401","targetHints":{"allow":["GET"]}}],"collection":[{"href":"https:\/\/azurefilm.com\/hu\/wp-json\/wp\/v2\/product"}],"about":[{"href":"https:\/\/azurefilm.com\/hu\/wp-json\/wp\/v2\/types\/product"}],"replies":[{"embeddable":true,"href":"https:\/\/azurefilm.com\/hu\/wp-json\/wp\/v2\/comments?post=57401"}],"wp:featuredmedia":[{"embeddable":true,"href":"https:\/\/azurefilm.com\/hu\/wp-json\/wp\/v2\/media\/57403"}],"wp:attachment":[{"href":"https:\/\/azurefilm.com\/hu\/wp-json\/wp\/v2\/media?parent=57401"}],"wp:term":[{"taxonomy":"product_brand","embeddable":true,"href":"https:\/\/azurefilm.com\/hu\/wp-json\/wp\/v2\/product_brand?post=57401"},{"taxonomy":"product_cat","embeddable":true,"href":"https:\/\/azurefilm.com\/hu\/wp-json\/wp\/v2\/product_cat?post=57401"},{"taxonomy":"product_tag","embeddable":true,"href":"https:\/\/azurefilm.com\/hu\/wp-json\/wp\/v2\/product_tag?post=57401"},{"taxonomy":"brand","embeddable":true,"href":"https:\/\/azurefilm.com\/hu\/wp-json\/wp\/v2\/brand?post=57401"}],"curies":[{"name":"wp","href":"https:\/\/api.w.org\/{rel}","templated":true}]}}