
{"id":57402,"date":"2023-10-29T14:41:10","date_gmt":"2023-10-29T14:41:10","guid":{"rendered":"https:\/\/azurefilm.com\/product\/elegoo-neptune-4-pro\/"},"modified":"2023-10-29T14:41:10","modified_gmt":"2023-10-29T14:41:10","slug":"elegoo-neptune-4-pro","status":"publish","type":"product","link":"https:\/\/azurefilm.com\/hu\/termek\/elegoo-neptune-4-pro\/","title":{"rendered":"Elegoo Neptune 4 Pro"},"content":{"rendered":"<p><span style=\"font-weight: 400;\">A Neptune 4 Pro minden bizonnyal nagyszer\u0171 kieg\u00e9sz\u00edt\u0151je az Elegoo csal\u00e1dnak. Tudjon meg t\u00f6bbet az al\u00e1bbi r\u00e9szletes le\u00edr\u00e1sban.   <\/span><\/p>\n<h2><b>Leny\u0171g\u00f6z\u0151 sebess\u00e9gek<\/b><\/h2>\n<p><span style=\"font-weight: 400;\">Az FDM nyomtat\u00f3 egy nagy teljes\u00edtm\u00e9ny\u0171 sz\u00e1m\u00edt\u00f3g\u00e9pes processzorra t\u00e1maszkodik, hogy el\u00e9rje a figyelemre m\u00e9lt\u00f3, 500 mm\/s-os cs\u00facssebess\u00e9get! Az Elegoo az optim\u00e1lis nyomtat\u00e1si eredm\u00e9nyek \u00e9rdek\u00e9ben 250 mm\/s szabv\u00e1nyos nyomtat\u00e1si sebess\u00e9get javasol. <\/span><\/p>\n<p><span style=\"font-weight: 400;\">A processzor speci\u00e1lis mozg\u00e1svez\u00e9rl\u0151 algoritmussal van kieg\u00e9sz\u00edtve a pontos l\u00e9p\u00e9sid\u0151-sz\u00e1m\u00edt\u00e1shoz, ami fokozott mozg\u00e1spontoss\u00e1got biztos\u00edt.<\/span><\/p>\n<h2><b>Csendes nagysebess\u00e9g\u0171 alaplap<\/b><\/h2>\n<p><span style=\"font-weight: 400;\">A nagy teljes\u00edtm\u00e9ny\u0171, 64 bites, 1,5G n\u00e9gymagos, nagy sebess\u00e9g\u0171, csendes ARM alaplap garant\u00e1lja a csendes m\u0171k\u00f6d\u00e9st \u00e9s a minim\u00e1lis nyomtat\u00e1si zajt. Ezenk\u00edv\u00fcl 8 GB mem\u00f3ri\u00e1t k\u00edn\u00e1l, \u00e9s t\u00f6bb mint 400 modellf\u00e1jl biztons\u00e1gos t\u00e1rol\u00e1s\u00e1ra alkalmas. <\/span><\/p>\n<p><span style=\"font-weight: 400;\">A Marlin firmware-rel kompatibilis t\u00f6bbi Neptune sorozat\u00fa nyomtat\u00f3t\u00f3l elt\u00e9r\u0151en mind a Neptune 4, mind a Neptune 4 Pro a k\u00f6vetkez\u0151kkel rendelkezik <\/span><b>Klipper firmware.<\/b><\/p>\n<h2><b>Nagy \u00e9p\u00edt\u00e9si t\u00e9rfogat<\/b><\/h2>\n<p><span style=\"font-weight: 400;\">A Neptune 4 Pro a n\u00e9pszer\u0171 FDM 3D nyomtat\u00f3 \u00e9p\u00edt\u00e9si t\u00e9rfogata <\/span><b>225 x 225 x 265mm<\/b><span style=\"font-weight: 400;\">, lehet\u0151v\u00e9 t\u00e9ve a legkreat\u00edvabb 3D koncepci\u00f3k megval\u00f3s\u00edt\u00e1s\u00e1t.<\/span><\/p>\n<h2><b>Stabil, teljesen f\u00e9mb\u0151l k\u00e9sz\u00fclt vezet\u0151s\u00ednek<\/b><\/h2>\n<p><span style=\"font-weight: 400;\">Mind az X-, mind az Y-tengely tart\u00f3s, teljesen f\u00e9mb\u0151l k\u00e9sz\u00fclt vezet\u0151s\u00ednekre t\u00e1maszkodik, amelyeket U alak\u00fa ac\u00e9lkerekekkel eg\u00e9sz\u00edtettek ki a minim\u00e1lis s\u00farl\u00f3d\u00e1s \u00e9s a fokozott pontoss\u00e1g \u00e9rdek\u00e9ben.<\/span><\/p>\n<h2><b>250 wattos f\u0171t\u00f6tt \u00e1gy k\u00e9t f\u00fcggetlen f\u0171t\u00e9si z\u00f3n\u00e1val<\/b><\/h2>\n<p><span style=\"font-weight: 400;\">A Neptune 4 Pro 250 wattos f\u0171t\u0151\u00e1gyat tartalmaz, amely gyorsan el\u00e9ri a 110 \u00b0C-ot. Intelligens f\u0171t\u00f6tt \u00e1gyaz\u00e1ssal rendelkezik, amely a k\u00f6vetkez\u0151ket tartalmazza   <\/span><b>k\u00e9t auton\u00f3m f\u0171t\u00e9si ter\u00fclet<\/b><span style=\"font-weight: 400;\">: az egyik 100 watton, a m\u00e1sik 150 watton. Ez az intelligens rendszer jelent\u0151sen cs\u00f6kkenti az energiafogyaszt\u00e1st <\/span> <b> csak a sz\u00fcks\u00e9ges ter\u00fclet f\u0171t\u00e9se a modell m\u00e9ret\u00e9nek megfelel\u0151en<\/b><span style=\"font-weight: 400;\">.<\/span> <span style=\"font-weight: 400;\">A szeletel\u0151 param\u00e9tereinek be\u00e1ll\u00edt\u00e1sa sor\u00e1n kiv\u00e1laszthatja a k\u00f6vetkez\u0151ket<\/span><b> &#8220;intelligens \u00fczemm\u00f3dot&#8221;.<\/b><\/p>\n<p><span style=\"font-weight: 400;\">  Ez az \u00fczemm\u00f3d automatikusan azonos\u00edtja a modell m\u00e9ret\u00e9t, \u00e9s kisebb m\u00e9ret\u0171 nyomatok eset\u00e9n az egyik f\u0171t\u00e9si ter\u00fcletet, k\u00fcl\u00f6nb\u00f6z\u0151 m\u00e9ret\u0171 modellek eset\u00e9n pedig mindkett\u0151t aktiv\u00e1lja. A f\u0171t\u00e9si ter\u00fcletek k\u00e9zi vez\u00e9rl\u00e9se a k\u00e9perny\u0151n kereszt\u00fcl is el\u00e9rhet\u0151. <\/span><\/p>\n<h2><b>Er\u0151teljes extrud\u00e1l\u00f3 mechanizmus  <\/b><\/h2>\n<p><span style=\"font-weight: 400;\">A Neptune 4 Pro jellegzetes, k\u00e9t fogasker\u00e9kkel rendelkez\u0151, k\u00f6zvetlen meghajt\u00e1s\u00fa extruder, amely kiz\u00e1r\u00f3lag az Elegoo k\u00edn\u00e1lat\u00e1ban tal\u00e1lhat\u00f3, 25%-kal k\u00f6nnyebb, mint a Neptune 3 Pro extruder. Ez a kialak\u00edt\u00e1s garant\u00e1lja <\/span> <b> kiv\u00e1l\u00f3 extrud\u00e1l\u00e1si er\u0151<\/b><span style=\"font-weight: 400;\">, 5,2-szeres extrud\u00e1l\u00e1si ar\u00e1nyt \u00e9s megn\u00f6velt nyomtat\u00e1si pontoss\u00e1got biztos\u00edt.<\/span><\/p>\n<p><span style=\"font-weight: 400;\">Az anyagok sz\u00e9les sk\u00e1l\u00e1ja, bele\u00e9rtve a PLA, ABS, TPU, nejlon \u00e9s egy\u00e9b anyagokat, teljes m\u00e9rt\u00e9kben t\u00e1mogatott.<\/span><\/p>\n<h2><b>Magas h\u0151m\u00e9rs\u00e9klet\u0171 forraszt\u00f3egys\u00e9g  <\/b><\/h2>\n<p><span style=\"font-weight: 400;\">A Neptune 4 Pro forr\u00f3fej\u00e9t \u00fagy tervezt\u00e9k, hogy <\/span><b>ak\u00e1r 300\u00b0C-os h\u0151m\u00e9rs\u00e9kletet is kib\u00edr<\/b><span style=\"font-weight: 400;\">. It features an all-metal high-temperature heat break, alongside a unique air channel design that enhances heat dissipation. <\/span><\/p>\n<p><span style=\"font-weight: 400;\">A <\/span><b>meghosszabb\u00edtott f\u00fav\u00f3ka<\/b><span style=\"font-weight: 400;\"> kialak\u00edt\u00e1s el\u0151seg\u00edti az alapos sz\u00e1lolvad\u00e1st \u00e9s az egyenletes extrud\u00e1l\u00e1st.<\/span><\/p>\n<h2><b>Hat\u00e9kony h\u0171t\u0151rendszer<\/b><\/h2>\n<p><span style=\"font-weight: 400;\">A fejlett h\u0171t\u0151rendszer kombin\u00e1lja a<\/span><b> h\u0151elvezet\u0151 modult <\/b><span style=\"font-weight: 400;\">i<\/span><b>intelligens ventil\u00e1torvez\u00e9rl\u00e9ssel,<\/b><span style=\"font-weight: 400;\"> biztos\u00edtja a leny\u0171g\u00f6z\u0151 h\u0151kezel\u00e9st nyomtat\u00e1s k\u00f6zben:<\/span><\/p>\n<ul>\n<li style=\"font-weight: 400;\" aria-level=\"1\"><span style=\"font-weight: 400;\">A 4 nagy teljes\u00edtm\u00e9ny\u0171 4020-as ventil\u00e1tor a nagy sebess\u00e9g\u0171 nyomtat\u00e1s sor\u00e1n maximum 10 000 fordulat\/perc fordulatsz\u00e1mmal hajtja el a h\u0151t;  <\/span><\/li>\n<li style=\"font-weight: 400;\" aria-level=\"1\"><span style=\"font-weight: 400;\">k\u00e9t oldalra szerelt 4015-\u00f6s ventil\u00e1tor h\u0171ti a modellt a nyomtat\u00e1s sor\u00e1n, 11 000 fordulat\/perc maxim\u00e1lis sebess\u00e9ggel;  <\/span><\/li>\n<li style=\"font-weight: 400;\" aria-level=\"1\"><span style=\"font-weight: 400;\">az intelligens ventil\u00e1torvez\u00e9rl\u00e9s a nyomtat\u00e1s ut\u00e1n automatikusan kikapcsolja az \u00f6sszes ventil\u00e1tort, \u00edgy energi\u00e1t takar\u00edt meg \u00e9s cs\u00f6kkenti a zajszintet.  <\/span><\/li>\n<\/ul>\n<h2><b>K\u00e9zi vagy automatikus szintez\u00e9s<\/b><\/h2>\n<p><span style=\"font-weight: 400;\">A Neptune 4 Pro egy nagy pontoss\u00e1g\u00fa, \u00e9rint\u00e9smentes szintez\u00e9si \u00e9rz\u00e9kel\u0151t integr\u00e1l, amely az \u00e9p\u00edt\u00e9si platform 121 pontj\u00e1r\u00f3l (11 x 11) gy\u0171jt adatokat, ez\u00e1ltal jav\u00edtva a nyomtat\u00e1s sikeress\u00e9g\u00e9nek ar\u00e1ny\u00e1t.<\/span><\/p>\n<h2><b>K\u00f6nny\u0171 modell elt\u00e1vol\u00edt\u00e1s  <\/b><\/h2>\n<p><span style=\"font-weight: 400;\">A speci\u00e1lis PEI-bevonatnak k\u00f6sz\u00f6nhet\u0151en az elk\u00e9sz\u00fclt nyomatok a f\u0171t\u00f6tt \u00e1gy leh\u0171l\u00e9se ut\u00e1n k\u00f6nnyed\u00e9n lev\u00e1laszthat\u00f3k az \u00e9p\u00edt\u0151platformr\u00f3l, szersz\u00e1mok n\u00e9lk\u00fcl.<\/span><\/p>\n<h2><b>Intelligens funkci\u00f3k a fokozott k\u00e9nyelem \u00e9s sokoldal\u00fas\u00e1g \u00e9rdek\u00e9ben<\/b><\/h2>\n<ul>\n<li style=\"font-weight: 400;\" aria-level=\"1\"><b>Sz\u00e1l\u00e9rz\u00e9kel\u0151 \u00e9rz\u00e9kel\u0151<\/b><span style=\"font-weight: 400;\">: Sz\u00e1lszakad\u00e1s vagy -kimer\u00fcl\u00e9s eset\u00e9n hibajelz\u0151 aktiv\u00e1l\u00f3dik, amely le\u00e1ll\u00edtja a nyomtat\u00e1si folyamatot a modellhib\u00e1k vagy a sz\u00e1lpazarl\u00e1s elker\u00fcl\u00e9se \u00e9rdek\u00e9ben.<\/span><\/li>\n<li style=\"font-weight: 400;\" aria-level=\"1\"><b>Intelligens \u00f6n\u00e9letrajz nyomtat\u00e1s<\/b><span style=\"font-weight: 400;\">: \u00c1ramsz\u00fcnet ut\u00e1n a nyomtat\u00e1s azonnal \u00fajraindul, amint helyre\u00e1ll az \u00e1ramell\u00e1t\u00e1s.<\/span><\/li>\n<\/ul>\n<h2><b>Intuit\u00edv 4,3 h\u00fcvelykes k\u00e9perny\u0151<\/b><\/h2>\n<p><span style=\"font-weight: 400;\">A m\u00e1gneses 4,3 h\u00fcvelykes \u00e9rint\u0151k\u00e9perny\u0151 a nyomtat\u00f3 alapj\u00e1ra szerelhet\u0151 vagy k\u00e9nyelmesen k\u00e9zben tarthat\u00f3.<\/span><\/p>\n<h2><b>Nyomtat\u00e1s LAN-h\u00e1l\u00f3zatokon kereszt\u00fcl<\/b><\/h2>\n<p><span style=\"font-weight: 400;\">Ak\u00e1r t\u00e1vvez\u00e9rl\u00e9sr\u0151l, ak\u00e1r fel\u00fcgyeletr\u0151l van sz\u00f3, a webes termin\u00e1lon kereszt\u00fcl mindig \u00e1ttekintheti a nyomtat\u00e1si folyamatot.<\/span><\/p>\n<h2><b>K\u00e9nyelmetlen X\/Y-tengelyes sz\u00edjfesz\u00edt\u00e9s \u00e9s fokozott Y-tengelyes k\u00e9pess\u00e9g<\/b><\/h2>\n<p><span style=\"font-weight: 400;\">Az optim\u00e1lis sz\u00edjfesz\u00edt\u00e9s el\u00e9r\u00e9se a gombbal m\u0171k\u00f6dtetett rendszerrel.<\/span><\/p>\n<p><span style=\"font-weight: 400;\">A kisz\u00e9les\u00edtett Y-tengelyprofil (56 mm) nagyobb stabilit\u00e1st \u00e9s g\u00f6rd\u00fcl\u00e9kenyebb mozg\u00e1st biztos\u00edt.<\/span><\/p>\n<h2><b>Kett\u0151s Z-tengelyes motorok vez\u00e9rl\u0151csavarokkal<\/b><\/h2>\n<p><span style=\"font-weight: 400;\">A Neptune 4 Pro k\u00e9t robusztus Z-tengelyes motorral van felszerelve, mindkett\u0151 \u00f3lomcsavarral, ami el\u0151seg\u00edti a kiv\u00e1l\u00f3 nyomtat\u00e1si min\u0151s\u00e9get \u00e9s a fokozott pontoss\u00e1got.<\/span><\/p>\n<h2><b>Megvil\u00e1g\u00edtott n\u00e9zet LED f\u00e9nyekkel<\/b><\/h2>\n<p><span style=\"font-weight: 400;\">A Neptune 4 Pro LED-f\u00e9nyekkel van felszerelve. Az egyik LED-l\u00e1mpa k\u00f6zvetlen\u00fcl a f\u00fav\u00f3ka mellett tal\u00e1lhat\u00f3, a nyomtat\u00f3 keret\u00e9nek tetej\u00e9n pedig 30 LED-l\u00e1mp\u00e1val ell\u00e1tott f\u00e9nys\u00e1v tal\u00e1lhat\u00f3. Mindk\u00e9t LED-k\u00e9szlet k\u00f6nnyed\u00e9n vez\u00e9relhet\u0151 az \u00e9rint\u0151k\u00e9perny\u0151n kereszt\u00fcl, lehet\u0151v\u00e9 t\u00e9ve az egyszer\u0171 be- \u00e9s kikapcsol\u00e1st.  <\/span><\/p>\n<h2><b>Neptune 4 Pro versus Neptune 4<\/b><\/h2>\n<p><span style=\"font-weight: 400;\">B\u00e1r ezek a nyomtat\u00f3k sz\u00e1mos hasonl\u00f3 tulajdons\u00e1ggal rendelkeznek, a Neptune 4 Pro h\u00e1rom kulcsfontoss\u00e1g\u00fa k\u00fcl\u00f6nbs\u00e9ggel k\u00fcl\u00f6nb\u00f6zteti meg \u0151ket egym\u00e1st\u00f3l:<\/span><\/p>\n<ul>\n<li style=\"font-weight: 400;\" aria-level=\"1\"><span style=\"font-weight: 400;\">K\u00e9tz\u00f3n\u00e1s f\u0171t\u00f6tt \u00e1gy<\/span><span style=\"font-weight: 400;\"><br \/>\n<\/span><span style=\"font-weight: 400;\">Mindk\u00e9t modell 250 wattos f\u0171t\u00f6tt \u00e1ggyal van felszerelve. A Neptune 4 Pro azonban intelligens f\u0171t\u00f6tt \u00e1gy kialak\u00edt\u00e1ssal rendelkezik, k\u00e9t k\u00fcl\u00f6n\u00e1ll\u00f3 f\u0171t\u00e9si ter\u00fclettel (150 watt + 100 watt). <\/span><\/li>\n<li style=\"font-weight: 400;\" aria-level=\"1\"><span style=\"font-weight: 400;\">T\u00f6m\u00f6r, teljesen f\u00e9m v\u00e1z<\/span><\/li>\n<li style=\"font-weight: 400;\" aria-level=\"1\"><span style=\"font-weight: 400;\">Robusztus, teljesen f\u00e9mb\u0151l k\u00e9sz\u00fclt line\u00e1ris s\u00edn<\/span><\/li>\n<\/ul>\n","protected":false},"excerpt":{"rendered":"<p><span style=\"font-weight: 400;\">Gyors, stabil \u00e9s robusztus. Ez az FDM nyomtat\u00f3 nagy teljes\u00edtm\u00e9ny\u0171 \u00e9s nagy sebess\u00e9g\u0171 alaplappal van felszerelve, amely elk\u00e9peszt\u0151, 500 mm\/s maxim\u00e1lis sebess\u00e9get \u00e9r el.   <\/span><\/p>\n","protected":false},"featured_media":57410,"comment_status":"closed","ping_status":"closed","template":"","meta":{"_acf_changed":false},"product_brand":[],"product_cat":[2422,1679],"product_tag":[],"brand":[],"class_list":{"0":"post-57402","1":"product","2":"type-product","3":"status-publish","4":"has-post-thumbnail","6":"product_cat-elegoo-hu","7":"product_cat-elado","9":"first","10":"instock","11":"sale","12":"taxable","13":"shipping-taxable","14":"purchasable","15":"product-type-simple"},"acf":[],"_links":{"self":[{"href":"https:\/\/azurefilm.com\/hu\/wp-json\/wp\/v2\/product\/57402","targetHints":{"allow":["GET"]}}],"collection":[{"href":"https:\/\/azurefilm.com\/hu\/wp-json\/wp\/v2\/product"}],"about":[{"href":"https:\/\/azurefilm.com\/hu\/wp-json\/wp\/v2\/types\/product"}],"replies":[{"embeddable":true,"href":"https:\/\/azurefilm.com\/hu\/wp-json\/wp\/v2\/comments?post=57402"}],"wp:featuredmedia":[{"embeddable":true,"href":"https:\/\/azurefilm.com\/hu\/wp-json\/wp\/v2\/media\/57410"}],"wp:attachment":[{"href":"https:\/\/azurefilm.com\/hu\/wp-json\/wp\/v2\/media?parent=57402"}],"wp:term":[{"taxonomy":"product_brand","embeddable":true,"href":"https:\/\/azurefilm.com\/hu\/wp-json\/wp\/v2\/product_brand?post=57402"},{"taxonomy":"product_cat","embeddable":true,"href":"https:\/\/azurefilm.com\/hu\/wp-json\/wp\/v2\/product_cat?post=57402"},{"taxonomy":"product_tag","embeddable":true,"href":"https:\/\/azurefilm.com\/hu\/wp-json\/wp\/v2\/product_tag?post=57402"},{"taxonomy":"brand","embeddable":true,"href":"https:\/\/azurefilm.com\/hu\/wp-json\/wp\/v2\/brand?post=57402"}],"curies":[{"name":"wp","href":"https:\/\/api.w.org\/{rel}","templated":true}]}}