
{"id":57423,"date":"2023-10-29T14:42:40","date_gmt":"2023-10-29T14:42:40","guid":{"rendered":"https:\/\/azurefilm.com\/product\/bambu-lab-p1p\/"},"modified":"2025-04-11T10:56:49","modified_gmt":"2025-04-11T10:56:49","slug":"bambu-lab-p1p","status":"publish","type":"product","link":"https:\/\/azurefilm.com\/hu\/termek\/bambu-lab-p1p\/","title":{"rendered":"Bambu Lab P1P"},"content":{"rendered":"<h2>Gyors telep\u00edt\u00e9s, maxim\u00e1lis k\u00e9nyelem<\/h2>\n<p><span style=\"font-weight: 400;\">Kezdje el a nyomtat\u00e1si utat mind\u00f6ssze 15 perc alatt. Nincs sz\u00fcks\u00e9g bonyolult \u00f6sszeszerel\u00e9sre vagy bark\u00e1csol\u00e1sra. A P1P m\u00e1r a dobozb\u00f3l kiv\u00e9ve k\u00e9szen \u00e1ll a haszn\u00e1latra, \u00edgy minden nap gondtalan nyomtat\u00e1st \u00e9s egyenletes min\u0151s\u00e9get biztos\u00edt.  <\/span><\/p>\n<h2>Nagy sebess\u00e9g\u0171 prec\u00edzi\u00f3s nyomtat\u00e1s<\/h2>\n<p><span style=\"font-weight: 400;\">Tapasztalja meg a vill\u00e1mgyors 3D nyomtat\u00e1st a<\/span><b> ak\u00e1r 20.000 mm\/s\u00b2 gyorsul\u00e1ssal<\/b><span style=\"font-weight: 400;\">. Thanks to the CoreXY system, the P1 series achieves   <\/span><b>ak\u00e1r 500 mm\/s sebess\u00e9g<\/b><span style=\"font-weight: 400;\">, leny\u0171g\u00f6z\u0151 gyorsul\u00e1ssal <\/span><b>null\u00e1r\u00f3l 500 mm\/s sebess\u00e9gre mind\u00f6ssze 0,025 m\u00e1sodperc alatt<\/b><span style=\"font-weight: 400;\">.<\/span><\/p>\n<h2>Kompatibilis az AMS-szel a t\u00f6bbsz\u00edn\u0171 nyomtat\u00e1shoz<\/h2>\n<p><span style=\"font-weight: 400;\">Szabja a nyomtat\u00e1si \u00e9lm\u00e9nyt az \u00d6n egyedi ig\u00e9nyeihez. A P1P p\u00e1ratlan   <\/span><b>friss\u00edthet\u0151s\u00e9g \u00e9s testreszab\u00e1si lehet\u0151s\u00e9gek<\/b><span style=\"font-weight: 400;\">. With compatibility with AMS, you can explore multi-colour printing, adding depth and vibrancy to your creations.   <\/span><b>Megjegyz\u00e9s: Ha t\u00f6bbsz\u00edn\u0171 nyomtat\u00e1st szeretne feloldani, a megrendel\u00e9shez hozz\u00e1 kell adnia egy <a href=\"https:\/\/azurefilm.com\/hu\/termek\/bambu-lab-ams\/\">AMS egys\u00e9get<\/a>.<\/b><\/p>\n<h2>Korszer\u0171 elektronika<\/h2>\n<p><span style=\"font-weight: 400;\">A P1P a legmodernebb elektronik\u00e1val van felszerelve, amely biztos\u00edtja a legmagasabb szint\u0171 teljes\u00edtm\u00e9nyt \u00e9s megb\u00edzhat\u00f3s\u00e1got.  <\/span><b>Mondjon b\u00facs\u00fat a frusztr\u00e1l\u00f3 nyomtat\u00e1si hib\u00e1knak, \u00e9s \u00fcdv\u00f6z\u00f6lje a sima, kiv\u00e1l\u00f3 min\u0151s\u00e9g\u0171 nyomatokat.<\/b><\/p>\n<h2>Z\u00f6kken\u0151mentes nyomtat\u00e1s, minden alkalommal<\/h2>\n<p><span style=\"font-weight: 400;\">K\u00f6nnyed\u00e9n el\u00e9rheti a nyomtat\u00e1s t\u00f6k\u00e9letess\u00e9g\u00e9t. A P1P egy   <\/span><b>automatikus \u00e1gykiegyenl\u00edt\u00e9s<\/b><span style=\"font-weight: 400;\"> (ABL) <\/span><b>\u00e9rz\u00e9kel\u0151<\/b><span style=\"font-weight: 400;\"> amely kalibr\u00e1lja \u00e9s kiegyenl\u00edti az \u00e1gyat \u00d6n helyett, \u00edgy minden 3D nyomtat\u00e1sn\u00e1l hib\u00e1tlan els\u0151 r\u00e9teget biztos\u00edt. <\/span> <\/p>\n","protected":false},"excerpt":{"rendered":"<p><span style=\"font-weight: 400;\">Emelje a 3D nyomtat\u00e1si j\u00e1t\u00e9k\u00e1t, \u00e9s keltse \u00e9letre elk\u00e9pzel\u00e9seit m\u00e9g ma a <strong>Bambu Lab P1P-vel<\/strong>. Egyszer\u0171 \u00f6sszeszerel\u00e9s, nagy sebess\u00e9g\u0171 prec\u00edzi\u00f3s nyomtat\u00e1s, cs\u00facstechnol\u00f3gi\u00e1s elektronika, t\u00f6bbsz\u00edn\u0171 nyomtat\u00e1si lehet\u0151s\u00e9gek \u00e9s m\u00e9g sok m\u00e1s. <\/span><\/p>\n","protected":false},"featured_media":57424,"comment_status":"closed","ping_status":"closed","template":"","meta":{"_acf_changed":false},"product_brand":[],"product_cat":[1677,1681,1678,1680],"product_tag":[],"brand":[],"class_list":{"0":"post-57423","1":"product","2":"type-product","3":"status-publish","4":"has-post-thumbnail","6":"product_cat-3d-nyomtato","7":"product_cat-bambu-lab-hu","8":"product_cat-fdm-nyomtato","9":"product_cat-minden-3d-nyomtato","11":"first","12":"outofstock","13":"taxable","14":"shipping-taxable","15":"purchasable","16":"product-type-simple"},"acf":[],"_links":{"self":[{"href":"https:\/\/azurefilm.com\/hu\/wp-json\/wp\/v2\/product\/57423","targetHints":{"allow":["GET"]}}],"collection":[{"href":"https:\/\/azurefilm.com\/hu\/wp-json\/wp\/v2\/product"}],"about":[{"href":"https:\/\/azurefilm.com\/hu\/wp-json\/wp\/v2\/types\/product"}],"replies":[{"embeddable":true,"href":"https:\/\/azurefilm.com\/hu\/wp-json\/wp\/v2\/comments?post=57423"}],"wp:featuredmedia":[{"embeddable":true,"href":"https:\/\/azurefilm.com\/hu\/wp-json\/wp\/v2\/media\/57424"}],"wp:attachment":[{"href":"https:\/\/azurefilm.com\/hu\/wp-json\/wp\/v2\/media?parent=57423"}],"wp:term":[{"taxonomy":"product_brand","embeddable":true,"href":"https:\/\/azurefilm.com\/hu\/wp-json\/wp\/v2\/product_brand?post=57423"},{"taxonomy":"product_cat","embeddable":true,"href":"https:\/\/azurefilm.com\/hu\/wp-json\/wp\/v2\/product_cat?post=57423"},{"taxonomy":"product_tag","embeddable":true,"href":"https:\/\/azurefilm.com\/hu\/wp-json\/wp\/v2\/product_tag?post=57423"},{"taxonomy":"brand","embeddable":true,"href":"https:\/\/azurefilm.com\/hu\/wp-json\/wp\/v2\/brand?post=57423"}],"curies":[{"name":"wp","href":"https:\/\/api.w.org\/{rel}","templated":true}]}}