
{"id":57434,"date":"2023-10-29T14:42:00","date_gmt":"2023-10-29T14:42:00","guid":{"rendered":"https:\/\/azurefilm.com\/product\/liqcreate-standard-clear-utesallo-gyanta\/"},"modified":"2025-08-22T11:19:54","modified_gmt":"2025-08-22T11:19:54","slug":"liqcreate-standard-clear-utesallo-gyanta","status":"publish","type":"product","link":"https:\/\/azurefilm.com\/hu\/termek\/liqcreate-standard-clear-utesallo-gyanta\/","title":{"rendered":"Liqcreate Standard Clear \u00fct\u00e9s\u00e1ll\u00f3 gyanta"},"content":{"rendered":"<h2><b>Liqcreate Standard Clear Impact<\/b><\/h2>\n<p><span style=\"font-weight: 400;\">A Liqcreate Clear Impact egy speci\u00e1lis fotopolimer gyanta, amelyet SLA, DLP \u00e9s MSLA 3D nyomtat\u00e1si technol\u00f3gi\u00e1khoz terveztek a 385 &#8211; 405 nm-es tartom\u00e1nyban. Az ezzel a gyant\u00e1val k\u00e9sz\u00edtett t\u00e1rgyak b\u00fcszk\u00e9lkedhetnek a k\u00f6vetkez\u0151kkel   <\/span><b>t\u00f6k\u00e9letes \u00e1tl\u00e1that\u00f3s\u00e1g, enyhe rugalmass\u00e1g \u00e9s kiv\u00e9teles \u00fct\u00e9s\u00e1ll\u00f3s\u00e1g<\/b><span style=\"font-weight: 400;\">.<\/span> <span style=\"font-weight: 400;\">Ez az egyed\u00fcl\u00e1ll\u00f3 tiszta gyanta <\/span><b>szabottan<\/b> <b>olyan \u00e1tl\u00e1tsz\u00f3 funkcion\u00e1lis alkatr\u00e9szek k\u00e9sz\u00edt\u00e9s\u00e9re, amelyek ism\u00e9telt ig\u00e9nybev\u00e9telt is kib\u00edrnak<\/b><\/p>\n<p><span style=\"font-weight: 400;\">, k\u00f6sz\u00f6nhet\u0151en a nagy sz\u00edv\u00f3ss\u00e1g\u00e1nak. Ezen k\u00edv\u00fcl alacsony v\u00edzfelv\u00e9tel, id\u0151j\u00e1r\u00e1s\u00e1ll\u00f3s\u00e1g \u00e9s minim\u00e1lis s\u00e1rgul\u00e1s jellemzi, \u00edgy a legmegfelel\u0151bb   <\/span><b>kiv\u00e1l\u00f3 v\u00e1laszt\u00e1s k\u00fclt\u00e9ri \u00e9s display alkalmaz\u00e1sokhoz egyar\u00e1nt<\/b><span style=\"font-weight: 400;\">. Get the clarity and strength you need with Liqcreate Clear Impact. <\/span><\/p>\n<h3><strong>Tulajdons\u00e1gok:<\/strong><\/h3>\n<ul>\n<li style=\"font-weight: 400;\" aria-level=\"1\"><span style=\"font-weight: 400;\">\u00dct\u00e9s\u00e1ll\u00f3s\u00e1g<\/span><\/li>\n<li style=\"font-weight: 400;\" aria-level=\"1\"><span style=\"font-weight: 400;\">Optikailag tiszta<\/span><\/li>\n<li style=\"font-weight: 400;\" aria-level=\"1\"><span style=\"font-weight: 400;\">Id\u0151j\u00e1r\u00e1s\u00e1ll\u00f3<\/span><\/li>\n<\/ul>\n<p><img decoding=\"async\" class=\"alignnone size-medium wp-image-18675\" src=\"https:\/\/azurefilm.com\/wp-content\/uploads\/2023\/10\/Liqcreate_Clear_Impact_Properties-Enhanced-SR.jpg\" alt=\"  Sz\u00e9less\u00e9g...\" height=\"357\" title=\"\"><\/p>\n","protected":false},"excerpt":{"rendered":"<p>Tapasztalja meg a Liqcreate Standard Clear Impact gyanta t\u00f6k\u00e9letes \u00e1tl\u00e1tsz\u00f3s\u00e1g\u00e1t, enyhe rugalmass\u00e1g\u00e1t \u00e9s kiv\u00e9teles \u00fct\u00e9s\u00e1ll\u00f3s\u00e1g\u00e1t.<\/p>\n","protected":false},"featured_media":57439,"comment_status":"closed","ping_status":"closed","template":"","meta":{"_acf_changed":false},"product_brand":[],"product_cat":[1686,2420,1688,2370,2418],"product_tag":[],"brand":[],"class_list":{"0":"post-57434","1":"product","2":"type-product","3":"status-publish","4":"has-post-thumbnail","6":"product_cat-3d-filmek","7":"product_cat-ipari-gyanta","8":"product_cat-minden-film","9":"product_cat-resin-hu","10":"product_cat-standard-gyanta","11":"pa_colour-transparent","12":"pa_resin-technology-dlp","13":"pa_resin-technology-lcd-msla","14":"pa_resin-technology-sla","15":"pa_resin-type-industrial","16":"pa_resin-type-standard","17":"pa_resin-weight-1000g","19":"first","20":"instock","21":"taxable","22":"shipping-taxable","23":"purchasable","24":"product-type-simple"},"acf":[],"_links":{"self":[{"href":"https:\/\/azurefilm.com\/hu\/wp-json\/wp\/v2\/product\/57434","targetHints":{"allow":["GET"]}}],"collection":[{"href":"https:\/\/azurefilm.com\/hu\/wp-json\/wp\/v2\/product"}],"about":[{"href":"https:\/\/azurefilm.com\/hu\/wp-json\/wp\/v2\/types\/product"}],"replies":[{"embeddable":true,"href":"https:\/\/azurefilm.com\/hu\/wp-json\/wp\/v2\/comments?post=57434"}],"wp:featuredmedia":[{"embeddable":true,"href":"https:\/\/azurefilm.com\/hu\/wp-json\/wp\/v2\/media\/57439"}],"wp:attachment":[{"href":"https:\/\/azurefilm.com\/hu\/wp-json\/wp\/v2\/media?parent=57434"}],"wp:term":[{"taxonomy":"product_brand","embeddable":true,"href":"https:\/\/azurefilm.com\/hu\/wp-json\/wp\/v2\/product_brand?post=57434"},{"taxonomy":"product_cat","embeddable":true,"href":"https:\/\/azurefilm.com\/hu\/wp-json\/wp\/v2\/product_cat?post=57434"},{"taxonomy":"product_tag","embeddable":true,"href":"https:\/\/azurefilm.com\/hu\/wp-json\/wp\/v2\/product_tag?post=57434"},{"taxonomy":"brand","embeddable":true,"href":"https:\/\/azurefilm.com\/hu\/wp-json\/wp\/v2\/brand?post=57434"}],"curies":[{"name":"wp","href":"https:\/\/api.w.org\/{rel}","templated":true}]}}