
{"id":57442,"date":"2023-10-30T14:11:41","date_gmt":"2023-10-30T14:11:41","guid":{"rendered":"https:\/\/azurefilm.com\/product\/creality-k1-max\/"},"modified":"2025-04-11T10:42:36","modified_gmt":"2025-04-11T10:42:36","slug":"creality-k1-max","status":"publish","type":"product","link":"https:\/\/azurefilm.com\/hu\/termek\/creality-k1-max\/","title":{"rendered":"Creality K1 Max"},"content":{"rendered":"<p><iframe loading=\"lazy\" title=\"YouTube vide\u00f3 lej\u00e1tsz\u00f3\" src=\"https:\/\/www.youtube.com\/embed\/zu0anWcRkus\" width=\"560\" height=\"315\" frameborder=\"0\" allowfullscreen=\"allowfullscreen\"><\/iframe><\/p>\n<p><span style=\"font-weight: 400;\">A Creality K1 Max nyomtat\u00f3 sz\u00e1mos nagyszer\u0171 funkci\u00f3val rendelkezik, amelyek extra \u00e9lvezetess\u00e9 teszik a 3D \u00e9lm\u00e9nyt. Eml\u00edts\u00fcnk csak n\u00e9h\u00e1nyat a legjobbak k\u00f6z\u00fcl! <\/span><\/p>\n<h2><strong>Sebess\u00e9ge  <\/strong><\/h2>\n<p><span style=\"font-weight: 400;\">A 600 mm\/s maxim\u00e1lis sebess\u00e9g\u00e9vel \u00e9s azzal, hogy 12-szer gyorsabb, mint egy hagyom\u00e1nyos FDM 3D nyomtat\u00f3, ezt a nyomtat\u00f3t a &#8220;sebess\u00e9g kir\u00e1ly\u00e1nak&#8221; is nevezhetn\u00e9nk. A hihetetlen 20000 mm\/s\u00b2-es gyorsul\u00e1ssal a Creality K1 Max mind\u00f6ssze 0,03 s alatt gyorsul fel 600 mm\/s-ra, \u00edgy a nyomtat\u00e1si id\u0151 90%-a alatt teljes sebess\u00e9get biztos\u00edt. A nyomtat\u00f3 gyors sebess\u00e9ge ler\u00f6vid\u00edti a nyomtat\u00e1si id\u0151t, n\u00f6veli a hat\u00e9konys\u00e1got, \u00e9s rengeteg energi\u00e1t is megtakar\u00edt.    <\/span><\/p>\n<h2><strong>Robusztus, de eszt\u00e9tikus kivitel  <\/strong><\/h2>\n<p><span style=\"font-weight: 400;\">A Creality K1 Max nagyon massz\u00edv kialak\u00edt\u00e1s\u00fa, ami lehet\u0151v\u00e9 teszi, hogy a nyomtat\u00f3 nagy nyomtat\u00e1si sebess\u00e9get \u00e9rjen el an\u00e9lk\u00fcl, hogy a v\u00e9gmin\u0151s\u00e9get befoly\u00e1soln\u00e1. A szil\u00e1rd CoreXY szerkezetet \u00e9s a k\u00f6nny\u0171 nyomtat\u00f3fejet (s\u00falya mind\u00f6ssze 190 g) a nagy sebess\u00e9ghez tervezt\u00e9k. A robusztus v\u00e1z a mozg\u00f3 alkatr\u00e9szek k\u00f6nny\u0171 kialak\u00edt\u00e1s\u00e1val kombin\u00e1lva nemcsak kisebb tehetetlens\u00e9get \u00e9s rezg\u00e9st, hanem nagyobb stabilit\u00e1st is biztos\u00edt. \u00c9p\u00edt\u00e9si t\u00e9rfogata 300 x 300 x 300 mm, \u00e9s a hasonl\u00f3 \u00e9p\u00edt\u00e9si t\u00e9rfogat\u00fa FDM 3D nyomtat\u00f3k k\u00f6z\u00f6tt a legkompaktabb.   <\/span><\/p>\n<p><span style=\"font-weight: 400;\">Ennek ellen\u00e9re a nyomtat\u00f3 nagyon men\u0151 diz\u00e1jnnal rendelkezik, amely b\u00e1rhol j\u00f3l fog kin\u00e9zni, ahov\u00e1 csak elhelyezi.<\/span><\/p>\n<h2><strong>Teljes teljes\u00edtm\u00e9ny 32 mm\u00b3\/s \u00e1raml\u00e1sn\u00e1l  <\/strong><\/h2>\n<p><span style=\"font-weight: 400;\">A Creality a Creality K1 Max nyomtat\u00f3hoz kifejlesztett egy \u00faj ker\u00e1mia f\u0171t\u0151berendez\u00e9st, amely mind\u00f6ssze 40 m\u00e1sodperc alatt \u00e9ri el a 200\u00b0C-os h\u0151m\u00e9rs\u00e9kletet, \u00e9s gyorsan \u00e9s egyenletesen olvasztja meg a filamenteket.<\/span><\/p>\n<p><span style=\"font-weight: 400;\">A nyomtat\u00f3 tit\u00e1n\u00f6tv\u00f6zetb\u0151l k\u00e9sz\u00fclt h\u0151t\u00f6r\u0151vel \u00e9s r\u00e9z\u00f6tv\u00f6zetb\u0151l k\u00e9sz\u00fclt f\u00fav\u00f3k\u00e1val is rendelkezik, amelyet magas h\u0151m\u00e9rs\u00e9kletre terveztek, \u00e9s ak\u00e1r 300\u00b0C-on is t\u00f6k\u00e9letesen m\u0171k\u00f6dik.<\/span><\/p>\n<h2><strong>Hat\u00e9kony h\u0171t\u0151rendszer<\/strong><\/h2>\n<p><span style=\"font-weight: 400;\">A Creality K1 Max nyomtat\u00f3feje nagyon hat\u00e9kony k\u00e9toldali h\u0171t\u00e9ssel rendelkezik, amely a frissen nyomtatott r\u00e9tegeket k\u00f6zvetlen\u00fcl k\u00e9t oldalr\u00f3l h\u0171ti. Egy 18 wattos h\u00e1zi ventil\u00e1tor m\u00e9g tov\u00e1bb fokozza a h\u0171t\u00e9si hat\u00e1st. Ennek a h\u0171t\u0151rendszernek k\u00f6sz\u00f6nhet\u0151en a modell m\u00e9g azel\u0151tt megszil\u00e1rdul, hogy b\u00e1rmilyen zsin\u00f3r- vagy vetemed\u00e9s keletkezhetne.  <\/span><\/p>\n<h2><strong>K\u00e9z n\u00e9lk\u00fcli automatikus szintez\u00e9s  <\/strong><\/h2>\n<p><span style=\"font-weight: 400;\">A pontos szintez\u00e9si h\u00e1l\u00f3 l\u00e9trehoz\u00e1s\u00e1hoz a h\u0151\u00e1gyba be\u00e1gyazott ny\u00fal\u00e1s\u00e9rz\u00e9kel\u0151ket haszn\u00e1lnak. Ez azt jelenti, hogy a nyomtat\u00e1s megkezd\u00e9se el\u0151tt automatikus kiegyenl\u00edt\u00e9s t\u00f6rt\u00e9nik, \u00e9s \u00d6n minden tov\u00e1bbi munka n\u00e9lk\u00fcl t\u00f6k\u00e9letesen egyenletes lemezt kap. <\/span><\/p>\n<h2><strong>Gyorsf\u0171t\u00e9ses h\u0151\u00e1gy  <\/strong><\/h2>\n<p><span style=\"font-weight: 400;\">Az alum\u00ednium\u00f6tv\u00f6zetb\u0151l k\u00e9sz\u00fclt h\u0151\u00e1gy mind\u00f6ssze 180 m\u00e1sodperc alatt \u00e9ri el a 60\u00b0C-ot, \u00e9s egyenletesen \u00e9s gyorsan ter\u00edti a h\u0151t.<\/span><\/p>\n<h2><strong>Nincs cs\u00f6rg\u00e9s nagy sebess\u00e9gn\u00e9l  <\/strong><\/h2>\n<p><span style=\"font-weight: 400;\">Mindannyian tudjuk, hogy nagyon nagy nyomtat\u00e1si sebess\u00e9gn\u00e9l ideges\u00edt\u0151 cseng\u00e9s l\u00e9p fel. A Creality K1 Max nyomtat\u00f3val nem lesz ilyen probl\u00e9m\u00e1ja a nyomtat\u00f3fejbe integr\u00e1lt G-\u00e9rz\u00e9kel\u0151nek k\u00f6sz\u00f6nhet\u0151en. A G-\u00e9rz\u00e9kel\u0151 m\u00e9ri a rezonanciafrekvenci\u00e1kat, \u00e9s sz\u00fcks\u00e9g eset\u00e9n automatikusan hangolja azokat.  <\/span><\/p>\n<h2><strong>Gondtalan ellen\u0151rz\u00e9s  <\/strong><\/h2>\n<p><span style=\"font-weight: 400;\">A Creality K1 Max USB-meghajt\u00f3n vagy WiFi-n kereszt\u00fcl is tud nyomtatni. Amint a nyomtat\u00e1s befejez\u0151d\u00f6tt, vagy valamilyen nyomtat\u00e1si probl\u00e9ma mer\u00fcl fel, \u00e9rtes\u00edt\u00e9st kap telefonj\u00e1n vagy sz\u00e1m\u00edt\u00f3g\u00e9p\u00e9n. <\/span><\/p>\n<p><span style=\"font-weight: 400;\">H\u00e1l\u00f3zati kapcsolat eset\u00e9n a Creality K1 Max t\u00e1volr\u00f3l is vez\u00e9relhet\u0151 vagy fel\u00fcgyelhet\u0151 a Creality Print vagy a Creality Cloud APP\/WEB alkalmaz\u00e1sb\u00f3l (ebben az esetben sz\u00fcks\u00e9g van egy AI kamer\u00e1ra), \u00e9s ez akkor is lehets\u00e9ges, ha t\u00f6bb K1 nyomtat\u00f3 van online csatlakoztatva.<\/span><\/p>\n<h2><strong>Intelligens oper\u00e1ci\u00f3s rendszer  <\/strong><\/h2>\n<p><span style=\"font-weight: 400;\">A Creality K1 Max gyors \u00e9s intelligens Creality oper\u00e1ci\u00f3s rendszerrel (Creality OS) \u00e9s k\u00f6nnyen haszn\u00e1lhat\u00f3 fel\u00fclettel rendelkezik. Az oper\u00e1ci\u00f3s rendszer szinkroniz\u00e1lja az adatokat \u00e9s a parancsokat a PC-vel, a telefonnal, a felh\u0151vel \u00e9s a kieg\u00e9sz\u00edt\u0151 modulokkal. A nyomtat\u00f3 nagyon gyors k\u00e9tmagos (1,2 GHz-es CPU) processzorral rendelkezik, amely nagy sebess\u00e9g\u0171 nyomtat\u00e1st tesz lehet\u0151v\u00e9 k\u00f6nnyed\u00e9n. Egy m\u00e1sik klassz dolog a 8G ROM, amely lehet\u0151v\u00e9 teszi, hogy ak\u00e1r 400 modellt is t\u00e1rolhasson, \u00e9s a nyomtat\u00f3 gyors legyen az olvas\u00e1sban \u00e9s az \u00edr\u00e1sban.   <\/span><\/p>\n","protected":false},"excerpt":{"rendered":"<p>Hadd mutassuk be \u00d6nnek a <strong> Creality<\/strong> forradalmi FDM 3D nyomtat\u00f3j\u00e1t <strong>, a K1 MAX-ot!<\/strong> Ez az \u00e9lvonalbeli nyomtat\u00f3 viharral fogja megh\u00f3d\u00edtani a 3D vil\u00e1got, \u00e9s <strong>hihetetlen sebess\u00e9ggel <\/strong> <strong>k\u00e9sz\u00edt kiv\u00e1l\u00f3 min\u0151s\u00e9g\u0171 nyomatokat<\/strong>.  De a hat\u00e9konys\u00e1ga nem az egyetlen dolog, ami\u00e9rt izgatott lehet. Nagy b\u00f3nusz, hogy <strong>a K1 MAX nyomtat\u00f3t m\u00e1r teljesen \u00f6sszeszerelve, kalibr\u00e1lva \u00e9s azonnal haszn\u00e1latra k\u00e9szen kapja meg.<\/strong> Csak k\u00f6vesse az egyszer\u0171 \u00fatmutat\u00f3t, amely v\u00e9gigvezet a 3D nyomtat\u00f3 be\u00e1ll\u00edt\u00e1s\u00e1n, \u00e9s m\u00e1ris <strong>kezdheti a nyomtat\u00e1st<\/strong>! <\/p>\n","protected":false},"featured_media":57443,"comment_status":"closed","ping_status":"closed","template":"","meta":{"_acf_changed":false},"product_brand":[],"product_cat":[1677,2251,1678,1680],"product_tag":[],"brand":[],"class_list":{"0":"post-57442","1":"product","2":"type-product","3":"status-publish","4":"has-post-thumbnail","6":"product_cat-3d-nyomtato","7":"product_cat-creality-hu","8":"product_cat-fdm-nyomtato","9":"product_cat-minden-3d-nyomtato","11":"first","12":"instock","13":"taxable","14":"shipping-taxable","15":"purchasable","16":"product-type-simple"},"acf":[],"_links":{"self":[{"href":"https:\/\/azurefilm.com\/hu\/wp-json\/wp\/v2\/product\/57442","targetHints":{"allow":["GET"]}}],"collection":[{"href":"https:\/\/azurefilm.com\/hu\/wp-json\/wp\/v2\/product"}],"about":[{"href":"https:\/\/azurefilm.com\/hu\/wp-json\/wp\/v2\/types\/product"}],"replies":[{"embeddable":true,"href":"https:\/\/azurefilm.com\/hu\/wp-json\/wp\/v2\/comments?post=57442"}],"wp:featuredmedia":[{"embeddable":true,"href":"https:\/\/azurefilm.com\/hu\/wp-json\/wp\/v2\/media\/57443"}],"wp:attachment":[{"href":"https:\/\/azurefilm.com\/hu\/wp-json\/wp\/v2\/media?parent=57442"}],"wp:term":[{"taxonomy":"product_brand","embeddable":true,"href":"https:\/\/azurefilm.com\/hu\/wp-json\/wp\/v2\/product_brand?post=57442"},{"taxonomy":"product_cat","embeddable":true,"href":"https:\/\/azurefilm.com\/hu\/wp-json\/wp\/v2\/product_cat?post=57442"},{"taxonomy":"product_tag","embeddable":true,"href":"https:\/\/azurefilm.com\/hu\/wp-json\/wp\/v2\/product_tag?post=57442"},{"taxonomy":"brand","embeddable":true,"href":"https:\/\/azurefilm.com\/hu\/wp-json\/wp\/v2\/brand?post=57442"}],"curies":[{"name":"wp","href":"https:\/\/api.w.org\/{rel}","templated":true}]}}