
{"id":57469,"date":"2023-11-14T09:09:00","date_gmt":"2023-11-14T09:09:00","guid":{"rendered":"https:\/\/azurefilm.com\/product\/petg-pasztellszal-mentazold\/"},"modified":"2025-08-22T11:20:34","modified_gmt":"2025-08-22T11:20:34","slug":"petg-pasztellszal-mentazold","status":"publish","type":"product","link":"https:\/\/azurefilm.com\/hu\/termek\/petg-pasztellszal-mentazold\/","title":{"rendered":"PETG pasztellsz\u00e1l mentaz\u00f6ld"},"content":{"rendered":"<h2><b>PETG pasztell<\/b><\/h2>\n<p><span style=\"font-weight: 400;\">A PETG Pastel sz\u00e1lak a k\u00f6vetkez\u0151 jellemz\u0151kkel rendelkeznek <\/span><b>gyeng\u00e9d \u00e9s l\u00e1gy \u00e1rnyalatok<\/b><span style=\"font-weight: 400;\">. This collection presents a <\/span><b>l\u00e1gy sz\u00ednpaletta<\/b><span style=\"font-weight: 400;\"> sz\u00e1mos k\u00fcl\u00f6nb\u00f6z\u0151 felhaszn\u00e1l\u00e1si ter\u00fcletre alkalmas, p\u00e9ld\u00e1ul dekor\u00e1ci\u00f3s darabok, elektronikus k\u00fcty\u00fck, figur\u00e1k \u00e9s sok m\u00e1s. A PETG Pastel filament kiemelkedik a k\u00f6vetkez\u0151 tulajdons\u00e1gai miatt <\/span><b>felhaszn\u00e1l\u00f3bar\u00e1t jellemz\u0151k<\/b><span style=\"font-weight: 400;\">, \u00edgy kiv\u00e1l\u00f3 v\u00e1laszt\u00e1s kezd\u0151k sz\u00e1m\u00e1ra.<\/span><\/p>\n<h3><strong><b>PETG pasztellsz\u00e1l mentaz\u00f6ld<\/b><\/strong><\/h3>\n<p><span style=\"font-weight: 400;\">L\u00e1gy \u00e9s mentolos friss nyomatokat k\u00e9sz\u00edthet a PETG Pastel filament mentaz\u00f6lddel.<\/span><\/p>\n<p><span style=\"font-weight: 400;\">Ha t\u00f6bbet szeretne megtudni a PETG sz\u00e1lakr\u00f3l, olvassa el a <a href=\"https:\/\/azurefilm.com\/hu\/2023\/07\/10\/petg-szalak-minden-amit-tudnia-kell\/\" target=\"_blank\" rel=\"noopener\"><strong>blogot.<\/strong><\/a><\/span><\/p>\n<p><span style=\"font-weight: 400;\">Hozz\u00e1f\u00e9rhet a <\/span><b>M\u0171szaki adatlap<\/b><span style=\"font-weight: 400;\"><a href=\"https:\/\/azurefilm.com\/hu\/technical-data-sheets\/\" target=\"_blank\" rel=\"noopener\"><strong> itt<\/strong><\/a>.<\/span><\/p>\n<h3><strong>Nyomtat\u00e1si aj\u00e1nl\u00e1sok:<\/strong><\/h3>\n<ul>\n<li style=\"font-weight: 400;\" aria-level=\"1\"><span style=\"font-weight: 400;\">A legjobb eredm\u00e9ny \u00e9rdek\u00e9ben 220-240\u00b0C-on nyomtasson. <\/span><\/li>\n<li style=\"font-weight: 400;\" aria-level=\"1\"><span style=\"font-weight: 400;\">A nyomtat\u00f3asztal aj\u00e1nlott h\u0151m\u00e9rs\u00e9klete 80\u00b0C.<\/span><\/li>\n<li style=\"font-weight: 400;\" aria-level=\"1\"><span style=\"font-weight: 400;\">Haszn\u00e1ljon \u00fcveg\u00e1gyat, PEI lapot, Kapton vagy k\u00e9k szalagot az \u00e9p\u00edt\u00e9si platformhoz 3Dlac spray-vel.<\/span><\/li>\n<\/ul>\n<p><i><span style=\"font-weight: 400;\">*A k\u00fcl\u00f6nb\u00f6z\u0151 nyomtat\u00f3k haszn\u00e1lata eset\u00e9n az ide\u00e1lis h\u0151m\u00e9rs\u00e9klet elt\u00e9r\u0151 lehet.<\/span><\/i><\/p>\n","protected":false},"excerpt":{"rendered":"<p><span style=\"font-weight: 400;\">L\u00e1gy \u00e9s mentolos friss nyomatokat k\u00e9sz\u00edthet a PETG Pastel filament mentaz\u00f6lddel.<\/span><\/p>\n","protected":false},"featured_media":111783,"comment_status":"closed","ping_status":"closed","template":"","meta":{"_acf_changed":false},"product_brand":[],"product_cat":[2349,1686,1688,2177],"product_tag":[],"brand":[267],"class_list":{"0":"post-57469","1":"product","2":"type-product","3":"status-publish","4":"has-post-thumbnail","6":"product_cat-petg-pasztell","7":"product_cat-3d-filmek","8":"product_cat-minden-film","9":"product_cat-petg-szalak","10":"pa_colour-green","11":"pa_filament-diameter-1-75mm","12":"pa_filament-weight-1000g","13":"brand-azurefilm","15":"first","16":"instock","17":"taxable","18":"shipping-taxable","19":"purchasable","20":"product-type-variable"},"acf":[],"_links":{"self":[{"href":"https:\/\/azurefilm.com\/hu\/wp-json\/wp\/v2\/product\/57469","targetHints":{"allow":["GET"]}}],"collection":[{"href":"https:\/\/azurefilm.com\/hu\/wp-json\/wp\/v2\/product"}],"about":[{"href":"https:\/\/azurefilm.com\/hu\/wp-json\/wp\/v2\/types\/product"}],"replies":[{"embeddable":true,"href":"https:\/\/azurefilm.com\/hu\/wp-json\/wp\/v2\/comments?post=57469"}],"wp:featuredmedia":[{"embeddable":true,"href":"https:\/\/azurefilm.com\/hu\/wp-json\/wp\/v2\/media\/111783"}],"wp:attachment":[{"href":"https:\/\/azurefilm.com\/hu\/wp-json\/wp\/v2\/media?parent=57469"}],"wp:term":[{"taxonomy":"product_brand","embeddable":true,"href":"https:\/\/azurefilm.com\/hu\/wp-json\/wp\/v2\/product_brand?post=57469"},{"taxonomy":"product_cat","embeddable":true,"href":"https:\/\/azurefilm.com\/hu\/wp-json\/wp\/v2\/product_cat?post=57469"},{"taxonomy":"product_tag","embeddable":true,"href":"https:\/\/azurefilm.com\/hu\/wp-json\/wp\/v2\/product_tag?post=57469"},{"taxonomy":"brand","embeddable":true,"href":"https:\/\/azurefilm.com\/hu\/wp-json\/wp\/v2\/brand?post=57469"}],"curies":[{"name":"wp","href":"https:\/\/api.w.org\/{rel}","templated":true}]}}