
{"id":57470,"date":"2023-10-29T14:44:31","date_gmt":"2023-10-29T14:44:31","guid":{"rendered":"https:\/\/azurefilm.com\/product\/bambu-magas-homersekletu-lemez-sima-pei\/"},"modified":"2023-10-29T14:44:31","modified_gmt":"2023-10-29T14:44:31","slug":"bambu-magas-homersekletu-lemez-sima-pei","status":"publish","type":"product","link":"https:\/\/azurefilm.com\/hu\/termek\/bambu-magas-homersekletu-lemez-sima-pei\/","title":{"rendered":"Bambu magas h\u0151m\u00e9rs\u00e9klet\u0171 lemez (sima PEI)"},"content":{"rendered":"<p><span style=\"font-weight: 400;\">Bambu High Temperature Plate &amp; Bambu Engineering Plate: 2 az 1-ben lemez k\u00fcl\u00f6nb\u00f6z\u0151 3D nyomtat\u00e1si ig\u00e9nyekhez.<\/span><\/p>\n<h2><span style=\"font-weight: 400;\">Kett\u0151s funkcionalit\u00e1s<\/span><\/h2>\n<p><span style=\"font-weight: 400;\">Ez a lemez k\u00e9t k\u00fcl\u00f6nb\u00f6z\u0151 \u00e9p\u00edt\u0151lemezt egyes\u00edt egyben. Az egyik oldalon a Bambu High Temperature Plate, m\u00edg a m\u00e1sik oldalon a Bambu Engineering Plate tal\u00e1lhat\u00f3. <\/span><\/p>\n<h2><span style=\"font-weight: 400;\">Bambu magas h\u0151m\u00e9rs\u00e9klet\u0171 lemez<\/span><\/h2>\n<h3><span style=\"font-weight: 400;\">El\u0151ny\u00f6k<\/span><\/h3>\n<ul>\n<li style=\"font-weight: 400;\" aria-level=\"1\"><span style=\"font-weight: 400;\">Ez a lemez a legt\u00f6bb 3D nyomtat\u00e1si sz\u00e1lhoz alkalmas.<\/span><\/li>\n<li style=\"font-weight: 400;\" aria-level=\"1\"><span style=\"font-weight: 400;\">Remek\u00fcl m\u0171k\u00f6dik az automatikus kalibr\u00e1ci\u00f3val az \u00e1raml\u00e1si sebess\u00e9ghez, \u00e9s nem zavarja a LIDAR-t.<\/span><\/li>\n<li style=\"font-weight: 400;\" aria-level=\"1\"><span style=\"font-weight: 400;\">A sima text\u00fara a fel\u00fcleten sima els\u0151 r\u00e9teget ad a nyomatoknak.<\/span><\/li>\n<li style=\"font-weight: 400;\" aria-level=\"1\"><span style=\"font-weight: 400;\">Ez a lemez kiv\u00e1l\u00f3 tapad\u00e1st \u00e9s k\u00f6nny\u0171 nyomtat\u00e1selt\u00e1vol\u00edt\u00e1st biztos\u00edt.<\/span><\/li>\n<li style=\"font-weight: 400;\" aria-level=\"1\"><span style=\"font-weight: 400;\">Felhaszn\u00e1l\u00f3bar\u00e1t \u00e9s a felhaszn\u00e1l\u00f3 \u00e1ltal cser\u00e9lhet\u0151.<\/span><\/li>\n<\/ul>\n<h3><span style=\"font-weight: 400;\">Megfontol\u00e1sok<\/span><\/h3>\n<ul>\n<li style=\"font-weight: 400;\" aria-level=\"1\"><span style=\"font-weight: 400;\">Ez a lemez f\u0171t\u00f6tt \u00e9p\u00edt\u00e9si fel\u00fcletet ig\u00e9nyel.<\/span><\/li>\n<li style=\"font-weight: 400;\" aria-level=\"1\"><span style=\"font-weight: 400;\">Kicsit t\u00f6r\u00e9kenyebb, mint a Bambu Engineering Plate vagy a Textured PEI Plate.<\/span><\/li>\n<\/ul>\n<h2><span style=\"font-weight: 400;\">Bambu m\u00e9rn\u00f6ki lemez<\/span><\/h2>\n<h3><span style=\"font-weight: 400;\">El\u0151ny\u00f6k<\/span><\/h3>\n<ul>\n<li style=\"font-weight: 400;\" aria-level=\"1\"><span style=\"font-weight: 400;\">Ezt a lemezt olyan technikai sz\u00e1lakhoz tervezt\u00e9k, mint a hajl\u00e9kony (TPU), PETG, PET-CF, ABS, PC, PA \u00e9s egy\u00e9b.<\/span><\/li>\n<li style=\"font-weight: 400;\" aria-level=\"1\"><span style=\"font-weight: 400;\">Olyan bevonattal rendelkezik, amely seg\u00edt az els\u0151 r\u00e9teg tapad\u00e1s\u00e1ban, amikor magas h\u0151m\u00e9rs\u00e9klet\u0171 vagy rugalmas anyagokkal nyomtat.<\/span><\/li>\n<\/ul>\n<h2><span style=\"font-weight: 400;\">Telep\u00edt\u00e9s<\/span><\/h2>\n<p><span style=\"font-weight: 400;\">A lemez felszerel\u00e9se egyszer\u0171 \u00e9s n\u00e9h\u00e1ny m\u00e1sodpercet vesz ig\u00e9nybe.  <\/span><\/p>\n<p><span style=\"font-weight: 400;\">1. l\u00e9p\u00e9s: Igaz\u00edtsa a lemezt a platform r\u00f6gz\u00edtett pontjaihoz \u00fagy, hogy a lemez neve \u00d6n fel\u00e9 n\u00e9zzen.<\/span><\/p>\n<p><span style=\"font-weight: 400;\">2. l\u00e9p\u00e9s: Engedje le a lemezt, \u00e9s r\u00f6gz\u00edtse a m\u00e1gneses platformhoz.<\/span><\/p>\n<p><img decoding=\"async\" class=\"alignnone size-medium wp-image-32441\" src=\"https:\/\/azurefilm.com\/wp-content\/uploads\/2023\/10\/Instalation-1-Enhanced-SR.jpg\" alt=\"  Sz\u00e9less\u00e9g...\" height=\"400\" title=\"\"> <img decoding=\"async\" class=\"alignnone size-medium wp-image-32445\" src=\"https:\/\/azurefilm.com\/wp-content\/uploads\/2023\/10\/Instalation-2-Enhanced-SR.jpg\" alt=\"  Sz\u00e9less\u00e9g...\" height=\"400\" title=\"\"><\/p>\n","protected":false},"excerpt":{"rendered":"<p><span style=\"font-weight: 400;\">V\u00e1lassza a Bambu High Temperature Plate-et a kiv\u00e1l\u00f3 tapad\u00e1s \u00e9s a 3D nyomatok k\u00f6nny\u0171 elt\u00e1vol\u00edt\u00e1sa \u00e9rdek\u00e9ben.<\/span><\/p>\n","protected":false},"featured_media":57475,"comment_status":"closed","ping_status":"closed","template":"","meta":{"_acf_changed":false},"product_brand":[],"product_cat":[2280,2224,2281,2221],"product_tag":[],"brand":[],"class_list":{"0":"post-57470","1":"product","2":"type-product","3":"status-publish","4":"has-post-thumbnail","6":"product_cat-epitesi-feluletek","7":"product_cat-minden-potalkatresz","8":"product_cat-pei-lemezek","9":"product_cat-potalkatreszek","10":"pa_compatible-with-bambulab-fdm-3d-printers","11":"pa_fits-printer-all-bambu-lab-x1-series-p1-series","13":"first","14":"outofstock","15":"taxable","16":"shipping-taxable","17":"purchasable","18":"product-type-simple"},"acf":[],"_links":{"self":[{"href":"https:\/\/azurefilm.com\/hu\/wp-json\/wp\/v2\/product\/57470","targetHints":{"allow":["GET"]}}],"collection":[{"href":"https:\/\/azurefilm.com\/hu\/wp-json\/wp\/v2\/product"}],"about":[{"href":"https:\/\/azurefilm.com\/hu\/wp-json\/wp\/v2\/types\/product"}],"replies":[{"embeddable":true,"href":"https:\/\/azurefilm.com\/hu\/wp-json\/wp\/v2\/comments?post=57470"}],"wp:featuredmedia":[{"embeddable":true,"href":"https:\/\/azurefilm.com\/hu\/wp-json\/wp\/v2\/media\/57475"}],"wp:attachment":[{"href":"https:\/\/azurefilm.com\/hu\/wp-json\/wp\/v2\/media?parent=57470"}],"wp:term":[{"taxonomy":"product_brand","embeddable":true,"href":"https:\/\/azurefilm.com\/hu\/wp-json\/wp\/v2\/product_brand?post=57470"},{"taxonomy":"product_cat","embeddable":true,"href":"https:\/\/azurefilm.com\/hu\/wp-json\/wp\/v2\/product_cat?post=57470"},{"taxonomy":"product_tag","embeddable":true,"href":"https:\/\/azurefilm.com\/hu\/wp-json\/wp\/v2\/product_tag?post=57470"},{"taxonomy":"brand","embeddable":true,"href":"https:\/\/azurefilm.com\/hu\/wp-json\/wp\/v2\/brand?post=57470"}],"curies":[{"name":"wp","href":"https:\/\/api.w.org\/{rel}","templated":true}]}}