
{"id":57480,"date":"2023-10-29T14:44:31","date_gmt":"2023-10-29T14:44:31","guid":{"rendered":"https:\/\/azurefilm.com\/product\/bambu-lab-a1-mini-combo-4-kg-pla-original\/"},"modified":"2023-10-29T14:44:31","modified_gmt":"2023-10-29T14:44:31","slug":"bambu-lab-a1-mini-combo-4-kg-pla-original","status":"publish","type":"product","link":"https:\/\/azurefilm.com\/hu\/termek\/bambu-lab-a1-mini-combo-4-kg-pla-original\/","title":{"rendered":"Bambu Lab A1 Mini Combo + 4 kg PLA Original"},"content":{"rendered":"<h2>Bambu Lab A1 Mini Combo: z\u00f6kken\u0151mentes \u00e9lm\u00e9ny<\/h2>\n<h3>Egyszer\u0171 be\u00e1ll\u00edt\u00e1s<\/h3>\n<p>Az A1 Mini Combo k\u00e9sz\u00fcl\u00e9kkel percek alatt elkezdheti a munk\u00e1t. A 3D nyomtat\u00f3 el\u0151re \u00f6sszeszerelve, el\u0151re n\u00e9gyzetre \u00e1ll\u00edtva \u00e9s t\u00f6k\u00e9letesen prec\u00edzen hangolva \u00e9rkezik. Mind\u00f6ssze 20 perc alatt k\u00e9szen \u00e1ll az els\u0151 nyomtat\u00e1sra.  <\/p>\n<h3>T\u00f6bbsz\u00edn\u0171 nyomtat\u00e1s<\/h3>\n<p>Az innovat\u00edv AMS Lite k\u00e9sz\u00fcl\u00e9kkel a Bambu Lab eleg\u00e1ns \u00e9s mindenki sz\u00e1m\u00e1ra el\u00e9rhet\u0151v\u00e9 tette a t\u00f6bbsz\u00edn\u0171 3D nyomtat\u00e1st.<\/p>\n<h3>R\u00e9szletes pontoss\u00e1g<\/h3>\n<p>Az A1 Mini Combo automatikusan elv\u00e9gzi a k\u00fcl\u00f6nb\u00f6z\u0151 kalibr\u00e1l\u00e1sokat. Minden egyes nyomtat\u00e1si feladathoz pontosan finomhangolja a Z-eltol\u00e1st, az \u00e1gyszintet, a rezg\u00e9srezonanci\u00e1t \u00e9s a f\u00fav\u00f3ka nyom\u00e1s\u00e1t, \u00edgy biztos\u00edtva a pontoss\u00e1got minden r\u00e9szletre kiterjed\u0151en. <\/p>\n<h2>Fokozott teljes\u00edtm\u00e9ny<\/h2>\n<h3>Akt\u00edv \u00e1raml\u00e1si sebess\u00e9g kompenz\u00e1ci\u00f3<\/h3>\n<p>Tapasztalja meg a forradalmi \u00e1raml\u00e1sszab\u00e1lyoz\u00e1st. A Bambu Lab nagy felbont\u00e1s\u00fa, nagyfrekvenci\u00e1s \u00e1ram\u00e9rz\u00e9kel\u0151je m\u00e9ri a f\u00fav\u00f3ka nyom\u00e1s\u00e1t, \u00e9s akt\u00edvan be\u00e1ll\u00edtja az \u00e1raml\u00e1si sebess\u00e9get a prec\u00edz extrud\u00e1l\u00e1s \u00e9rdek\u00e9ben. Nincs t\u00f6bb\u00e9 egyenetlen nyomat.  <\/p>\n<h3>Akt\u00edv motoros zajsz\u0171r\u00e9s<\/h3>\n<p>Az A1 Mini Combo kompenz\u00e1lja a meghajt\u00f3motorok k\u00f6z\u00f6tti apr\u00f3 k\u00fcl\u00f6nbs\u00e9geket, kik\u00fcsz\u00f6b\u00f6lve a nem k\u00edv\u00e1nt motorzajt a csendesebb \u00e9s z\u00f6kken\u0151mentesebb nyomtat\u00e1si \u00e9lm\u00e9ny \u00e9rdek\u00e9ben.<\/p>\n<h3>Nagy sebess\u00e9g\u0171 pontoss\u00e1g<\/h3>\n<p>A teljes f\u00e9ms\u00ednek, a merev keret, a f\u00fav\u00f3ka nyom\u00e1s\u00e9rz\u00e9kel\u0151, a gyorsul\u00e1sm\u00e9r\u0151k, a nagy teljes\u00edtm\u00e9ny\u0171 MCU \u00e9s a fejlett mozg\u00e1svez\u00e9rl\u0151 rendszer egy\u00fcttesen nagy sebess\u00e9g\u0171 pontoss\u00e1got biztos\u00edtanak. Olyan min\u0151s\u00e9gi nyomatokat \u00e9rhet el, amelyek m\u00e1r a dobozb\u00f3l kiv\u00e9ve k\u00f6vetik az \u00f6sszes sebess\u00e9gi referencia\u00e9rt\u00e9ket, an\u00e9lk\u00fcl, hogy speci\u00e1lis filamentekre lenne sz\u00fcks\u00e9g. <\/p>\n<h2>Intelligens funkci\u00f3k<\/h2>\n<h3>Z\u00f6kken\u0151mentes integr\u00e1ci\u00f3<\/h3>\n<p>Szinkroniz\u00e1lja A1 Mini Combo k\u00e9sz\u00fcl\u00e9k\u00e9t a Bambu Studio \u00e9s a Bambu Handy k\u00e9sz\u00fcl\u00e9kekkel. T\u00e1volr\u00f3l vez\u00e9relheti \u00e9s fel\u00fcgyelheti nyomtat\u00f3j\u00e1t, \u00e9s a be\u00e9p\u00edtett kamer\u00e1val id\u0151z\u00edtett vide\u00f3kat k\u00e9sz\u00edthet alkot\u00e1sair\u00f3l. <\/p>\n","protected":false},"excerpt":{"rendered":"<p><span style=\"font-weight: 400;\">Tapasztalja meg az egyszer\u0171 be\u00e1ll\u00edt\u00e1st, a t\u00f6bbsz\u00edn\u0171 nyomtat\u00e1st \u00e9s az intelligens funkci\u00f3kat a Bambu Lab A1 Mini Combo k\u00e9sz\u00fcl\u00e9kkel. <\/span><span style=\"font-weight: 400;\">\u00e9s n\u00e9gy kilogramm AzureFilm PLA Original filamentummal feh\u00e9r, fekete, piros \u00e9s k\u00e9k sz\u00ednben (4&#215;1 kg).<\/span><\/p>\n","protected":false},"featured_media":57482,"comment_status":"closed","ping_status":"closed","template":"","meta":{"_acf_changed":false},"product_brand":[],"product_cat":[1681,1679,2250],"product_tag":[],"brand":[],"class_list":{"0":"post-57480","1":"product","2":"type-product","3":"status-publish","4":"has-post-thumbnail","6":"product_cat-bambu-lab-hu","7":"product_cat-elado","8":"product_cat-special-packs-hu","10":"first","11":"outofstock","12":"sale","13":"taxable","14":"shipping-taxable","15":"purchasable","16":"product-type-simple"},"acf":[],"_links":{"self":[{"href":"https:\/\/azurefilm.com\/hu\/wp-json\/wp\/v2\/product\/57480","targetHints":{"allow":["GET"]}}],"collection":[{"href":"https:\/\/azurefilm.com\/hu\/wp-json\/wp\/v2\/product"}],"about":[{"href":"https:\/\/azurefilm.com\/hu\/wp-json\/wp\/v2\/types\/product"}],"replies":[{"embeddable":true,"href":"https:\/\/azurefilm.com\/hu\/wp-json\/wp\/v2\/comments?post=57480"}],"wp:featuredmedia":[{"embeddable":true,"href":"https:\/\/azurefilm.com\/hu\/wp-json\/wp\/v2\/media\/57482"}],"wp:attachment":[{"href":"https:\/\/azurefilm.com\/hu\/wp-json\/wp\/v2\/media?parent=57480"}],"wp:term":[{"taxonomy":"product_brand","embeddable":true,"href":"https:\/\/azurefilm.com\/hu\/wp-json\/wp\/v2\/product_brand?post=57480"},{"taxonomy":"product_cat","embeddable":true,"href":"https:\/\/azurefilm.com\/hu\/wp-json\/wp\/v2\/product_cat?post=57480"},{"taxonomy":"product_tag","embeddable":true,"href":"https:\/\/azurefilm.com\/hu\/wp-json\/wp\/v2\/product_tag?post=57480"},{"taxonomy":"brand","embeddable":true,"href":"https:\/\/azurefilm.com\/hu\/wp-json\/wp\/v2\/brand?post=57480"}],"curies":[{"name":"wp","href":"https:\/\/api.w.org\/{rel}","templated":true}]}}