
{"id":57492,"date":"2023-10-29T14:44:31","date_gmt":"2023-10-29T14:44:31","guid":{"rendered":"https:\/\/azurefilm.com\/product\/bambu-teljes-hotend-szerelveny\/"},"modified":"2025-07-25T23:49:58","modified_gmt":"2025-07-25T23:49:58","slug":"bambu-teljes-hotend-szerelveny","status":"publish","type":"product","link":"https:\/\/azurefilm.com\/hu\/termek\/bambu-teljes-hotend-szerelveny\/","title":{"rendered":"Bambu teljes hotend szerelv\u00e9ny"},"content":{"rendered":"<p>Fejlessze 3D nyomtat\u00f3j\u00e1t az edzett ac\u00e9lb\u00f3l k\u00e9sz\u00fclt Bambu komplett forraszt\u00f3fej-szerelv\u00e9nnyel. Ez a term\u00e9k 0,4 mm-es f\u00fav\u00f3k\u00e1val rendelkezik, amely sz\u00e9les k\u00f6rben elismert szabv\u00e1nyos f\u00fav\u00f3ka\u00e1tm\u00e9r\u0151. Optim\u00e1lis egyens\u00falyt biztos\u00edt a nyomtat\u00e1si min\u0151s\u00e9g \u00e9s a nyomtat\u00e1si sebess\u00e9g k\u00f6z\u00f6tt.<\/p>\n<h2>Bambu teljes hotend szerelv\u00e9ny csere<\/h2>\n<p>Ha ki kell cser\u00e9lnie a forr\u00f3v\u00e9get, k\u00e9rj\u00fck, hogy <a href=\"https:\/\/wiki.bambulab.com\/en\/p1\/maintenance\/complete-hot-end-assembly\" target=\"_blank\" rel=\"noopener\"><strong>k\u00f6vesse a Bambu Lab \u00e1ltal megadott utas\u00edt\u00e1sokat<\/strong><\/a>. Megn\u00e9zheti az al\u00e1bbi vide\u00f3t is, \u00e9s k\u00f6vetheti ezeket a l\u00e9p\u00e9sr\u0151l-l\u00e9p\u00e9sre t\u00f6rt\u00e9n\u0151 utas\u00edt\u00e1sokat.<\/p>\n<h2>M\u0171szaki specifik\u00e1ci\u00f3k<\/h2>\n<h3>A csomag tartalma:<\/h3>\n<ul>\n<li>Teljes forr\u00f3fej-szerelv\u00e9ny (edzett ac\u00e9l)<\/li>\n<li>M3-14 l\u00e9p\u00e9ses csavarok<\/li>\n<\/ul>\n","protected":false},"excerpt":{"rendered":"<p><span style=\"font-weight: 400;\">Jav\u00edtsa a nyomtat\u00e1si min\u0151s\u00e9get a Bambu teljes hotend-egys\u00e9g v\u00e1laszt\u00e1s\u00e1val. <\/span><b>Csak a Bambu Lab X1 sz\u00e9ri\u00e1val kompatibilis!<\/b><\/p>\n","protected":false},"featured_media":57493,"comment_status":"closed","ping_status":"closed","template":"","meta":{"_acf_changed":false},"product_brand":[],"product_cat":[2223,2232,2247,2222,2249,2224,2221],"product_tag":[],"brand":[268],"class_list":{"0":"post-57492","1":"product","2":"type-product","3":"status-publish","4":"has-post-thumbnail","6":"product_cat-extruder-hu","7":"product_cat-extruder-alkatreszek","8":"product_cat-extruder-frissitesek","9":"product_cat-extruders-hu","10":"product_cat-hotends-hu","11":"product_cat-minden-potalkatresz","12":"product_cat-potalkatreszek","13":"pa_compatible-with-bambulab-fdm-3d-printers","14":"pa_fits-printer-bambu-lab-x1-carbon-combo","15":"pa_fits-printer-bambu-lab-x1-series-only","16":"pa_fits-printer-bambu-lab-x1-carbon","17":"pa_nozzle-diameter-0-4mm","18":"pa_nozzle-material-hardened-steel","19":"brand-bambu-lab","21":"first","22":"instock","23":"taxable","24":"shipping-taxable","25":"purchasable","26":"product-type-variable"},"acf":[],"_links":{"self":[{"href":"https:\/\/azurefilm.com\/hu\/wp-json\/wp\/v2\/product\/57492","targetHints":{"allow":["GET"]}}],"collection":[{"href":"https:\/\/azurefilm.com\/hu\/wp-json\/wp\/v2\/product"}],"about":[{"href":"https:\/\/azurefilm.com\/hu\/wp-json\/wp\/v2\/types\/product"}],"replies":[{"embeddable":true,"href":"https:\/\/azurefilm.com\/hu\/wp-json\/wp\/v2\/comments?post=57492"}],"wp:featuredmedia":[{"embeddable":true,"href":"https:\/\/azurefilm.com\/hu\/wp-json\/wp\/v2\/media\/57493"}],"wp:attachment":[{"href":"https:\/\/azurefilm.com\/hu\/wp-json\/wp\/v2\/media?parent=57492"}],"wp:term":[{"taxonomy":"product_brand","embeddable":true,"href":"https:\/\/azurefilm.com\/hu\/wp-json\/wp\/v2\/product_brand?post=57492"},{"taxonomy":"product_cat","embeddable":true,"href":"https:\/\/azurefilm.com\/hu\/wp-json\/wp\/v2\/product_cat?post=57492"},{"taxonomy":"product_tag","embeddable":true,"href":"https:\/\/azurefilm.com\/hu\/wp-json\/wp\/v2\/product_tag?post=57492"},{"taxonomy":"brand","embeddable":true,"href":"https:\/\/azurefilm.com\/hu\/wp-json\/wp\/v2\/brand?post=57492"}],"curies":[{"name":"wp","href":"https:\/\/api.w.org\/{rel}","templated":true}]}}