
{"id":57498,"date":"2023-10-29T14:24:55","date_gmt":"2023-10-29T14:24:55","guid":{"rendered":"https:\/\/azurefilm.com\/product\/100-k%cf%89-ntc-termisztor\/"},"modified":"2023-10-29T14:24:55","modified_gmt":"2023-10-29T14:24:55","slug":"100-k%cf%89-ntc-termisztor","status":"publish","type":"product","link":"https:\/\/azurefilm.com\/hu\/termek\/100-k%cf%89-ntc-termisztor\/","title":{"rendered":"100 k\u03a9 NTC termisztor"},"content":{"rendered":"<h2><strong>F\u0151bb jellemz\u0151k:<\/strong><\/h2>\n<p><strong>100 k\u03a9 NTC termisztor<\/strong> a legt\u00f6bb 3D nyomtat\u00f3 h\u0151\u00e1gy\u00e1hoz \u00e9s extruder\u00e9hez. Kiv\u00e1l\u00f3 min\u0151s\u00e9g\u0171 \u00e9s tart\u00f3s anyagb\u00f3l k\u00e9sz\u00fclt, \u00edgy nem k\u00f6nny\u0171 elt\u00f6rni. <\/p>\n<ul>\n<li>Haszn\u00e1lja f\u0171t\u00f6tt \u00e1gyhoz vagy extruderhez<\/li>\n<li>2 t\u0171s csatlakoz\u00f3val rendelkezik<\/li>\n<li>Huzal hossza: 1m<\/li>\n<li>100K\u03a9 h\u0151m\u00e9rs\u00e9klet-\u00e9rz\u00e9kel\u0151 \u00b1 1%-os pontoss\u00e1ggal<\/li>\n<li>Ellen\u00e1ll\u00e1s \u00e9rt\u00e9ke 25\u00b0C-on = 100K<\/li>\n<li>Sz\u00edn: feh\u00e9r<\/li>\n<\/ul>\n","protected":false},"excerpt":{"rendered":"<p>A <strong>100 k\u03a9 NTC termisztor<\/strong> a legt\u00f6bb 3D nyomtat\u00f3 h\u0151\u00e1gy\u00e1hoz \u00e9s extruder\u00e9hez kiv\u00e1l\u00f3 min\u0151s\u00e9g\u0171 \u00e9s tart\u00f3s anyagb\u00f3l k\u00e9sz\u00fcl, \u00edgy nem k\u00f6nny\u0171 elt\u00f6rni.<\/p>\n","protected":false},"featured_media":57501,"comment_status":"closed","ping_status":"closed","template":"","meta":{"_acf_changed":false},"product_brand":[],"product_cat":[1679,2224,2221,2277],"product_tag":[],"brand":[],"class_list":{"0":"post-57498","1":"product","2":"type-product","3":"status-publish","4":"has-post-thumbnail","6":"product_cat-elado","7":"product_cat-minden-potalkatresz","8":"product_cat-potalkatreszek","9":"product_cat-thermistorok","11":"first","12":"instock","13":"sale","14":"taxable","15":"shipping-taxable","16":"purchasable","17":"product-type-simple"},"acf":[],"_links":{"self":[{"href":"https:\/\/azurefilm.com\/hu\/wp-json\/wp\/v2\/product\/57498","targetHints":{"allow":["GET"]}}],"collection":[{"href":"https:\/\/azurefilm.com\/hu\/wp-json\/wp\/v2\/product"}],"about":[{"href":"https:\/\/azurefilm.com\/hu\/wp-json\/wp\/v2\/types\/product"}],"replies":[{"embeddable":true,"href":"https:\/\/azurefilm.com\/hu\/wp-json\/wp\/v2\/comments?post=57498"}],"wp:featuredmedia":[{"embeddable":true,"href":"https:\/\/azurefilm.com\/hu\/wp-json\/wp\/v2\/media\/57501"}],"wp:attachment":[{"href":"https:\/\/azurefilm.com\/hu\/wp-json\/wp\/v2\/media?parent=57498"}],"wp:term":[{"taxonomy":"product_brand","embeddable":true,"href":"https:\/\/azurefilm.com\/hu\/wp-json\/wp\/v2\/product_brand?post=57498"},{"taxonomy":"product_cat","embeddable":true,"href":"https:\/\/azurefilm.com\/hu\/wp-json\/wp\/v2\/product_cat?post=57498"},{"taxonomy":"product_tag","embeddable":true,"href":"https:\/\/azurefilm.com\/hu\/wp-json\/wp\/v2\/product_tag?post=57498"},{"taxonomy":"brand","embeddable":true,"href":"https:\/\/azurefilm.com\/hu\/wp-json\/wp\/v2\/brand?post=57498"}],"curies":[{"name":"wp","href":"https:\/\/api.w.org\/{rel}","templated":true}]}}