
{"id":57505,"date":"2023-10-29T14:24:55","date_gmt":"2023-10-29T14:24:55","guid":{"rendered":"https:\/\/azurefilm.com\/product\/100k-termisztor-kabellel-es-csatlakozoval\/"},"modified":"2023-10-29T14:24:55","modified_gmt":"2023-10-29T14:24:55","slug":"100k-termisztor-kabellel-es-csatlakozoval","status":"publish","type":"product","link":"https:\/\/azurefilm.com\/hu\/termek\/100k-termisztor-kabellel-es-csatlakozoval\/","title":{"rendered":"100K termisztor k\u00e1bellel \u00e9s csatlakoz\u00f3val"},"content":{"rendered":"<h2><strong>F\u0151bb jellemz\u0151k:<\/strong><\/h2>\n<p><strong>100K termisztor k\u00e1bellel \u00e9s csatlakoz\u00f3val<\/strong> a legt\u00f6bb 3D nyomtat\u00f3 h\u0151\u00e1gy\u00e1hoz \u00e9s extruder\u00e9hez. Kiv\u00e1l\u00f3 min\u0151s\u00e9g\u0171 \u00e9s tart\u00f3s anyagb\u00f3l k\u00e9sz\u00fclt, \u00edgy nem k\u00f6nny\u0171 elt\u00f6rni. <\/p>\n<ul>\n<li>Magas, 200 fokos h\u0151m\u00e9rs\u00e9kletnek ellen\u00e1ll\u00f3 huzallal<\/li>\n<li>Tart\u00f3s anyag a hossz\u00fa \u00e9lettartam\u00e9rt<\/li>\n<li>A teflonhuzal k\u00e9tszer vastagabb, mint a piacon kaphat\u00f3 hasonl\u00f3 term\u00e9kek.<\/li>\n<li>Nem k\u00f6nny\u0171 elszakadni<\/li>\n<\/ul>\n<h2><strong>Specifik\u00e1ci\u00f3k:<\/strong><\/h2>\n<ul>\n<li>Anyag: Teflon (200\u00b0C)<\/li>\n<li>Ellen\u00e1ll\u00e1s \u00e9rt\u00e9ke 25\u00b0C-on = 100K<\/li>\n<li>K\u00e1bel hossza: 1,1 m <\/li>\n<li>Munkah\u0151m\u00e9rs\u00e9klet-tartom\u00e1ny: -40\u00b0C~+300\u00b0C<\/li>\n<\/ul>\n<p>&nbsp;<\/p>\n","protected":false},"excerpt":{"rendered":"<p><strong>100K termisztor k\u00e1bellel \u00e9s csatlakoz\u00f3val<\/strong> a legt\u00f6bb 3D nyomtat\u00f3 h\u0151\u00e1gy\u00e1hoz \u00e9s extruder\u00e9hez. Kiv\u00e1l\u00f3 min\u0151s\u00e9g\u0171 \u00e9s tart\u00f3s anyagb\u00f3l k\u00e9sz\u00fclt, \u00edgy nem k\u00f6nny\u0171 elt\u00f6rni. <\/p>\n","protected":false},"featured_media":57507,"comment_status":"closed","ping_status":"closed","template":"","meta":{"_acf_changed":false},"product_brand":[],"product_cat":[1679,2224,2221,2277],"product_tag":[],"brand":[],"class_list":{"0":"post-57505","1":"product","2":"type-product","3":"status-publish","4":"has-post-thumbnail","6":"product_cat-elado","7":"product_cat-minden-potalkatresz","8":"product_cat-potalkatreszek","9":"product_cat-thermistorok","11":"first","12":"instock","13":"sale","14":"taxable","15":"shipping-taxable","16":"purchasable","17":"product-type-simple"},"acf":[],"_links":{"self":[{"href":"https:\/\/azurefilm.com\/hu\/wp-json\/wp\/v2\/product\/57505","targetHints":{"allow":["GET"]}}],"collection":[{"href":"https:\/\/azurefilm.com\/hu\/wp-json\/wp\/v2\/product"}],"about":[{"href":"https:\/\/azurefilm.com\/hu\/wp-json\/wp\/v2\/types\/product"}],"replies":[{"embeddable":true,"href":"https:\/\/azurefilm.com\/hu\/wp-json\/wp\/v2\/comments?post=57505"}],"wp:featuredmedia":[{"embeddable":true,"href":"https:\/\/azurefilm.com\/hu\/wp-json\/wp\/v2\/media\/57507"}],"wp:attachment":[{"href":"https:\/\/azurefilm.com\/hu\/wp-json\/wp\/v2\/media?parent=57505"}],"wp:term":[{"taxonomy":"product_brand","embeddable":true,"href":"https:\/\/azurefilm.com\/hu\/wp-json\/wp\/v2\/product_brand?post=57505"},{"taxonomy":"product_cat","embeddable":true,"href":"https:\/\/azurefilm.com\/hu\/wp-json\/wp\/v2\/product_cat?post=57505"},{"taxonomy":"product_tag","embeddable":true,"href":"https:\/\/azurefilm.com\/hu\/wp-json\/wp\/v2\/product_tag?post=57505"},{"taxonomy":"brand","embeddable":true,"href":"https:\/\/azurefilm.com\/hu\/wp-json\/wp\/v2\/brand?post=57505"}],"curies":[{"name":"wp","href":"https:\/\/api.w.org\/{rel}","templated":true}]}}