
{"id":57506,"date":"2023-11-24T10:03:23","date_gmt":"2023-11-24T10:03:23","guid":{"rendered":"https:\/\/azurefilm.com\/product\/nem-beallitott-rugalmas-85a\/"},"modified":"2025-08-22T11:20:14","modified_gmt":"2025-08-22T11:20:14","slug":"nem-beallitott-rugalmas-85a","status":"publish","type":"product","link":"https:\/\/azurefilm.com\/hu\/termek\/nem-beallitott-rugalmas-85a\/","title":{"rendered":"Nem be\u00e1ll\u00edtott rugalmas 85A"},"content":{"rendered":"<h2><b>Rugalmas 85A<\/b><\/h2>\n<p><span style=\"font-weight: 400;\">A rugalmas 85A sz\u00e1lak a k\u00f6vetkez\u0151kb\u0151l k\u00e9sz\u00fclnek <\/span><b>TPU <\/b><span style=\"font-weight: 400;\">\u00e9s <\/span><b>gumiszer\u0171 tulajdons\u00e1gokkal rendelkeznek<\/b><span style=\"font-weight: 400;\">. This means, that the material is extremely <\/span><b>rugalmas <\/b><span style=\"font-weight: 400;\">de nagyon <\/span><b>tart\u00f3s<\/b><span style=\"font-weight: 400;\">. Flexible filaments are commonly used to produce household appliances, toys, phone cases, wristbands, automotive parts, and medical supplies. If you need something that is supposed to bend, stretch, or compress, this filament should be up for the task. <\/span><\/p>\n<p><span style=\"font-weight: 400;\">Vannak <\/span><b>a kem\u00e9nys\u00e9g k\u00fcl\u00f6nb\u00f6z\u0151 t\u00edpusai<\/b><span style=\"font-weight: 400;\"> a Rugalmas sz\u00e1lak eset\u00e9ben, amelyeket 0 \u00e9s 100 k\u00f6z\u00f6tti sz\u00e1mokkal \u00e9s A-t\u00f3l D-ig terjed\u0151 bet\u0171kkel jel\u00f6lnek. Az anyag a sz\u00e1m vagy a bet\u0171 n\u00f6veked\u00e9s\u00e9vel egyre merevebb \u00e9s kem\u00e9nyebb lesz. <\/span><b>85A shore<\/b><span style=\"font-weight: 400;\"> azt jelenti, hogy a sz\u00e1l meglehet\u0151sen kem\u00e9ny, \u00e9s egy cip\u0151sarok kem\u00e9nys\u00e9g\u00e9hez hasonl\u00edthat\u00f3. <\/span><\/p>\n<p><span style=\"font-weight: 400;\">A k\u00f6zvetlen meghajt\u00e1s\u00fa extruderrel mindk\u00e9t t\u00edpus\u00fa Flexible filamentumot nyomtathatja. Ha azonban a 3D nyomtat\u00f3ja Bowden-cs\u0151vel rendelkezik, akkor speci\u00e1lis finomhangol\u00e1st kell v\u00e9geznie. A Bowden-cs\u00f6ves nyomtat\u00f3kn\u00e1l a Flexible sz\u00e1lak nyomtat\u00e1sa sor\u00e1n hajlamosak elakad\u00e1sokat tapasztalni. Ha Bowden-cs\u0151vel rendelkezik, a k\u00f6nnyebb nyomtat\u00e1s \u00e9rdek\u00e9ben javasoljuk, hogy 98A shore Flexible filamentet haszn\u00e1ljon (valamivel kem\u00e9nyebb, mint a 85A shore). <\/span><\/p>\n<p><b>Felel\u0151ss\u00e9gi nyilatkozat:<\/b><span style=\"font-weight: 400;\"> Ha 3D nyomtat\u00e1s k\u00f6zben hallja, hogy a sz\u00e1l recseg, az azt jelenti, hogy a sz\u00e1l nedves, \u00e9s a jobb eredm\u00e9ny \u00e9rdek\u00e9ben meg kell sz\u00e1r\u00edtani. Haszn\u00e1ljon filamentsz\u00e1r\u00edt\u00f3t, p\u00e9ld\u00e1ul <a target=\"\" rel=\"noopener\"><strong>Creality Dry Box<\/strong><\/a>. <\/span><\/p>\n<p>&nbsp;<\/p>\n<p><img decoding=\"async\" class=\"alignnone size-medium wp-image-17898\" src=\"https:\/\/azurefilm.com\/wp-content\/uploads\/2023\/10\/Flexible-filament-table.jpg\" alt=\" Sz\u00e9less\u00e9g...\" height=\"400\" title=\"\"><\/p>\n<h2><b>Nem be\u00e1ll\u00edtott rugalmas 85A<\/b><\/h2>\n<p><span style=\"font-weight: 400;\">Az Unset sz\u00e1lak az \u00d6n <\/span><b>\u00f6ko-v\u00e1laszt\u00e1s<\/b><span style=\"font-weight: 400;\"> a k\u00f6vetkez\u0151 projektekhez. Ezek a sz\u00e1lak a gy\u00e1rt\u00e1si folyamataink sor\u00e1n keletkez\u0151 felesleges anyagokb\u00f3l k\u00e9sz\u00fclnek. Ez azt jelenti, hogy az Unset sz\u00e1lak a k\u00f6vetkez\u0151kb\u0151l k\u00e9sz\u00fclnek <\/span> <b> 100%-ban \u00fajrahasznos\u00edtott anyagok<\/b><span style=\"font-weight: 400;\"> \u00e9s <\/span><b>seg\u00edt cs\u00f6kkenteni a hullad\u00e9k mennyis\u00e9g\u00e9t<\/b><span style=\"font-weight: 400;\">. The colour of these filaments changes with every order because of the different combinations of recycled material colours. <\/span><\/p>\n<p><span style=\"font-weight: 400;\">Ha t\u00f6bbet szeretne megtudni a hajl\u00e9kony sz\u00e1lakr\u00f3l, olvassa el a <a href=\"https:\/\/azurefilm.com\/hu\/2023\/08\/09\/hogyan-nyomtassunk-rugalmas-szalakat\/\" target=\"_blank\" rel=\"noopener\"><strong>blogot.<\/strong><\/a>. <\/span><\/p>\n<p><span style=\"font-weight: 400;\">Hozz\u00e1f\u00e9rhet a <\/span><b>M\u0171szaki adatlap<\/b><span style=\"font-weight: 400;\"><a href=\"https:\/\/azurefilm.com\/hu\/technical-data-sheets\/\" target=\"_blank\" rel=\"noopener\"><strong> itt<\/strong><\/a>.<\/span><\/p>\n<h3><strong>Nyomtat\u00e1si aj\u00e1nl\u00e1sok:<\/strong><\/h3>\n<ul>\n<li><span style=\"font-weight: 400;\">A legjobb eredm\u00e9ny \u00e9rdek\u00e9ben 220-240\u00b0C-on nyomtasson. <\/span><\/li>\n<li><span style=\"font-weight: 400;\">A nyomtat\u00f3asztal aj\u00e1nlott h\u0151m\u00e9rs\u00e9klete 80\u00b0C.<\/span><\/li>\n<li><b>Nyomtasson lass\u00fa, 10-30 mm\/s sebess\u00e9ggel.<\/b><\/li>\n<li><span style=\"font-weight: 400;\">Haszn\u00e1ljon \u00fcveg\u00e1gyat, PEI lapot, Kapton vagy k\u00e9k szalagot a 3Dlac spray-vel ell\u00e1tott \u00e9p\u00edt\u00e9si platformhoz.<\/span><i><span style=\"font-weight: 400;\">.<\/span><\/i><\/li>\n<\/ul>\n<p><i><span style=\"font-weight: 400;\">*A k\u00fcl\u00f6nb\u00f6z\u0151 nyomtat\u00f3k haszn\u00e1lata eset\u00e9n az ide\u00e1lis h\u0151m\u00e9rs\u00e9klet elt\u00e9r\u0151 lehet.<\/span><\/i><\/p>\n","protected":false},"excerpt":{"rendered":"<p><span style=\"font-weight: 400;\">Engedje szabadj\u00e1ra kreativit\u00e1s\u00e1t an\u00e9lk\u00fcl, hogy vesz\u00e9lyeztetn\u00e9 a k\u00f6rnyezetet az AzureFilm Unset Flexible 85A term\u00e9kkel.<\/span><\/p>\n","protected":false},"featured_media":57145,"comment_status":"closed","ping_status":"closed","template":"","meta":{"_acf_changed":false},"product_brand":[],"product_cat":[2415,1686,2285,1688,2425,2413,2259],"product_tag":[2212,2286],"brand":[267],"class_list":{"0":"post-57506","1":"product","2":"type-product","3":"status-publish","4":"has-post-thumbnail","6":"product_cat-rugalmas-85a","7":"product_cat-3d-filmek","8":"product_cat-eco-filamentek","9":"product_cat-minden-film","10":"product_cat-nem-beallitott-rugalmas-85a","11":"product_cat-rugalmas-szalak","12":"product_cat-unset-szalak","13":"product_tag-oko-hu","14":"product_tag-veletlenszeru","15":"pa_colour-random","16":"pa_filament-diameter-1-75mm","17":"pa_filament-weight-300g","18":"brand-azurefilm","20":"first","21":"instock","22":"taxable","23":"shipping-taxable","24":"product-type-simple"},"acf":[],"_links":{"self":[{"href":"https:\/\/azurefilm.com\/hu\/wp-json\/wp\/v2\/product\/57506","targetHints":{"allow":["GET"]}}],"collection":[{"href":"https:\/\/azurefilm.com\/hu\/wp-json\/wp\/v2\/product"}],"about":[{"href":"https:\/\/azurefilm.com\/hu\/wp-json\/wp\/v2\/types\/product"}],"replies":[{"embeddable":true,"href":"https:\/\/azurefilm.com\/hu\/wp-json\/wp\/v2\/comments?post=57506"}],"wp:featuredmedia":[{"embeddable":true,"href":"https:\/\/azurefilm.com\/hu\/wp-json\/wp\/v2\/media\/57145"}],"wp:attachment":[{"href":"https:\/\/azurefilm.com\/hu\/wp-json\/wp\/v2\/media?parent=57506"}],"wp:term":[{"taxonomy":"product_brand","embeddable":true,"href":"https:\/\/azurefilm.com\/hu\/wp-json\/wp\/v2\/product_brand?post=57506"},{"taxonomy":"product_cat","embeddable":true,"href":"https:\/\/azurefilm.com\/hu\/wp-json\/wp\/v2\/product_cat?post=57506"},{"taxonomy":"product_tag","embeddable":true,"href":"https:\/\/azurefilm.com\/hu\/wp-json\/wp\/v2\/product_tag?post=57506"},{"taxonomy":"brand","embeddable":true,"href":"https:\/\/azurefilm.com\/hu\/wp-json\/wp\/v2\/brand?post=57506"}],"curies":[{"name":"wp","href":"https:\/\/api.w.org\/{rel}","templated":true}]}}