
{"id":57516,"date":"2023-10-29T14:24:55","date_gmt":"2023-10-29T14:24:55","guid":{"rendered":"https:\/\/azurefilm.com\/product\/5015-turbina-fuvo-hutoventilator-12-24v\/"},"modified":"2023-10-29T14:24:55","modified_gmt":"2023-10-29T14:24:55","slug":"5015-turbina-fuvo-hutoventilator-12-24v","status":"publish","type":"product","link":"https:\/\/azurefilm.com\/hu\/termek\/5015-turbina-fuvo-hutoventilator-12-24v\/","title":{"rendered":"5015 Turbina f\u00fav\u00f3 h\u0171t\u0151ventil\u00e1tor 12\/24V"},"content":{"rendered":"<h2><span style=\"text-decoration: underline;\"><strong>F\u0151bb jellemz\u0151k:<\/strong><\/span><\/h2>\n<ul>\n<li>Kiv\u00e1l\u00f3an alkalmas a 3D nyomtat\u00f3k h\u0151elnyel\u0151inek, nyomatainak, extruder\u00e9nek \u00e9s egy\u00e9b alkatr\u00e9szeinek h\u0171t\u00e9s\u00e9re,<\/li>\n<li>Kiv\u00e1l\u00f3 min\u0151s\u00e9g\u0171 anyagokb\u00f3l k\u00e9sz\u00fclt, k\u00f6rnyezetbar\u00e1t, biztons\u00e1gos \u00e9s \u00e1rtalmatlan,<\/li>\n<li>Magas h\u0151m\u00e9rs\u00e9kletnek ellen\u00e1ll\u00f3 \u00e9s rendk\u00edv\u00fcl tart\u00f3s,<\/li>\n<li>A csap\u00e1gy nagy pontoss\u00e1g\u00fa, hossz\u00fa \u00e9lettartam\u00fa,<\/li>\n<li>50 mm-es radi\u00e1lis h\u0171t\u0151ventil\u00e1tor 2 t\u0171s csatlakoz\u00f3val,<\/li>\n<li>Nagy forg\u00e1si sebess\u00e9g alacsony zajszint mellett,<\/li>\n<li>K\u00f6nnyen telep\u00edthet\u0151.<\/li>\n<\/ul>\n<h2><span style=\"text-decoration: underline;\"><strong>Specifications<\/strong>:<\/span><\/h2>\n<ul>\n<li>F\u0151 test sz\u00edne: fekete Term\u00e9k<\/li>\n<li>M\u00e9ret: 50 * 15mm<\/li>\n<li>L\u00e9gbe\u00f6ml\u0151 m\u00e9ret: 32.3mm<\/li>\n<li>L\u00e9gkivezet\u00e9s m\u00e9rete: 20 * 15mm<\/li>\n<li>T\u00edpusok: 12V, 24V (opcion\u00e1lis)<\/li>\n<\/ul>\n<h3><strong>12V-os ventil\u00e1torhoz:<\/strong><\/h3>\n<ul>\n<li>N\u00e9vleges fesz\u00fclts\u00e9g: DC 12V<\/li>\n<li>N\u00e9vleges \u00e1ram: 0,28A<\/li>\n<li>Energiafogyaszt\u00e1s: 3.36W<\/li>\n<li>Forradalmak: FORDULATSZ\u00c1M: 6800 \u00b1 10% RPM<\/li>\n<li>Zaj: 35 DBA<\/li>\n<\/ul>\n<h3><strong>24V-os ventil\u00e1torhoz:<\/strong><\/h3>\n<ul>\n<li>N\u00e9vleges fesz\u00fclts\u00e9g: DC 24V<\/li>\n<li>Forradalmak: FORDULATSZ\u00c1M: 4200 \u00b1 10% RPM<\/li>\n<\/ul>\n","protected":false},"excerpt":{"rendered":"<p>Az <strong>5015 Turbina Blower h\u0171t\u0151ventil\u00e1tor<\/strong> a 3D nyomtat\u00f3hoz kiv\u00e1l\u00f3an alkalmas a forr\u00f3 v\u00e9gek, a nyomatok, az extruder \u00e9s a 3D nyomtat\u00f3 egy\u00e9b r\u00e9szeinek h\u0171t\u0151bord\u00e1inak h\u0171t\u00e9s\u00e9re.<\/p>\n","protected":false},"featured_media":57517,"comment_status":"closed","ping_status":"closed","template":"","meta":{"_acf_changed":false},"product_brand":[],"product_cat":[1679,2229,2224,2221],"product_tag":[],"brand":[],"class_list":{"0":"post-57516","1":"product","2":"type-product","3":"status-publish","4":"has-post-thumbnail","6":"product_cat-elado","7":"product_cat-fans-hu","8":"product_cat-minden-potalkatresz","9":"product_cat-potalkatreszek","11":"first","12":"instock","13":"sale","14":"taxable","15":"shipping-taxable","16":"purchasable","17":"product-type-variable"},"acf":[],"_links":{"self":[{"href":"https:\/\/azurefilm.com\/hu\/wp-json\/wp\/v2\/product\/57516","targetHints":{"allow":["GET"]}}],"collection":[{"href":"https:\/\/azurefilm.com\/hu\/wp-json\/wp\/v2\/product"}],"about":[{"href":"https:\/\/azurefilm.com\/hu\/wp-json\/wp\/v2\/types\/product"}],"replies":[{"embeddable":true,"href":"https:\/\/azurefilm.com\/hu\/wp-json\/wp\/v2\/comments?post=57516"}],"wp:featuredmedia":[{"embeddable":true,"href":"https:\/\/azurefilm.com\/hu\/wp-json\/wp\/v2\/media\/57517"}],"wp:attachment":[{"href":"https:\/\/azurefilm.com\/hu\/wp-json\/wp\/v2\/media?parent=57516"}],"wp:term":[{"taxonomy":"product_brand","embeddable":true,"href":"https:\/\/azurefilm.com\/hu\/wp-json\/wp\/v2\/product_brand?post=57516"},{"taxonomy":"product_cat","embeddable":true,"href":"https:\/\/azurefilm.com\/hu\/wp-json\/wp\/v2\/product_cat?post=57516"},{"taxonomy":"product_tag","embeddable":true,"href":"https:\/\/azurefilm.com\/hu\/wp-json\/wp\/v2\/product_tag?post=57516"},{"taxonomy":"brand","embeddable":true,"href":"https:\/\/azurefilm.com\/hu\/wp-json\/wp\/v2\/brand?post=57516"}],"curies":[{"name":"wp","href":"https:\/\/api.w.org\/{rel}","templated":true}]}}