
{"id":57523,"date":"2023-10-29T14:24:55","date_gmt":"2023-10-29T14:24:55","guid":{"rendered":"https:\/\/azurefilm.com\/product\/gt2-szijfeszito-rugo\/"},"modified":"2023-10-29T14:24:55","modified_gmt":"2023-10-29T14:24:55","slug":"gt2-szijfeszito-rugo","status":"publish","type":"product","link":"https:\/\/azurefilm.com\/hu\/termek\/gt2-szijfeszito-rugo\/","title":{"rendered":"GT2 sz\u00edjfesz\u00edt\u0151 rug\u00f3"},"content":{"rendered":"<h2><strong>F\u0151bb jellemz\u0151k:<\/strong><\/h2>\n<ul>\n<li>Kiv\u00e1l\u00f3 min\u0151s\u00e9g<\/li>\n<li>Illeszkedik a 3D nyomtat\u00f3 vez\u00e9rm\u0171sz\u00edj rendszer\u00e9hez<\/li>\n<li>Anyag:F\u00e9m<\/li>\n<li>Sz\u00edn:Ez\u00fcst<\/li>\n<li>Illeszkedik az \u00f6vsz\u00e9less\u00e9ghez: 6 mm-n\u00e9l kisebb vagy azzal egyenl\u0151<\/li>\n<li>Megkapod: 1 GT2 sz\u00edjfesz\u00edt\u0151 rug\u00f3<\/li>\n<\/ul>\n","protected":false},"excerpt":{"rendered":"<p>Kiv\u00e1l\u00f3 min\u0151s\u00e9g\u0171<strong> GT2 sz\u00edjfesz\u00edt\u0151 rug\u00f3<\/strong> a 3D nyomtat\u00f3k vez\u00e9rm\u0171sz\u00edjrendszer\u00e9hez.<\/p>\n","protected":false},"featured_media":57525,"comment_status":"closed","ping_status":"closed","template":"","meta":{"_acf_changed":false},"product_brand":[],"product_cat":[2238,1679,2224,2221],"product_tag":[],"brand":[],"class_list":{"0":"post-57523","1":"product","2":"type-product","3":"status-publish","4":"has-post-thumbnail","6":"product_cat-egyeb-tetelek","7":"product_cat-elado","8":"product_cat-minden-potalkatresz","9":"product_cat-potalkatreszek","11":"first","12":"instock","13":"sale","14":"taxable","15":"shipping-taxable","16":"purchasable","17":"product-type-simple"},"acf":[],"_links":{"self":[{"href":"https:\/\/azurefilm.com\/hu\/wp-json\/wp\/v2\/product\/57523","targetHints":{"allow":["GET"]}}],"collection":[{"href":"https:\/\/azurefilm.com\/hu\/wp-json\/wp\/v2\/product"}],"about":[{"href":"https:\/\/azurefilm.com\/hu\/wp-json\/wp\/v2\/types\/product"}],"replies":[{"embeddable":true,"href":"https:\/\/azurefilm.com\/hu\/wp-json\/wp\/v2\/comments?post=57523"}],"wp:featuredmedia":[{"embeddable":true,"href":"https:\/\/azurefilm.com\/hu\/wp-json\/wp\/v2\/media\/57525"}],"wp:attachment":[{"href":"https:\/\/azurefilm.com\/hu\/wp-json\/wp\/v2\/media?parent=57523"}],"wp:term":[{"taxonomy":"product_brand","embeddable":true,"href":"https:\/\/azurefilm.com\/hu\/wp-json\/wp\/v2\/product_brand?post=57523"},{"taxonomy":"product_cat","embeddable":true,"href":"https:\/\/azurefilm.com\/hu\/wp-json\/wp\/v2\/product_cat?post=57523"},{"taxonomy":"product_tag","embeddable":true,"href":"https:\/\/azurefilm.com\/hu\/wp-json\/wp\/v2\/product_tag?post=57523"},{"taxonomy":"brand","embeddable":true,"href":"https:\/\/azurefilm.com\/hu\/wp-json\/wp\/v2\/brand?post=57523"}],"curies":[{"name":"wp","href":"https:\/\/api.w.org\/{rel}","templated":true}]}}