
{"id":57538,"date":"2023-10-29T14:24:55","date_gmt":"2023-10-29T14:24:55","guid":{"rendered":"https:\/\/azurefilm.com\/product\/optikai-vegallas-vegallaskapcsolo\/"},"modified":"2023-10-29T14:24:55","modified_gmt":"2023-10-29T14:24:55","slug":"optikai-vegallas-vegallaskapcsolo","status":"publish","type":"product","link":"https:\/\/azurefilm.com\/hu\/termek\/optikai-vegallas-vegallaskapcsolo\/","title":{"rendered":"Optikai v\u00e9g\u00e1ll\u00e1s v\u00e9g\u00e1ll\u00e1skapcsol\u00f3"},"content":{"rendered":"<h2><strong>F\u0151bb jellemz\u0151k:<\/strong><\/h2>\n<ul>\n<li>Az optikai kapcsol\u00f3 megb\u00edzhat\u00f3 meg\u00e1ll\u00edt\u00f3\/kapcsol\u00f3 megold\u00e1s b\u00e1rmilyen t\u00edpus\u00fa 3D nyomtat\u00f3\/CNC\/3D szersz\u00e1mhoz.<\/li>\n<li>El\u0151ny\u00f6k: Optikailag \u00e1tereszt\u0151k\u00e9pes tervez\u00e9si elvek haszn\u00e1lata, nincs vesztes\u00e9g, nincs zaj, hosszabb \u00e9lettartam.<\/li>\n<li>A kiold\u00e1s \u00e9rz\u00e9keny \u00e9s csendes.<\/li>\n<li>Tippek: \u00c1ltal\u00e1ban a rendszernek legal\u00e1bb h\u00e1rom optikai kapcsol\u00f3ra van sz\u00fcks\u00e9ge.<\/li>\n<\/ul>\n","protected":false},"excerpt":{"rendered":"<p>Az EE-SX 674A <strong>optikai v\u00e9g\u00e1ll\u00e1skapcsol\u00f3 <\/strong>megb\u00edzhat\u00f3 v\u00e9g\u00e1ll\u00e1skapcsol\u00f3 megold\u00e1s b\u00e1rmilyen t\u00edpus\u00fa 3D nyomtat\u00f3\/CNC\/3D szersz\u00e1mhoz.<\/p>\n","protected":false},"featured_media":57539,"comment_status":"closed","ping_status":"closed","template":"","meta":{"_acf_changed":false},"product_brand":[],"product_cat":[2238,1679,2224,2221],"product_tag":[],"brand":[],"class_list":{"0":"post-57538","1":"product","2":"type-product","3":"status-publish","4":"has-post-thumbnail","6":"product_cat-egyeb-tetelek","7":"product_cat-elado","8":"product_cat-minden-potalkatresz","9":"product_cat-potalkatreszek","11":"first","12":"instock","13":"sale","14":"taxable","15":"shipping-taxable","16":"purchasable","17":"product-type-simple"},"acf":[],"_links":{"self":[{"href":"https:\/\/azurefilm.com\/hu\/wp-json\/wp\/v2\/product\/57538","targetHints":{"allow":["GET"]}}],"collection":[{"href":"https:\/\/azurefilm.com\/hu\/wp-json\/wp\/v2\/product"}],"about":[{"href":"https:\/\/azurefilm.com\/hu\/wp-json\/wp\/v2\/types\/product"}],"replies":[{"embeddable":true,"href":"https:\/\/azurefilm.com\/hu\/wp-json\/wp\/v2\/comments?post=57538"}],"wp:featuredmedia":[{"embeddable":true,"href":"https:\/\/azurefilm.com\/hu\/wp-json\/wp\/v2\/media\/57539"}],"wp:attachment":[{"href":"https:\/\/azurefilm.com\/hu\/wp-json\/wp\/v2\/media?parent=57538"}],"wp:term":[{"taxonomy":"product_brand","embeddable":true,"href":"https:\/\/azurefilm.com\/hu\/wp-json\/wp\/v2\/product_brand?post=57538"},{"taxonomy":"product_cat","embeddable":true,"href":"https:\/\/azurefilm.com\/hu\/wp-json\/wp\/v2\/product_cat?post=57538"},{"taxonomy":"product_tag","embeddable":true,"href":"https:\/\/azurefilm.com\/hu\/wp-json\/wp\/v2\/product_tag?post=57538"},{"taxonomy":"brand","embeddable":true,"href":"https:\/\/azurefilm.com\/hu\/wp-json\/wp\/v2\/brand?post=57538"}],"curies":[{"name":"wp","href":"https:\/\/api.w.org\/{rel}","templated":true}]}}