
{"id":57542,"date":"2023-10-29T14:24:55","date_gmt":"2023-10-29T14:24:55","guid":{"rendered":"https:\/\/azurefilm.com\/product\/nema-23-leptetomotor\/"},"modified":"2023-10-29T14:24:55","modified_gmt":"2023-10-29T14:24:55","slug":"nema-23-leptetomotor","status":"publish","type":"product","link":"https:\/\/azurefilm.com\/hu\/termek\/nema-23-leptetomotor\/","title":{"rendered":"NEMA 23 l\u00e9ptet\u0151motor"},"content":{"rendered":"<h2><strong>F\u0151bb jellemz\u0151k:<\/strong><\/h2>\n<p>&nbsp;<\/p>\n<ul>\n<li><strong>Nagy pontoss\u00e1g:<\/strong> Ez a motor kiv\u00e9teles pontoss\u00e1got k\u00edn\u00e1l, alacsony l\u00e9p\u00e9ssz\u00f6ggel, jellemz\u0151en 1,8 fokos l\u00e9p\u00e9senk\u00e9nt, ami pontos \u00e9s ellen\u0151rz\u00f6tt mozg\u00e1st biztos\u00edt.<\/li>\n<li><strong>Er\u0151s tart\u00e1si nyomat\u00e9k:<\/strong> \u00cdgy k\u00fcls\u0151 er\u0151 vagy terhel\u00e9s hat\u00e1s\u00e1ra is k\u00e9pes megtartani a poz\u00edci\u00f3j\u00e1t.<\/li>\n<li><strong>Sokoldal\u00fa fesz\u00fclts\u00e9gtartom\u00e1ny:<\/strong> Sz\u00e9les fesz\u00fclts\u00e9gtartom\u00e1nyban hat\u00e9konyan m\u0171k\u00f6dik, \u00edgy alkalmazkodik a k\u00fcl\u00f6nb\u00f6z\u0151 alkalmaz\u00e1sokhoz \u00e9s \u00e1ramforr\u00e1sokhoz.<\/li>\n<li><strong>Tart\u00f3s konstrukci\u00f3:<\/strong> Robusztus kialak\u00edt\u00e1ssal rendelkezik a hossz\u00fa t\u00e1v\u00fa megb\u00edzhat\u00f3s\u00e1g \u00e9rdek\u00e9ben.<\/li>\n<li><strong>NEMA 23 szabv\u00e1ny:<\/strong> Megfelel a NEMA 23 szabv\u00e1nynak, ami biztos\u00edtja a kompatibilit\u00e1st a r\u00f6gz\u00edt\u0151 konzolok \u00e9s szerelv\u00e9nyek sz\u00e9les sk\u00e1l\u00e1j\u00e1val.<\/li>\n<li><strong>Z\u00f6kken\u0151mentes m\u0171k\u00f6d\u00e9s:<\/strong> Ez a l\u00e9ptet\u0151motor egyenletesen m\u0171k\u00f6dik, \u00edgy k\u00f6vetkezetes \u00e9s megb\u00edzhat\u00f3 teljes\u00edtm\u00e9nyt ny\u00fajt projektjeihez.<\/li>\n<li><strong>Bipol\u00e1ris konfigur\u00e1ci\u00f3:<\/strong> Bipol\u00e1ris l\u00e9ptet\u0151motornak tervezve, pontos mozg\u00e1svez\u00e9rl\u00e9st biztos\u00edt k\u00fcl\u00f6nb\u00f6z\u0151 alkalmaz\u00e1sokhoz.<\/li>\n<li><strong>H\u0151m\u00e9rs\u00e9kleti rugalmass\u00e1g:<\/strong> A k\u00fcl\u00f6nb\u00f6z\u0151 h\u0151m\u00e9rs\u00e9kleti tartom\u00e1nyok elvisel\u00e9s\u00e9re tervezt\u00e9k, \u00edgy a k\u00fcl\u00f6nb\u00f6z\u0151 k\u00f6rnyezeti felt\u00e9telek mellett is megb\u00edzhat\u00f3 marad.<\/li>\n<li><strong>Sz\u00e9les k\u00f6r\u0171 alkalmaz\u00e1sok:<\/strong> A 3D nyomtat\u00e1st\u00f3l a CNC megmunk\u00e1l\u00e1sig sz\u00e1mos olyan alkalmaz\u00e1shoz alkalmas, ahol a szab\u00e1lyozott mozg\u00e1s elengedhetetlen.<\/li>\n<li><strong>K\u00f6lts\u00e9ghat\u00e9kony megold\u00e1s:<\/strong> K\u00f6lts\u00e9ghat\u00e9kony megold\u00e1st k\u00edn\u00e1l a pontos \u00e9s ellen\u0151rz\u00f6tt mozg\u00e1s el\u00e9r\u00e9s\u00e9hez a projektekben.<\/li>\n<\/ul>\n<h2><strong> <\/strong><\/h2>\n<ul>\n<li>\n<h3><strong>NAGY FORG\u00c1SMENNYIS\u00c9G:<\/strong><\/h3>\n<\/li>\n<\/ul>\n<p>A kiv\u00e1l\u00f3 min\u0151s\u00e9g\u0171 motorac\u00e9l anyagot alkalmazva a 3D nyomtat\u00f3 l\u00e9ptet\u0151motor-k\u00e9szlet nagy nyomat\u00e9kkal, alacsony \u00f6ninduktivit\u00e1s\u00fa reaktanci\u00e1val rendelkezik, \u00e9rz\u00e9keny \u00e9s elker\u00fclheti a rendszerhib\u00e1t.<\/p>\n<ul>\n<li>\n<h3><strong>ALACSONY ZAJSZINT:  <\/strong><\/h3>\n<\/li>\n<\/ul>\n<p>A rotor gumival van ell\u00e1tva, amely hat\u00e9konyan cs\u00f6kkenti a zajt.<\/p>\n<ul>\n<li>\n<h3><strong>TART\u00d3S \u00c9S STRAPAB\u00cdR\u00d3:<\/strong><\/h3>\n<\/li>\n<\/ul>\n<p>Minimotorunk nagy kem\u00e9nys\u00e9g\u0171 f\u00e9met haszn\u00e1l, kem\u00e9ny \u00e9s tart\u00f3s. Az oldalfal matt text\u00far\u00e1ja pedig n\u00f6velheti a s\u00farl\u00f3d\u00e1st. <\/p>\n<ul>\n<li>\n<h3><strong>SZ\u00c9LES K\u00d6R\u0170 ALKALMAZ\u00c1S:<\/strong><\/h3>\n<\/li>\n<\/ul>\n<p>Ez a kis motorok k\u00fcl\u00f6nb\u00f6z\u0151 ter\u00fcleteken haszn\u00e1lhat\u00f3ak, p\u00e9ld\u00e1ul sz\u00ednpadi vil\u00e1g\u00edt\u00e1s; l\u00e9zergrav\u00edroz\u00e1s; textilipari g\u00e9pek; orvosi berendez\u00e9sek; elhelyez\u0151g\u00e9p; nem szabv\u00e1nyos berendez\u00e9sek; 3D nyomtat\u00f3; automatiz\u00e1l\u00e1si berendez\u00e9sek \u00e9s stb.<\/p>\n<ul>\n<li>\n<h3><strong>AMIT KAPSZ:<\/strong><\/h3>\n<\/li>\n<\/ul>\n<p>A csomag 1 l\u00e9ptet\u0151motort tartalmaz.<\/p>\n","protected":false},"excerpt":{"rendered":"<p>A <strong>NEMA 23 l\u00e9ptet\u0151motor<\/strong> alacsony zajszint\u0171, hossz\u00fa \u00e9lettartam\u00fa \u00e9s nagy teljes\u00edtm\u00e9ny\u0171.<\/p>\n","protected":false},"featured_media":57544,"comment_status":"closed","ping_status":"closed","template":"","meta":{"_acf_changed":false},"product_brand":[],"product_cat":[1679,2256,2224,2255,2221],"product_tag":[],"brand":[],"class_list":{"0":"post-57542","1":"product","2":"type-product","3":"status-publish","4":"has-post-thumbnail","6":"product_cat-elado","7":"product_cat-lepeses-motorok","8":"product_cat-minden-potalkatresz","9":"product_cat-motorok-es-meghajtok","10":"product_cat-potalkatreszek","12":"first","13":"instock","14":"sale","15":"taxable","16":"shipping-taxable","17":"purchasable","18":"product-type-simple"},"acf":[],"_links":{"self":[{"href":"https:\/\/azurefilm.com\/hu\/wp-json\/wp\/v2\/product\/57542","targetHints":{"allow":["GET"]}}],"collection":[{"href":"https:\/\/azurefilm.com\/hu\/wp-json\/wp\/v2\/product"}],"about":[{"href":"https:\/\/azurefilm.com\/hu\/wp-json\/wp\/v2\/types\/product"}],"replies":[{"embeddable":true,"href":"https:\/\/azurefilm.com\/hu\/wp-json\/wp\/v2\/comments?post=57542"}],"wp:featuredmedia":[{"embeddable":true,"href":"https:\/\/azurefilm.com\/hu\/wp-json\/wp\/v2\/media\/57544"}],"wp:attachment":[{"href":"https:\/\/azurefilm.com\/hu\/wp-json\/wp\/v2\/media?parent=57542"}],"wp:term":[{"taxonomy":"product_brand","embeddable":true,"href":"https:\/\/azurefilm.com\/hu\/wp-json\/wp\/v2\/product_brand?post=57542"},{"taxonomy":"product_cat","embeddable":true,"href":"https:\/\/azurefilm.com\/hu\/wp-json\/wp\/v2\/product_cat?post=57542"},{"taxonomy":"product_tag","embeddable":true,"href":"https:\/\/azurefilm.com\/hu\/wp-json\/wp\/v2\/product_tag?post=57542"},{"taxonomy":"brand","embeddable":true,"href":"https:\/\/azurefilm.com\/hu\/wp-json\/wp\/v2\/brand?post=57542"}],"curies":[{"name":"wp","href":"https:\/\/api.w.org\/{rel}","templated":true}]}}