
{"id":57550,"date":"2023-10-29T14:25:25","date_gmt":"2023-10-29T14:25:25","guid":{"rendered":"https:\/\/azurefilm.com\/product\/creality-cr-10s-pro-hutoborda\/"},"modified":"2023-10-29T14:25:25","modified_gmt":"2023-10-29T14:25:25","slug":"creality-cr-10s-pro-hutoborda","status":"publish","type":"product","link":"https:\/\/azurefilm.com\/hu\/termek\/creality-cr-10s-pro-hutoborda\/","title":{"rendered":"Creality CR-10S PRO h\u0171t\u0151borda"},"content":{"rendered":"<p><strong>Creality CR-10S PRO h\u0171t\u0151borda<\/strong>, amely \u00f6sszek\u00f6ti a h\u0151f\u00e9ket \u00e9s az alum\u00ednium h\u0151blokkot.<\/p>\n<h2><strong>Specifik\u00e1ci\u00f3k:<\/strong><\/h2>\n<ul>\n<li>Anyag: Alum\u00ednium<\/li>\n<li>Csavarmenet: M6<\/li>\n<li>Alkalmaz\u00e1s: CR-10S PRO 3D nyomtat\u00f3 extruderhez<\/li>\n<li>A csomag tartalmazza: 1x Creality alum\u00ednium extruder h\u0171t\u0151borda<\/li>\n<\/ul>\n","protected":false},"excerpt":{"rendered":"<p><strong>Creality CR-10S PRO h\u0171t\u0151borda<\/strong>, amely \u00f6sszek\u00f6ti a h\u0151f\u00e9ket \u00e9s az alum\u00ednium h\u0151blokkot.<\/p>\n","protected":false},"featured_media":57555,"comment_status":"closed","ping_status":"closed","template":"","meta":{"_acf_changed":false},"product_brand":[],"product_cat":[1679,2376,2224,2221],"product_tag":[],"brand":[],"class_list":{"0":"post-57550","1":"product","2":"type-product","3":"status-publish","4":"has-post-thumbnail","6":"product_cat-elado","7":"product_cat-hotelekek","8":"product_cat-minden-potalkatresz","9":"product_cat-potalkatreszek","10":"pa_fits-printer-creality-cr-10s-pro-v2","12":"first","13":"instock","14":"sale","15":"taxable","16":"shipping-taxable","17":"purchasable","18":"product-type-simple"},"acf":[],"_links":{"self":[{"href":"https:\/\/azurefilm.com\/hu\/wp-json\/wp\/v2\/product\/57550","targetHints":{"allow":["GET"]}}],"collection":[{"href":"https:\/\/azurefilm.com\/hu\/wp-json\/wp\/v2\/product"}],"about":[{"href":"https:\/\/azurefilm.com\/hu\/wp-json\/wp\/v2\/types\/product"}],"replies":[{"embeddable":true,"href":"https:\/\/azurefilm.com\/hu\/wp-json\/wp\/v2\/comments?post=57550"}],"wp:featuredmedia":[{"embeddable":true,"href":"https:\/\/azurefilm.com\/hu\/wp-json\/wp\/v2\/media\/57555"}],"wp:attachment":[{"href":"https:\/\/azurefilm.com\/hu\/wp-json\/wp\/v2\/media?parent=57550"}],"wp:term":[{"taxonomy":"product_brand","embeddable":true,"href":"https:\/\/azurefilm.com\/hu\/wp-json\/wp\/v2\/product_brand?post=57550"},{"taxonomy":"product_cat","embeddable":true,"href":"https:\/\/azurefilm.com\/hu\/wp-json\/wp\/v2\/product_cat?post=57550"},{"taxonomy":"product_tag","embeddable":true,"href":"https:\/\/azurefilm.com\/hu\/wp-json\/wp\/v2\/product_tag?post=57550"},{"taxonomy":"brand","embeddable":true,"href":"https:\/\/azurefilm.com\/hu\/wp-json\/wp\/v2\/brand?post=57550"}],"curies":[{"name":"wp","href":"https:\/\/api.w.org\/{rel}","templated":true}]}}