
{"id":57573,"date":"2023-10-29T14:25:25","date_gmt":"2023-10-29T14:25:25","guid":{"rendered":"https:\/\/azurefilm.com\/product\/extruder-adagolo-a-creality-3d-nyomtatokhoz\/"},"modified":"2023-10-29T14:25:25","modified_gmt":"2023-10-29T14:25:25","slug":"extruder-adagolo-a-creality-3d-nyomtatokhoz","status":"publish","type":"product","link":"https:\/\/azurefilm.com\/hu\/termek\/extruder-adagolo-a-creality-3d-nyomtatokhoz\/","title":{"rendered":"Extruder adagol\u00f3 a Creality 3D nyomtat\u00f3khoz"},"content":{"rendered":"<h4>Extruder adagol\u00f3 a Creality 3D nyomtat\u00f3khoz<\/h4>\n<h3><strong>Kulcsfontoss\u00e1g\u00fa jellemz\u0151k:<\/strong><\/h3>\n<ul>\n<li><strong>Kiterjesztett kompatibilit\u00e1s:<\/strong> Ender 3, Ender 3 Pro, Ender 5, CR20 Pro, CR10, CR10, CR10S, CR10 V2, CR10 S4 \u00e9s CR10 S5.<\/li>\n<li><strong>Kiv\u00e1l\u00f3 min\u0151s\u00e9g\u0171 konstrukci\u00f3:<\/strong> A hagyom\u00e1nyos m\u0171anyag egys\u00e9gekkel ellent\u00e9tben a f\u00e9mb\u0151l \u00e9s alum\u00edniumb\u00f3l k\u00e9sz\u00fclt kett\u0151s fogasker\u00e9k extruder stabilit\u00e1st \u00e9s tart\u00f3ss\u00e1got biztos\u00edt.<\/li>\n<li><strong>\u00d6sszeszerel\u00e9s sz\u00fcks\u00e9ges:<\/strong> Ez lehet\u0151s\u00e9get ad a testreszab\u00e1sra \u00e9s a rendszer m\u00e9lyebb meg\u00e9rt\u00e9s\u00e9re.<\/li>\n<li><strong>Univerz\u00e1lis haszn\u00e1lat:<\/strong> Ide\u00e1lis a Creality 3D nyomtat\u00f3k k\u00fcl\u00f6nb\u00f6z\u0151 modelljeihez, k\u00e9nyelmes megold\u00e1st k\u00edn\u00e1l a nagy teljes\u00edtm\u00e9ny\u0171 nyomtat\u00e1shoz.<\/li>\n<li><strong>Robusztuss\u00e1g \u00e9s tart\u00f3ss\u00e1g:<\/strong> A f\u00e9mb\u0151l \u00e9s alum\u00edniumb\u00f3l k\u00e9sz\u00fclt szerkezet hossz\u00fa \u00e9lettartamot \u00e9s nagyobb ellen\u00e1ll\u00f3k\u00e9pess\u00e9get biztos\u00edt, hozz\u00e1j\u00e1rulva a prec\u00edz \u00e9s megb\u00edzhat\u00f3 3D nyomtat\u00e1shoz.<\/li>\n<li><strong>Alkalmazkod\u00f3k\u00e9pess\u00e9g \u00e9s tud\u00e1s:<\/strong> A f\u00fcggetlen \u00f6sszeszerel\u00e9s lehet\u0151s\u00e9ge lehet\u0151s\u00e9get ad a felhaszn\u00e1l\u00f3knak a telep\u00edt\u00e9s testreszab\u00e1s\u00e1ra \u00e9s a rendszer m\u00e9lyebb meg\u00e9rt\u00e9s\u00e9re.<\/li>\n<li><strong>K\u00f6nny\u0171 integr\u00e1lhat\u00f3s\u00e1g:<\/strong> Gondosan megtervezve az egyszer\u0171 telep\u00edt\u00e9s \u00e9rdek\u00e9ben, praktikus megold\u00e1st ny\u00fajtva m\u00e9g a kev\u00e9sb\u00e9 tapasztalt felhaszn\u00e1l\u00f3k sz\u00e1m\u00e1ra is. <span style=\"font-size: 14.4px;\">Ha ezt az extruder t\u00e1pegys\u00e9get v\u00e1lasztja, a rajong\u00f3k \u00e9s a halad\u00f3 felhaszn\u00e1l\u00f3k egy kiv\u00e1l\u00f3 min\u0151s\u00e9g\u0171 \u00e9s adapt\u00e1lhat\u00f3 megold\u00e1ssal fokozhatj\u00e1k Creality 3D nyomtat\u00f3ik teljes\u00edtm\u00e9ny\u00e9t.<\/span><\/li>\n<\/ul>\n<ul>\n<li><em>Friss\u00edtse a nyomtat\u00e1si \u00e9lm\u00e9nyt:<\/em> \u00c9lvezze a nagyobb nyomtat\u00e1si teljes\u00edtm\u00e9nyt, ha ezt az extruder t\u00e1pegys\u00e9get v\u00e1lasztja Creality 3D nyomtat\u00f3j\u00e1hoz.<\/li>\n<li><em>Tart\u00f3s f\u00e9mszerkezet:<\/em> A f\u00e9m \u00e9s alum\u00ednium haszn\u00e1lata nemcsak stabilit\u00e1st, hanem hossz\u00fa \u00e9lettartamot is biztos\u00edt a megb\u00edzhat\u00f3 \u00e9s pontos 3D nyomtat\u00e1shoz.<\/li>\n<li><em>Testre szabott \u00f6sszeszerel\u00e9si \u00e9lm\u00e9ny:<\/em> Vegye \u00e1t az ir\u00e1ny\u00edt\u00e1st a sz\u00fcks\u00e9ges \u00f6sszeszerel\u00e9ssel, amely szem\u00e9lyre szabott \u00e9rint\u00e9st \u00e9s a nyomtat\u00e1si rendszer m\u00e9lyebb meg\u00e9rt\u00e9s\u00e9t k\u00edn\u00e1lja.<\/li>\n<\/ul>\n","protected":false},"excerpt":{"rendered":"<p>Extruder adagol\u00f3 a Creality 3D nyomtat\u00f3khoz<\/p>\n","protected":false},"featured_media":57578,"comment_status":"closed","ping_status":"closed","template":"","meta":{"_acf_changed":false},"product_brand":[],"product_cat":[1679,2247,2222,2224,2221],"product_tag":[],"brand":[],"class_list":{"0":"post-57573","1":"product","2":"type-product","3":"status-publish","4":"has-post-thumbnail","6":"product_cat-elado","7":"product_cat-extruder-frissitesek","8":"product_cat-extruders-hu","9":"product_cat-minden-potalkatresz","10":"product_cat-potalkatreszek","11":"pa_compatible-with-creality-fdm-3d-printers","12":"pa_fits-printer-creality-cr-10","13":"pa_fits-printer-creality-cr-30-printmill","14":"pa_fits-printer-creality-ender-3","16":"first","17":"instock","18":"sale","19":"taxable","20":"shipping-taxable","21":"purchasable","22":"product-type-simple"},"acf":[],"_links":{"self":[{"href":"https:\/\/azurefilm.com\/hu\/wp-json\/wp\/v2\/product\/57573","targetHints":{"allow":["GET"]}}],"collection":[{"href":"https:\/\/azurefilm.com\/hu\/wp-json\/wp\/v2\/product"}],"about":[{"href":"https:\/\/azurefilm.com\/hu\/wp-json\/wp\/v2\/types\/product"}],"replies":[{"embeddable":true,"href":"https:\/\/azurefilm.com\/hu\/wp-json\/wp\/v2\/comments?post=57573"}],"wp:featuredmedia":[{"embeddable":true,"href":"https:\/\/azurefilm.com\/hu\/wp-json\/wp\/v2\/media\/57578"}],"wp:attachment":[{"href":"https:\/\/azurefilm.com\/hu\/wp-json\/wp\/v2\/media?parent=57573"}],"wp:term":[{"taxonomy":"product_brand","embeddable":true,"href":"https:\/\/azurefilm.com\/hu\/wp-json\/wp\/v2\/product_brand?post=57573"},{"taxonomy":"product_cat","embeddable":true,"href":"https:\/\/azurefilm.com\/hu\/wp-json\/wp\/v2\/product_cat?post=57573"},{"taxonomy":"product_tag","embeddable":true,"href":"https:\/\/azurefilm.com\/hu\/wp-json\/wp\/v2\/product_tag?post=57573"},{"taxonomy":"brand","embeddable":true,"href":"https:\/\/azurefilm.com\/hu\/wp-json\/wp\/v2\/brand?post=57573"}],"curies":[{"name":"wp","href":"https:\/\/api.w.org\/{rel}","templated":true}]}}