
{"id":57581,"date":"2023-10-29T14:25:25","date_gmt":"2023-10-29T14:25:25","guid":{"rendered":"https:\/\/azurefilm.com\/product\/creality-csapagy-625zz\/"},"modified":"2023-10-29T14:25:25","modified_gmt":"2023-10-29T14:25:25","slug":"creality-csapagy-625zz","status":"publish","type":"product","link":"https:\/\/azurefilm.com\/hu\/termek\/creality-csapagy-625zz\/","title":{"rendered":"Creality csap\u00e1gy 625ZZ"},"content":{"rendered":"<h2><strong>F\u0151bb jellemz\u0151k:<\/strong><\/h2>\n<ul>\n<li>M\u00e9retek: m\u00e9ret: 23.89 x 10.23mm<\/li>\n<li>Az \u00e1r 1 darabra vonatkozik, a k\u00e9p szimbolikus.<\/li>\n<li>A kis s\u00farl\u00f3d\u00e1s \u00e9s a nagy sebess\u00e9g\u0171 goly\u00f3scsap\u00e1gyak k\u00f6lts\u00e9ghat\u00e9konyak \u00e9s kev\u00e9s karbantart\u00e1st ig\u00e9nyelnek.<\/li>\n<li>Egyszer\u0171 telep\u00edt\u00e9s \u00e9s csere<\/li>\n<li>Nagy pontoss\u00e1ggal<\/li>\n<li>Alacsony zajszint<\/li>\n<li>Sz\u00edn: Fekete<\/li>\n<\/ul>\n","protected":false},"excerpt":{"rendered":"<p><strong>Creality 625ZZ csap\u00e1gy<\/strong> 23.89 x 10.23mm m\u00e9retben Creality 3D nyomtat\u00f3khoz.<\/p>\n","protected":false},"featured_media":57582,"comment_status":"closed","ping_status":"closed","template":"","meta":{"_acf_changed":false},"product_brand":[],"product_cat":[2257,1679,2224,2221],"product_tag":[],"brand":[],"class_list":{"0":"post-57581","1":"product","2":"type-product","3":"status-publish","4":"has-post-thumbnail","6":"product_cat-csapagyak-es-vezetok","7":"product_cat-elado","8":"product_cat-minden-potalkatresz","9":"product_cat-potalkatreszek","11":"first","12":"instock","13":"sale","14":"taxable","15":"shipping-taxable","16":"purchasable","17":"product-type-simple"},"acf":[],"_links":{"self":[{"href":"https:\/\/azurefilm.com\/hu\/wp-json\/wp\/v2\/product\/57581","targetHints":{"allow":["GET"]}}],"collection":[{"href":"https:\/\/azurefilm.com\/hu\/wp-json\/wp\/v2\/product"}],"about":[{"href":"https:\/\/azurefilm.com\/hu\/wp-json\/wp\/v2\/types\/product"}],"replies":[{"embeddable":true,"href":"https:\/\/azurefilm.com\/hu\/wp-json\/wp\/v2\/comments?post=57581"}],"wp:featuredmedia":[{"embeddable":true,"href":"https:\/\/azurefilm.com\/hu\/wp-json\/wp\/v2\/media\/57582"}],"wp:attachment":[{"href":"https:\/\/azurefilm.com\/hu\/wp-json\/wp\/v2\/media?parent=57581"}],"wp:term":[{"taxonomy":"product_brand","embeddable":true,"href":"https:\/\/azurefilm.com\/hu\/wp-json\/wp\/v2\/product_brand?post=57581"},{"taxonomy":"product_cat","embeddable":true,"href":"https:\/\/azurefilm.com\/hu\/wp-json\/wp\/v2\/product_cat?post=57581"},{"taxonomy":"product_tag","embeddable":true,"href":"https:\/\/azurefilm.com\/hu\/wp-json\/wp\/v2\/product_tag?post=57581"},{"taxonomy":"brand","embeddable":true,"href":"https:\/\/azurefilm.com\/hu\/wp-json\/wp\/v2\/brand?post=57581"}],"curies":[{"name":"wp","href":"https:\/\/api.w.org\/{rel}","templated":true}]}}