
{"id":57585,"date":"2023-10-29T14:25:51","date_gmt":"2023-10-29T14:25:51","guid":{"rendered":"https:\/\/azurefilm.com\/product\/nema-23-leptetomotor-2\/"},"modified":"2025-06-27T19:03:28","modified_gmt":"2025-06-27T19:03:28","slug":"nema-23-leptetomotor-2","status":"publish","type":"product","link":"https:\/\/azurefilm.com\/hu\/termek\/nema-23-leptetomotor-2\/","title":{"rendered":"Nema 23 l\u00e9ptet\u0151motor"},"content":{"rendered":"<h2><strong>F\u0151bb jellemz\u0151k:<\/strong><\/h2>\n<p>&nbsp;<\/p>\n<h3><strong>Elektromos specifik\u00e1ci\u00f3k:<\/strong><\/h3>\n<ul>\n<li><strong>Cikksz\u00e1m:<\/strong> 23HS22-2804S-HG50<\/li>\n<li><strong>Motor t\u00edpusa:<\/strong> Bipol\u00e1ris l\u00e9ptet\u0151motor<\/li>\n<li><strong>L\u00e9p\u00e9spontoss\u00e1g:<\/strong> Minden l\u00e9p\u00e9s hihetetlen\u00fcl pontos, 0,036 fokos, ami lehet\u0151v\u00e9 teszi a finom vez\u00e9rl\u00e9st.<\/li>\n<li><strong>Tart\u00e1si nyomat\u00e9k:<\/strong> A stabilit\u00e1s \u00e9rdek\u00e9ben m\u00e9g a sebess\u00e9gv\u00e1lt\u00f3 n\u00e9lk\u00fcl is stabilan tartja a 103 Ncm nyomat\u00e9kot.<\/li>\n<li><strong>Er\u0151teljes:<\/strong> 2,8A f\u00e1zisonk\u00e9nt \u00e9s 2,5V-on m\u0171k\u00f6dik a z\u00f6kken\u0151mentes mozg\u00e1s \u00e9rdek\u00e9ben.<\/li>\n<li><strong>Hat\u00e9kony:<\/strong> 0,9 ohm alacsony ellen\u00e1ll\u00e1s\u00e1val hat\u00e9konyan kezeli az elektromos \u00e1raml\u00e1st.<\/li>\n<li><strong>Stabil:<\/strong> 2,8 mH induktivit\u00e1ssal rendelkezik \u00b120%-os t\u0171r\u00e9ssel 1 KHz-en a stabil elektromos teljes\u00edtm\u00e9ny \u00e9rdek\u00e9ben.<\/li>\n<\/ul>\n<h3><strong>Sebess\u00e9gv\u00e1lt\u00f3 specifik\u00e1ci\u00f3k:<\/strong><\/h3>\n<ul>\n<li><strong>M\u00e9ret:<\/strong> A motor \u00e9s a sebess\u00e9gv\u00e1lt\u00f3 egy\u00fctt 57 x 57 millim\u00e9teres, kompakt \u00e9s helytakar\u00e9kos.<\/li>\n<li><strong>Motor hossza:<\/strong> A motor hossza 55 millim\u00e9ter.<\/li>\n<li><strong>Sebess\u00e9gv\u00e1lt\u00f3 hossza:<\/strong> A sebess\u00e9gv\u00e1lt\u00f3 61,65 millim\u00e9terrel n\u00f6veli a teljes hossz\u00fas\u00e1got.<\/li>\n<li><strong>A tengely:<\/strong> A motor tengelye 14 millim\u00e9ter \u00e1tm\u00e9r\u0151j\u0171, \u00e9s 34 millim\u00e9ter hosszan ny\u00falik ki.<\/li>\n<li><strong>Kulcs\u00fat<\/strong>: A tengelyen egy 25 millim\u00e9teres kulcs\u00fat tal\u00e1lhat\u00f3 a biztons\u00e1gos csatlakoztat\u00e1s \u00e9rdek\u00e9ben.<\/li>\n<li><strong>Vezet:<\/strong> A motor 4 vezet\u00e9kkel rendelkezik, amelyek elektromos csatlakoz\u00f3k.<\/li>\n<li><strong>Hossz\u00fas\u00e1g:<\/strong> A vezet\u00e9kek hossza 320 millim\u00e9ter, ami rugalmass\u00e1got biztos\u00edt.<\/li>\n<li><strong>S\u00faly:<\/strong> A motor \u00e9s a sebess\u00e9gv\u00e1lt\u00f3 \u00f6sszt\u00f6mege 1800 gramm.<\/li>\n<\/ul>\n<h3><strong>Le\u00edr\u00e1s:<\/strong><\/h3>\n<ul>\n<li><strong>Motor t\u00edpusa:<\/strong> Bipol\u00e1ris l\u00e9ptet\u0151motor, t\u00f6k\u00e9letes a pontos vez\u00e9rl\u00e9shez.<\/li>\n<li><strong>Sebess\u00e9gv\u00e1lt\u00f3 el\u0151nye:<\/strong> 50:1 \u00e1tt\u00e9tel\u0171 be\u00e9p\u00edtett bolyg\u00f3m\u0171ves sebess\u00e9gv\u00e1lt\u00f3 a nagy nyomat\u00e9khoz \u00e9s a lassabb sebess\u00e9ghez.<\/li>\n<li><strong>Kompakt:<\/strong> M\u00e9rete 57 x 57 mm \u00e9s 55 mm motorhossz\u00fas\u00e1g, helytakar\u00e9kos \u00e9s k\u00f6nnyen adapt\u00e1lhat\u00f3.<\/li>\n<li><strong>Teljes\u00edtm\u00e9ny:<\/strong> 2,8A \u00e9s 2,5V fesz\u00fclts\u00e9gen m\u0171k\u00f6dik, hat\u00e9konys\u00e1got \u00e9s teljes\u00edtm\u00e9nyt k\u00edn\u00e1lva.<\/li>\n<li><strong>Precizit\u00e1s:<\/strong> Minim\u00e1lis holtj\u00e1t\u00e9k (legfeljebb 25 \u00edvperc) biztos\u00edtja a pontoss\u00e1got.<\/li>\n<li><strong>Tart\u00f3ss\u00e1g:<\/strong> V\u00e1rhat\u00f3 \u00e9lettartam 20 000 \u00f3ra.<\/li>\n<\/ul>\n<h3><strong>Csatlakoz\u00e1s:<\/strong><\/h3>\n<table style=\"width: 300px;\" border=\"1\">\n<tbody>\n<tr>\n<td>A+<\/td>\n<td>A-<\/td>\n<td>B+<\/td>\n<td>B-<\/td>\n<\/tr>\n<tr>\n<td>Black<\/td>\n<td>Green<\/td>\n<td>Red<\/td>\n<td>Blue<\/td>\n<\/tr>\n<\/tbody>\n<\/table>\n","protected":false},"excerpt":{"rendered":"<p><strong>Nema 23 l\u00e9ptet\u0151motor<\/strong> 55 mm-es testtel \u00e9s 2,8 A n\u00e9vleges \u00e1rammal, 61,65 mm-es bolyg\u00f3m\u0171ves sebess\u00e9gv\u00e1lt\u00f3val integr\u00e1lt, 50:1 \u00e1tt\u00e9tel\u0171.<\/p>\n","protected":false},"featured_media":57587,"comment_status":"closed","ping_status":"closed","template":"","meta":{"_acf_changed":false},"product_brand":[],"product_cat":[1679,2256,2224,2255,2221],"product_tag":[],"brand":[],"class_list":{"0":"post-57585","1":"product","2":"type-product","3":"status-publish","4":"has-post-thumbnail","6":"product_cat-elado","7":"product_cat-lepeses-motorok","8":"product_cat-minden-potalkatresz","9":"product_cat-motorok-es-meghajtok","10":"product_cat-potalkatreszek","12":"first","13":"instock","14":"sale","15":"taxable","16":"shipping-taxable","17":"purchasable","18":"product-type-simple"},"acf":[],"_links":{"self":[{"href":"https:\/\/azurefilm.com\/hu\/wp-json\/wp\/v2\/product\/57585","targetHints":{"allow":["GET"]}}],"collection":[{"href":"https:\/\/azurefilm.com\/hu\/wp-json\/wp\/v2\/product"}],"about":[{"href":"https:\/\/azurefilm.com\/hu\/wp-json\/wp\/v2\/types\/product"}],"replies":[{"embeddable":true,"href":"https:\/\/azurefilm.com\/hu\/wp-json\/wp\/v2\/comments?post=57585"}],"wp:featuredmedia":[{"embeddable":true,"href":"https:\/\/azurefilm.com\/hu\/wp-json\/wp\/v2\/media\/57587"}],"wp:attachment":[{"href":"https:\/\/azurefilm.com\/hu\/wp-json\/wp\/v2\/media?parent=57585"}],"wp:term":[{"taxonomy":"product_brand","embeddable":true,"href":"https:\/\/azurefilm.com\/hu\/wp-json\/wp\/v2\/product_brand?post=57585"},{"taxonomy":"product_cat","embeddable":true,"href":"https:\/\/azurefilm.com\/hu\/wp-json\/wp\/v2\/product_cat?post=57585"},{"taxonomy":"product_tag","embeddable":true,"href":"https:\/\/azurefilm.com\/hu\/wp-json\/wp\/v2\/product_tag?post=57585"},{"taxonomy":"brand","embeddable":true,"href":"https:\/\/azurefilm.com\/hu\/wp-json\/wp\/v2\/brand?post=57585"}],"curies":[{"name":"wp","href":"https:\/\/api.w.org\/{rel}","templated":true}]}}