
{"id":57593,"date":"2023-10-29T14:25:25","date_gmt":"2023-10-29T14:25:25","guid":{"rendered":"https:\/\/azurefilm.com\/product\/creality-excentrikus-extruder-csiga\/"},"modified":"2023-10-29T14:25:25","modified_gmt":"2023-10-29T14:25:25","slug":"creality-excentrikus-extruder-csiga","status":"publish","type":"product","link":"https:\/\/azurefilm.com\/hu\/termek\/creality-excentrikus-extruder-csiga\/","title":{"rendered":"Creality excentrikus extruder csiga"},"content":{"rendered":"<h2><b>F\u0151bb jellemz\u0151k:<\/b><\/h2>\n<ul>\n<li>Kop\u00e1s\u00e1ll\u00f3s\u00e1g, tart\u00f3s \u00e9s hossz\u00fa \u00e9lettartam, kiv\u00e1l\u00f3 rozsda\u00e1ll\u00f3s\u00e1g \u00e9s kiv\u00e1l\u00f3 oxid\u00e1ci\u00f3s ellen\u00e1ll\u00e1s.<\/li>\n<li>Stabil merevs\u00e9g, k\u00f6nny\u0171, nem m\u00e1gneses \u00e9s korr\u00f3zi\u00f3\u00e1ll\u00f3s\u00e1g.<\/li>\n<li>Kop\u00e1s\u00e1ll\u00f3, rugalmas, rozsdamentes ac\u00e9lb\u00f3l k\u00e9sz\u00fclt.<\/li>\n<li>Az excentrikus csavar 5 mm-es furattal rendelkezik, \u00e9s 10 mm-es csavarkulccsal \u00e1ll\u00edthat\u00f3.<\/li>\n<li>Az excentrikus csavar k\u00fcls\u0151 oldal\u00e1n egy bem\u00e9lyed\u00e9s tal\u00e1lhat\u00f3, amely lehet\u0151v\u00e9 teszi, hogy mindig tudja, hol tal\u00e1lhat\u00f3 a CAM-lyuk legkisebb r\u00e9sze.<\/li>\n<\/ul>\n","protected":false},"excerpt":{"rendered":"<p><strong>Creality excentrikus extruder csavar<\/strong> kop\u00e1s\u00e1ll\u00f3s\u00e1ggal, tart\u00f3s \u00e9s hossz\u00fa \u00e9lettartam\u00fa, kiv\u00e1l\u00f3 rozsda\u00e1ll\u00f3s\u00e1ggal \u00e9s kiv\u00e1l\u00f3 oxid\u00e1ci\u00f3s ellen\u00e1ll\u00e1ssal.<\/p>\n","protected":false},"featured_media":57596,"comment_status":"closed","ping_status":"closed","template":"","meta":{"_acf_changed":false},"product_brand":[],"product_cat":[1679,2232,2222,2224,2221],"product_tag":[],"brand":[],"class_list":{"0":"post-57593","1":"product","2":"type-product","3":"status-publish","4":"has-post-thumbnail","6":"product_cat-elado","7":"product_cat-extruder-alkatreszek","8":"product_cat-extruders-hu","9":"product_cat-minden-potalkatresz","10":"product_cat-potalkatreszek","12":"first","13":"instock","14":"sale","15":"taxable","16":"shipping-taxable","17":"purchasable","18":"product-type-simple"},"acf":[],"_links":{"self":[{"href":"https:\/\/azurefilm.com\/hu\/wp-json\/wp\/v2\/product\/57593","targetHints":{"allow":["GET"]}}],"collection":[{"href":"https:\/\/azurefilm.com\/hu\/wp-json\/wp\/v2\/product"}],"about":[{"href":"https:\/\/azurefilm.com\/hu\/wp-json\/wp\/v2\/types\/product"}],"replies":[{"embeddable":true,"href":"https:\/\/azurefilm.com\/hu\/wp-json\/wp\/v2\/comments?post=57593"}],"wp:featuredmedia":[{"embeddable":true,"href":"https:\/\/azurefilm.com\/hu\/wp-json\/wp\/v2\/media\/57596"}],"wp:attachment":[{"href":"https:\/\/azurefilm.com\/hu\/wp-json\/wp\/v2\/media?parent=57593"}],"wp:term":[{"taxonomy":"product_brand","embeddable":true,"href":"https:\/\/azurefilm.com\/hu\/wp-json\/wp\/v2\/product_brand?post=57593"},{"taxonomy":"product_cat","embeddable":true,"href":"https:\/\/azurefilm.com\/hu\/wp-json\/wp\/v2\/product_cat?post=57593"},{"taxonomy":"product_tag","embeddable":true,"href":"https:\/\/azurefilm.com\/hu\/wp-json\/wp\/v2\/product_tag?post=57593"},{"taxonomy":"brand","embeddable":true,"href":"https:\/\/azurefilm.com\/hu\/wp-json\/wp\/v2\/brand?post=57593"}],"curies":[{"name":"wp","href":"https:\/\/api.w.org\/{rel}","templated":true}]}}