
{"id":57594,"date":"2023-10-29T14:25:51","date_gmt":"2023-10-29T14:25:51","guid":{"rendered":"https:\/\/azurefilm.com\/product\/nema-17-leptetomotor\/"},"modified":"2023-10-29T14:25:51","modified_gmt":"2023-10-29T14:25:51","slug":"nema-17-leptetomotor","status":"publish","type":"product","link":"https:\/\/azurefilm.com\/hu\/termek\/nema-17-leptetomotor\/","title":{"rendered":"Nema 17 l\u00e9ptet\u0151motor"},"content":{"rendered":"<p><strong>Nema 17 l\u00e9ptet\u0151motor<\/strong> (L=39mm w\/ Gear Ratio 50:1) 39mm-es testtel \u00e9s 1,68A n\u00e9vleges \u00e1rammal, integr\u00e1lt 48,3mm-es bolyg\u00f3m\u0171ves sebess\u00e9gv\u00e1lt\u00f3val 50:1 \u00e1tt\u00e9tellel.<br \/>\nEz egy j\u00f3 megold\u00e1s olyan alkalmaz\u00e1sokhoz, amelyeknek k\u00fcl\u00f6nleges hely van, de alacsony sebess\u00e9gre \u00e9s\/vagy nagy nyomat\u00e9kra van sz\u00fcks\u00e9g\u00fck.<\/p>\n<h2><strong>Elektromos specifik\u00e1ci\u00f3k:<\/strong><\/h2>\n<ul>\n<li>Gy\u00e1rt\u00f3 cikksz\u00e1ma: 17HS15-1684S-HG50<\/li>\n<li>Motor t\u00edpusa: Bipol\u00e1ris l\u00e9ptet\u0151motor: Bipol\u00e1ris l\u00e9ptet\u0151motor<\/li>\n<li>L\u00e9pcs\u0151sz\u00f6g: 0,036 fok<\/li>\n<li>Tart\u00e1si nyomat\u00e9k sebess\u00e9gv\u00e1lt\u00f3 n\u00e9lk\u00fcl: 39Ncm (55oz.in)<\/li>\n<li>N\u00e9vleges \u00e1ram\/f\u00e1zis: 1.68A<\/li>\n<li>F\u00e1zisellen\u00e1ll\u00e1s: 1,6ohm<\/li>\n<li>Fesz\u00fclts\u00e9g: 2.7V<\/li>\n<li>Induktivit\u00e1s: (1KHz)<\/li>\n<\/ul>\n<h2><strong>Sebess\u00e9gv\u00e1lt\u00f3 specifik\u00e1ci\u00f3k:<\/strong><\/h2>\n<ul>\n<li>Sebess\u00e9gv\u00e1lt\u00f3 t\u00edpusa: .<\/li>\n<li>Sebess\u00e9gv\u00e1lt\u00f3: 50 : 1<\/li>\n<li>Hat\u00e9konys\u00e1g: 90%<\/li>\n<li>Visszahat\u00e1s terhel\u00e9s n\u00e9lk\u00fcl: &lt;=25 \u00edvperc<\/li>\n<li>Max. Megengedett nyomat\u00e9k: 15Nm(2124oz.in) <\/li>\n<li>Megengedett nyomat\u00e9k: 25Nm (3540oz.in)<\/li>\n<li>Max. Radi\u00e1lis terhel\u00e9s: 150N <\/li>\n<li>K\u00f6rnyezeti h\u0151m\u00e9rs\u00e9klet: -10 &#8211; 90 \u2103<\/li>\n<li>Szigetel\u00e9si oszt\u00e1ly: B<\/li>\n<li>Zaj: &lt;=50 dB<\/li>\n<li>\u00c9lettartam: 20000 h<\/li>\n<\/ul>\n<h2><strong>Fizikai specifik\u00e1ci\u00f3k:<\/strong><\/h2>\n<ul>\n<li>V\u00e1zm\u00e9ret: 42 x 42mm<\/li>\n<li>Motor hossza: 39mm<\/li>\n<li>Sebess\u00e9gv\u00e1lt\u00f3 hossza: 48.3mm<\/li>\n<li>A tengely \u00e1tm\u00e9r\u0151je: \u03a68mm<\/li>\n<li>A tengely hossza: 23.5mm<\/li>\n<li>Kulcs\u00fat hossza: 14mm<\/li>\n<li>Vezet\u00e9kek sz\u00e1ma: 4<\/li>\n<li>Vezet\u00e9k hossza: 320mm<\/li>\n<li>S\u00faly: 880g<\/li>\n<\/ul>\n<h2><strong>Csatlakoz\u00e1s:<\/strong><\/h2>\n<table style=\"width: 300px;\" border=\"1\">\n<tbody>\n<tr>\n<td>A+<\/td>\n<td>A-<\/td>\n<td>B+<\/td>\n<td>B-<\/td>\n<\/tr>\n<tr>\n<td>Black<\/td>\n<td>Green<\/td>\n<td>Red<\/td>\n<td>Blue<\/td>\n<\/tr>\n<\/tbody>\n<\/table>\n","protected":false},"excerpt":{"rendered":"<p><strong>Nema 17 l\u00e9ptet\u0151motor<\/strong> 39 mm-es testtel \u00e9s 1,68A n\u00e9vleges \u00e1rammal, integr\u00e1lt 48,3 mm-es bolyg\u00f3m\u0171ves sebess\u00e9gv\u00e1lt\u00f3val, 50:1 \u00e1tt\u00e9tellel.<\/p>\n","protected":false},"featured_media":57595,"comment_status":"closed","ping_status":"closed","template":"","meta":{"_acf_changed":false},"product_brand":[],"product_cat":[1679,2256,2224,2255,2221],"product_tag":[],"brand":[],"class_list":{"0":"post-57594","1":"product","2":"type-product","3":"status-publish","4":"has-post-thumbnail","6":"product_cat-elado","7":"product_cat-lepeses-motorok","8":"product_cat-minden-potalkatresz","9":"product_cat-motorok-es-meghajtok","10":"product_cat-potalkatreszek","12":"first","13":"instock","14":"sale","15":"taxable","16":"shipping-taxable","17":"purchasable","18":"product-type-simple"},"acf":[],"_links":{"self":[{"href":"https:\/\/azurefilm.com\/hu\/wp-json\/wp\/v2\/product\/57594","targetHints":{"allow":["GET"]}}],"collection":[{"href":"https:\/\/azurefilm.com\/hu\/wp-json\/wp\/v2\/product"}],"about":[{"href":"https:\/\/azurefilm.com\/hu\/wp-json\/wp\/v2\/types\/product"}],"replies":[{"embeddable":true,"href":"https:\/\/azurefilm.com\/hu\/wp-json\/wp\/v2\/comments?post=57594"}],"wp:featuredmedia":[{"embeddable":true,"href":"https:\/\/azurefilm.com\/hu\/wp-json\/wp\/v2\/media\/57595"}],"wp:attachment":[{"href":"https:\/\/azurefilm.com\/hu\/wp-json\/wp\/v2\/media?parent=57594"}],"wp:term":[{"taxonomy":"product_brand","embeddable":true,"href":"https:\/\/azurefilm.com\/hu\/wp-json\/wp\/v2\/product_brand?post=57594"},{"taxonomy":"product_cat","embeddable":true,"href":"https:\/\/azurefilm.com\/hu\/wp-json\/wp\/v2\/product_cat?post=57594"},{"taxonomy":"product_tag","embeddable":true,"href":"https:\/\/azurefilm.com\/hu\/wp-json\/wp\/v2\/product_tag?post=57594"},{"taxonomy":"brand","embeddable":true,"href":"https:\/\/azurefilm.com\/hu\/wp-json\/wp\/v2\/brand?post=57594"}],"curies":[{"name":"wp","href":"https:\/\/api.w.org\/{rel}","templated":true}]}}