
{"id":57597,"date":"2023-10-29T14:25:51","date_gmt":"2023-10-29T14:25:51","guid":{"rendered":"https:\/\/azurefilm.com\/product\/nema-17-leptetomotor-nagy-pontossagu\/"},"modified":"2023-10-29T14:25:51","modified_gmt":"2023-10-29T14:25:51","slug":"nema-17-leptetomotor-nagy-pontossagu","status":"publish","type":"product","link":"https:\/\/azurefilm.com\/hu\/termek\/nema-17-leptetomotor-nagy-pontossagu\/","title":{"rendered":"Nema 17 l\u00e9ptet\u0151motor nagy pontoss\u00e1g\u00fa"},"content":{"rendered":"<p><strong>Nema 17 l\u00e9ptet\u0151motor nagy pontoss\u00e1g\u00fa<\/strong>, 39 mm-es testtel \u00e9s 1,68A n\u00e9vleges \u00e1rammal, egy 48,3 mm-es bolyg\u00f3m\u0171ves sebess\u00e9gv\u00e1lt\u00f3val integr\u00e1lt 20:1 \u00e1tt\u00e9tel\u0171.<br \/>\nEz egy j\u00f3 megold\u00e1s olyan alkalmaz\u00e1sokhoz, amelyeknek k\u00fcl\u00f6nleges hely van, de alacsony sebess\u00e9gre \u00e9s\/vagy nagy nyomat\u00e9kra van sz\u00fcks\u00e9g\u00fck.<\/p>\n<h2><strong>Elektromos specifik\u00e1ci\u00f3k:<\/strong><\/h2>\n<ul>\n<li><strong>Motor t\u00edpusa:<\/strong> Bipol\u00e1ris l\u00e9ptet\u0151motor, ismert a pontos vez\u00e9rl\u00e9sr\u0151l.<\/li>\n<li><strong>L\u00e9p\u00e9ssz\u00f6g:<\/strong> Kiv\u00e9telesen finom 0,09 fok a pontos mozg\u00e1s \u00e9rdek\u00e9ben.<\/li>\n<li><strong>Tart\u00e1si nyomat\u00e9k:<\/strong> v\u00e1lt\u00f3 n\u00e9lk\u00fcl, stabilit\u00e1st biztos\u00edtva.<\/li>\n<li><strong>N\u00e9vleges \u00e1ram\/f\u00e1zis:<\/strong> F\u00e1zisonk\u00e9nt 1,68A az er\u0151teljes teljes\u00edtm\u00e9ny \u00e9rdek\u00e9ben.<\/li>\n<li><strong>F\u00e1zisellen\u00e1ll\u00e1s:<\/strong> Az elektromos \u00e1raml\u00e1shoz hat\u00e9kony 1,6 ohm.<\/li>\n<li><strong>Fesz\u00fclts\u00e9g:<\/strong> Az optim\u00e1lis energiafelhaszn\u00e1l\u00e1s \u00e9rdek\u00e9ben 2,7 V fesz\u00fclts\u00e9gen m\u0171k\u00f6dik.<\/li>\n<li><strong>Induktivit\u00e1s:<\/strong> 1KHz-en \u00b120%-os t\u0171r\u00e9ssel a stabilit\u00e1s \u00e9rdek\u00e9ben.<\/li>\n<\/ul>\n<h2><strong>Sebess\u00e9gv\u00e1lt\u00f3 specifik\u00e1ci\u00f3k:<\/strong><\/h2>\n<ul>\n<li><strong>Sebess\u00e9gv\u00e1lt\u00f3 t\u00edpusa:<\/strong> Nyomat\u00e9ker\u0151s\u00edt\u00e9shez bolyg\u00f3m\u0171: bolyg\u00f3m\u0171.<\/li>\n<li><strong>Sebess\u00e9gfokozat:<\/strong> 20:1 a megn\u00f6velt nyomat\u00e9k \u00e9s a cs\u00f6kkentett sebess\u00e9g \u00e9rdek\u00e9ben.<\/li>\n<li><strong>Hat\u00e9konys\u00e1g:<\/strong> 90% az \u00e1tvitel sor\u00e1n fell\u00e9p\u0151 energiavesztes\u00e9g minimaliz\u00e1l\u00e1sa \u00e9rdek\u00e9ben.<\/li>\n<li><strong>Visszahat\u00e1s terhel\u00e9s n\u00e9lk\u00fcl:<\/strong> a pontos fogasker\u00e9k-beavatkoz\u00e1s \u00e9rdek\u00e9ben.<\/li>\n<li><strong>Max. Megengedett nyomat\u00e9k: <\/strong>  Ak\u00e1r 15Nm (2124oz.in) er\u0151ss\u00e9g\u0171 teljes\u00edtm\u00e9nyt kezel.<\/li>\n<li><strong>Pillanat Megengedett nyomat\u00e9k:<\/strong> 25Nm (3540oz.in) pillanatnyi terhel\u00e9sig.<\/li>\n<li><strong>Max. Radi\u00e1lis terhel\u00e9s: <\/strong>  150N az oldalir\u00e1ny\u00fa er\u0151 alatti stabilit\u00e1s \u00e9rdek\u00e9ben.<\/li>\n<li><strong>K\u00f6rnyezeti h\u0151m\u00e9rs\u00e9klet:<\/strong> Megb\u00edzhat\u00f3an m\u0171k\u00f6dik -10\u00b0C \u00e9s 90\u00b0C k\u00f6z\u00f6tt.<\/li>\n<li><strong>Szigetel\u00e9si oszt\u00e1ly:<\/strong> oszt\u00e1ly az elektromos biztons\u00e1g \u00e9rdek\u00e9ben.<\/li>\n<li><strong>Zaj:<\/strong> Legfeljebb 50 dB zajt gener\u00e1l.<\/li>\n<li><strong>\u00c9let:<\/strong> V\u00e1rhat\u00f3 \u00e9lettartam: 20 000 \u00f3ra.<\/li>\n<\/ul>\n<h2><strong>Fizikai specifik\u00e1ci\u00f3k:<\/strong><\/h2>\n<ul>\n<li><strong>V\u00e1zm\u00e9ret:<\/strong> 42 x 42 mm-es kompakt keret.<\/li>\n<li><strong>Motorhossz:<\/strong> 39mm, alkalmas helysz\u0171k\u00f6s be\u00e1ll\u00edt\u00e1sokhoz.<\/li>\n<li><strong>Sebess\u00e9gv\u00e1lt\u00f3 hossza:<\/strong> 48,3 mm a kompakt teljes profil \u00e9rdek\u00e9ben.<\/li>\n<li><strong>A tengely \u00e1tm\u00e9r\u0151je:<\/strong> A tengely \u00e1tm\u00e9r\u0151je: Stabil \u03a68mm.<\/li>\n<li><strong>A tengely hossza:<\/strong> A rugalmass\u00e1g \u00e9rdek\u00e9ben 23,5 mm.<\/li>\n<li><strong>Kulcs\u00fat hossza:<\/strong> A pontos csatlakoztat\u00e1s \u00e9rdek\u00e9ben 14 mm-es kulcs\u00fat.<\/li>\n<li><strong>Vezet\u00e9kek sz\u00e1ma:<\/strong> 4 vezet\u00e9k a t\u00e1pell\u00e1t\u00e1shoz \u00e9s a vez\u00e9rl\u00e9shez.<\/li>\n<li><strong>Vezet\u00e9khossz:<\/strong> 320 mm a sokoldal\u00fa be\u00e1ll\u00edt\u00e1si lehet\u0151s\u00e9gekhez.<\/li>\n<li><strong>S\u00faly:<\/strong> s\u00faly: A teljes s\u00faly 880 g.<\/li>\n<\/ul>\n<h2><strong>Csatlakoz\u00e1s:<\/strong><\/h2>\n<table style=\"width: 300px;\" border=\"1\">\n<tbody>\n<tr>\n<td>A+<\/td>\n<td>A-<\/td>\n<td>B+<\/td>\n<td>B-<\/td>\n<\/tr>\n<tr>\n<td>Black<\/td>\n<td>Green<\/td>\n<td>Red<\/td>\n<td>Blue<\/td>\n<\/tr>\n<\/tbody>\n<\/table>\n","protected":false},"excerpt":{"rendered":"<p><strong>Nema 17 l\u00e9ptet\u0151motor nagy pontoss\u00e1g\u00fa<\/strong>, 39 mm-es testtel \u00e9s 1,68A n\u00e9vleges \u00e1rammal, integr\u00e1lt 48,3 mm-es bolyg\u00f3m\u0171ves sebess\u00e9gv\u00e1lt\u00f3val 20:1 \u00e1tt\u00e9tellel.<\/p>\n","protected":false},"featured_media":57599,"comment_status":"closed","ping_status":"closed","template":"","meta":{"_acf_changed":false},"product_brand":[],"product_cat":[1679,2256,2224,2255,2221],"product_tag":[],"brand":[],"class_list":{"0":"post-57597","1":"product","2":"type-product","3":"status-publish","4":"has-post-thumbnail","6":"product_cat-elado","7":"product_cat-lepeses-motorok","8":"product_cat-minden-potalkatresz","9":"product_cat-motorok-es-meghajtok","10":"product_cat-potalkatreszek","12":"first","13":"instock","14":"sale","15":"taxable","16":"shipping-taxable","17":"purchasable","18":"product-type-simple"},"acf":[],"_links":{"self":[{"href":"https:\/\/azurefilm.com\/hu\/wp-json\/wp\/v2\/product\/57597","targetHints":{"allow":["GET"]}}],"collection":[{"href":"https:\/\/azurefilm.com\/hu\/wp-json\/wp\/v2\/product"}],"about":[{"href":"https:\/\/azurefilm.com\/hu\/wp-json\/wp\/v2\/types\/product"}],"replies":[{"embeddable":true,"href":"https:\/\/azurefilm.com\/hu\/wp-json\/wp\/v2\/comments?post=57597"}],"wp:featuredmedia":[{"embeddable":true,"href":"https:\/\/azurefilm.com\/hu\/wp-json\/wp\/v2\/media\/57599"}],"wp:attachment":[{"href":"https:\/\/azurefilm.com\/hu\/wp-json\/wp\/v2\/media?parent=57597"}],"wp:term":[{"taxonomy":"product_brand","embeddable":true,"href":"https:\/\/azurefilm.com\/hu\/wp-json\/wp\/v2\/product_brand?post=57597"},{"taxonomy":"product_cat","embeddable":true,"href":"https:\/\/azurefilm.com\/hu\/wp-json\/wp\/v2\/product_cat?post=57597"},{"taxonomy":"product_tag","embeddable":true,"href":"https:\/\/azurefilm.com\/hu\/wp-json\/wp\/v2\/product_tag?post=57597"},{"taxonomy":"brand","embeddable":true,"href":"https:\/\/azurefilm.com\/hu\/wp-json\/wp\/v2\/brand?post=57597"}],"curies":[{"name":"wp","href":"https:\/\/api.w.org\/{rel}","templated":true}]}}