
{"id":57602,"date":"2023-10-29T14:25:51","date_gmt":"2023-10-29T14:25:51","guid":{"rendered":"https:\/\/azurefilm.com\/product\/nema-14-leptetomotor\/"},"modified":"2025-12-06T14:50:49","modified_gmt":"2025-12-06T14:50:49","slug":"nema-14-leptetomotor","status":"publish","type":"product","link":"https:\/\/azurefilm.com\/hu\/termek\/nema-14-leptetomotor\/","title":{"rendered":"Nema 14 l\u00e9ptet\u0151motor"},"content":{"rendered":"<h3>Nema 14 l\u00e9ptet\u0151motor<\/h3>\n<h3><strong>F\u0151bb jellemz\u0151k:<\/strong><\/h3>\n<h4><strong>Elektromos specifik\u00e1ci\u00f3k:<\/strong><\/h4>\n<ul>\n<li><strong>Cikksz\u00e1m:<\/strong> 14HS13-0804S-PG19<\/li>\n<li><strong>Motor t\u00edpusa:<\/strong> Bipol\u00e1ris l\u00e9ptet\u0151motor<\/li>\n<li><strong>L\u00e9p\u00e9ssz\u00f6g:<\/strong> Rendk\u00edv\u00fcl pontos, 0,094 fok, ami pontos mozg\u00e1svez\u00e9rl\u00e9st tesz lehet\u0151v\u00e9.<\/li>\n<li><strong>Tart\u00e1si nyomat\u00e9k (sebess\u00e9gv\u00e1lt\u00f3 n\u00e9lk\u00fcl):<\/strong> A stabilit\u00e1s \u00e9rdek\u00e9ben folyamatosan 14 Ncm (kb. 19,83 oz.in) nyomat\u00e9kot tart.<\/li>\n<li><strong>N\u00e9vleges \u00e1ram\/f\u00e1zis:<\/strong> F\u00e1zisonk\u00e9nt 1,0A f\u00e1zisonk\u00e9nt m\u0171k\u00f6dik a szab\u00e1lyozott mozg\u00e1s \u00e9rdek\u00e9ben.<\/li>\n<li><strong>F\u00e1zisellen\u00e1ll\u00e1s:<\/strong> Hat\u00e9konyan kezeli az elektromos \u00e1raml\u00e1st 6,8 ohmmal.<\/li>\n<li><strong>Fesz\u00fclts\u00e9g:<\/strong> Az optim\u00e1lis energiafelhaszn\u00e1l\u00e1s \u00e9rdek\u00e9ben 5,4 V fesz\u00fclts\u00e9gen m\u0171k\u00f6dik.<\/li>\n<li><strong>Induktivit\u00e1s:<\/strong> 10mH induktivit\u00e1ssal stabil elektromos viselked\u00e9s 1KHz-en.<\/li>\n<\/ul>\n<h4><strong>Sebess\u00e9gv\u00e1lt\u00f3 specifik\u00e1ci\u00f3k:<\/strong><\/h4>\n<ul>\n<li><strong>Sebess\u00e9gv\u00e1lt\u00f3 t\u00edpusa:<\/strong> 19,19:1 \u00e1tt\u00e9tel\u0171 bolyg\u00f3m\u0171, amely nagy nyomat\u00e9kot biztos\u00edt.<\/li>\n<li><strong>Fogaskerekek hat\u00e9konys\u00e1ga:<\/strong> 81%-os hat\u00e9konys\u00e1g\u00fa sebess\u00e9gv\u00e1lt\u00f3.<\/li>\n<li><strong>Visszahat\u00e1s terhel\u00e9s n\u00e9lk\u00fcl:<\/strong> Minim\u00e1lis holtj\u00e1t\u00e9k, amely biztos\u00edtja a fogaskerekek pontos bekapcsol\u00e1s\u00e1t.<\/li>\n<li><strong>Max. Megengedett nyomat\u00e9k: <\/strong>  Ak\u00e1r 3 Nm (kb. 425 oz.in) nyomat\u00e9kot is elb\u00edr k\u00fcl\u00f6nb\u00f6z\u0151 alkalmaz\u00e1sokhoz.<\/li>\n<li><strong>Pillanat Megengedett nyomat\u00e9k:<\/strong> 5Nm (kb. 708 oz.in) pillanatnyi cs\u00facsnyomat\u00e9kot t\u00e1mogat.<\/li>\n<li><strong>A tengely maxim\u00e1lis axi\u00e1lis terhel\u00e9se:<\/strong> Stabil 5N maxim\u00e1lis axi\u00e1lis terhel\u00e9ssel.<\/li>\n<li><strong>A tengely maxim\u00e1lis radi\u00e1lis terhel\u00e9se:<\/strong> 25N maxim\u00e1lis radi\u00e1lis terhelhet\u0151s\u00e9ggel ellen\u00e1ll az oldalir\u00e1ny\u00fa er\u0151knek.<\/li>\n<li><strong>Nema 14 l\u00e9ptet\u0151motor<\/strong> (Bipol\u00e1ris L=33mm w\/ Gear Ratio 19:1)<\/li>\n<\/ul>\n<h4><strong>Fizikai specifik\u00e1ci\u00f3k:<\/strong><\/h4>\n<ul>\n<li><strong>V\u00e1zm\u00e9ret:<\/strong> Kompakt 35 x 35 mm-es keret.<\/li>\n<li><strong>Motorhossz:<\/strong> 34 mm a helytakar\u00e9kos alkalmaz\u00e1sokhoz.<\/li>\n<li><strong>Sebess\u00e9gv\u00e1lt\u00f3 hossza:<\/strong> 35,8 mm a sebess\u00e9gv\u00e1lt\u00f3 csatlakoztat\u00e1s\u00e1val.<\/li>\n<li><strong>A tengely \u00e1tm\u00e9r\u0151je:<\/strong> \u00e1tm\u00e9r\u0151je: 6 mm.<\/li>\n<li><strong>A tengely hossza:<\/strong> 18 mm, rugalmasan r\u00f6gz\u00edthet\u0151.<\/li>\n<li><strong>D-v\u00e1g\u00e1s Hossz:<\/strong> 12 mm D-v\u00e1g\u00e1s a tengelyen a pontos csatlakoztat\u00e1s \u00e9rdek\u00e9ben.<\/li>\n<li><strong>Vezet\u00e9kek sz\u00e1ma:<\/strong> 4 vezet\u00e9k a t\u00e1pell\u00e1t\u00e1shoz \u00e9s a vez\u00e9rl\u00e9shez.<\/li>\n<li><strong>Hossz\u00fas\u00e1g:<\/strong> Nagyvonal\u00fa, 500 mm-es vezet\u00e9kek a rugalmas be\u00e1ll\u00edt\u00e1s \u00e9rdek\u00e9ben.<\/li>\n<li><strong>S\u00faly:<\/strong> K\u00f6nny\u0171 \u00f6sszeszerel\u00e9s, s\u00falya mind\u00f6ssze 320 gramm.<\/li>\n<\/ul>\n<h4><strong>Csatlakoz\u00e1s:<\/strong><\/h4>\n<table style=\"width: 300px;\" border=\"1\">\n<tbody>\n<tr>\n<td>A+<\/td>\n<td>A-<\/td>\n<td>B+<\/td>\n<td>B-<\/td>\n<\/tr>\n<tr>\n<td>Red<\/td>\n<td>Green<\/td>\n<td>Yellow<\/td>\n<td>Blue<\/td>\n<\/tr>\n<\/tbody>\n<\/table>\n","protected":false},"excerpt":{"rendered":"<p><strong>Nema 14 l\u00e9ptet\u0151motor<\/strong> 33 mm-es testtel \u00e9s 0,8A n\u00e9vleges \u00e1rammal, 19,19:1 \u00e1tt\u00e9tel\u0171 bolyg\u00f3m\u0171ves sebess\u00e9gv\u00e1lt\u00f3val.<\/p>\n","protected":false},"featured_media":57603,"comment_status":"closed","ping_status":"closed","template":"","meta":{"_acf_changed":false},"product_brand":[],"product_cat":[1679,2256,2224,2255,2221],"product_tag":[],"brand":[],"class_list":{"0":"post-57602","1":"product","2":"type-product","3":"status-publish","4":"has-post-thumbnail","6":"product_cat-elado","7":"product_cat-lepeses-motorok","8":"product_cat-minden-potalkatresz","9":"product_cat-motorok-es-meghajtok","10":"product_cat-potalkatreszek","12":"first","13":"instock","14":"sale","15":"taxable","16":"shipping-taxable","17":"purchasable","18":"product-type-simple"},"acf":[],"_links":{"self":[{"href":"https:\/\/azurefilm.com\/hu\/wp-json\/wp\/v2\/product\/57602","targetHints":{"allow":["GET"]}}],"collection":[{"href":"https:\/\/azurefilm.com\/hu\/wp-json\/wp\/v2\/product"}],"about":[{"href":"https:\/\/azurefilm.com\/hu\/wp-json\/wp\/v2\/types\/product"}],"replies":[{"embeddable":true,"href":"https:\/\/azurefilm.com\/hu\/wp-json\/wp\/v2\/comments?post=57602"}],"wp:featuredmedia":[{"embeddable":true,"href":"https:\/\/azurefilm.com\/hu\/wp-json\/wp\/v2\/media\/57603"}],"wp:attachment":[{"href":"https:\/\/azurefilm.com\/hu\/wp-json\/wp\/v2\/media?parent=57602"}],"wp:term":[{"taxonomy":"product_brand","embeddable":true,"href":"https:\/\/azurefilm.com\/hu\/wp-json\/wp\/v2\/product_brand?post=57602"},{"taxonomy":"product_cat","embeddable":true,"href":"https:\/\/azurefilm.com\/hu\/wp-json\/wp\/v2\/product_cat?post=57602"},{"taxonomy":"product_tag","embeddable":true,"href":"https:\/\/azurefilm.com\/hu\/wp-json\/wp\/v2\/product_tag?post=57602"},{"taxonomy":"brand","embeddable":true,"href":"https:\/\/azurefilm.com\/hu\/wp-json\/wp\/v2\/brand?post=57602"}],"curies":[{"name":"wp","href":"https:\/\/api.w.org\/{rel}","templated":true}]}}