
{"id":57605,"date":"2023-10-29T14:25:51","date_gmt":"2023-10-29T14:25:51","guid":{"rendered":"https:\/\/azurefilm.com\/product\/nema-11-leptetomotor\/"},"modified":"2023-10-29T14:25:51","modified_gmt":"2023-10-29T14:25:51","slug":"nema-11-leptetomotor","status":"publish","type":"product","link":"https:\/\/azurefilm.com\/hu\/termek\/nema-11-leptetomotor\/","title":{"rendered":"Nema 11 l\u00e9ptet\u0151motor"},"content":{"rendered":"<p>Ez a <strong>Nema 11 l\u00e9ptet\u0151motor<\/strong> (bipol\u00e1ris L=51mm w\/ Gear Ratio 14:1) 51mm-es testtel \u00e9s 0,67A n\u00e9vleges \u00e1rammal, 13,73:1 \u00e1tt\u00e9tel\u0171 bolyg\u00f3m\u0171vel rendelkezik. Ez egy j\u00f3 megold\u00e1s olyan alkalmaz\u00e1sokhoz, amelyeknek korl\u00e1tozott hely \u00e1ll rendelkez\u00e9sre, de alacsony sebess\u00e9gre \u00e9s\/vagy nagy nyomat\u00e9kra van sz\u00fcks\u00e9g\u00fck. <\/p>\n<h2><strong>Elektromos specifik\u00e1ci\u00f3k:<\/strong><\/h2>\n<ul>\n<li><strong>Motor t\u00edpusa:<\/strong> Bipol\u00e1ris l\u00e9ptet\u0151motor a pontos vez\u00e9rl\u00e9shez.<\/li>\n<li><strong>L\u00e9p\u00e9ssz\u00f6g:<\/strong> A pontos mozg\u00e1s \u00e9rdek\u00e9ben.<\/li>\n<li><strong>Tart\u00e1si nyomat\u00e9k:<\/strong> 12Ncm (16.99oz.in) sebess\u00e9gv\u00e1lt\u00f3 n\u00e9lk\u00fcl a stabilit\u00e1s \u00e9rdek\u00e9ben.<\/li>\n<li><strong>N\u00e9vleges \u00e1ram\/f\u00e1zis:<\/strong> a hat\u00e9kony teljes\u00edtm\u00e9ny \u00e9rdek\u00e9ben: 0,67A f\u00e1zisonk\u00e9nt.<\/li>\n<li><strong>F\u00e1zisellen\u00e1ll\u00e1s:<\/strong> 9,2 ohm a hat\u00e9kony elektromos \u00e1raml\u00e1s \u00e9rdek\u00e9ben.<\/li>\n<li><strong>Fesz\u00fclts\u00e9g:<\/strong> 6,2 V fesz\u00fclts\u00e9gen m\u0171k\u00f6dik a kiegyens\u00falyozott energiafelhaszn\u00e1l\u00e1s \u00e9rdek\u00e9ben.<\/li>\n<li><strong>Induktivit\u00e1s:<\/strong> 1KHz-en \u00b120% toleranci\u00e1val a stabil elektromos viselked\u00e9s \u00e9rdek\u00e9ben.<\/li>\n<\/ul>\n<h2><strong>Sebess\u00e9gv\u00e1lt\u00f3 specifik\u00e1ci\u00f3k:<\/strong><\/h2>\n<ul>\n<li><strong>Sebess\u00e9gv\u00e1lt\u00f3 t\u00edpusa:<\/strong> Nyomat\u00e9ker\u0151s\u00edt\u00e9shez bolyg\u00f3m\u0171: bolyg\u00f3m\u0171.<\/li>\n<li><strong>Sebess\u00e9gv\u00e1lt\u00f3 \u00e1tt\u00e9tel:<\/strong> 13,73:1 a megn\u00f6velt nyomat\u00e9k \u00e9s a cs\u00f6kkentett sebess\u00e9g \u00e9rdek\u00e9ben.<\/li>\n<li><strong>Fogaskerekek hat\u00e9konys\u00e1ga:<\/strong> 81% az er\u0151\u00e1tvitel sor\u00e1n fell\u00e9p\u0151 teljes\u00edtm\u00e9nyvesztes\u00e9g minimaliz\u00e1l\u00e1sa \u00e9rdek\u00e9ben.<\/li>\n<li><strong>Visszahat\u00e1s terhel\u00e9s n\u00e9lk\u00fcl:<\/strong> 1 fokn\u00e1l kisebb vagy egyenl\u0151 a pontos fogasker\u00e9k-befog\u00e1s \u00e9rdek\u00e9ben.<\/li>\n<li><strong>Max. Megengedett nyomat\u00e9k: <\/strong>  Ak\u00e1r 3Nm (425oz.in) er\u0151ss\u00e9g\u0171 teljes\u00edtm\u00e9nyt kezel.<\/li>\n<li><strong>Pillanat Megengedett nyomat\u00e9k:<\/strong> 5Nm (708oz.in) pillanatnyi terhel\u00e9sig.<\/li>\n<li><strong>A tengely maxim\u00e1lis axi\u00e1lis terhel\u00e9se:<\/strong> A tengely maxim\u00e1lis axi\u00e1lis terhel\u00e9se 5N, a tengelyer\u0151 alatti stabilit\u00e1s \u00e9rdek\u00e9ben.<\/li>\n<li><strong>A tengely maxim\u00e1lis radi\u00e1lis terhel\u00e9se:<\/strong> A radi\u00e1lis er\u0151 alatti stabilit\u00e1s \u00e9rdek\u00e9ben 25 N maxim\u00e1lis radi\u00e1lis terhel\u00e9st b\u00edr el.<\/li>\n<\/ul>\n<h2><strong>Fizikai specifik\u00e1ci\u00f3k:<\/strong><\/h2>\n<ul>\n<li><strong>V\u00e1zm\u00e9ret:<\/strong> Kompakt 30 x 30 mm-es keret.<\/li>\n<li><strong>Motor hossza:<\/strong> 50,5 mm, k\u00fcl\u00f6nb\u00f6z\u0151 alkalmaz\u00e1sokhoz alkalmas.<\/li>\n<li><strong>Sebess\u00e9gv\u00e1lt\u00f3 hossza:<\/strong> 35 mm a kompakt \u00f6sszprofil \u00e9rdek\u00e9ben.<\/li>\n<li><strong>A tengely \u00e1tm\u00e9r\u0151je:<\/strong> F6mm tengely.<\/li>\n<li><strong>A tengely hossza:<\/strong> A rugalmas r\u00f6gz\u00edt\u00e9s \u00e9rdek\u00e9ben 18 mm-es meghosszabb\u00edt\u00e1ssal.<\/li>\n<li><strong>D-v\u00e1g\u00e1s Hossz\u00fas\u00e1g:<\/strong> A tengelyen 12 mm-es D-v\u00e1g\u00e1s tal\u00e1lhat\u00f3 a pontos csatlakoztat\u00e1s \u00e9rdek\u00e9ben.<\/li>\n<li><strong>Vezet\u00e9kek sz\u00e1ma:<\/strong> 4 vezet\u00e9k a t\u00e1pell\u00e1t\u00e1shoz \u00e9s a vez\u00e9rl\u00e9shez.<\/li>\n<li><strong>Vezet\u00e9khossz:<\/strong> 500 mm a sokoldal\u00fa be\u00e1ll\u00edt\u00e1si lehet\u0151s\u00e9gekhez.<\/li>\n<li><strong>S\u00faly:<\/strong> A teljes s\u00faly 310g.<\/li>\n<\/ul>\n<h2><strong>Csatlakoz\u00e1s:<\/strong><\/h2>\n<table style=\"width: 300px;\" border=\"1\">\n<tbody>\n<tr>\n<td>A+<\/td>\n<td>A-<\/td>\n<td>B+<\/td>\n<td>B-<\/td>\n<\/tr>\n<tr>\n<td>Black<\/td>\n<td>Green<\/td>\n<td>Red<\/td>\n<td>Blue<\/td>\n<\/tr>\n<\/tbody>\n<\/table>\n","protected":false},"excerpt":{"rendered":"<p><strong>Nema 11 l\u00e9ptet\u0151motor<\/strong> 51 mm-es testtel \u00e9s 0,67A n\u00e9vleges \u00e1rammal, be\u00e9p\u00edtett 13,73:1 \u00e1tt\u00e9tel\u0171 bolyg\u00f3m\u0171ves sebess\u00e9gv\u00e1lt\u00f3val.<\/p>\n","protected":false},"featured_media":57607,"comment_status":"closed","ping_status":"closed","template":"","meta":{"_acf_changed":false},"product_brand":[],"product_cat":[1679,2256,2224,2255,2221],"product_tag":[],"brand":[],"class_list":{"0":"post-57605","1":"product","2":"type-product","3":"status-publish","4":"has-post-thumbnail","6":"product_cat-elado","7":"product_cat-lepeses-motorok","8":"product_cat-minden-potalkatresz","9":"product_cat-motorok-es-meghajtok","10":"product_cat-potalkatreszek","12":"first","13":"instock","14":"sale","15":"taxable","16":"shipping-taxable","17":"purchasable","18":"product-type-simple"},"acf":[],"_links":{"self":[{"href":"https:\/\/azurefilm.com\/hu\/wp-json\/wp\/v2\/product\/57605","targetHints":{"allow":["GET"]}}],"collection":[{"href":"https:\/\/azurefilm.com\/hu\/wp-json\/wp\/v2\/product"}],"about":[{"href":"https:\/\/azurefilm.com\/hu\/wp-json\/wp\/v2\/types\/product"}],"replies":[{"embeddable":true,"href":"https:\/\/azurefilm.com\/hu\/wp-json\/wp\/v2\/comments?post=57605"}],"wp:featuredmedia":[{"embeddable":true,"href":"https:\/\/azurefilm.com\/hu\/wp-json\/wp\/v2\/media\/57607"}],"wp:attachment":[{"href":"https:\/\/azurefilm.com\/hu\/wp-json\/wp\/v2\/media?parent=57605"}],"wp:term":[{"taxonomy":"product_brand","embeddable":true,"href":"https:\/\/azurefilm.com\/hu\/wp-json\/wp\/v2\/product_brand?post=57605"},{"taxonomy":"product_cat","embeddable":true,"href":"https:\/\/azurefilm.com\/hu\/wp-json\/wp\/v2\/product_cat?post=57605"},{"taxonomy":"product_tag","embeddable":true,"href":"https:\/\/azurefilm.com\/hu\/wp-json\/wp\/v2\/product_tag?post=57605"},{"taxonomy":"brand","embeddable":true,"href":"https:\/\/azurefilm.com\/hu\/wp-json\/wp\/v2\/brand?post=57605"}],"curies":[{"name":"wp","href":"https:\/\/api.w.org\/{rel}","templated":true}]}}