
{"id":57608,"date":"2023-10-29T14:25:51","date_gmt":"2023-10-29T14:25:51","guid":{"rendered":"https:\/\/azurefilm.com\/product\/tl-simabb\/"},"modified":"2023-10-29T14:25:51","modified_gmt":"2023-10-29T14:25:51","slug":"tl-simabb","status":"publish","type":"product","link":"https:\/\/azurefilm.com\/hu\/termek\/tl-simabb\/","title":{"rendered":"TL sim\u00e1bb"},"content":{"rendered":"<p>Friss\u00edtse Creality Ender 3 vagy Ender 5 k\u00e9sz\u00fcl\u00e9k\u00e9t egy <strong>TL sim\u00edt\u00f3val<\/strong>, hogy cs\u00f6kkentse a nyomatok &#8220;lazacb\u0151r\u00f6s\u00f6d\u00e9s\u00e9t&#8221;.<\/p>\n<p><iframe loading=\"lazy\" class=\"allowed-iframe\" src=\"https:\/\/www.youtube.com\/embed\/yD-pmuMLNgs\" width=\"495\" height=\"390\"><\/iframe><\/p>\n","protected":false},"excerpt":{"rendered":"<p>Friss\u00edtse Creality Ender 3 vagy Ender 5 k\u00e9sz\u00fcl\u00e9k\u00e9t egy <strong>TL sim\u00edt\u00f3val<\/strong>, hogy cs\u00f6kkentse a nyomatok &#8220;lazacb\u0151r\u00f6s\u00f6d\u00e9s\u00e9t&#8221;.<\/p>\n","protected":false},"featured_media":57609,"comment_status":"closed","ping_status":"closed","template":"","meta":{"_acf_changed":false},"product_brand":[],"product_cat":[2238,1679,2291,2275,2224,2221],"product_tag":[],"brand":[],"class_list":{"0":"post-57608","1":"product","2":"type-product","3":"status-publish","4":"has-post-thumbnail","6":"product_cat-egyeb-tetelek","7":"product_cat-elado","8":"product_cat-elektronika-hu","9":"product_cat-mainboards-hu","10":"product_cat-minden-potalkatresz","11":"product_cat-potalkatreszek","13":"first","14":"instock","15":"sale","16":"taxable","17":"shipping-taxable","18":"purchasable","19":"product-type-simple"},"acf":[],"_links":{"self":[{"href":"https:\/\/azurefilm.com\/hu\/wp-json\/wp\/v2\/product\/57608","targetHints":{"allow":["GET"]}}],"collection":[{"href":"https:\/\/azurefilm.com\/hu\/wp-json\/wp\/v2\/product"}],"about":[{"href":"https:\/\/azurefilm.com\/hu\/wp-json\/wp\/v2\/types\/product"}],"replies":[{"embeddable":true,"href":"https:\/\/azurefilm.com\/hu\/wp-json\/wp\/v2\/comments?post=57608"}],"wp:featuredmedia":[{"embeddable":true,"href":"https:\/\/azurefilm.com\/hu\/wp-json\/wp\/v2\/media\/57609"}],"wp:attachment":[{"href":"https:\/\/azurefilm.com\/hu\/wp-json\/wp\/v2\/media?parent=57608"}],"wp:term":[{"taxonomy":"product_brand","embeddable":true,"href":"https:\/\/azurefilm.com\/hu\/wp-json\/wp\/v2\/product_brand?post=57608"},{"taxonomy":"product_cat","embeddable":true,"href":"https:\/\/azurefilm.com\/hu\/wp-json\/wp\/v2\/product_cat?post=57608"},{"taxonomy":"product_tag","embeddable":true,"href":"https:\/\/azurefilm.com\/hu\/wp-json\/wp\/v2\/product_tag?post=57608"},{"taxonomy":"brand","embeddable":true,"href":"https:\/\/azurefilm.com\/hu\/wp-json\/wp\/v2\/brand?post=57608"}],"curies":[{"name":"wp","href":"https:\/\/api.w.org\/{rel}","templated":true}]}}