
{"id":57613,"date":"2023-10-29T14:25:51","date_gmt":"2023-10-29T14:25:51","guid":{"rendered":"https:\/\/azurefilm.com\/product\/dc-hutoventilator-creality-turbinaventilator-4010\/"},"modified":"2025-10-31T16:45:16","modified_gmt":"2025-10-31T16:45:16","slug":"dc-hutoventilator-creality-turbinaventilator-4010","status":"publish","type":"product","link":"https:\/\/azurefilm.com\/hu\/termek\/dc-hutoventilator-creality-turbinaventilator-4010\/","title":{"rendered":"DC h\u0171t\u0151ventil\u00e1tor Creality turbinaventil\u00e1tor 4010"},"content":{"rendered":"<h4>DC h\u0171t\u0151ventil\u00e1tor Creality turbinaventil\u00e1tor 4010<\/h4>\n<h3><strong>F\u0151bb jellemz\u0151k:<\/strong><\/h3>\n<ul>\n<li>3D nyomtat\u00f3 modellek h\u0171t\u00e9s\u00e9re szolg\u00e1l<\/li>\n<li>Alkalmazhat\u00f3 az Ender 3, Ender 3 Pro, Ender 3 V2, Ender 5, Ender 5 Pro, CR-10, CR-10S, CR-10 Mini, CR-10S Pro \u00e9s CR-10 V2 modellekhez.<\/li>\n<li>Szint\u00e9n sz\u00e9les k\u00f6rben haszn\u00e1lj\u00e1k az elektronika, inverterek, t\u00e1pegys\u00e9gek, szekr\u00e9nyek, alv\u00e1zak, mechanikus berendez\u00e9sek, LED-es l\u00e1mp\u00e1k, kommunik\u00e1ci\u00f3s berendez\u00e9sek \u00e9s m\u0171szerek szell\u0151z\u00e9s\u00e9ben \u00e9s h\u0151elvezet\u00e9s\u00e9ben&#8230;.<\/li>\n<li>M\u00e9ret: 40x40x10mm<\/li>\n<li>Sz\u00edn: Fekete<\/li>\n<li>Fesz\u00fclts\u00e9g: 12 \/ 24V<\/li>\n<li>Sebess\u00e9g: 7000rpm<\/li>\n<li>Zaj: 25dBA\u00b110%<\/li>\n<li>K\u00e1bel hossza: 20cm<\/li>\n<li>Csatlakoz\u00f3 t\u00edpusa: 2pin XH2.54<\/li>\n<li>Kiv\u00e1laszt\u00e1s: 12V\/ 24V<\/li>\n<\/ul>\n","protected":false},"excerpt":{"rendered":"<h4>DC h\u0171t\u0151ventil\u00e1tor Creality Turbine Fan 4010 40 x 40 x 10mm-es m\u00e9retben 3D nyomtat\u00f3khoz.<\/h4>\n","protected":false},"featured_media":57614,"comment_status":"closed","ping_status":"closed","template":"","meta":{"_acf_changed":false},"product_brand":[],"product_cat":[1679,2229,2224,2221],"product_tag":[],"brand":[],"class_list":{"0":"post-57613","1":"product","2":"type-product","3":"status-publish","4":"has-post-thumbnail","6":"product_cat-elado","7":"product_cat-fans-hu","8":"product_cat-minden-potalkatresz","9":"product_cat-potalkatreszek","11":"first","12":"instock","13":"sale","14":"taxable","15":"shipping-taxable","16":"purchasable","17":"product-type-variable"},"acf":[],"_links":{"self":[{"href":"https:\/\/azurefilm.com\/hu\/wp-json\/wp\/v2\/product\/57613","targetHints":{"allow":["GET"]}}],"collection":[{"href":"https:\/\/azurefilm.com\/hu\/wp-json\/wp\/v2\/product"}],"about":[{"href":"https:\/\/azurefilm.com\/hu\/wp-json\/wp\/v2\/types\/product"}],"replies":[{"embeddable":true,"href":"https:\/\/azurefilm.com\/hu\/wp-json\/wp\/v2\/comments?post=57613"}],"wp:featuredmedia":[{"embeddable":true,"href":"https:\/\/azurefilm.com\/hu\/wp-json\/wp\/v2\/media\/57614"}],"wp:attachment":[{"href":"https:\/\/azurefilm.com\/hu\/wp-json\/wp\/v2\/media?parent=57613"}],"wp:term":[{"taxonomy":"product_brand","embeddable":true,"href":"https:\/\/azurefilm.com\/hu\/wp-json\/wp\/v2\/product_brand?post=57613"},{"taxonomy":"product_cat","embeddable":true,"href":"https:\/\/azurefilm.com\/hu\/wp-json\/wp\/v2\/product_cat?post=57613"},{"taxonomy":"product_tag","embeddable":true,"href":"https:\/\/azurefilm.com\/hu\/wp-json\/wp\/v2\/product_tag?post=57613"},{"taxonomy":"brand","embeddable":true,"href":"https:\/\/azurefilm.com\/hu\/wp-json\/wp\/v2\/brand?post=57613"}],"curies":[{"name":"wp","href":"https:\/\/api.w.org\/{rel}","templated":true}]}}