
{"id":57621,"date":"2023-10-29T14:25:51","date_gmt":"2023-10-29T14:25:51","guid":{"rendered":"https:\/\/azurefilm.com\/product\/rozsdamentes-acel-tu\/"},"modified":"2023-10-29T14:25:51","modified_gmt":"2023-10-29T14:25:51","slug":"rozsdamentes-acel-tu","status":"publish","type":"product","link":"https:\/\/azurefilm.com\/hu\/termek\/rozsdamentes-acel-tu\/","title":{"rendered":"Rozsdamentes ac\u00e9l t\u0171"},"content":{"rendered":"<h2><strong>F\u0151bb jellemz\u0151k:<\/strong><\/h2>\n<ul>\n<li><strong>Rozsdamentes t\u0171 <\/strong>a f\u00fav\u00f3ka tiszt\u00edt\u00e1s\u00e1hoz.<\/li>\n<li>Foganty\u00fakkal ell\u00e1tva, \u00edgy haszn\u00e1lat k\u00f6zben k\u00f6nnyen csavarhat\u00f3.<\/li>\n<li>Alkalmas a Duplicator, MakerBot, RepRap \u00e9s m\u00e1s 3D nyomtat\u00f3khoz a piacon.<\/li>\n<li>A f\u00far\u00f3 j\u00f3l megtiszt\u00edtja a nyomtat\u00f3 f\u00fav\u00f3k\u00e1j\u00e1t, \u00e9s jobb\u00e1 teszi a nyomtat\u00e1si hat\u00e1st.<\/li>\n<li>Nagysz\u00e1m\u00fa rozsdamentes ac\u00e9lb\u00f3l k\u00e9sz\u00fclt, \u00edgy tart\u00f3s, rozsdamentes \u00e9s nem k\u00f6nnyen t\u00f6rik.<\/li>\n<li>H\u00e1rom gyakori m\u00e9ret k\u00f6z\u00fcl v\u00e1laszthat: 0,2 mm, 0,3 mm, 0,4 mm.<\/li>\n<\/ul>\n","protected":false},"excerpt":{"rendered":"<p><strong>Rozsdamentes ac\u00e9l t\u0171<\/strong> 3D nyomtat\u00f3 f\u00fav\u00f3ka tiszt\u00edt\u00e1s\u00e1hoz a m\u00e9retekben: 0,2mm, 0,3mm, 0,4mm.<\/p>\n","protected":false},"featured_media":57624,"comment_status":"closed","ping_status":"closed","template":"","meta":{"_acf_changed":false},"product_brand":[],"product_cat":[2243,1679,2226,2224,2221,2227,2237],"product_tag":[],"brand":[],"class_list":{"0":"post-57621","1":"product","2":"type-product","3":"status-publish","4":"has-post-thumbnail","6":"product_cat-edzett-es-kopasallo-fuvokak","7":"product_cat-elado","8":"product_cat-fuvoszarnyak","9":"product_cat-minden-potalkatresz","10":"product_cat-potalkatreszek","11":"product_cat-rendszeres-fuvokak","12":"product_cat-szerszerek","14":"first","15":"instock","16":"sale","17":"taxable","18":"shipping-taxable","19":"purchasable","20":"product-type-variable"},"acf":[],"_links":{"self":[{"href":"https:\/\/azurefilm.com\/hu\/wp-json\/wp\/v2\/product\/57621","targetHints":{"allow":["GET"]}}],"collection":[{"href":"https:\/\/azurefilm.com\/hu\/wp-json\/wp\/v2\/product"}],"about":[{"href":"https:\/\/azurefilm.com\/hu\/wp-json\/wp\/v2\/types\/product"}],"replies":[{"embeddable":true,"href":"https:\/\/azurefilm.com\/hu\/wp-json\/wp\/v2\/comments?post=57621"}],"wp:featuredmedia":[{"embeddable":true,"href":"https:\/\/azurefilm.com\/hu\/wp-json\/wp\/v2\/media\/57624"}],"wp:attachment":[{"href":"https:\/\/azurefilm.com\/hu\/wp-json\/wp\/v2\/media?parent=57621"}],"wp:term":[{"taxonomy":"product_brand","embeddable":true,"href":"https:\/\/azurefilm.com\/hu\/wp-json\/wp\/v2\/product_brand?post=57621"},{"taxonomy":"product_cat","embeddable":true,"href":"https:\/\/azurefilm.com\/hu\/wp-json\/wp\/v2\/product_cat?post=57621"},{"taxonomy":"product_tag","embeddable":true,"href":"https:\/\/azurefilm.com\/hu\/wp-json\/wp\/v2\/product_tag?post=57621"},{"taxonomy":"brand","embeddable":true,"href":"https:\/\/azurefilm.com\/hu\/wp-json\/wp\/v2\/brand?post=57621"}],"curies":[{"name":"wp","href":"https:\/\/api.w.org\/{rel}","templated":true}]}}