
{"id":57645,"date":"2023-10-29T14:25:51","date_gmt":"2023-10-29T14:25:51","guid":{"rendered":"https:\/\/azurefilm.com\/product\/creality-dc-ventilator-4010-12-24v\/"},"modified":"2023-10-29T14:25:51","modified_gmt":"2023-10-29T14:25:51","slug":"creality-dc-ventilator-4010-12-24v","status":"publish","type":"product","link":"https:\/\/azurefilm.com\/hu\/termek\/creality-dc-ventilator-4010-12-24v\/","title":{"rendered":"Creality DC ventil\u00e1tor 4010 12\/24V"},"content":{"rendered":"<h4>Creality DC ventil\u00e1tor 4010 12\/24V<\/h4>\n<h3><strong>F\u0151bb jellemz\u0151k:<\/strong><\/h3>\n<ul>\n<li>Csatlakoz\u00f3: 2 t\u0171s<\/li>\n<li>Csap\u00e1gyaz\u00e1s: Olajcsap\u00e1gy<\/li>\n<li>K\u00e1bel hossza: k\u00e1bel: kb. 18cm <\/li>\n<li>N\u00e9vleges teljes\u00edtm\u00e9ny: DC 12\/24V 0.1A<\/li>\n<li>T\u00e9tel test m\u00e9rete: 4x4x1cm<\/li>\n<li>T\u00e9tel s\u00falya: 12.6g<\/li>\n<li>Ender 3, Ender 3 Pro, Ender 3 V2, Ender 5, Ender 5 Pro, CR-10, CR-10S, CR-10 Mini, CR-10S Pro \u00e9s CR-10 V2.<\/li>\n<\/ul>\n","protected":false},"excerpt":{"rendered":"<p>A Creality DC Fan 4010 12\/24V-os ventil\u00e1tor 3D nyomtat\u00f3k \u00e9s m\u00e1s elektronikus eszk\u00f6z\u00f6k alkatr\u00e9szeinek h\u0171t\u00e9s\u00e9re szolg\u00e1l.<\/p>\n","protected":false},"featured_media":57647,"comment_status":"closed","ping_status":"closed","template":"","meta":{"_acf_changed":false},"product_brand":[],"product_cat":[1679,2229,2224,2221],"product_tag":[],"brand":[270],"class_list":{"0":"post-57645","1":"product","2":"type-product","3":"status-publish","4":"has-post-thumbnail","6":"product_cat-elado","7":"product_cat-fans-hu","8":"product_cat-minden-potalkatresz","9":"product_cat-potalkatreszek","10":"brand-creality","12":"first","13":"instock","14":"sale","15":"taxable","16":"shipping-taxable","17":"purchasable","18":"product-type-variable"},"acf":[],"_links":{"self":[{"href":"https:\/\/azurefilm.com\/hu\/wp-json\/wp\/v2\/product\/57645","targetHints":{"allow":["GET"]}}],"collection":[{"href":"https:\/\/azurefilm.com\/hu\/wp-json\/wp\/v2\/product"}],"about":[{"href":"https:\/\/azurefilm.com\/hu\/wp-json\/wp\/v2\/types\/product"}],"replies":[{"embeddable":true,"href":"https:\/\/azurefilm.com\/hu\/wp-json\/wp\/v2\/comments?post=57645"}],"wp:featuredmedia":[{"embeddable":true,"href":"https:\/\/azurefilm.com\/hu\/wp-json\/wp\/v2\/media\/57647"}],"wp:attachment":[{"href":"https:\/\/azurefilm.com\/hu\/wp-json\/wp\/v2\/media?parent=57645"}],"wp:term":[{"taxonomy":"product_brand","embeddable":true,"href":"https:\/\/azurefilm.com\/hu\/wp-json\/wp\/v2\/product_brand?post=57645"},{"taxonomy":"product_cat","embeddable":true,"href":"https:\/\/azurefilm.com\/hu\/wp-json\/wp\/v2\/product_cat?post=57645"},{"taxonomy":"product_tag","embeddable":true,"href":"https:\/\/azurefilm.com\/hu\/wp-json\/wp\/v2\/product_tag?post=57645"},{"taxonomy":"brand","embeddable":true,"href":"https:\/\/azurefilm.com\/hu\/wp-json\/wp\/v2\/brand?post=57645"}],"curies":[{"name":"wp","href":"https:\/\/api.w.org\/{rel}","templated":true}]}}