
{"id":57656,"date":"2023-10-29T14:25:51","date_gmt":"2023-10-29T14:25:51","guid":{"rendered":"https:\/\/azurefilm.com\/product\/fem-torok-a-magasabb-homerseklethez\/"},"modified":"2023-10-29T14:25:51","modified_gmt":"2023-10-29T14:25:51","slug":"fem-torok-a-magasabb-homerseklethez","status":"publish","type":"product","link":"https:\/\/azurefilm.com\/hu\/termek\/fem-torok-a-magasabb-homerseklethez\/","title":{"rendered":"F\u00e9m torok a magasabb h\u0151m\u00e9rs\u00e9klethez"},"content":{"rendered":"<h2><strong>F\u0151bb jellemz\u0151k:<\/strong><\/h2>\n<ul>\n<li>F\u00e9m torok a Creality sz\u00e1m\u00e1ra teflon n\u00e9lk\u00fcl ehhez az extruderhez, magasabb, 300\u00b0C-os h\u0151m\u00e9rs\u00e9klethez.<\/li>\n<li>Kiv\u00e1l\u00f3 min\u0151s\u00e9g\u0171, tart\u00f3s anyagb\u00f3l k\u00e9sz\u00fclt.<\/li>\n<li>Creality 3D nyomtat\u00f3khoz Ender 3, CR-10, CR-10S.<\/li>\n<li>Sz\u00edn: s\u00f6t\u00e9tsz\u00fcrke.<\/li>\n<li>M\u00e9ret: kb. 25x20x15cm. <\/li>\n<li>Az \u00e1r 1 darabra vonatkozik.<\/li>\n<\/ul>\n","protected":false},"excerpt":{"rendered":"<p><strong>F\u00e9mny\u00edl\u00e1s magasabb<\/strong>, 300\u00b0C-os <strong>h\u0151m\u00e9rs\u00e9klethez<\/strong> teflon n\u00e9lk\u00fcl.<\/p>\n","protected":false},"featured_media":57657,"comment_status":"closed","ping_status":"closed","template":"","meta":{"_acf_changed":false},"product_brand":[],"product_cat":[2232,2222,2428,2224,2221],"product_tag":[],"brand":[],"class_list":{"0":"post-57656","1":"product","2":"type-product","3":"status-publish","4":"has-post-thumbnail","6":"product_cat-extruder-alkatreszek","7":"product_cat-extruders-hu","8":"product_cat-heatbreaks-hu","9":"product_cat-minden-potalkatresz","10":"product_cat-potalkatreszek","11":"pa_compatible-with-creality-fdm-3d-printers","12":"pa_fits-printer-creality-cr-10","13":"pa_fits-printer-creality-ender-3","15":"first","16":"instock","17":"taxable","18":"shipping-taxable","19":"purchasable","20":"product-type-simple"},"acf":[],"_links":{"self":[{"href":"https:\/\/azurefilm.com\/hu\/wp-json\/wp\/v2\/product\/57656","targetHints":{"allow":["GET"]}}],"collection":[{"href":"https:\/\/azurefilm.com\/hu\/wp-json\/wp\/v2\/product"}],"about":[{"href":"https:\/\/azurefilm.com\/hu\/wp-json\/wp\/v2\/types\/product"}],"replies":[{"embeddable":true,"href":"https:\/\/azurefilm.com\/hu\/wp-json\/wp\/v2\/comments?post=57656"}],"wp:featuredmedia":[{"embeddable":true,"href":"https:\/\/azurefilm.com\/hu\/wp-json\/wp\/v2\/media\/57657"}],"wp:attachment":[{"href":"https:\/\/azurefilm.com\/hu\/wp-json\/wp\/v2\/media?parent=57656"}],"wp:term":[{"taxonomy":"product_brand","embeddable":true,"href":"https:\/\/azurefilm.com\/hu\/wp-json\/wp\/v2\/product_brand?post=57656"},{"taxonomy":"product_cat","embeddable":true,"href":"https:\/\/azurefilm.com\/hu\/wp-json\/wp\/v2\/product_cat?post=57656"},{"taxonomy":"product_tag","embeddable":true,"href":"https:\/\/azurefilm.com\/hu\/wp-json\/wp\/v2\/product_tag?post=57656"},{"taxonomy":"brand","embeddable":true,"href":"https:\/\/azurefilm.com\/hu\/wp-json\/wp\/v2\/brand?post=57656"}],"curies":[{"name":"wp","href":"https:\/\/api.w.org\/{rel}","templated":true}]}}