
{"id":57660,"date":"2023-10-29T14:25:51","date_gmt":"2023-10-29T14:25:51","guid":{"rendered":"https:\/\/azurefilm.com\/product\/creality-hutoborda\/"},"modified":"2023-10-29T14:25:51","modified_gmt":"2023-10-29T14:25:51","slug":"creality-hutoborda","status":"publish","type":"product","link":"https:\/\/azurefilm.com\/hu\/termek\/creality-hutoborda\/","title":{"rendered":"Creality h\u0171t\u0151borda"},"content":{"rendered":"<h4>Creality h\u0171t\u0151borda<\/h4>\n<h3><strong>F\u0151bb jellemz\u0151k:<\/strong><\/h3>\n<ul>\n<li><strong>Magas h\u0151m\u00e9rs\u00e9kleti ellen\u00e1ll\u00e1s 300 \u00b0C-ig:<\/strong> A Creality h\u0171t\u0151k\u00e9sz\u00fcl\u00e9k kiemelkedik a rendk\u00edv\u00fcl magas, ak\u00e1r 300 \u00b0C-os h\u0151m\u00e9rs\u00e9kletet is elvisel\u0151 k\u00e9pess\u00e9g\u00e9vel. Ez\u00e1ltal ide\u00e1lis az extr\u00e9m k\u00f6r\u00fclm\u00e9nyeket ig\u00e9nyl\u0151, ig\u00e9nyes filamentekkel t\u00f6rt\u00e9n\u0151 nyomtat\u00e1shoz. <\/li>\n<li><strong>Korl\u00e1toz\u00e1s 260 \u00b0C-ig terjed\u0151 anyagokkal rendelkez\u0151 felhaszn\u00e1l\u00f3k sz\u00e1m\u00e1ra:<\/strong> A magas h\u0151m\u00e9rs\u00e9kleten ny\u00fajtott nagy teljes\u00edtm\u00e9ny\u0171 k\u00e9pess\u00e9gei ellen\u00e9re a Creality h\u0171t\u0151 nem aj\u00e1nlott olyan felhaszn\u00e1l\u00f3k sz\u00e1m\u00e1ra, akik 260 \u00b0C-ig terjed\u0151 h\u0151m\u00e9rs\u00e9klet\u0171 szabv\u00e1nyos anyagokkal nyomtatnak, mint p\u00e9ld\u00e1ul PLA, PETG, ABS \u00e9s ASA. Ilyen esetekben az eredeti extruderrendszer haszn\u00e1lata javasolt. <\/li>\n<li><strong>Aj\u00e1nl\u00e1s az alapanyagokra:<\/strong> A Creality hangs\u00falyozza, hogy az alapanyagokkal t\u00f6rt\u00e9n\u0151 nyomtat\u00e1shoz az eredeti extruderrendszer haszn\u00e1lata aj\u00e1nlott. Ez biztos\u00edtja az optim\u00e1lis kompatibilit\u00e1st \u00e9s m\u0171k\u00f6d\u00e9st a standard filament anyagokkal. <\/li>\n<li><strong>F\u00f3kuszban a k\u00fcl\u00f6nleges, magas h\u0151m\u00e9rs\u00e9klet\u0171 anyagok:<\/strong> A Creality h\u0171t\u0151t \u00fagy tervezt\u00e9k, hogy megfeleljen a speci\u00e1lis, magas h\u0151m\u00e9rs\u00e9klet\u0171 anyagok nyomtat\u00e1s\u00e1val foglalkoz\u00f3k ig\u00e9nyeinek, lehet\u0151v\u00e9 t\u00e9ve a kiv\u00e9teles pontoss\u00e1got \u00e9s megb\u00edzhat\u00f3s\u00e1got az ig\u00e9nyesebb alkalmaz\u00e1sokban.<\/li>\n<\/ul>\n","protected":false},"excerpt":{"rendered":"<p><strong>Creality h\u0171t\u0151borda<\/strong> magasabb, 300\u00b0C-os h\u0151m\u00e9rs\u00e9klethez.<\/p>\n","protected":false},"featured_media":57661,"comment_status":"closed","ping_status":"closed","template":"","meta":{"_acf_changed":false},"product_brand":[],"product_cat":[1679,2232,2224,2221],"product_tag":[],"brand":[],"class_list":{"0":"post-57660","1":"product","2":"type-product","3":"status-publish","4":"has-post-thumbnail","6":"product_cat-elado","7":"product_cat-extruder-alkatreszek","8":"product_cat-minden-potalkatresz","9":"product_cat-potalkatreszek","11":"first","12":"instock","13":"sale","14":"taxable","15":"shipping-taxable","16":"purchasable","17":"product-type-simple"},"acf":[],"_links":{"self":[{"href":"https:\/\/azurefilm.com\/hu\/wp-json\/wp\/v2\/product\/57660","targetHints":{"allow":["GET"]}}],"collection":[{"href":"https:\/\/azurefilm.com\/hu\/wp-json\/wp\/v2\/product"}],"about":[{"href":"https:\/\/azurefilm.com\/hu\/wp-json\/wp\/v2\/types\/product"}],"replies":[{"embeddable":true,"href":"https:\/\/azurefilm.com\/hu\/wp-json\/wp\/v2\/comments?post=57660"}],"wp:featuredmedia":[{"embeddable":true,"href":"https:\/\/azurefilm.com\/hu\/wp-json\/wp\/v2\/media\/57661"}],"wp:attachment":[{"href":"https:\/\/azurefilm.com\/hu\/wp-json\/wp\/v2\/media?parent=57660"}],"wp:term":[{"taxonomy":"product_brand","embeddable":true,"href":"https:\/\/azurefilm.com\/hu\/wp-json\/wp\/v2\/product_brand?post=57660"},{"taxonomy":"product_cat","embeddable":true,"href":"https:\/\/azurefilm.com\/hu\/wp-json\/wp\/v2\/product_cat?post=57660"},{"taxonomy":"product_tag","embeddable":true,"href":"https:\/\/azurefilm.com\/hu\/wp-json\/wp\/v2\/product_tag?post=57660"},{"taxonomy":"brand","embeddable":true,"href":"https:\/\/azurefilm.com\/hu\/wp-json\/wp\/v2\/brand?post=57660"}],"curies":[{"name":"wp","href":"https:\/\/api.w.org\/{rel}","templated":true}]}}