
{"id":57687,"date":"2023-10-29T14:29:58","date_gmt":"2023-10-29T14:29:58","guid":{"rendered":"https:\/\/azurefilm.com\/product\/creality-fuvoka-mk8-acel-10-csomag\/"},"modified":"2023-10-29T14:29:58","modified_gmt":"2023-10-29T14:29:58","slug":"creality-fuvoka-mk8-acel-10-csomag","status":"publish","type":"product","link":"https:\/\/azurefilm.com\/hu\/termek\/creality-fuvoka-mk8-acel-10-csomag\/","title":{"rendered":"Creality f\u00fav\u00f3ka MK8 ac\u00e9l (10 csomag)"},"content":{"rendered":"<h4>Creality f\u00fav\u00f3ka MK8 ac\u00e9l (10 csomag)<\/h4>\n<h3><strong><span style=\"vertical-align: inherit;\">F\u0151 jellemz\u0151k:<\/span><\/strong><\/h3>\n<ul>\n<li><strong><span style=\"vertical-align: inherit;\">Kiterjesztett kompatibilit\u00e1s:<\/span><\/strong><span style=\"vertical-align: inherit;\"> Creality CR-10 V2, Creality CR-10S, Creality Ender 3 S1 \u00e9s m\u00e1s hasonl\u00f3 modellekkel.<\/span><\/li>\n<li><strong><span style=\"vertical-align: inherit;\">K\u00fcl\u00f6nb\u00f6z\u0151 \u00e1tm\u00e9r\u0151k:<\/span><\/strong><span style=\"vertical-align: inherit;\"> \u00c1tm\u00e9r\u0151je 1,75 mm, 0,4 mm, 0,5 mm \u00e9s 0,6 mm, ami hat\u00e9konyan megakad\u00e1lyozza a nyomtat\u00f3fejek sziv\u00e1rg\u00e1s\u00e1t.<\/span><\/li>\n<li><strong><span style=\"vertical-align: inherit;\">Kiv\u00e1l\u00f3 nyomtat\u00e1si min\u0151s\u00e9g:<\/span><\/strong><span style=\"vertical-align: inherit;\"> A f\u00fav\u00f3ka kiv\u00e1l\u00f3 min\u0151s\u00e9g\u0171 rozsdamentes ac\u00e9lb\u00f3l k\u00e9sz\u00fclt, \u00e9s egyenletes, sima, f\u00e9nyes m\u00e1zzal ell\u00e1tott nyomatokat biztos\u00edt.<\/span><\/li>\n<li><strong><span style=\"vertical-align: inherit;\">Er\u0151 \u00e9s tart\u00f3ss\u00e1g:<\/span><\/strong><span style=\"vertical-align: inherit;\"> A f\u00fav\u00f3ka ellen\u00e1ll a rozsd\u00e1nak \u00e9s a korr\u00f3zi\u00f3nak, er\u0151s \u00e9s tart\u00f3s, \u00e9s hossz\u00fa \u00e9lettartamot biztos\u00edt.<\/span><\/li>\n<li><strong><span style=\"vertical-align: inherit;\">K\u00f6nny\u0171 telep\u00edt\u00e9s:<\/span><\/strong><span style=\"vertical-align: inherit;\"> A telep\u00edt\u00e9s egyszer\u0171 \u00e9s k\u00f6nny\u0171, \u00e9s k\u00e9nyelmes megold\u00e1st k\u00edn\u00e1l a felhaszn\u00e1l\u00f3k sz\u00e1m\u00e1ra.<\/span><\/li>\n<li><strong><em><span style=\"vertical-align: inherit;\">Optim\u00e1lis teljes\u00edtm\u00e9ny:<\/span><\/em><\/strong><span style=\"vertical-align: inherit;\"> MK8 f\u00fav\u00f3k\u00e1k megb\u00edzhat\u00f3 teljes\u00edtm\u00e9nyt biztos\u00edtanak, \u00e9s seg\u00edtenek a kiv\u00e1l\u00f3 min\u0151s\u00e9g\u0171 nyomatok el\u00e9r\u00e9s\u00e9ben.<\/span><\/li>\n<li><strong><em><span style=\"vertical-align: inherit;\">Sz\u00e1mos lehet\u0151s\u00e9g:<\/span><\/em><\/strong><span style=\"vertical-align: inherit;\"> \u00cdgy a felhaszn\u00e1l\u00f3k kiv\u00e1laszthatj\u00e1k a nyomtat\u00e1si ig\u00e9nyeiknek megfelel\u0151 ide\u00e1lis konfigur\u00e1ci\u00f3t.<\/span><\/li>\n<li><strong><em><span style=\"vertical-align: inherit;\">Tart\u00f3ss\u00e1g:<\/span><\/em><\/strong><span style=\"vertical-align: inherit;\"> A f\u00fav\u00f3k\u00e1k kiv\u00e1l\u00f3 min\u0151s\u00e9g\u0171 rozsdamentes ac\u00e9lb\u00f3l k\u00e9sz\u00fclnek, \u00e9s korr\u00f3zi\u00f3\u00e1ll\u00f3nak tervezt\u00e9k \u0151ket, \u00edgy hossz\u00fa \u00e9lettartamot biztos\u00edtanak.<\/span><\/li>\n<li><strong><em><span style=\"vertical-align: inherit;\">Kalibr\u00e1l\u00e1si tippek:<\/span><\/em><\/strong><span style=\"vertical-align: inherit;\"> A f\u00fav\u00f3ka cser\u00e9je ut\u00e1n aj\u00e1nlott \u00fajra kalibr\u00e1lni a f\u00fav\u00f3ka \u00e9s a munkafel\u00fclet k\u00f6z\u00f6tti t\u00e1vols\u00e1got a nyomatok min\u0151s\u00e9g\u00e9nek biztos\u00edt\u00e1sa \u00e9rdek\u00e9ben.<\/span><\/li>\n<li><strong><em><span style=\"vertical-align: inherit;\">Economy csomag:<\/span><\/em><\/strong><span style=\"vertical-align: inherit;\"> Ez az \u00e1r 10 darabra vonatkozik, megfizethet\u0151 lehet\u0151s\u00e9get k\u00edn\u00e1l azoknak a felhaszn\u00e1l\u00f3knak, akik szeretn\u00e9k jav\u00edtani 3D nyomtat\u00f3juk teljes\u00edtm\u00e9ny\u00e9t.<\/span><\/li>\n<\/ul>\n","protected":false},"excerpt":{"rendered":"<p>Creality f\u00fav\u00f3ka MK8 ac\u00e9l (10 csomag) 1,75 mm-es bemenettel, amely hat\u00e9konyan megakad\u00e1lyozza a nyomtat\u00f3fej sziv\u00e1rg\u00e1s\u00e1t, \u00e9s egyenletes, sima \u00e9s f\u00e9nyes f\u00e9ny\u0171 nyomatokat k\u00e9sz\u00edt.<\/p>\n","protected":false},"featured_media":57688,"comment_status":"closed","ping_status":"closed","template":"","meta":{"_acf_changed":false},"product_brand":[],"product_cat":[2243,1679,2226,2224,2221],"product_tag":[],"brand":[],"class_list":{"0":"post-57687","1":"product","2":"type-product","3":"status-publish","4":"has-post-thumbnail","6":"product_cat-edzett-es-kopasallo-fuvokak","7":"product_cat-elado","8":"product_cat-fuvoszarnyak","9":"product_cat-minden-potalkatresz","10":"product_cat-potalkatreszek","12":"first","13":"instock","14":"sale","15":"taxable","16":"shipping-taxable","17":"purchasable","18":"product-type-simple"},"acf":[],"_links":{"self":[{"href":"https:\/\/azurefilm.com\/hu\/wp-json\/wp\/v2\/product\/57687","targetHints":{"allow":["GET"]}}],"collection":[{"href":"https:\/\/azurefilm.com\/hu\/wp-json\/wp\/v2\/product"}],"about":[{"href":"https:\/\/azurefilm.com\/hu\/wp-json\/wp\/v2\/types\/product"}],"replies":[{"embeddable":true,"href":"https:\/\/azurefilm.com\/hu\/wp-json\/wp\/v2\/comments?post=57687"}],"wp:featuredmedia":[{"embeddable":true,"href":"https:\/\/azurefilm.com\/hu\/wp-json\/wp\/v2\/media\/57688"}],"wp:attachment":[{"href":"https:\/\/azurefilm.com\/hu\/wp-json\/wp\/v2\/media?parent=57687"}],"wp:term":[{"taxonomy":"product_brand","embeddable":true,"href":"https:\/\/azurefilm.com\/hu\/wp-json\/wp\/v2\/product_brand?post=57687"},{"taxonomy":"product_cat","embeddable":true,"href":"https:\/\/azurefilm.com\/hu\/wp-json\/wp\/v2\/product_cat?post=57687"},{"taxonomy":"product_tag","embeddable":true,"href":"https:\/\/azurefilm.com\/hu\/wp-json\/wp\/v2\/product_tag?post=57687"},{"taxonomy":"brand","embeddable":true,"href":"https:\/\/azurefilm.com\/hu\/wp-json\/wp\/v2\/brand?post=57687"}],"curies":[{"name":"wp","href":"https:\/\/api.w.org\/{rel}","templated":true}]}}