
{"id":57699,"date":"2023-10-29T14:23:29","date_gmt":"2023-10-29T14:23:29","guid":{"rendered":"https:\/\/azurefilm.com\/product\/vulkan-hoblokk\/"},"modified":"2023-10-29T14:23:29","modified_gmt":"2023-10-29T14:23:29","slug":"vulkan-hoblokk","status":"publish","type":"product","link":"https:\/\/azurefilm.com\/hu\/termek\/vulkan-hoblokk\/","title":{"rendered":"Vulk\u00e1n h\u0151blokk"},"content":{"rendered":"<h2><strong>F\u0151bb jellemz\u0151k:<\/strong><\/h2>\n<ul>\n<li>Volcano f\u0171t\u0151blokk 3D nyomtat\u00f3hoz<\/li>\n<li>Anyag: Alum\u00ednium \u00f6tv\u00f6zet<\/li>\n<li>Menetes cs\u0151furat: M6<\/li>\n<li>A f\u0171t\u0151berendez\u00e9s r\u00f6gz\u00edt\u0151furata: 6 mm \u00e1tm\u00e9r\u0151j\u0171<\/li>\n<li>Termoelem r\u00f6gz\u00edt\u0151 furat: M3<\/li>\n<li>M\u00e9ret: 20x20x11.5mm<\/li>\n<\/ul>\n","protected":false},"excerpt":{"rendered":"<p><strong>Volcano Heat Block<\/strong> 20x20x11.5mm-es m\u00e9retekben alum\u00edniumb\u00f3l.<\/p>\n","protected":false},"featured_media":57700,"comment_status":"closed","ping_status":"closed","template":"","meta":{"_acf_changed":false},"product_brand":[],"product_cat":[1679,2376,2224,2221],"product_tag":[],"brand":[],"class_list":{"0":"post-57699","1":"product","2":"type-product","3":"status-publish","4":"has-post-thumbnail","6":"product_cat-elado","7":"product_cat-hotelekek","8":"product_cat-minden-potalkatresz","9":"product_cat-potalkatreszek","11":"first","12":"instock","13":"sale","14":"taxable","15":"shipping-taxable","16":"purchasable","17":"product-type-simple"},"acf":[],"_links":{"self":[{"href":"https:\/\/azurefilm.com\/hu\/wp-json\/wp\/v2\/product\/57699","targetHints":{"allow":["GET"]}}],"collection":[{"href":"https:\/\/azurefilm.com\/hu\/wp-json\/wp\/v2\/product"}],"about":[{"href":"https:\/\/azurefilm.com\/hu\/wp-json\/wp\/v2\/types\/product"}],"replies":[{"embeddable":true,"href":"https:\/\/azurefilm.com\/hu\/wp-json\/wp\/v2\/comments?post=57699"}],"wp:featuredmedia":[{"embeddable":true,"href":"https:\/\/azurefilm.com\/hu\/wp-json\/wp\/v2\/media\/57700"}],"wp:attachment":[{"href":"https:\/\/azurefilm.com\/hu\/wp-json\/wp\/v2\/media?parent=57699"}],"wp:term":[{"taxonomy":"product_brand","embeddable":true,"href":"https:\/\/azurefilm.com\/hu\/wp-json\/wp\/v2\/product_brand?post=57699"},{"taxonomy":"product_cat","embeddable":true,"href":"https:\/\/azurefilm.com\/hu\/wp-json\/wp\/v2\/product_cat?post=57699"},{"taxonomy":"product_tag","embeddable":true,"href":"https:\/\/azurefilm.com\/hu\/wp-json\/wp\/v2\/product_tag?post=57699"},{"taxonomy":"brand","embeddable":true,"href":"https:\/\/azurefilm.com\/hu\/wp-json\/wp\/v2\/brand?post=57699"}],"curies":[{"name":"wp","href":"https:\/\/api.w.org\/{rel}","templated":true}]}}