
{"id":57708,"date":"2023-10-29T14:23:29","date_gmt":"2023-10-29T14:23:29","guid":{"rendered":"https:\/\/azurefilm.com\/product\/tefloncso-m6\/"},"modified":"2023-10-29T14:23:29","modified_gmt":"2023-10-29T14:23:29","slug":"tefloncso-m6","status":"publish","type":"product","link":"https:\/\/azurefilm.com\/hu\/termek\/tefloncso-m6\/","title":{"rendered":"Tefloncs\u0151 M6"},"content":{"rendered":"<h2><strong>F\u0151bb jellemz\u0151k:<\/strong><\/h2>\n<ul>\n<li>Cs\u0151 bels\u0151 \u00e1tm\u00e9r\u0151: 2mm<\/li>\n<li>Anyag: Rozsdamentes ac\u00e9l, s\u00e1rgar\u00e9z \u00e9s tefloncs\u0151<\/li>\n<li>Magas h\u0151m\u00e9rs\u00e9klet\u0171 cs\u0151szigetel\u00e9s.<\/li>\n<li>1,75 mm-es fonalhoz.<\/li>\n<li>Az \u00e1r 1 darabra vonatkozik.<\/li>\n<\/ul>\n<h2><strong>Hossz\u00fas\u00e1g:<\/strong><\/h2>\n<ul>\n<li>30mm<\/li>\n<li>40mm<\/li>\n<li>50mm<\/li>\n<\/ul>\n","protected":false},"excerpt":{"rendered":"<p><strong>M6-os tefloncs\u0151<\/strong> magas h\u0151m\u00e9rs\u00e9klet\u0171 cs\u0151szigetel\u00e9ssel 1,75 mm-es sz\u00e1lhoz.<\/p>\n","protected":false},"featured_media":57709,"comment_status":"closed","ping_status":"closed","template":"","meta":{"_acf_changed":false},"product_brand":[],"product_cat":[1679,2232,2222,2428,2224,2221],"product_tag":[],"brand":[],"class_list":{"0":"post-57708","1":"product","2":"type-product","3":"status-publish","4":"has-post-thumbnail","6":"product_cat-elado","7":"product_cat-extruder-alkatreszek","8":"product_cat-extruders-hu","9":"product_cat-heatbreaks-hu","10":"product_cat-minden-potalkatresz","11":"product_cat-potalkatreszek","13":"first","14":"instock","15":"sale","16":"taxable","17":"shipping-taxable","18":"purchasable","19":"product-type-variable"},"acf":[],"_links":{"self":[{"href":"https:\/\/azurefilm.com\/hu\/wp-json\/wp\/v2\/product\/57708","targetHints":{"allow":["GET"]}}],"collection":[{"href":"https:\/\/azurefilm.com\/hu\/wp-json\/wp\/v2\/product"}],"about":[{"href":"https:\/\/azurefilm.com\/hu\/wp-json\/wp\/v2\/types\/product"}],"replies":[{"embeddable":true,"href":"https:\/\/azurefilm.com\/hu\/wp-json\/wp\/v2\/comments?post=57708"}],"wp:featuredmedia":[{"embeddable":true,"href":"https:\/\/azurefilm.com\/hu\/wp-json\/wp\/v2\/media\/57709"}],"wp:attachment":[{"href":"https:\/\/azurefilm.com\/hu\/wp-json\/wp\/v2\/media?parent=57708"}],"wp:term":[{"taxonomy":"product_brand","embeddable":true,"href":"https:\/\/azurefilm.com\/hu\/wp-json\/wp\/v2\/product_brand?post=57708"},{"taxonomy":"product_cat","embeddable":true,"href":"https:\/\/azurefilm.com\/hu\/wp-json\/wp\/v2\/product_cat?post=57708"},{"taxonomy":"product_tag","embeddable":true,"href":"https:\/\/azurefilm.com\/hu\/wp-json\/wp\/v2\/product_tag?post=57708"},{"taxonomy":"brand","embeddable":true,"href":"https:\/\/azurefilm.com\/hu\/wp-json\/wp\/v2\/brand?post=57708"}],"curies":[{"name":"wp","href":"https:\/\/api.w.org\/{rel}","templated":true}]}}