
{"id":57715,"date":"2023-10-29T14:23:29","date_gmt":"2023-10-29T14:23:29","guid":{"rendered":"https:\/\/azurefilm.com\/product\/csatlakozas-pc4-01\/"},"modified":"2023-10-29T14:23:29","modified_gmt":"2023-10-29T14:23:29","slug":"csatlakozas-pc4-01","status":"publish","type":"product","link":"https:\/\/azurefilm.com\/hu\/termek\/csatlakozas-pc4-01\/","title":{"rendered":"Csatlakoz\u00e1s PC4 01"},"content":{"rendered":"<h2><strong>F\u0151bb jellemz\u0151k:<\/strong><\/h2>\n<ul>\n<li>K\u00f6nnyen telep\u00edthet\u0151: csatlakoztassa a cs\u0151 behelyez\u00e9s\u00e9vel, \u00e9s automatikusan szorosan r\u00f6gz\u00fcl.<\/li>\n<li>K\u00f6nnyen lev\u00e1laszthat\u00f3 a cs\u0151 a m\u0171anyag kupak egyetlen nyom\u00e1s\u00e1val<\/li>\n<li>Kompatibilit\u00e1s: PLA ABS 3D nyomtat\u00f3val kompatibilis: Kompatibilis az \u00f6sszes 1,75 mm-es PLA ABS 3D nyomtat\u00f3val.<\/li>\n<li>T\u00e1mogatja a 360-as fordulatot szabadon<\/li>\n<li>Az anyag vegyszer\u00e1ll\u00f3, nem gy\u00fal\u00e9kony \u00e9s h\u0151\u00e1ll\u00f3.<\/li>\n<li>Anyag : R\u00e9z, m\u0171anyag<\/li>\n<li>Sz\u00edn: arany \u00e9s k\u00e9k<\/li>\n<li>Sz\u00e1l: M10<\/li>\n<\/ul>\n","protected":false},"excerpt":{"rendered":"<p><strong>A PC4 01 csatlakoz\u00f3t<\/strong> 3D nyomtat\u00f3kban haszn\u00e1lj\u00e1k a bowdencs\u00f6vek extruderhez \u00e9s hotendhez val\u00f3 csatlakoztat\u00e1s\u00e1ra.<\/p>\n","protected":false},"featured_media":57716,"comment_status":"closed","ping_status":"closed","template":"","meta":{"_acf_changed":false},"product_brand":[],"product_cat":[2429,1679,2232,2222,2224,2221],"product_tag":[],"brand":[],"class_list":{"0":"post-57715","1":"product","2":"type-product","3":"status-publish","4":"has-post-thumbnail","6":"product_cat-bowden-csovek","7":"product_cat-elado","8":"product_cat-extruder-alkatreszek","9":"product_cat-extruders-hu","10":"product_cat-minden-potalkatresz","11":"product_cat-potalkatreszek","13":"first","14":"instock","15":"sale","16":"taxable","17":"shipping-taxable","18":"purchasable","19":"product-type-simple"},"acf":[],"_links":{"self":[{"href":"https:\/\/azurefilm.com\/hu\/wp-json\/wp\/v2\/product\/57715","targetHints":{"allow":["GET"]}}],"collection":[{"href":"https:\/\/azurefilm.com\/hu\/wp-json\/wp\/v2\/product"}],"about":[{"href":"https:\/\/azurefilm.com\/hu\/wp-json\/wp\/v2\/types\/product"}],"replies":[{"embeddable":true,"href":"https:\/\/azurefilm.com\/hu\/wp-json\/wp\/v2\/comments?post=57715"}],"wp:featuredmedia":[{"embeddable":true,"href":"https:\/\/azurefilm.com\/hu\/wp-json\/wp\/v2\/media\/57716"}],"wp:attachment":[{"href":"https:\/\/azurefilm.com\/hu\/wp-json\/wp\/v2\/media?parent=57715"}],"wp:term":[{"taxonomy":"product_brand","embeddable":true,"href":"https:\/\/azurefilm.com\/hu\/wp-json\/wp\/v2\/product_brand?post=57715"},{"taxonomy":"product_cat","embeddable":true,"href":"https:\/\/azurefilm.com\/hu\/wp-json\/wp\/v2\/product_cat?post=57715"},{"taxonomy":"product_tag","embeddable":true,"href":"https:\/\/azurefilm.com\/hu\/wp-json\/wp\/v2\/product_tag?post=57715"},{"taxonomy":"brand","embeddable":true,"href":"https:\/\/azurefilm.com\/hu\/wp-json\/wp\/v2\/brand?post=57715"}],"curies":[{"name":"wp","href":"https:\/\/api.w.org\/{rel}","templated":true}]}}