
{"id":57719,"date":"2023-10-29T14:23:29","date_gmt":"2023-10-29T14:23:29","guid":{"rendered":"https:\/\/azurefilm.com\/product\/dc-vezerlo\/"},"modified":"2023-10-29T14:23:29","modified_gmt":"2023-10-29T14:23:29","slug":"dc-vezerlo","status":"publish","type":"product","link":"https:\/\/azurefilm.com\/hu\/termek\/dc-vezerlo\/","title":{"rendered":"DC vez\u00e9rl\u0151"},"content":{"rendered":"<h2><strong>F\u0151bb jellemz\u0151k:<\/strong><\/h2>\n<ul>\n<li>DC motorhoz 24V-10A<\/li>\n<li>Fesz\u00fclts\u00e9g: 24V<\/li>\n<li>Sebess\u00e9gtartom\u00e1ny: 0% &#8211; 100%<\/li>\n<li>Sebess\u00e9gszab\u00e1lyoz\u00e1si m\u00f3d: potenciom\u00e9ter<\/li>\n<li>Sebess\u00e9gszab\u00e1lyoz\u00e1s elve: az \u00e1ram be\u00e1ll\u00edt\u00e1sa<\/li>\n<li>Ford\u00edtott v\u00e9delem: Yes<\/li>\n<li>El\u0151re ir\u00e1nyul\u00f3 forg\u00e1s: t\u00e1mogat\u00e1s<\/li>\n<li>M\u00e9ret: 92x52x36mm<\/li>\n<li>S\u00faly: 152g<\/li>\n<\/ul>\n<h2><strong>Vezet\u00e9kek:<\/strong><\/h2>\n<ul>\n<li>Piros vezet\u00e9k csatlakoztat\u00e1sa: T\u00e1pegys\u00e9g pozit\u00edv +<\/li>\n<li>Fekete vezet\u00e9k csatlakoztat\u00e1sa: &#8211;<\/li>\n<li>K\u00e9k vezet\u00e9k csatlakoztat\u00e1sa: Motor pozit\u00edv +<\/li>\n<li>S\u00e1rga vezet\u00e9k csatlakoztat\u00e1sa: Motor negat\u00edv &#8211;<\/li>\n<\/ul>\n","protected":false},"excerpt":{"rendered":"<p><strong>DC vez\u00e9rl\u0151 <\/strong>24V-10A egyen\u00e1ram\u00fa motorhoz 92x52x36 mm-es m\u00e9retekben.<\/p>\n","protected":false},"featured_media":57724,"comment_status":"closed","ping_status":"closed","template":"","meta":{"_acf_changed":false},"product_brand":[],"product_cat":[1679,2275,2224,2221],"product_tag":[],"brand":[],"class_list":{"0":"post-57719","1":"product","2":"type-product","3":"status-publish","4":"has-post-thumbnail","6":"product_cat-elado","7":"product_cat-mainboards-hu","8":"product_cat-minden-potalkatresz","9":"product_cat-potalkatreszek","11":"first","12":"instock","13":"sale","14":"taxable","15":"shipping-taxable","16":"purchasable","17":"product-type-simple"},"acf":[],"_links":{"self":[{"href":"https:\/\/azurefilm.com\/hu\/wp-json\/wp\/v2\/product\/57719","targetHints":{"allow":["GET"]}}],"collection":[{"href":"https:\/\/azurefilm.com\/hu\/wp-json\/wp\/v2\/product"}],"about":[{"href":"https:\/\/azurefilm.com\/hu\/wp-json\/wp\/v2\/types\/product"}],"replies":[{"embeddable":true,"href":"https:\/\/azurefilm.com\/hu\/wp-json\/wp\/v2\/comments?post=57719"}],"wp:featuredmedia":[{"embeddable":true,"href":"https:\/\/azurefilm.com\/hu\/wp-json\/wp\/v2\/media\/57724"}],"wp:attachment":[{"href":"https:\/\/azurefilm.com\/hu\/wp-json\/wp\/v2\/media?parent=57719"}],"wp:term":[{"taxonomy":"product_brand","embeddable":true,"href":"https:\/\/azurefilm.com\/hu\/wp-json\/wp\/v2\/product_brand?post=57719"},{"taxonomy":"product_cat","embeddable":true,"href":"https:\/\/azurefilm.com\/hu\/wp-json\/wp\/v2\/product_cat?post=57719"},{"taxonomy":"product_tag","embeddable":true,"href":"https:\/\/azurefilm.com\/hu\/wp-json\/wp\/v2\/product_tag?post=57719"},{"taxonomy":"brand","embeddable":true,"href":"https:\/\/azurefilm.com\/hu\/wp-json\/wp\/v2\/brand?post=57719"}],"curies":[{"name":"wp","href":"https:\/\/api.w.org\/{rel}","templated":true}]}}